{"id":2228,"date":"2019-03-29T03:34:10","date_gmt":"2019-03-29T03:34:10","guid":{"rendered":"http:\/\/tiki.maugiaodien.com\/?post_type=product&#038;p=2228"},"modified":"2019-03-29T04:03:51","modified_gmt":"2019-03-29T04:03:51","slug":"may-anh-canon-750d-lens-18-55-is-stm-le-bao-minh-2","status":"publish","type":"product","link":"https:\/\/theme.tamnguyen.vn\/tiki\/san-pham\/may-anh-canon-750d-lens-18-55-is-stm-le-bao-minh-2\/","title":{"rendered":"M\u00e1y \u1ea2nh Canon 750D + Lens 18-55 IS STM (L\u00ea B\u1ea3o Minh)"},"content":{"rendered":"<h5>Thi\u1ebft k\u1ebf g\u1ecdn nh\u1eb9<\/h5>\n<p>M\u00e1y \u1ea2nh Canon EOS 750D thu\u1ed9c d\u00f2ng m\u00e1y \u1ea3nh chuy\u00ean nghi\u1ec7p v\u00e0 \u0111\u01b0\u1ee3c thi\u1ebft k\u1ebf g\u1ecdn nh\u1eb9, b\u1ea1n c\u00f3 th\u1ec3 d\u1ec5 d\u00e0ng mang theo trong qu\u00e1 tr\u00ecnh di chuy\u1ec3n, \u0111i xa v\u00e0 tho\u1ea3i m\u00e1i ch\u1ee5p \u1ea3nh, quay phim trong th\u1eddi gian d\u00e0i, m\u00e1y h\u1ea1n ch\u1ebf t\u00ecnh tr\u1ea1ng m\u1ecfi tay. S\u1ea3n ph\u1ea9m c\u00f3 v\u1ecf ngo\u00e0i thi\u1ebft k\u1ebf c\u1ee9ng c\u00e1p, b\u1ec1n b\u1ec9 v\u00e0 b\u00e1ng c\u1ea7m tay c\u00f3 \u0111\u1ed9 b\u00e1m, gi\u00fap han ch\u1ebf tr\u01a1n tr\u01b0\u1ee3t v\u00e0 h\u1ed7 tr\u1ee3 c\u1ea7m n\u1eafm ch\u1eafc ch\u1eafn khi ch\u1ee5p.<img loading=\"lazy\" decoding=\"async\" title=\"M\u00e1y \u1ea2nh Canon EOS 750D + 18-55 STM (L\u00ea B\u1ea3o Minh)\" src=\"https:\/\/tikicdn.com\/media\/catalog\/product\/u\/n\/untitled.u2470.d20160627.t173011.png\" alt=\"M\u00e1y \u1ea2nh Canon EOS 750D + 18-55 STM (L\u00ea B\u1ea3o Minh)\" width=\"750\" height=\"594\" \/><\/p>\n<h5>C\u1ea3m bi\u1ebfn 24.2MP v\u00e0 b\u1ed9 x\u1eed l\u00fd h\u00ecnh \u1ea3nh DIGIC 6<strong><br \/>\n<\/strong><\/h5>\n<p>Canon 750D d\u00f2ng m\u00e1y \u1ea3nh DSLR\u00a0s\u1edf h\u1eefu c\u1ea3m bi\u1ebfn 24.2 MP k\u00edch th\u01b0\u1edbc gi\u00fap mang l\u1ea1i nh\u1eefng h\u00ecnh \u1ea3nh \u0111\u1eb9p c\u00f3 k\u00edch th\u01b0\u1edbc l\u1edbn. K\u1ebft h\u1ee3p \u0111\u1ed9 ph\u00e2n gi\u1ea3i l\u1edbn c\u00f9ng b\u1ed9 x\u1eed l\u00fd h\u00ecnh \u1ea3nh DIGIC 6 gi\u00fap \u00a0n\u00e2ng cao t\u1ed1c \u0111\u1ed9 x\u1eed l\u00fd v\u00e0 ch\u1ea5t l\u01b0\u1ee3ng h\u00ecnh \u1ea3nh cao. Ngo\u00e0i ra, b\u1ea1n c\u0169ng c\u00f3 th\u1ec3 quay c\u00e1c \u0111o\u1ea1n video Full HD chuy\u00ean nghi\u1ec7p h\u01a1n.<\/p>\n<p><img loading=\"lazy\" decoding=\"async\" title=\"M\u00e1y \u1ea2nh Canon EOS 750D + 18-55 STM (L\u00ea B\u1ea3o Minh)\" src=\"https:\/\/tikicdn.com\/media\/catalog\/product\/c\/a\/canon_750%2012.u2470.d20160627.t172715.jpg\" alt=\"M\u00e1y \u1ea2nh Canon EOS 750D + 18-55 STM (L\u00ea B\u1ea3o Minh)\" width=\"750\" height=\"500\" \/><\/p>\n<h5>H\u1ec7 th\u1ed1ng l\u1ea5y n\u00e9t 19 \u0111i\u1ec3m<\/h5>\n<p>Canon EOS 750D\u00a0l\u00e0 m\u00e1y \u1ea3nh s\u1edf h\u1eefu h\u1ec7 th\u1ed1ng l\u1ea5y n\u00e9t 19 \u0111i\u1ec3m cross-type t\u1ea5t c\u1ea3 h\u1ec7 th\u1ed1ng AF \u00a0k\u1ebft h\u1ee3p c\u00f9ng t\u1ed1c \u0111\u1ed9 ch\u1ee5p 5 fps gi\u00fap b\u1ea1n kh\u00f4ng b\u1ecf l\u1ee1 b\u1ea5t c\u1ee9 kho\u1ea3nh kh\u1eafc quan tr\u1ecdng n\u00e0o. B\u1ea1n s\u1ebd d\u00e0ng t\u1eadp trung v\u00e0o c\u00e1c \u0111\u1ed1i t\u01b0\u1ee3ng trong ch\u1ebf \u0111\u1ed9 l\u1ef1a ch\u1ecdn khu v\u1ef1c \u0111\u1ec3 c\u00f3 th\u1ec3 c\u00f3 nh\u1eefng shot \u1ea3nh nh\u01b0 \u00fd.<\/p>\n<h5>H\u1ec7 th\u1ed1ng l\u1ea5y n\u00e9t Hybrid CMOS AF III<\/h5>\n<p>H\u1ec7 th\u1ed1ng l\u1ea5y n\u00e9t Hybrid CMOS AF III \u0111\u01b0\u1ee3c trang b\u1ecb ch\u1ee9c n\u0103ng t\u1ef1 l\u1ea5y n\u00e9t nhanh khi b\u1eadt Live View. \u00a0K\u1ebft h\u1ee3p h\u1ec7 th\u1ed1ng Hybrid CMOS AF III \u00a0c\u00f9ng v\u1edbi m\u00e0n h\u00ecnh LCD c\u1ea3m \u1ee9ng gi\u00fap b\u1ea1n c\u00f3 th\u1ec3 c\u00f3 nh\u1eefng th\u01b0\u1edbc phim ch\u1ea5t l\u01b0\u1ee3ng cao.<\/p>\n<p><img loading=\"lazy\" decoding=\"async\" title=\"M\u00e1y \u1ea2nh Canon EOS 750D + 18-55 STM (L\u00ea B\u1ea3o Minh)\" src=\"https:\/\/tikicdn.com\/media\/catalog\/product\/c\/a\/canon_750%2013.u2470.d20160627.t172715.jpg\" alt=\"M\u00e1y \u1ea2nh Canon EOS 750D + 18-55 STM (L\u00ea B\u1ea3o Minh)\" width=\"750\" height=\"500\" \/><\/p>\n<h5>\u1ed0ng k\u00ednh 18 -55mm STM<\/h5>\n<p>M\u00e1y \u1ea2nh Canon EOS 750D \u0111\u01b0\u1ee3c trang b\u1ecb \u1ed1ng k\u00ednh 18 -55mm STM . \u1ed0ng k\u00ednh 18 &#8211; 55mm STM t\u01b0\u01a1ng \u0111\u01b0\u01a1ng v\u1edbi d\u1ea3i ti\u00eau c\u1ef1 18 \u2013 55 mm c\u00f9ng c\u00f4ng ngh\u1ec7 gi\u1ea3m rung quang h\u1ecdc IS (Image Stabilization v\u00e0 \u0111\u1ed9ng c\u01a1 l\u1ea5y n\u00e9t b\u01b0\u1edbc STM (Stepper Motor) gi\u00fap b\u1ea1n c\u00f3 th\u1ec3 ch\u1ee5p nh\u1eefng b\u1ee9c \u1ea3nh t\u1eeb xa d\u1ec5 d\u00e0ng h\u01a1n.<\/p>\n<h5>H\u1ed7 tr\u1ee3 Wi-Fi v\u00e0 NFC<\/h5>\n<p>Canon EOS 750D\u00a0c\u00f2n h\u1ed7 tr\u1ee3 k\u1ebft n\u1ed1i kh\u00f4ng d\u00e2y\u00a0 Wi-Fi v\u00e0 NFC. Nh\u1edd k\u1ebft n\u1ed1i kh\u00f4ng d\u00e2y, b\u1ea1n c\u00f3 th\u1ec3 d\u1ec5 d\u00e0ng chia s\u1ebd nh\u1eefng h\u00ecnh \u1ea3nh \u0111\u00e3 ch\u1ee5p qua c\u00e1c thi\u1ebft b\u1ecb kh\u00e1c.<\/p>\n<h5>M\u1ed9t s\u1ed1 h\u00ecnh \u1ea3nh \u0111\u01b0\u1ee3c ch\u1ee5p t\u1eeb m\u00e1y<\/h5>\n<p><strong><img loading=\"lazy\" decoding=\"async\" title=\"M\u00e1y \u1ea2nh Canon EOS 750D + 18-55 STM (L\u00ea B\u1ea3o Minh)\" src=\"https:\/\/tikicdn.com\/media\/catalog\/product\/c\/a\/canon_750%2014.u2470.d20160627.t172715.jpg\" alt=\"M\u00e1y \u1ea2nh Canon EOS 750D + 18-55 STM (L\u00ea B\u1ea3o Minh)\" width=\"750\" height=\"500\" \/><\/strong><\/p>\n<p><strong><img loading=\"lazy\" decoding=\"async\" title=\"M\u00e1y \u1ea2nh Canon EOS 750D + 18-55 STM (L\u00ea B\u1ea3o Minh)\" src=\"https:\/\/tikicdn.com\/media\/catalog\/product\/c\/a\/canon_750%2015.u2470.d20160627.t172715.jpg\" alt=\"M\u00e1y \u1ea2nh Canon EOS 750D + 18-55 STM (L\u00ea B\u1ea3o Minh)\" width=\"750\" height=\"500\" \/><\/strong><\/p>\n<p><strong><img loading=\"lazy\" decoding=\"async\" title=\"M\u00e1y \u1ea2nh Canon EOS 750D + 18-55 STM (L\u00ea B\u1ea3o Minh)\" src=\"https:\/\/tikicdn.com\/media\/catalog\/product\/c\/a\/canon_750%2016.u2470.d20160627.t172715.jpg\" alt=\"M\u00e1y \u1ea2nh Canon EOS 750D + 18-55 STM (L\u00ea B\u1ea3o Minh)\" width=\"750\" height=\"500\" \/><\/strong><\/p>\n<p><strong><img loading=\"lazy\" decoding=\"async\" title=\"M\u00e1y \u1ea2nh Canon EOS 750D + 18-55 STM (L\u00ea B\u1ea3o Minh)\" src=\"https:\/\/tikicdn.com\/media\/catalog\/product\/c\/a\/canon_750%2017.u2470.d20160627.t172715.jpg\" alt=\"M\u00e1y \u1ea2nh Canon EOS 750D + 18-55 STM (L\u00ea B\u1ea3o Minh)\" width=\"750\" height=\"500\" \/><br \/>\n<\/strong><\/p>\n<p class=\"description-addon\">* Gi\u00e1 s\u1ea3n ph\u1ea9m tr\u00ean Tiki \u0111\u00e3 bao g\u1ed3m thu\u1ebf VAT. Tuy nhi\u00ean tu\u1ef3 v\u00e0o t\u1eebng lo\u1ea1i s\u1ea3n ph\u1ea9m ho\u1eb7c ph\u01b0\u01a1ng th\u1ee9c, \u0111\u1ecba ch\u1ec9 giao h\u00e0ng m\u00e0 c\u00f3 th\u1ec3 ph\u00e1t sinh th\u00eam chi ph\u00ed kh\u00e1c nh\u01b0 ph\u00ed v\u1eadn chuy\u1ec3n, ph\u1ee5 ph\u00ed h\u00e0ng c\u1ed3ng k\u1ec1nh, &#8230;<\/p>\n","protected":false},"excerpt":{"rendered":"<p>C\u1ea3m bi\u1ebfn: CMOS 24.2MP<\/p>\n<p>B\u1ed9 x\u1eed l\u00fd h\u00ecnh \u1ea3nh: DIGIC 6<\/p>\n<p>ISO: ISO 100 &#8211; ISO 6400<\/p>\n<p>H\u1ec7 th\u1ed1ng l\u1ea5y n\u00e9t: 19 \u0111i\u1ec3m<\/p>\n<p>Ch\u1ee5p \u1ea3nh li\u00ean t\u1ee5c: t\u1ed1i \u0111a kho\u1ea3ng 5,0 \u1ea3nh\/gi\u00e2y<\/p>\n<p>Truy\u1ec1n h\u00ecnh \u1ea3nh nhanh v\u1edbi k\u1ebft n\u1ed1i Wifi<\/p>\n","protected":false},"featured_media":2154,"comment_status":"open","ping_status":"closed","template":"","meta":[],"class_list":["post-2228","product","type-product","status-publish","has-post-thumbnail","hentry","product_cat-bach-hoa-online","product_cat-ban-trang-diem","product_cat-dien-gia-dung","product_cat-do-choi-me-be","product_cat-hang-quoc-te","product_cat-lam-dep-suc-khoe","product_cat-nha-sach-tiki","product_cat-o-to-xe-may-xe-dap","product_cat-phong-bep-dep","product_cat-phong-khach-hien-dai","product_cat-phong-ngu-hien-dai","product_cat-sach-van-phong-pham","product_cat-tu-bep-dep","product_cat-tu-dau-giuong","product_cat-tu-quan-ao","product_cat-xe-may-tiki"],"_links":{"self":[{"href":"https:\/\/theme.tamnguyen.vn\/tiki\/wp-json\/wp\/v2\/product\/2228","targetHints":{"allow":["GET"]}}],"collection":[{"href":"https:\/\/theme.tamnguyen.vn\/tiki\/wp-json\/wp\/v2\/product"}],"about":[{"href":"https:\/\/theme.tamnguyen.vn\/tiki\/wp-json\/wp\/v2\/types\/product"}],"replies":[{"embeddable":true,"href":"https:\/\/theme.tamnguyen.vn\/tiki\/wp-json\/wp\/v2\/comments?post=2228"}],"wp:featuredmedia":[{"embeddable":true,"href":"https:\/\/theme.tamnguyen.vn\/tiki\/wp-json\/wp\/v2\/media\/2154"}],"wp:attachment":[{"href":"https:\/\/theme.tamnguyen.vn\/tiki\/wp-json\/wp\/v2\/media?parent=2228"}],"curies":[{"name":"wp","href":"https:\/\/api.w.org\/{rel}","templated":true}]}}