{"id":383,"date":"2018-05-08T04:09:42","date_gmt":"2018-05-08T04:09:42","guid":{"rendered":"http:\/\/thucpham3.khowebseotop.vn\/?page_id=383"},"modified":"2018-05-08T04:09:42","modified_gmt":"2018-05-08T04:09:42","slug":"chinh-sach-doi-tra","status":"publish","type":"page","link":"https:\/\/theme.tamnguyen.vn\/thucpham8\/chinh-sach-doi-tra\/","title":{"rendered":"Ch\u00ednh s\u00e1ch \u0111\u1ed5i tr\u1ea3"},"content":{"rendered":"<p>Ch\u00ednh s\u00e1ch \u0111\u1ed5i tr\u1ea3<\/p>\n","protected":false},"excerpt":{"rendered":"<p>Ch\u00ednh s\u00e1ch \u0111\u1ed5i tr\u1ea3<\/p>\n","protected":false},"author":1,"featured_media":0,"parent":0,"menu_order":0,"comment_status":"closed","ping_status":"closed","template":"page-right-sidebar.php","meta":{"footnotes":""},"class_list":["post-383","page","type-page","status-publish","hentry"],"yoast_head":"<!-- This site is optimized with the Yoast SEO plugin v18.5.1 - https:\/\/yoast.com\/wordpress\/plugins\/seo\/ -->\n<title>Ch\u00ednh s\u00e1ch \u0111\u1ed5i tr\u1ea3 - thucpham8<\/title>\n<meta name=\"robots\" content=\"noindex, follow, max-snippet:-1, max-image-preview:large, max-video-preview:-1\" \/>\n<meta property=\"og:locale\" content=\"vi_VN\" \/>\n<meta property=\"og:type\" content=\"article\" \/>\n<meta property=\"og:title\" content=\"Ch\u00ednh s\u00e1ch \u0111\u1ed5i tr\u1ea3 - thucpham8\" \/>\n<meta property=\"og:description\" content=\"Ch\u00ednh s\u00e1ch \u0111\u1ed5i tr\u1ea3\" \/>\n<meta property=\"og:url\" content=\"https:\/\/theme.tamnguyen.vn\/thucpham8\/chinh-sach-doi-tra\/\" \/>\n<meta property=\"og:site_name\" content=\"thucpham8\" \/>\n<meta name=\"twitter:card\" content=\"summary_large_image\" \/>\n<script type=\"application\/ld+json\" class=\"yoast-schema-graph\">{\"@context\":\"https:\/\/schema.org\",\"@graph\":[{\"@type\":\"WebSite\",\"@id\":\"https:\/\/theme.tamnguyen.vn\/thucpham8\/#website\",\"url\":\"https:\/\/theme.tamnguyen.vn\/thucpham8\/\",\"name\":\"thucpham8\",\"description\":\"\",\"potentialAction\":[{\"@type\":\"SearchAction\",\"target\":{\"@type\":\"EntryPoint\",\"urlTemplate\":\"https:\/\/theme.tamnguyen.vn\/thucpham8\/?s={search_term_string}\"},\"query-input\":\"required name=search_term_string\"}],\"inLanguage\":\"vi\"},{\"@type\":\"WebPage\",\"@id\":\"https:\/\/theme.tamnguyen.vn\/thucpham8\/chinh-sach-doi-tra\/#webpage\",\"url\":\"https:\/\/theme.tamnguyen.vn\/thucpham8\/chinh-sach-doi-tra\/\",\"name\":\"Ch\u00ednh s\u00e1ch \u0111\u1ed5i tr\u1ea3 - thucpham8\",\"isPartOf\":{\"@id\":\"https:\/\/theme.tamnguyen.vn\/thucpham8\/#website\"},\"datePublished\":\"2018-05-08T04:09:42+00:00\",\"dateModified\":\"2018-05-08T04:09:42+00:00\",\"breadcrumb\":{\"@id\":\"https:\/\/theme.tamnguyen.vn\/thucpham8\/chinh-sach-doi-tra\/#breadcrumb\"},\"inLanguage\":\"vi\",\"potentialAction\":[{\"@type\":\"ReadAction\",\"target\":[\"https:\/\/theme.tamnguyen.vn\/thucpham8\/chinh-sach-doi-tra\/\"]}]},{\"@type\":\"BreadcrumbList\",\"@id\":\"https:\/\/theme.tamnguyen.vn\/thucpham8\/chinh-sach-doi-tra\/#breadcrumb\",\"itemListElement\":[{\"@type\":\"ListItem\",\"position\":1,\"name\":\"Trang ch\u1ee7\",\"item\":\"https:\/\/theme.tamnguyen.vn\/thucpham8\/\"},{\"@type\":\"ListItem\",\"position\":2,\"name\":\"Ch\u00ednh s\u00e1ch \u0111\u1ed5i tr\u1ea3\"}]}]}<\/script>\n<!-- \/ Yoast SEO plugin. -->","yoast_head_json":{"title":"Ch\u00ednh s\u00e1ch \u0111\u1ed5i tr\u1ea3 - thucpham8","robots":{"index":"noindex","follow":"follow","max-snippet":"max-snippet:-1","max-image-preview":"max-image-preview:large","max-video-preview":"max-video-preview:-1"},"og_locale":"vi_VN","og_type":"article","og_title":"Ch\u00ednh s\u00e1ch \u0111\u1ed5i tr\u1ea3 - thucpham8","og_description":"Ch\u00ednh s\u00e1ch \u0111\u1ed5i tr\u1ea3","og_url":"https:\/\/theme.tamnguyen.vn\/thucpham8\/chinh-sach-doi-tra\/","og_site_name":"thucpham8","twitter_card":"summary_large_image","schema":{"@context":"https:\/\/schema.org","@graph":[{"@type":"WebSite","@id":"https:\/\/theme.tamnguyen.vn\/thucpham8\/#website","url":"https:\/\/theme.tamnguyen.vn\/thucpham8\/","name":"thucpham8","description":"","potentialAction":[{"@type":"SearchAction","target":{"@type":"EntryPoint","urlTemplate":"https:\/\/theme.tamnguyen.vn\/thucpham8\/?s={search_term_string}"},"query-input":"required name=search_term_string"}],"inLanguage":"vi"},{"@type":"WebPage","@id":"https:\/\/theme.tamnguyen.vn\/thucpham8\/chinh-sach-doi-tra\/#webpage","url":"https:\/\/theme.tamnguyen.vn\/thucpham8\/chinh-sach-doi-tra\/","name":"Ch\u00ednh s\u00e1ch \u0111\u1ed5i tr\u1ea3 - thucpham8","isPartOf":{"@id":"https:\/\/theme.tamnguyen.vn\/thucpham8\/#website"},"datePublished":"2018-05-08T04:09:42+00:00","dateModified":"2018-05-08T04:09:42+00:00","breadcrumb":{"@id":"https:\/\/theme.tamnguyen.vn\/thucpham8\/chinh-sach-doi-tra\/#breadcrumb"},"inLanguage":"vi","potentialAction":[{"@type":"ReadAction","target":["https:\/\/theme.tamnguyen.vn\/thucpham8\/chinh-sach-doi-tra\/"]}]},{"@type":"BreadcrumbList","@id":"https:\/\/theme.tamnguyen.vn\/thucpham8\/chinh-sach-doi-tra\/#breadcrumb","itemListElement":[{"@type":"ListItem","position":1,"name":"Trang ch\u1ee7","item":"https:\/\/theme.tamnguyen.vn\/thucpham8\/"},{"@type":"ListItem","position":2,"name":"Ch\u00ednh s\u00e1ch \u0111\u1ed5i tr\u1ea3"}]}]}},"_links":{"self":[{"href":"https:\/\/theme.tamnguyen.vn\/thucpham8\/wp-json\/wp\/v2\/pages\/383","targetHints":{"allow":["GET"]}}],"collection":[{"href":"https:\/\/theme.tamnguyen.vn\/thucpham8\/wp-json\/wp\/v2\/pages"}],"about":[{"href":"https:\/\/theme.tamnguyen.vn\/thucpham8\/wp-json\/wp\/v2\/types\/page"}],"author":[{"embeddable":true,"href":"https:\/\/theme.tamnguyen.vn\/thucpham8\/wp-json\/wp\/v2\/users\/1"}],"replies":[{"embeddable":true,"href":"https:\/\/theme.tamnguyen.vn\/thucpham8\/wp-json\/wp\/v2\/comments?post=383"}],"version-history":[{"count":0,"href":"https:\/\/theme.tamnguyen.vn\/thucpham8\/wp-json\/wp\/v2\/pages\/383\/revisions"}],"wp:attachment":[{"href":"https:\/\/theme.tamnguyen.vn\/thucpham8\/wp-json\/wp\/v2\/media?parent=383"}],"curies":[{"name":"wp","href":"https:\/\/api.w.org\/{rel}","templated":true}]}}