{"id":798,"date":"2020-10-01T16:31:08","date_gmt":"2020-10-01T09:31:08","guid":{"rendered":"http:\/\/nongsan.ninhbinhsite.com\/?post_type=product&#038;p=798"},"modified":"2022-05-22T22:47:02","modified_gmt":"2022-05-22T15:47:02","slug":"nho-my-khong-hat-hang-vietgap","status":"publish","type":"product","link":"https:\/\/theme.tamnguyen.vn\/taphoa\/san-pham\/nho-my-khong-hat-hang-vietgap\/","title":{"rendered":"Nho M\u1ef9 kh\u00f4ng h\u1ea1t h\u00e0ng VietGap"},"content":{"rendered":"<p><strong>1.\u00a0\u00a0 \u00a0Gi\u1ed1ng v\u00e0 ch\u1ee7ng lo\u1ea1i<\/strong><br \/>\nNho \u0111en l\u00e0 c\u00e2y tr\u1ed3ng l\u00e2u \u0111\u1eddi, \u0111\u01b0\u1ee3c \u01b0a th\u00edch v\u00e0 ph\u1ed5 bi\u1ebfn tr\u00ean kh\u1eafp th\u1ebf gi\u1edbi v\u1edbi h\u01a1n 8.000 gi\u1ed1ng Nho. Ch\u00fang th\u00edch h\u1ee3p v\u1edbi nh\u1eefng khu v\u1ef1c c\u00f3 kh\u00ed h\u1eadu \u1ea5m \u00e1p v\u00e0 kh\u00f4. \u1ede M\u1ef9, gi\u1ed1ng Nho n\u00e0y \u0111\u01b0\u1ee3c tr\u1ed3ng ch\u1ee7 y\u1ebfu \u1edf California, Oregon v\u00e0 Washington (trong \u0111\u00f3, h\u01a1n 90% c\u00e1c lo\u1ea1i Nho th\u01b0\u01a1ng m\u1ea1i \u0111\u1ebfn t\u1eeb California).<\/p>\n<p>Nho \u0111en M\u1ef9 g\u1ed3m nh\u1eefng ch\u1ee7ng ch\u00ednh l\u00e0 Autumn Royal, Midnight Beauty, Sugrathirteen, Summer Royal.<br \/>\nNho \u0111en kh\u00f4ng h\u1ea1t M\u1ef9 qu\u1ea3 thu\u00f4n d\u00e0i, v\u1ecf m\u1ecfng, m\u00e0u \u0111en s\u1eabm, kh\u00f4ng h\u1ea1t v\u00e0 r\u1ea5t ng\u1ecdt.<\/p>\n<p><strong>2.\u00a0\u00a0 \u00a0Xu\u1ea5t x\u1ee9 v\u00e0 m\u00f9a v\u1ee5<\/strong><br \/>\n\u2022\u00a0\u00a0 \u00a0Xu\u1ea5t x\u1ee9: M\u1ef9<br \/>\n\u2022\u00a0\u00a0 \u00a0M\u00f9a v\u1ee5:\u00a0Nho \u0111en kh\u00f4ng h\u1ea1t M\u1ef9 c\u00f3 t\u1eeb th\u00e1ng 5 \u2013 th\u00e1ng 1 n\u0103m sau.<\/p>\n<p><strong>3.\u00a0\u00a0 \u00a0Th\u00f4ng tin dinh d\u01b0\u1ee1ng<\/strong><br \/>\nNho \u0111en kh\u00f4ng h\u1ea1t M\u1ef9 cung c\u1ea5p nhi\u1ec1u ch\u1ea5t ch\u1ed1ng oxi h\u00f3a r\u1ea5t t\u1ed1t cho tim m\u1ea1ch, huy\u1ebft \u00e1p cao. Ch\u00fang c\u0169ng r\u1ea5t t\u1ed1t cho m\u1eaft, n\u00e3o v\u00e0 tr\u00ed nh\u1edb.<br \/>\nV\u1ecf Nho r\u1ea5t t\u1ed1t cho s\u1ee9c kh\u1ecfe nh\u01b0: t\u0103ng c\u01b0\u1eddng s\u1ee9c \u0111\u1ec1 kh\u00e1ng, ch\u1ed1ng l\u00e3o h\u00f3a, c\u00f3 t\u00e1c d\u1ee5ng th\u1ea3i \u0111\u1ed9c t\u1ed1&#8230; H\u00e0m l\u01b0\u1ee3ng resveratrol trong v\u1ecf Nho phong ph\u00fa h\u01a1n trong th\u1ecbt v\u00e0 h\u1ea1t Nho, \u0111\u1ed3ng th\u1eddi c\u00f3 t\u00e1c d\u1ee5ng gi\u1ea3m m\u00e1u nhi\u1ec5m m\u1ee1, ch\u1ed1ng t\u1ee5 huy\u1ebft, ph\u00f2ng ch\u1ed1ng x\u01a1 v\u1eefa \u0111\u1ed9ng m\u1ea1ch v\u00e0 t\u0103ng c\u01b0\u1eddng h\u1ec7 th\u1ed1ng mi\u1ec5n d\u1ecbch c\u1ee7a c\u01a1 th\u1ec3.<br \/>\nVi\u1ec7c \u0103n Nho th\u01b0\u1eddng xuy\u00ean gi\u00fap c\u01a1 th\u1ec3 kh\u1ecfe m\u1ea1nh, gi\u00fap nhanh ph\u1ee5c h\u1ed3i \u0111\u1ed1i v\u1edbi nh\u1eefng ng\u01b0\u1eddi b\u1ecb thi\u1ebfu m\u00e1u kinh ni\u00ean, nh\u1eefng b\u1ec7nh nh\u00e2n b\u1ecb huy\u1ebft \u00e1p cao, vi\u00eam ph\u1ebf qu\u1ea3n, gout, vi\u00eam d\u1ea1 d\u00e0y v\u00e0 t\u00e1o b\u00f3n.<\/p>\n<p><strong>4.\u00a0\u00a0 \u00a0L\u01b0u \u00fd b\u1ea3o qu\u1ea3n v\u00e0 s\u1eed d\u1ee5ng<\/strong><br \/>\n&#8211;\u00a0\u00a0 \u00a0Nho \u0111en kh\u00f4ng h\u1ea1t M\u1ef9 kh\u00f4ng t\u0103ng \u0111\u1ed9 \u0111\u01b0\u1eddng (ng\u1ecdt) sau khi h\u00e1i n\u00ean nho ch\u1ec9 \u0111\u01b0\u1ee3c thu ho\u1ea1ch khi ch\u00edn. L\u00fac n\u00e0y nho r\u1ea5t nh\u1ea1y c\u1ea3m, d\u1ec5 b\u1ecb r\u1ee5ng n\u00ean c\u1ea7n nh\u1eb9 tay trong qu\u00e1 tr\u00ecnh thu h\u00e1i.<br \/>\n&#8211;\u00a0\u00a0 \u00a0C\u00e1ch b\u1ea3o qu\u1ea3n nho t\u1ed1t nh\u1ea5t: \u0111\u1ec3 Nho ch\u01b0a r\u1eeda v\u00e0o trong t\u1ee7 l\u1ea1nh (\u1edf nhi\u1ec7t \u0111\u1ed9 t\u1eeb 0 &#8211; 4 \u0111\u1ed9 C) \u0111\u1ec3 kh\u00f4ng l\u00e0m \u0111i l\u1edbp ph\u1ea5n ph\u1ee7 t\u1ef1 nhi\u00ean c\u1ee7a qu\u1ea3 Nho. Ch\u1ec9 n\u00ean r\u1eeda Nho tr\u01b0\u1edbc khi \u0103n t\u01b0\u01a1i ho\u1eb7c ch\u1ebf bi\u1ebfn m\u00f3n \u0103n.<\/p>\n<p><img decoding=\"async\" src=\"http:\/\/kleverfruits.com.vn\/upload_images\/images\/nho%20den%20khong%20hat%20my%201.jpg\" alt=\"\" \/><\/p>\n<p><em>Nho \u0111en chu\u1ea9n b\u1ecb ch\u00edn<\/em><\/p>\n<p>&#8211;\u00a0\u00a0 \u00a0Nho \u0111en kh\u00f4ng h\u1ea1t M\u1ef9 th\u01b0\u1eddng \u0111\u01b0\u1ee3c \u0103n t\u01b0\u01a1i. Tuy nhi\u00ean, ch\u1ec9 n\u00ean r\u1eeda 1 l\u01b0\u1ee3ng \u0111\u1ee7 d\u00f9ng tr\u01b0\u1edbc khi \u0103n ho\u1eb7c ch\u1ebf bi\u1ebfn \u0111\u1ec3 tr\u00e1nh t\u00ecnh tr\u1ea1ng n\u01b0\u1edbc v\u00e0o qu\u1ea3, ch\u01b0a d\u00f9ng ngay s\u1ebd khi\u1ebfn qu\u1ea3 b\u1ecb m\u1ec1m v\u00e0 nhanh h\u1ecfng.<br \/>\n&#8211;\u00a0\u00a0 \u00a0Nho \u0111en kh\u00f4ng h\u1ea1t c\u00f2n c\u00f3 th\u1ec3 \u0111\u01b0\u1ee3c d\u00f9ng trong 1 s\u1ed1 m\u00f3n \u0103n: nh\u01b0 salad tr\u00e1i c\u00e2y, ph\u00f4 mai , x\u00e0 l\u00e1ch , b\u00e1nh crepe , b\u00e1nh ng\u1ecdt, sorbets, s\u1eefa ong ch\u00faa v\u00e0 n\u01b0\u1edbc s\u1ed1t \u2026<\/p>\n<p><strong>5.\u00a0\u00a0 \u00a0C\u00e1ch \u01b0\u01a1m tr\u1ed3ng v\u00e0 ch\u0103m s\u00f3c<\/strong><br \/>\nT\u1ea1i M\u1ef9, c\u00e1c trang tr\u1ea1i tr\u1ed3ng Nho c\u00f3 di\u1ec7n t\u00edch t\u1eeb h\u00e0ng tr\u0103m \u0111\u1ebfn h\u00e0ng ng\u00e0n hecta. Ch\u00fang th\u01b0\u1eddng \u0111\u01b0\u1ee3c b\u1ea3o v\u1ec7 b\u1eb1ng h\u00e0ng r\u00e0o ho\u1eb7c l\u01b0\u1edbi.<br \/>\nC\u00e2y Nho ch\u1ec9 c\u1ea7n b\u00f3n ph\u00e2n 1 l\u01b0\u1ee3ng v\u1eeba\u00a0 ph\u1ea3i trong 2 n\u0103m \u0111\u1ea7u, v\u00ec n\u1ebfu b\u00f3n ph\u00e2n nhi\u1ec1u ch\u00fang s\u1ebd k\u00edch th\u00edch r\u1ec5 v\u00e0 l\u00e1 ph\u00e1t tri\u1ec3n.<\/p>\n<p><img decoding=\"async\" src=\"http:\/\/kleverfruits.com.vn\/upload_images\/images\/nho-den-khong-hat-my-3.jpg\" alt=\"\" \/><\/p>\n<p><em>Nh\u1eefng ch\u00f9m nho M\u1ef9 t\u01b0\u01a1i ngon<\/em><\/p>\n<p>To\u00e0n b\u1ed9 c\u00f4ng vi\u1ec7c t\u01b0\u1edbi ti\u00eau h\u00e0ng ng\u00e0y \u0111\u1ec1u \u0111\u01b0\u1ee3c v\u1eadn h\u00e0nh t\u1ef1 \u0111\u1ed9ng th\u00f4ng qua h\u1ec7 th\u1ed1ng \u1ed1ng d\u1eabn t\u1edbi t\u1eebng g\u1ed1c c\u00e2y. C\u00e2y Nho c\u1ea7n \u0111\u01b0\u1ee3c t\u01b0\u1edbi n\u01b0\u1edbc v\u1edbi tr\u1eef l\u01b0\u1ee3ng nhi\u1ec1u, nh\u01b0ng kh\u00f4ng th\u01b0\u1eddng xuy\u00ean \u0111\u1ec3 tr\u00e1nh t\u00ecnh tr\u1ea1ng nho b\u1ecb \u00faa l\u00e1. V\u01b0\u1eddn nho c\u0169ng \u0111\u01b0\u1ee3c ph\u1ee7 1 l\u1edbp \u0111\u1ea5t s\u00e9t \u0111\u1ec3 gi\u1eef n\u01b0\u1edbc xung quanh r\u1ec5.<br \/>\nNh\u1eefng c\u00f4ng vi\u1ec7c ch\u0103m s\u00f3c c\u00e2y h\u00e0ng ng\u00e0y \u0111\u1ec1u \u0111\u01b0\u1ee3c m\u00e1y m\u00f3c hi\u1ec7n \u0111\u1ea1i, chuy\u00ean nghi\u1ec7p h\u1ed7 tr\u1ee3 t\u1ed1i \u0111a,\u00a0100% Nho M\u1ef9 nh\u1eadp v\u1ec1 Vi\u1ec7t Nam qua Klever Fruits \u0111\u1ec1u \u0111\u01b0\u1ee3c h\u00e1i b\u1eb1ng tay v\u00e0 \u0111\u00f3ng g\u00f3i ngay t\u1ea1i v\u01b0\u1eddn. Do Nho l\u00e0 lo\u1ea1i tr\u00e1i c\u00e2y kh\u00f4ng ch\u00edn th\u00eam sau khi h\u00e1i kh\u1ecfi c\u00e0nh, n\u00ean vi\u1ec7c quy\u1ebft \u0111\u1ecbnh th\u1eddi \u0111i\u1ec3m h\u00e1i, k\u00edch th\u01b0\u1edbc ch\u00f9m nho, m\u1ee9c \u0111\u1ed9 ch\u00edn m\u1ecdng, \u0111\u1ed9 \u0111\u01b0\u1eddng v\u00e0 nhi\u1ec1u kh\u00eda c\u1ea1nh kh\u00e1c c\u1ee7a s\u1ea3n ph\u1ea9m \u0111\u1ec1u ph\u1ea3i \u0111\u01b0\u1ee3c c\u00e1c chuy\u00ean gia c\u00e2n nh\u1eafc k\u1ef9 l\u01b0\u1ee1ng.<\/p>\n<p>Quy tr\u00ecnh gi\u1ea3m d\u1ea7n nhi\u1ec7t \u0111\u1ed9 cho c\u00e1c tr\u00e1i Nho ngay sau khi h\u00e1i \u1edf v\u01b0\u1eddn, \u0111\u1ebfn vi\u1ec7c duy tr\u00ec \u0111\u1ed9 \u1ea9m t\u1eeb 90%-95%, nhi\u1ec7t \u0111\u1ed9 t\u1eeb 0 \u0111\u1ebfn 4 \u0111\u1ed9 C trong to\u00e0n b\u1ed9 qu\u00e1 tr\u00ecnh v\u1eadn chuy\u1ec3n t\u1eeb M\u1ef9 \u0111\u1ebfn Vi\u1ec7t Nam cho \u0111\u1ebfn t\u1eadn tay ng\u01b0\u1eddi ti\u00eau d\u00f9ng \u0111\u01b0\u1ee3c \u0111\u1ea3m b\u1ea3o nghi\u00eam ng\u1eb7t.<\/p>\n<p><img decoding=\"async\" src=\"http:\/\/kleverfruits.com.vn\/upload_images\/images\/nho-den-khong-hat-my-4.jpg\" alt=\"\" \/><\/p>\n<p><em>Nho \u0111en kh\u00f4ng h\u1ea1t M\u1ef9 trong m\u00f9a thu ho\u1ea1ch<\/em><\/p>\n","protected":false},"excerpt":{"rendered":"<p>Nho \u0111en l\u00e0 c\u00e2y tr\u1ed3ng l\u00e2u \u0111\u1eddi, \u0111\u01b0\u1ee3c \u01b0a th\u00edch v\u00e0 ph\u1ed5 bi\u1ebfn tr\u00ean kh\u1eafp th\u1ebf gi\u1edbi v\u1edbi h\u01a1n 8.000 gi\u1ed1ng Nho. Ch\u00fang th\u00edch h\u1ee3p v\u1edbi nh\u1eefng khu v\u1ef1c c\u00f3 kh\u00ed h\u1eadu \u1ea5m \u00e1p v\u00e0 kh\u00f4. \u1ede M\u1ef9, gi\u1ed1ng Nho n\u00e0y \u0111\u01b0\u1ee3c tr\u1ed3ng ch\u1ee7 y\u1ebfu \u1edf California, Oregon v\u00e0 Washington (trong \u0111\u00f3, h\u01a1n 90% c\u00e1c lo\u1ea1i Nho th\u01b0\u01a1ng m\u1ea1i \u0111\u1ebfn t\u1eeb California).<\/p>\n","protected":false},"featured_media":800,"comment_status":"open","ping_status":"closed","template":"","meta":[],"product_cat":[39],"product_tag":[],"class_list":["post-798","product","type-product","status-publish","has-post-thumbnail","hentry","product_cat-nho"],"yoast_head":"<!-- This site is optimized with the Yoast SEO plugin v18.9 - https:\/\/yoast.com\/wordpress\/plugins\/seo\/ -->\n<title>Nho M\u1ef9 kh\u00f4ng h\u1ea1t h\u00e0ng VietGap - M\u1eabu web t\u1ea1p h\u00f3a<\/title>\n<meta name=\"robots\" content=\"index, follow, max-snippet:-1, max-image-preview:large, max-video-preview:-1\" \/>\n<link rel=\"canonical\" href=\"https:\/\/theme.tamnguyen.vn\/taphoa\/san-pham\/nho-my-khong-hat-hang-vietgap\/\" \/>\n<meta property=\"og:locale\" content=\"vi_VN\" \/>\n<meta property=\"og:type\" content=\"article\" \/>\n<meta property=\"og:title\" content=\"Nho M\u1ef9 kh\u00f4ng h\u1ea1t h\u00e0ng VietGap - M\u1eabu web t\u1ea1p h\u00f3a\" \/>\n<meta property=\"og:description\" content=\"Nho \u0111en l\u00e0 c\u00e2y tr\u1ed3ng l\u00e2u \u0111\u1eddi, \u0111\u01b0\u1ee3c \u01b0a th\u00edch v\u00e0 ph\u1ed5 bi\u1ebfn tr\u00ean kh\u1eafp th\u1ebf gi\u1edbi v\u1edbi h\u01a1n 8.000 gi\u1ed1ng Nho. Ch\u00fang th\u00edch h\u1ee3p v\u1edbi nh\u1eefng khu v\u1ef1c c\u00f3 kh\u00ed h\u1eadu \u1ea5m \u00e1p v\u00e0 kh\u00f4. \u1ede M\u1ef9, gi\u1ed1ng Nho n\u00e0y \u0111\u01b0\u1ee3c tr\u1ed3ng ch\u1ee7 y\u1ebfu \u1edf California, Oregon v\u00e0 Washington (trong \u0111\u00f3, h\u01a1n 90% c\u00e1c lo\u1ea1i Nho th\u01b0\u01a1ng m\u1ea1i \u0111\u1ebfn t\u1eeb California).\" \/>\n<meta property=\"og:url\" content=\"https:\/\/theme.tamnguyen.vn\/taphoa\/san-pham\/nho-my-khong-hat-hang-vietgap\/\" \/>\n<meta property=\"og:site_name\" content=\"M\u1eabu web t\u1ea1p h\u00f3a\" \/>\n<meta property=\"article:modified_time\" content=\"2022-05-22T15:47:02+00:00\" \/>\n<meta property=\"og:image\" content=\"https:\/\/theme.tamnguyen.vn\/taphoa\/wp-content\/uploads\/2020\/10\/nho-54.jpg\" \/>\n\t<meta property=\"og:image:width\" content=\"500\" \/>\n\t<meta property=\"og:image:height\" content=\"500\" \/>\n\t<meta property=\"og:image:type\" content=\"image\/jpeg\" \/>\n<meta name=\"twitter:card\" content=\"summary_large_image\" \/>\n<meta name=\"twitter:label1\" content=\"\u01af\u1edbc t\u00ednh th\u1eddi gian \u0111\u1ecdc\" \/>\n\t<meta name=\"twitter:data1\" content=\"5 ph\u00fat\" \/>\n<script type=\"application\/ld+json\" class=\"yoast-schema-graph\">{\"@context\":\"https:\/\/schema.org\",\"@graph\":[{\"@type\":\"WebSite\",\"@id\":\"https:\/\/theme.tamnguyen.vn\/taphoa\/#website\",\"url\":\"https:\/\/theme.tamnguyen.vn\/taphoa\/\",\"name\":\"M\u1eabu web t\u1ea1p h\u00f3a\",\"description\":\"D\u1ecbch v\u1ee5 thi\u1ebft k\u1ebf website chuy\u00ean nghi\u1ec7p - uy t\u00edn\",\"potentialAction\":[{\"@type\":\"SearchAction\",\"target\":{\"@type\":\"EntryPoint\",\"urlTemplate\":\"https:\/\/theme.tamnguyen.vn\/taphoa\/?s={search_term_string}\"},\"query-input\":\"required name=search_term_string\"}],\"inLanguage\":\"vi\"},{\"@type\":\"ImageObject\",\"inLanguage\":\"vi\",\"@id\":\"https:\/\/theme.tamnguyen.vn\/taphoa\/san-pham\/nho-my-khong-hat-hang-vietgap\/#primaryimage\",\"url\":\"https:\/\/theme.tamnguyen.vn\/taphoa\/wp-content\/uploads\/2020\/10\/nho-54.jpg\",\"contentUrl\":\"https:\/\/theme.tamnguyen.vn\/taphoa\/wp-content\/uploads\/2020\/10\/nho-54.jpg\",\"width\":500,\"height\":500},{\"@type\":\"WebPage\",\"@id\":\"https:\/\/theme.tamnguyen.vn\/taphoa\/san-pham\/nho-my-khong-hat-hang-vietgap\/#webpage\",\"url\":\"https:\/\/theme.tamnguyen.vn\/taphoa\/san-pham\/nho-my-khong-hat-hang-vietgap\/\",\"name\":\"Nho M\u1ef9 kh\u00f4ng h\u1ea1t h\u00e0ng VietGap - M\u1eabu web t\u1ea1p h\u00f3a\",\"isPartOf\":{\"@id\":\"https:\/\/theme.tamnguyen.vn\/taphoa\/#website\"},\"primaryImageOfPage\":{\"@id\":\"https:\/\/theme.tamnguyen.vn\/taphoa\/san-pham\/nho-my-khong-hat-hang-vietgap\/#primaryimage\"},\"datePublished\":\"2020-10-01T09:31:08+00:00\",\"dateModified\":\"2022-05-22T15:47:02+00:00\",\"breadcrumb\":{\"@id\":\"https:\/\/theme.tamnguyen.vn\/taphoa\/san-pham\/nho-my-khong-hat-hang-vietgap\/#breadcrumb\"},\"inLanguage\":\"vi\",\"potentialAction\":[{\"@type\":\"ReadAction\",\"target\":[\"https:\/\/theme.tamnguyen.vn\/taphoa\/san-pham\/nho-my-khong-hat-hang-vietgap\/\"]}]},{\"@type\":\"BreadcrumbList\",\"@id\":\"https:\/\/theme.tamnguyen.vn\/taphoa\/san-pham\/nho-my-khong-hat-hang-vietgap\/#breadcrumb\",\"itemListElement\":[{\"@type\":\"ListItem\",\"position\":1,\"name\":\"Trang ch\u1ee7\",\"item\":\"https:\/\/theme.tamnguyen.vn\/taphoa\/\"},{\"@type\":\"ListItem\",\"position\":2,\"name\":\"Shop\",\"item\":\"https:\/\/theme.tamnguyen.vn\/taphoa\/shop\/\"},{\"@type\":\"ListItem\",\"position\":3,\"name\":\"H\u00e0ng kh\u00f4\",\"item\":\"https:\/\/theme.tamnguyen.vn\/taphoa\/danh-muc-san-pham\/hang-kho\/\"},{\"@type\":\"ListItem\",\"position\":4,\"name\":\"Nho M\u1ef9 kh\u00f4ng h\u1ea1t h\u00e0ng VietGap\"}]}]}<\/script>\n<!-- \/ Yoast SEO plugin. -->","yoast_head_json":{"title":"Nho M\u1ef9 kh\u00f4ng h\u1ea1t h\u00e0ng VietGap - M\u1eabu web t\u1ea1p h\u00f3a","robots":{"index":"index","follow":"follow","max-snippet":"max-snippet:-1","max-image-preview":"max-image-preview:large","max-video-preview":"max-video-preview:-1"},"canonical":"https:\/\/theme.tamnguyen.vn\/taphoa\/san-pham\/nho-my-khong-hat-hang-vietgap\/","og_locale":"vi_VN","og_type":"article","og_title":"Nho M\u1ef9 kh\u00f4ng h\u1ea1t h\u00e0ng VietGap - M\u1eabu web t\u1ea1p h\u00f3a","og_description":"Nho \u0111en l\u00e0 c\u00e2y tr\u1ed3ng l\u00e2u \u0111\u1eddi, \u0111\u01b0\u1ee3c \u01b0a th\u00edch v\u00e0 ph\u1ed5 bi\u1ebfn tr\u00ean kh\u1eafp th\u1ebf gi\u1edbi v\u1edbi h\u01a1n 8.000 gi\u1ed1ng Nho. Ch\u00fang th\u00edch h\u1ee3p v\u1edbi nh\u1eefng khu v\u1ef1c c\u00f3 kh\u00ed h\u1eadu \u1ea5m \u00e1p v\u00e0 kh\u00f4. \u1ede M\u1ef9, gi\u1ed1ng Nho n\u00e0y \u0111\u01b0\u1ee3c tr\u1ed3ng ch\u1ee7 y\u1ebfu \u1edf California, Oregon v\u00e0 Washington (trong \u0111\u00f3, h\u01a1n 90% c\u00e1c lo\u1ea1i Nho th\u01b0\u01a1ng m\u1ea1i \u0111\u1ebfn t\u1eeb California).","og_url":"https:\/\/theme.tamnguyen.vn\/taphoa\/san-pham\/nho-my-khong-hat-hang-vietgap\/","og_site_name":"M\u1eabu web t\u1ea1p h\u00f3a","article_modified_time":"2022-05-22T15:47:02+00:00","og_image":[{"width":500,"height":500,"url":"https:\/\/theme.tamnguyen.vn\/taphoa\/wp-content\/uploads\/2020\/10\/nho-54.jpg","type":"image\/jpeg"}],"twitter_card":"summary_large_image","twitter_misc":{"\u01af\u1edbc t\u00ednh th\u1eddi gian \u0111\u1ecdc":"5 ph\u00fat"},"schema":{"@context":"https:\/\/schema.org","@graph":[{"@type":"WebSite","@id":"https:\/\/theme.tamnguyen.vn\/taphoa\/#website","url":"https:\/\/theme.tamnguyen.vn\/taphoa\/","name":"M\u1eabu web t\u1ea1p h\u00f3a","description":"D\u1ecbch v\u1ee5 thi\u1ebft k\u1ebf website chuy\u00ean nghi\u1ec7p - uy t\u00edn","potentialAction":[{"@type":"SearchAction","target":{"@type":"EntryPoint","urlTemplate":"https:\/\/theme.tamnguyen.vn\/taphoa\/?s={search_term_string}"},"query-input":"required name=search_term_string"}],"inLanguage":"vi"},{"@type":"ImageObject","inLanguage":"vi","@id":"https:\/\/theme.tamnguyen.vn\/taphoa\/san-pham\/nho-my-khong-hat-hang-vietgap\/#primaryimage","url":"https:\/\/theme.tamnguyen.vn\/taphoa\/wp-content\/uploads\/2020\/10\/nho-54.jpg","contentUrl":"https:\/\/theme.tamnguyen.vn\/taphoa\/wp-content\/uploads\/2020\/10\/nho-54.jpg","width":500,"height":500},{"@type":"WebPage","@id":"https:\/\/theme.tamnguyen.vn\/taphoa\/san-pham\/nho-my-khong-hat-hang-vietgap\/#webpage","url":"https:\/\/theme.tamnguyen.vn\/taphoa\/san-pham\/nho-my-khong-hat-hang-vietgap\/","name":"Nho M\u1ef9 kh\u00f4ng h\u1ea1t h\u00e0ng VietGap - M\u1eabu web t\u1ea1p h\u00f3a","isPartOf":{"@id":"https:\/\/theme.tamnguyen.vn\/taphoa\/#website"},"primaryImageOfPage":{"@id":"https:\/\/theme.tamnguyen.vn\/taphoa\/san-pham\/nho-my-khong-hat-hang-vietgap\/#primaryimage"},"datePublished":"2020-10-01T09:31:08+00:00","dateModified":"2022-05-22T15:47:02+00:00","breadcrumb":{"@id":"https:\/\/theme.tamnguyen.vn\/taphoa\/san-pham\/nho-my-khong-hat-hang-vietgap\/#breadcrumb"},"inLanguage":"vi","potentialAction":[{"@type":"ReadAction","target":["https:\/\/theme.tamnguyen.vn\/taphoa\/san-pham\/nho-my-khong-hat-hang-vietgap\/"]}]},{"@type":"BreadcrumbList","@id":"https:\/\/theme.tamnguyen.vn\/taphoa\/san-pham\/nho-my-khong-hat-hang-vietgap\/#breadcrumb","itemListElement":[{"@type":"ListItem","position":1,"name":"Trang ch\u1ee7","item":"https:\/\/theme.tamnguyen.vn\/taphoa\/"},{"@type":"ListItem","position":2,"name":"Shop","item":"https:\/\/theme.tamnguyen.vn\/taphoa\/shop\/"},{"@type":"ListItem","position":3,"name":"H\u00e0ng kh\u00f4","item":"https:\/\/theme.tamnguyen.vn\/taphoa\/danh-muc-san-pham\/hang-kho\/"},{"@type":"ListItem","position":4,"name":"Nho M\u1ef9 kh\u00f4ng h\u1ea1t h\u00e0ng VietGap"}]}]}},"_links":{"self":[{"href":"https:\/\/theme.tamnguyen.vn\/taphoa\/wp-json\/wp\/v2\/product\/798","targetHints":{"allow":["GET"]}}],"collection":[{"href":"https:\/\/theme.tamnguyen.vn\/taphoa\/wp-json\/wp\/v2\/product"}],"about":[{"href":"https:\/\/theme.tamnguyen.vn\/taphoa\/wp-json\/wp\/v2\/types\/product"}],"replies":[{"embeddable":true,"href":"https:\/\/theme.tamnguyen.vn\/taphoa\/wp-json\/wp\/v2\/comments?post=798"}],"wp:featuredmedia":[{"embeddable":true,"href":"https:\/\/theme.tamnguyen.vn\/taphoa\/wp-json\/wp\/v2\/media\/800"}],"wp:attachment":[{"href":"https:\/\/theme.tamnguyen.vn\/taphoa\/wp-json\/wp\/v2\/media?parent=798"}],"wp:term":[{"taxonomy":"product_cat","embeddable":true,"href":"https:\/\/theme.tamnguyen.vn\/taphoa\/wp-json\/wp\/v2\/product_cat?post=798"},{"taxonomy":"product_tag","embeddable":true,"href":"https:\/\/theme.tamnguyen.vn\/taphoa\/wp-json\/wp\/v2\/product_tag?post=798"}],"curies":[{"name":"wp","href":"https:\/\/api.w.org\/{rel}","templated":true}]}}