{"id":791,"date":"2020-10-01T16:27:32","date_gmt":"2020-10-01T09:27:32","guid":{"rendered":"http:\/\/nongsan.ninhbinhsite.com\/?post_type=product&#038;p=791"},"modified":"2022-05-22T22:50:46","modified_gmt":"2022-05-22T15:50:46","slug":"khoai-tay-cu-to-loai-1-organic-farm","status":"publish","type":"product","link":"https:\/\/theme.tamnguyen.vn\/taphoa\/san-pham\/khoai-tay-cu-to-loai-1-organic-farm\/","title":{"rendered":"Khoai t\u00e2y c\u1ee7 to lo\u1ea1i 1 organic farm"},"content":{"rendered":"<p><b>Khoai t\u00e2y<\/b>\u00a0(danh ph\u00e1p hai ph\u1ea7n:\u00a0<i><b>Solanum tuberosum<\/b><\/i>), thu\u1ed9c\u00a0h\u1ecd C\u00e0\u00a0(<i>Solanaceae<\/i>). Khoai t\u00e2y l\u00e0 lo\u00e0i c\u00e2y n\u00f4ng nghi\u1ec7p ng\u1eafn ng\u00e0y, tr\u1ed3ng l\u1ea5y\u00a0c\u1ee7\u00a0ch\u1ee9a\u00a0tinh b\u1ed9t. Ch\u00fang l\u00e0 lo\u1ea1i c\u00e2y tr\u1ed3ng l\u1ea5y c\u1ee7 r\u1ed9ng r\u00e3i nh\u1ea5t th\u1ebf gi\u1edbi v\u00e0 l\u00e0 lo\u1ea1i c\u00e2y tr\u1ed3ng ph\u1ed5 bi\u1ebfn th\u1ee9 t\u01b0 v\u1ec1 m\u1eb7t s\u1ea3n l\u01b0\u1ee3ng t\u01b0\u01a1i &#8211; x\u1ebfp sau\u00a0l\u00faa,\u00a0l\u00faa m\u00ec\u00a0v\u00e0\u00a0ng\u00f4<sup id=\"cite_ref-1\" class=\"reference\">[1]<\/sup>. L\u01b0u tr\u1eef khoai t\u00e2y d\u00e0i ng\u00e0y \u0111\u00f2i h\u1ecfi b\u1ea3o qu\u1ea3n trong \u0111i\u1ec1u ki\u1ec7n l\u1ea1nh.<\/p>\n<p>Lo\u00e0i khoai t\u00e2y hoang d\u00e3 m\u1ecdc tr\u00ean kh\u1eafp ch\u00e2u M\u1ef9, t\u1eeb\u00a0Hoa K\u1ef3\u00a0cho t\u1edbi mi\u1ec1n nam\u00a0Chile.<sup id=\"cite_ref-2\" class=\"reference\">[2]<\/sup>\u00a0Ng\u01b0\u1eddi ta t\u1eebng cho r\u1eb1ng khoai t\u00e2y \u0111\u00e3 \u0111\u01b0\u1ee3c thu\u1ea7n h\u00f3a \u0111\u1ed9c l\u1eadp t\u1ea1i nhi\u1ec1u \u0111\u1ecba \u0111i\u1ec3m,<sup id=\"cite_ref-UniWisconsin_3-0\" class=\"reference\">[3]<\/sup>\u00a0nh\u01b0ng sau \u0111\u00f3 th\u1eed nghi\u1ec7m di truy\u1ec1n h\u1ecdc tr\u00ean nhi\u1ec1u gi\u1ed1ng c\u00e2y tr\u1ed3ng v\u00e0 c\u00e1c lo\u1ea1i khoai t\u00e2y hoang d\u00e3 \u0111\u00e3 ch\u1ee9ng t\u1ecf c\u00f3 m\u1ed9t ngu\u1ed3n g\u1ed1c duy nh\u1ea5t c\u1ee7a khoai t\u00e2y l\u00e0 \u1edf khu v\u1ef1c mi\u1ec1n nam\u00a0Peru\u00a0v\u00e0 c\u1ef1c t\u00e2y b\u1eafc\u00a0Bolivia ng\u00e0y nay. N\u01a1i con ng\u01b0\u1eddi \u0111\u00e3 thu\u1ea7n h\u00f3a \u0111\u01b0\u1ee3c khoai t\u00e2y t\u1eeb 7 \u0111\u1ebfn 10 ngh\u00ecn n\u0103m tr\u01b0\u1edbc.\u00a0Sau nhi\u1ec1u th\u1ebf k\u1ef7 ch\u1ecdn l\u1ecdc v\u00e0 nh\u00e2n gi\u1ed1ng, hi\u1ec7n nay \u0111\u00e3 c\u00f3 h\u01a1n m\u1ed9t ng\u00e0n lo\u1ea1i khoai t\u00e2y kh\u00e1c nhau.<sup id=\"cite_ref-online_5-1\" class=\"reference\"><\/sup>\u00a0H\u01a1n 99% c\u00e1c lo\u00e0i khoai t\u00e2y \u0111\u01b0\u1ee3c tr\u1ed3ng hi\u1ec7n nay tr\u00ean to\u00e0n c\u1ea7u c\u00f3 ngu\u1ed3n g\u1ed1c t\u1eeb nhi\u1ec1u gi\u1ed1ng kh\u00e1c nhau \u1edf v\u00f9ng \u0111\u1ea5t th\u1ea5p trung-nam Chile, c\u00e1c gi\u1ed1ng n\u00e0y \u0111\u00e3 \u0111\u01b0\u1ee3c di d\u1eddi t\u1eeb c\u00e1c cao nguy\u00ean Andes.<sup id=\"cite_ref-chile_7-0\" class=\"reference\"><\/sup><sup id=\"cite_ref-Ames2008_8-0\" class=\"reference\"><\/sup><\/p>\n<p>Sau cu\u1ed9c chinh ph\u1ee5c\u00a0\u0110\u1ebf ch\u1ebf Inca\u00a0c\u1ee7a\u00a0T\u00e2y Ban Nha, ng\u01b0\u1eddi T\u00e2y Ban Nha gi\u1edbi du nh\u1eadp khoai t\u00e2y v\u00e0o ch\u00e2u \u00c2u trong n\u1eeda cu\u1ed1i th\u1ebf k\u1ef7 XVI. Sau \u0111\u00f3 n\u00f3 \u0111\u01b0\u1ee3c v\u1eadn t\u1ea3i ch\u1ee7 y\u1ebfu b\u1eb1ng \u0111\u01b0\u1eddng bi\u1ec3n ra c\u00e1c v\u00f9ng l\u00e3nh th\u1ed5 v\u00e0 h\u1ea3i c\u1ea3ng tr\u00ean to\u00e0n th\u1ebf gi\u1edbi. Khoai t\u00e2y b\u1ecb ng\u01b0\u1eddi n\u00f4ng d\u00e2n ch\u00e2u \u00c2u ch\u1eadm ch\u1ea5p nh\u1eadn do h\u1ecd kh\u00f4ng tin t\u01b0\u1edfng. \u0110\u1ec3 r\u1ed3i sau \u0111\u00f3 n\u00f3 tr\u1edf th\u00e0nh m\u1ed9t c\u00e2y l\u01b0\u01a1ng th\u1ef1c quan tr\u1ecdng v\u00e0 l\u00e0 c\u00e2y tr\u1ed3ng \u0111\u00f3ng vai tr\u00f2 l\u00e0m b\u00f9ng n\u1ed5 d\u00e2n s\u1ed1 ch\u00e2u l\u1ee5c n\u00e0y trong th\u1ebf k\u1ef7 XIX. Tuy nhi\u00ean, ban \u0111\u1ea7u khoai t\u00e2y thi\u1ebfu \u0111a d\u1ea1ng di truy\u1ec1n, do c\u00f3 r\u1ea5t h\u1ea1n ch\u1ebf s\u1ed1 l\u01b0\u1ee3ng gi\u1ed1ng c\u00e2y \u0111\u01b0\u1ee3c gi\u1edbi thi\u1ec7u, n\u00f3 c\u00f2n l\u00e0 c\u00e2y tr\u1ed3ng d\u1ec5 b\u1ecb b\u1ec7nh. N\u0103m 1845, m\u1ed9t c\u0103n b\u1ec7nh th\u1ef1c v\u1eadt g\u1ecdi l\u00e0\u00a0<i>b\u1ec7nh r\u1ee5ng l\u00e1<\/i>\u00a0g\u00e2y ra b\u1edfi n\u1ea5m oomycete infestans Phytophthora, l\u00e2y lan nhanh ch\u00f3ng th\u00f4ng qua c\u00e1c c\u1ed9ng \u0111\u1ed3ng ngh\u00e8o \u1edf mi\u1ec1n t\u00e2y\u00a0Aien, d\u1eabn \u0111\u1ebfn m\u00f9a m\u00e0ng th\u1ea5t b\u00e1t v\u00e0 x\u1ea3y ra n\u1ea1n \u0111\u00f3i. H\u00e0ng ng\u00e0n gi\u1ed1ng c\u00e2y v\u1eab c\u00f2n t\u1ed3n t\u1ea1i \u1edf v\u00f9ng\u00a0Andes, n\u01a1i m\u00e0 100 gi\u1ed1ng khoai t\u00e2y kh\u00e1c nhau c\u00f3 th\u1ec3 t\u00ecm th\u1ea5y, nhi\u1ec1u gi\u1ed1ng \u0111\u01b0\u1ee3c l\u01b0u tr\u1ed3ng b\u1edfi nh\u1eefng h\u1ed9 n\u00f4ng d\u00e2n.<\/p>\n<p>Ch\u1ebf \u0111\u1ed9 \u0103n u\u1ed1ng h\u00e0ng n\u0103m c\u1ee7a m\u1ed9t c\u00f4ng d\u00e2n t\u00ednh trung b\u00ecnh to\u00e0n c\u1ea7u trong th\u1eadp k\u1ef7 \u0111\u1ea7u th\u1ebf k\u1ef7 XXI bao g\u1ed3m kho\u1ea3ng 33\u00a0kg khoai t\u00e2y.<sup id=\"cite_ref-fao_9-0\" class=\"reference\"><\/sup>\u00a0N\u00f3 v\u1eabn l\u00e0 c\u00e2y tr\u1ed3ng ch\u1ee7 l\u1ef1c c\u1ee7a ch\u00e2u \u00c2u (\u0111\u1eb7c bi\u1ec7t l\u00e0 ph\u00eda \u0111\u00f4ng v\u00e0 trung t\u00e2m ch\u00e2u \u00c2u), n\u01a1i s\u1ea3n xu\u1ea5t khoai t\u00e2y b\u00ecnh qu\u00e2n \u0111\u1ea7u ng\u01b0\u1eddi l\u1edbn nh\u1ea5t, nh\u01b0ng vi\u1ec7c m\u1edf r\u1ed9ng tr\u1ed3ng tr\u1ecdt khoai t\u00e2y di\u1ec5n ra m\u1ea1nh m\u1ebd nh\u1ea5t t\u1ea1i Nam \u00c1 v\u00e0 \u0110\u00f4ng \u00c1 trong v\u00e0i th\u1eadp k\u1ef7 qua. Trung Qu\u1ed1c hi\u1ec7n l\u00e0 n\u01b0\u1edbc s\u1ea3n xu\u1ea5t khoai t\u00e2y l\u1edbn nh\u1ea5t Th\u1ebf gi\u1edbi, g\u1ea7n 1\/3 s\u1ea3n l\u01b0\u1ee3ng khoai t\u00e2y Th\u1ebf gi\u1edbi \u0111\u01b0\u1ee3c thu ho\u1ea1ch \u1edf Trung Qu\u1ed1c v\u00e0\u00a0\u1ea4n \u0110\u1ed9.<sup id=\"cite_ref-Hijmans_2001_403\u201312_10-0\" class=\"reference\"><\/sup><\/p>\n","protected":false},"excerpt":{"rendered":"<p><b>Khoai t\u00e2y<\/b>\u00a0(danh ph\u00e1p hai ph\u1ea7n:\u00a0<i><b>Solanum tuberosum<\/b><\/i>), thu\u1ed9c\u00a0h\u1ecd C\u00e0\u00a0(<i>Solanaceae<\/i>). Khoai t\u00e2y l\u00e0 lo\u00e0i c\u00e2y n\u00f4ng nghi\u1ec7p ng\u1eafn ng\u00e0y, tr\u1ed3ng l\u1ea5y\u00a0c\u1ee7\u00a0ch\u1ee9a\u00a0tinh b\u1ed9t. Ch\u00fang l\u00e0 lo\u1ea1i c\u00e2y tr\u1ed3ng l\u1ea5y c\u1ee7 r\u1ed9ng r\u00e3i nh\u1ea5t th\u1ebf gi\u1edbi v\u00e0 l\u00e0 lo\u1ea1i c\u00e2y tr\u1ed3ng ph\u1ed5 bi\u1ebfn th\u1ee9 t\u01b0 v\u1ec1 m\u1eb7t s\u1ea3n l\u01b0\u1ee3ng t\u01b0\u01a1i &#8211; x\u1ebfp sau\u00a0l\u00faa,\u00a0l\u00faa m\u00ec\u00a0v\u00e0\u00a0ng\u00f4<sup id=\"cite_ref-1\" class=\"reference\">[1]<\/sup>. L\u01b0u tr\u1eef khoai t\u00e2y d\u00e0i ng\u00e0y \u0111\u00f2i h\u1ecfi b\u1ea3o qu\u1ea3n trong \u0111i\u1ec1u ki\u1ec7n l\u1ea1nh.<\/p>\n","protected":false},"featured_media":802,"comment_status":"open","ping_status":"closed","template":"","meta":[],"product_cat":[38],"product_tag":[],"class_list":["post-791","product","type-product","status-publish","has-post-thumbnail","hentry","product_cat-khoai-tay"],"yoast_head":"<!-- This site is optimized with the Yoast SEO plugin v18.9 - https:\/\/yoast.com\/wordpress\/plugins\/seo\/ -->\n<title>Khoai t\u00e2y c\u1ee7 to lo\u1ea1i 1 organic farm - M\u1eabu web t\u1ea1p h\u00f3a<\/title>\n<meta name=\"robots\" content=\"index, follow, max-snippet:-1, max-image-preview:large, max-video-preview:-1\" \/>\n<link rel=\"canonical\" href=\"https:\/\/theme.tamnguyen.vn\/taphoa\/san-pham\/khoai-tay-cu-to-loai-1-organic-farm\/\" \/>\n<meta property=\"og:locale\" content=\"vi_VN\" \/>\n<meta property=\"og:type\" content=\"article\" \/>\n<meta property=\"og:title\" content=\"Khoai t\u00e2y c\u1ee7 to lo\u1ea1i 1 organic farm - M\u1eabu web t\u1ea1p h\u00f3a\" \/>\n<meta property=\"og:description\" content=\"Khoai t\u00e2y\u00a0(danh ph\u00e1p hai ph\u1ea7n:\u00a0Solanum tuberosum), thu\u1ed9c\u00a0h\u1ecd C\u00e0\u00a0(Solanaceae). Khoai t\u00e2y l\u00e0 lo\u00e0i c\u00e2y n\u00f4ng nghi\u1ec7p ng\u1eafn ng\u00e0y, tr\u1ed3ng l\u1ea5y\u00a0c\u1ee7\u00a0ch\u1ee9a\u00a0tinh b\u1ed9t. Ch\u00fang l\u00e0 lo\u1ea1i c\u00e2y tr\u1ed3ng l\u1ea5y c\u1ee7 r\u1ed9ng r\u00e3i nh\u1ea5t th\u1ebf gi\u1edbi v\u00e0 l\u00e0 lo\u1ea1i c\u00e2y tr\u1ed3ng ph\u1ed5 bi\u1ebfn th\u1ee9 t\u01b0 v\u1ec1 m\u1eb7t s\u1ea3n l\u01b0\u1ee3ng t\u01b0\u01a1i - x\u1ebfp sau\u00a0l\u00faa,\u00a0l\u00faa m\u00ec\u00a0v\u00e0\u00a0ng\u00f4[1]. L\u01b0u tr\u1eef khoai t\u00e2y d\u00e0i ng\u00e0y \u0111\u00f2i h\u1ecfi b\u1ea3o qu\u1ea3n trong \u0111i\u1ec1u ki\u1ec7n l\u1ea1nh.\" \/>\n<meta property=\"og:url\" content=\"https:\/\/theme.tamnguyen.vn\/taphoa\/san-pham\/khoai-tay-cu-to-loai-1-organic-farm\/\" \/>\n<meta property=\"og:site_name\" content=\"M\u1eabu web t\u1ea1p h\u00f3a\" \/>\n<meta property=\"article:modified_time\" content=\"2022-05-22T15:50:46+00:00\" \/>\n<meta property=\"og:image\" content=\"https:\/\/theme.tamnguyen.vn\/taphoa\/wp-content\/uploads\/2020\/10\/khoai-tay-1.jpg\" \/>\n\t<meta property=\"og:image:width\" content=\"500\" \/>\n\t<meta property=\"og:image:height\" content=\"500\" \/>\n\t<meta property=\"og:image:type\" content=\"image\/jpeg\" \/>\n<meta name=\"twitter:card\" content=\"summary_large_image\" \/>\n<meta name=\"twitter:label1\" content=\"\u01af\u1edbc t\u00ednh th\u1eddi gian \u0111\u1ecdc\" \/>\n\t<meta name=\"twitter:data1\" content=\"4 ph\u00fat\" \/>\n<script type=\"application\/ld+json\" class=\"yoast-schema-graph\">{\"@context\":\"https:\/\/schema.org\",\"@graph\":[{\"@type\":\"WebSite\",\"@id\":\"https:\/\/theme.tamnguyen.vn\/taphoa\/#website\",\"url\":\"https:\/\/theme.tamnguyen.vn\/taphoa\/\",\"name\":\"M\u1eabu web t\u1ea1p h\u00f3a\",\"description\":\"D\u1ecbch v\u1ee5 thi\u1ebft k\u1ebf website chuy\u00ean nghi\u1ec7p - uy t\u00edn\",\"potentialAction\":[{\"@type\":\"SearchAction\",\"target\":{\"@type\":\"EntryPoint\",\"urlTemplate\":\"https:\/\/theme.tamnguyen.vn\/taphoa\/?s={search_term_string}\"},\"query-input\":\"required name=search_term_string\"}],\"inLanguage\":\"vi\"},{\"@type\":\"ImageObject\",\"inLanguage\":\"vi\",\"@id\":\"https:\/\/theme.tamnguyen.vn\/taphoa\/san-pham\/khoai-tay-cu-to-loai-1-organic-farm\/#primaryimage\",\"url\":\"https:\/\/theme.tamnguyen.vn\/taphoa\/wp-content\/uploads\/2020\/10\/khoai-tay-1.jpg\",\"contentUrl\":\"https:\/\/theme.tamnguyen.vn\/taphoa\/wp-content\/uploads\/2020\/10\/khoai-tay-1.jpg\",\"width\":500,\"height\":500},{\"@type\":\"WebPage\",\"@id\":\"https:\/\/theme.tamnguyen.vn\/taphoa\/san-pham\/khoai-tay-cu-to-loai-1-organic-farm\/#webpage\",\"url\":\"https:\/\/theme.tamnguyen.vn\/taphoa\/san-pham\/khoai-tay-cu-to-loai-1-organic-farm\/\",\"name\":\"Khoai t\u00e2y c\u1ee7 to lo\u1ea1i 1 organic farm - M\u1eabu web t\u1ea1p h\u00f3a\",\"isPartOf\":{\"@id\":\"https:\/\/theme.tamnguyen.vn\/taphoa\/#website\"},\"primaryImageOfPage\":{\"@id\":\"https:\/\/theme.tamnguyen.vn\/taphoa\/san-pham\/khoai-tay-cu-to-loai-1-organic-farm\/#primaryimage\"},\"datePublished\":\"2020-10-01T09:27:32+00:00\",\"dateModified\":\"2022-05-22T15:50:46+00:00\",\"breadcrumb\":{\"@id\":\"https:\/\/theme.tamnguyen.vn\/taphoa\/san-pham\/khoai-tay-cu-to-loai-1-organic-farm\/#breadcrumb\"},\"inLanguage\":\"vi\",\"potentialAction\":[{\"@type\":\"ReadAction\",\"target\":[\"https:\/\/theme.tamnguyen.vn\/taphoa\/san-pham\/khoai-tay-cu-to-loai-1-organic-farm\/\"]}]},{\"@type\":\"BreadcrumbList\",\"@id\":\"https:\/\/theme.tamnguyen.vn\/taphoa\/san-pham\/khoai-tay-cu-to-loai-1-organic-farm\/#breadcrumb\",\"itemListElement\":[{\"@type\":\"ListItem\",\"position\":1,\"name\":\"Trang ch\u1ee7\",\"item\":\"https:\/\/theme.tamnguyen.vn\/taphoa\/\"},{\"@type\":\"ListItem\",\"position\":2,\"name\":\"Shop\",\"item\":\"https:\/\/theme.tamnguyen.vn\/taphoa\/shop\/\"},{\"@type\":\"ListItem\",\"position\":3,\"name\":\"\u0110\u1ed3 s\u01a1 ch\u1ebf\",\"item\":\"https:\/\/theme.tamnguyen.vn\/taphoa\/danh-muc-san-pham\/do-so-che\/\"},{\"@type\":\"ListItem\",\"position\":4,\"name\":\"Khoai t\u00e2y c\u1ee7 to lo\u1ea1i 1 organic farm\"}]}]}<\/script>\n<!-- \/ Yoast SEO plugin. -->","yoast_head_json":{"title":"Khoai t\u00e2y c\u1ee7 to lo\u1ea1i 1 organic farm - M\u1eabu web t\u1ea1p h\u00f3a","robots":{"index":"index","follow":"follow","max-snippet":"max-snippet:-1","max-image-preview":"max-image-preview:large","max-video-preview":"max-video-preview:-1"},"canonical":"https:\/\/theme.tamnguyen.vn\/taphoa\/san-pham\/khoai-tay-cu-to-loai-1-organic-farm\/","og_locale":"vi_VN","og_type":"article","og_title":"Khoai t\u00e2y c\u1ee7 to lo\u1ea1i 1 organic farm - M\u1eabu web t\u1ea1p h\u00f3a","og_description":"Khoai t\u00e2y\u00a0(danh ph\u00e1p hai ph\u1ea7n:\u00a0Solanum tuberosum), thu\u1ed9c\u00a0h\u1ecd C\u00e0\u00a0(Solanaceae). Khoai t\u00e2y l\u00e0 lo\u00e0i c\u00e2y n\u00f4ng nghi\u1ec7p ng\u1eafn ng\u00e0y, tr\u1ed3ng l\u1ea5y\u00a0c\u1ee7\u00a0ch\u1ee9a\u00a0tinh b\u1ed9t. Ch\u00fang l\u00e0 lo\u1ea1i c\u00e2y tr\u1ed3ng l\u1ea5y c\u1ee7 r\u1ed9ng r\u00e3i nh\u1ea5t th\u1ebf gi\u1edbi v\u00e0 l\u00e0 lo\u1ea1i c\u00e2y tr\u1ed3ng ph\u1ed5 bi\u1ebfn th\u1ee9 t\u01b0 v\u1ec1 m\u1eb7t s\u1ea3n l\u01b0\u1ee3ng t\u01b0\u01a1i - x\u1ebfp sau\u00a0l\u00faa,\u00a0l\u00faa m\u00ec\u00a0v\u00e0\u00a0ng\u00f4[1]. L\u01b0u tr\u1eef khoai t\u00e2y d\u00e0i ng\u00e0y \u0111\u00f2i h\u1ecfi b\u1ea3o qu\u1ea3n trong \u0111i\u1ec1u ki\u1ec7n l\u1ea1nh.","og_url":"https:\/\/theme.tamnguyen.vn\/taphoa\/san-pham\/khoai-tay-cu-to-loai-1-organic-farm\/","og_site_name":"M\u1eabu web t\u1ea1p h\u00f3a","article_modified_time":"2022-05-22T15:50:46+00:00","og_image":[{"width":500,"height":500,"url":"https:\/\/theme.tamnguyen.vn\/taphoa\/wp-content\/uploads\/2020\/10\/khoai-tay-1.jpg","type":"image\/jpeg"}],"twitter_card":"summary_large_image","twitter_misc":{"\u01af\u1edbc t\u00ednh th\u1eddi gian \u0111\u1ecdc":"4 ph\u00fat"},"schema":{"@context":"https:\/\/schema.org","@graph":[{"@type":"WebSite","@id":"https:\/\/theme.tamnguyen.vn\/taphoa\/#website","url":"https:\/\/theme.tamnguyen.vn\/taphoa\/","name":"M\u1eabu web t\u1ea1p h\u00f3a","description":"D\u1ecbch v\u1ee5 thi\u1ebft k\u1ebf website chuy\u00ean nghi\u1ec7p - uy t\u00edn","potentialAction":[{"@type":"SearchAction","target":{"@type":"EntryPoint","urlTemplate":"https:\/\/theme.tamnguyen.vn\/taphoa\/?s={search_term_string}"},"query-input":"required name=search_term_string"}],"inLanguage":"vi"},{"@type":"ImageObject","inLanguage":"vi","@id":"https:\/\/theme.tamnguyen.vn\/taphoa\/san-pham\/khoai-tay-cu-to-loai-1-organic-farm\/#primaryimage","url":"https:\/\/theme.tamnguyen.vn\/taphoa\/wp-content\/uploads\/2020\/10\/khoai-tay-1.jpg","contentUrl":"https:\/\/theme.tamnguyen.vn\/taphoa\/wp-content\/uploads\/2020\/10\/khoai-tay-1.jpg","width":500,"height":500},{"@type":"WebPage","@id":"https:\/\/theme.tamnguyen.vn\/taphoa\/san-pham\/khoai-tay-cu-to-loai-1-organic-farm\/#webpage","url":"https:\/\/theme.tamnguyen.vn\/taphoa\/san-pham\/khoai-tay-cu-to-loai-1-organic-farm\/","name":"Khoai t\u00e2y c\u1ee7 to lo\u1ea1i 1 organic farm - M\u1eabu web t\u1ea1p h\u00f3a","isPartOf":{"@id":"https:\/\/theme.tamnguyen.vn\/taphoa\/#website"},"primaryImageOfPage":{"@id":"https:\/\/theme.tamnguyen.vn\/taphoa\/san-pham\/khoai-tay-cu-to-loai-1-organic-farm\/#primaryimage"},"datePublished":"2020-10-01T09:27:32+00:00","dateModified":"2022-05-22T15:50:46+00:00","breadcrumb":{"@id":"https:\/\/theme.tamnguyen.vn\/taphoa\/san-pham\/khoai-tay-cu-to-loai-1-organic-farm\/#breadcrumb"},"inLanguage":"vi","potentialAction":[{"@type":"ReadAction","target":["https:\/\/theme.tamnguyen.vn\/taphoa\/san-pham\/khoai-tay-cu-to-loai-1-organic-farm\/"]}]},{"@type":"BreadcrumbList","@id":"https:\/\/theme.tamnguyen.vn\/taphoa\/san-pham\/khoai-tay-cu-to-loai-1-organic-farm\/#breadcrumb","itemListElement":[{"@type":"ListItem","position":1,"name":"Trang ch\u1ee7","item":"https:\/\/theme.tamnguyen.vn\/taphoa\/"},{"@type":"ListItem","position":2,"name":"Shop","item":"https:\/\/theme.tamnguyen.vn\/taphoa\/shop\/"},{"@type":"ListItem","position":3,"name":"\u0110\u1ed3 s\u01a1 ch\u1ebf","item":"https:\/\/theme.tamnguyen.vn\/taphoa\/danh-muc-san-pham\/do-so-che\/"},{"@type":"ListItem","position":4,"name":"Khoai t\u00e2y c\u1ee7 to lo\u1ea1i 1 organic farm"}]}]}},"_links":{"self":[{"href":"https:\/\/theme.tamnguyen.vn\/taphoa\/wp-json\/wp\/v2\/product\/791","targetHints":{"allow":["GET"]}}],"collection":[{"href":"https:\/\/theme.tamnguyen.vn\/taphoa\/wp-json\/wp\/v2\/product"}],"about":[{"href":"https:\/\/theme.tamnguyen.vn\/taphoa\/wp-json\/wp\/v2\/types\/product"}],"replies":[{"embeddable":true,"href":"https:\/\/theme.tamnguyen.vn\/taphoa\/wp-json\/wp\/v2\/comments?post=791"}],"wp:featuredmedia":[{"embeddable":true,"href":"https:\/\/theme.tamnguyen.vn\/taphoa\/wp-json\/wp\/v2\/media\/802"}],"wp:attachment":[{"href":"https:\/\/theme.tamnguyen.vn\/taphoa\/wp-json\/wp\/v2\/media?parent=791"}],"wp:term":[{"taxonomy":"product_cat","embeddable":true,"href":"https:\/\/theme.tamnguyen.vn\/taphoa\/wp-json\/wp\/v2\/product_cat?post=791"},{"taxonomy":"product_tag","embeddable":true,"href":"https:\/\/theme.tamnguyen.vn\/taphoa\/wp-json\/wp\/v2\/product_tag?post=791"}],"curies":[{"name":"wp","href":"https:\/\/api.w.org\/{rel}","templated":true}]}}