{"id":776,"date":"2020-10-01T16:18:45","date_gmt":"2020-10-01T09:18:45","guid":{"rendered":"http:\/\/nongsan.ninhbinhsite.com\/?post_type=product&#038;p=776"},"modified":"2022-05-22T22:48:18","modified_gmt":"2022-05-22T15:48:18","slug":"dau-tay-chuan-vietgap-hang-xuat-khau","status":"publish","type":"product","link":"https:\/\/theme.tamnguyen.vn\/taphoa\/san-pham\/dau-tay-chuan-vietgap-hang-xuat-khau\/","title":{"rendered":"D\u00e2u t\u00e2y chu\u1ea9n VietGAP h\u00e0ng xu\u1ea5t kh\u1ea9u"},"content":{"rendered":"<p>C\u00e2y th\u1ea3o s\u1ed1ng dai; th\u00e2n b\u00f2 lan tr\u00ean m\u1eb7t \u0111\u1ea5t. L\u00e1 k\u00e8m th\u01b0\u1eddng c\u00f3 ba l\u00e1 ch\u00e9t kh\u00eda r\u0103ng, l\u00e1 k\u00e8m h\u1eb9p. Hoa tr\u1eafng; 5 ti\u1ec3u \u0111\u00e0i, 5 l\u00e1 \u0111\u00e0i, m\u00e0u tr\u1eafng, h\u00ecnh h\u01a1i tr\u00f2n hay b\u1ea7u d\u1ee5c ng\u01b0\u1ee3c, c\u00e1nh hoa 5; nh\u1ecb nhi\u1ec1u. Bao hoa v\u00e0 nh\u1ecb m\u1ecdc \u1edf m\u00e9p \u0111\u1ebf hoa h\u00ecnh ch\u00e9n. \u0110\u00e1y ch\u00e9n c\u00f3 m\u1ed9t c\u1ed9t l\u1ed3i mang nhi\u1ec1u l\u00e1 no\u00e3n r\u1eddi; m\u1ed7i no\u00e3n ch\u1ee9a m\u1ed9t no\u00e3n. Qu\u1ea3 b\u1ebf t\u1ee5 t\u1eadp tr\u00ean tr\u1ee5c \u0111\u1ebf hoa to ra v\u00e0 m\u1ecdng n\u01b0\u1edbc th\u00e0nh kh\u1ed1i m\u00e0u \u0111\u1ecf.<\/p>\n<p>Qu\u1ea3 th\u00e1ng 3-6.<\/p>\n<h3>B\u1ed9 ph\u1eadn d\u00f9ng:<\/h3>\n<p>Qu\u1ea3 v\u00e0 c\u00e2y &#8211; Fructus et Herba Fragariae.<\/p>\n<h3>N\u01a1i s\u1ed1ng v\u00e0 thu h\u00e1i:<\/h3>\n<p>C\u00e2y nh\u1eadp n\u1ed9i \u0111\u01b0\u1ee3c tr\u1ed3ng nhi\u1ec1u \u1edf \u0110\u00e0 L\u1ea1t v\u00e0 ngo\u1ea1i th\u00e0nh H\u00e0 N\u1ed9i.<\/p>\n<h3>Th\u00e0nh ph\u1ea7n ho\u00e1 h\u1ecdc:<\/h3>\n<p>Qu\u1ea3 ch\u1ee9a acid malic v\u00e0 citric. M\u00e0u \u0111\u1ecf c\u1ee7a qu\u1ea3 l\u00e0 do s\u1ef1 hi\u1ec7n di\u1ec7n c\u1ee7a pelargonidin 3-galactoside; l\u00e1 ch\u1ee9a ellagitanin; th\u00e2n r\u1ec5 ch\u1ee9a 12-14% tanin v\u00e0 fragarol.<\/p>\n<h3>T\u00e1c d\u1ee5ng d\u01b0\u1ee3c l\u00fd:<\/h3>\n<p>D\u00e2u t\u00e2y r\u1ea5t gi\u00e0u polyphenol &#8211; c\u00e1c ch\u1ea5t ho\u1ea1t t\u00ednh sinh h\u1ecdc t\u1ef1 nhi\u00ean c\u00f3 ch\u1ea5t ch\u1ed1ng oxy ho\u00e1 m\u1ea1nh v\u00e0 c\u00e1c \u0111\u1eb7c t\u00ednh kh\u00e1ng vi\u00eam.<\/p>\n<p><strong>\u1ee8c ch\u1ebf s\u1ef1 ph\u00e1t tri\u1ec3n c\u1ee7a c\u00e1c t\u1ebf b\u00e0o ung th\u01b0<\/strong>: D\u01b0\u1edbi t\u00e1c \u0111\u1ed9ng c\u1ee7a chi\u1ebft xu\u1ea5t d\u00e2u t\u00e2y, c\u00e1c nh\u00e0 khoa h\u1ecdc nh\u1eadn th\u1ea5y, ho\u1ea1t \u0111\u1ed9ng c\u1ee7a m\u1ed9t s\u1ed1 gen ch\u1ecbu tr\u00e1ch nhi\u1ec7m l\u00e0m t\u0103ng kh\u1ed1i u gi\u1ea3m \u0111\u00e1ng k\u1ec3, v\u00e0 ng\u01b0\u1ee3c l\u1ea1i, ho\u1ea1t \u0111\u1ed9ng c\u1ee7a nh\u1eefng gen ng\u0103n ch\u1eb7n s\u1ef1 l\u00e2y lan c\u1ee7a c\u00e1c t\u1ebf b\u00e0o ung th\u01b0 th\u00f4ng qua h\u1ec7 th\u1ed1ng b\u1ea1ch huy\u1ebft t\u0103ng \u0111\u00e1ng k\u1ec3.<\/p>\n<p><strong>T\u0103ng c\u01b0\u1eddng tr\u00ed nh\u1edb:<\/strong>\u00a0th\u00e0nh ph\u1ea7n fisetin c\u00f3 trong d\u00e2u t\u00e2y \u0111\u01b0\u1ee3c coi nh\u01b0 m\u1ed9t flavonoid t\u1ef1 nhi\u00ean gi\u00fap t\u0103ng c\u01b0\u1eddng tr\u00ed nh\u1edb v\u00e0 k\u00edch th\u00edch c\u00e1c d\u00e2y th\u1ea7n kinh. \u0102n d\u00e2u t\u00e2y c\u00f2n gi\u00fap ng\u0103n ng\u1eeba suy gi\u1ea3m ch\u1ee9c n\u0103ng nh\u1eadn th\u1ee9c.<\/p>\n<p><strong>C\u1ea3i thi\u1ec7n s\u1ee9c kh\u1ecfe tim m\u1ea1ch:<\/strong>\u00a0ch\u1ea5t flavonoid c\u00f3 trong d\u00e2u t\u00e2y ng\u0103n ng\u1eeba cholesterol \u1ee9 \u0111\u1ecdng l\u1ea1i \u1edf \u0111\u1ed9ng m\u1ea1ch. D\u00e2u t\u00e2y c\u00f2n ch\u1ee9a m\u1ed9t s\u1ed1 h\u1ee3p ch\u1ea5t kh\u00e1c c\u00f3 c\u00f4ng d\u1ee5ng \u0111i\u1ec1u h\u00f2a huy\u1ebft \u00e1p, th\u00fac \u0111\u1ea9y ch\u1ee9c n\u0103ng c\u1ee7a m\u00f4 t\u1ebf b\u00e0o v\u00e0 ng\u0103n ng\u1eeba huy\u1ebft kh\u1ed1i.<\/p>\n<p><strong>T\u1ed1t cho x\u01b0\u01a1ng:<\/strong>\u00a0c\u00e1c ch\u1ea5t dinh d\u01b0\u1ee1ng nh\u01b0 kali, magi\u00ea v\u00e0 vitamin \u0111\u00f3ng vai tr\u00f2 quan tr\u1ecdng v\u1edbi s\u1ee9c kh\u1ecfe x\u01b0\u01a1ng kh\u1edbp. \u0102n d\u00e2u t\u00e2y s\u1ebd th\u00fac \u0111\u1ea9y ph\u00e1t tri\u1ec3n x\u01b0\u01a1ng \u1edf tr\u1ebb em v\u00e0 duy tr\u00ec x\u01b0\u01a1ng ch\u1eafc kh\u1ecfe \u1edf ng\u01b0\u1eddi l\u1edbn.<\/p>\n<p><strong>T\u0103ng c\u01b0\u1eddng mi\u1ec5n d\u1ecbch:<\/strong>\u00a0D\u00e2u t\u00e2y gi\u00e0u vitamin C gi\u00fap t\u0103ng c\u01b0\u1eddng kh\u1ea3 n\u0103ng mi\u1ec5n d\u1ecbch v\u00e0 ch\u1ed1ng l\u1ea1i nhi\u1ec5m tr\u00f9ng. Ch\u1ec9 m\u1ed9t ch\u00e9n d\u00e2u t\u00e2y c\u00f3 th\u1ec3 \u0111\u00e1p \u1ee9ng nhu c\u1ea7u vitamin C c\u1ee7a c\u01a1 th\u1ec3 trong c\u1ea3 ng\u00e0y.<\/p>\n<h2>V\u1ecb thu\u1ed1c D\u00e2u t\u00e2y<\/h2>\n<p><strong>(C\u00f4ng d\u1ee5ng, li\u1ec1u d\u00f9ng, quy kinh, t\u00ednh v\u1ecb&#8230;)<\/strong><\/p>\n<h3>T\u00ednh v\u1ecb, t\u00e1c d\u1ee5ng:<\/h3>\n<p>Qu\u1ea3 c\u00f3 v\u1ecb se, c\u00f3 t\u00e1c d\u1ee5ng l\u1ee3i ti\u1ec3u.<\/p>\n<h3>C\u00f4ng d\u1ee5ng, ch\u1ec9 \u0111\u1ecbnh v\u00e0 ph\u1ed1i h\u1ee3p:<\/h3>\n<p>Qu\u1ea3 th\u01b0\u1eddng d\u00f9ng \u0111\u1ec3 \u0103n t\u01b0\u01a1i, l\u00e0m m\u00e1t, ch\u1ebf r\u01b0\u1ee3u xir\u00f4, d\u00f9ng u\u1ed1ng b\u1ed5. C\u00f3 th\u1ec3 d\u00f9ng tr\u1ecb s\u1ecfi, t\u00ea th\u1ea5p, th\u1ed1ng phong. Th\u00e2n r\u1ec5 \u0111\u01b0\u1ee3c d\u00f9ng thay th\u1ebf C\u00e0 ph\u00ea \u1edf v\u00f9ng Kashmia (\u1ea4n \u0110\u1ed9). N\u01b0\u1edbc h\u00e3m l\u00e1 d\u00f9ng tr\u1ecb \u1ec9a ch\u1ea3y v\u00e0 b\u1ec7nh \u0111\u01b0\u1eddng ti\u1ebft ni\u1ec7u.<\/p>\n<p>Ng\u01b0\u1eddi La M\u00e3 d\u00f9ng D\u00e2u t\u00e2y \u0111\u1ec3 ch\u1eefa tr\u1ecb m\u1ecdi c\u0103n b\u1ec7nh, t\u1eeb suy nh\u01b0\u1ee3c cho \u0111\u1ebfn s\u1ed1t v\u00e0 vi\u00eam h\u1ecdng.<\/p>\n<h2>\u1ee8ng d\u1ee5ng l\u00e2m s\u00e0ng c\u1ee7a D\u00e2u T\u00e2y<\/h2>\n<h3>Thu\u1ed1c ch\u1eefa b\u1ec7nh s\u1ecfi ti\u1ebft ni\u1ec7u<\/h3>\n<p>Qu\u1ea3 d\u00e2u t\u00e2y (qu\u1ea3 g\u1ea7n ch\u00edn) 30g, Kim ti\u1ec1n th\u1ea3o 10g, R\u1ec5 c\u1ecf tranh 8g, Qu\u1ea3 c\u1ed1i xay 10g C\u00e1c th\u1ee9 r\u1eeda s\u1ea1ch, cho v\u00e0o n\u1ed3i c\u00f9ng 400ml n\u01b0\u1edbc, \u0111un s\u00f4i k\u1ef9, ch\u1eaft l\u1ea5y 200ml n\u01b0\u1edbc \u0111\u1eb7c. Ng\u01b0\u1eddi b\u1ec7nh u\u1ed1ng ng\u00e0y m\u1ed9t thang, chia 3 l\u1ea7n tr\u01b0\u1edbc b\u1eefa \u0103n. c\u1ea7n u\u1ed1ng li\u1ec1n 10 ng\u00e0y.<\/p>\n<h3>R\u01b0\u1ee3u b\u1ed5 t\u1eeb qu\u1ea3 D\u00e2u t\u00e2y<\/h3>\n<p>Qu\u1ea3 d\u00e2u t\u00e2y 500g, T\u00e1o t\u00e0u 500g, R\u01b0\u1ee3u ngon 1.500ml Qu\u1ea3 d\u00e2u t\u00e2y nh\u1eb7t h\u1ebft cu\u1ed1ng, d\u00f9ng v\u00f2i hoa sen r\u1eeda s\u1ea1ch, \u0111\u1ec3 r\u00e1o n\u01b0\u1edbc, cho v\u00e0o t\u00fai v\u1ea3i m\u1ecfng bu\u1ed9c ch\u1eb7t mi\u1ec7ng t\u00fai, cho v\u00e0o b\u00ecnh c\u00f9ng t\u00e1o T\u00e0u. R\u01b0\u1ee3u h\u00e2m n\u00f3ng \u0111\u1ed5 v\u00e0o b\u00ecnh \u0111\u00f3 r\u1ed3i bu\u1ed9c ch\u1eb7t mi\u1ec7ng l\u1ea1i. Sau 20 ng\u00e0y, l\u1ea5y t\u00fai d\u00e2u t\u00e2y v\u1eaft k\u1ef9, b\u1ecf b\u00e3. T\u00e1o T\u00e0u ng\u00e2m ti\u1ebfp trong r\u01b0\u1ee3u 60 ng\u00e0y th\u00ec v\u1edbt b\u1ecf t\u00e1o, u\u1ed1ng r\u01b0\u1ee3u. Ng\u01b0\u1eddi b\u1ec7nh ng\u00e0y u\u1ed1ng m\u1ed9t l\u1ea7n, m\u1ed7i l\u1ea7n 30ml tr\u01b0\u1edbc khi \u0103n t\u1ed1i. C\u1ea7n u\u1ed1ng trong nhi\u1ec1u ng\u00e0y.<\/p>\n","protected":false},"excerpt":{"rendered":"<ul>\n<li>\u1ee8c ch\u1ebf s\u1ef1 ph\u00e1t tri\u1ec3n c\u1ee7a c\u00e1c t\u1ebf b\u00e0o ung th\u01b0<\/li>\n<li>T\u0103ng c\u01b0\u1eddng tr\u00ed nh\u1edb<\/li>\n<li>C\u1ea3i thi\u1ec7n s\u1ee9c kh\u1ecfe tim m\u1ea1ch<\/li>\n<li>T\u1ed1t cho x\u01b0\u01a1ng<\/li>\n<li>T\u0103ng c\u01b0\u1eddng mi\u1ec5n d\u1ecbch<\/li>\n<\/ul>\n","protected":false},"featured_media":804,"comment_status":"open","ping_status":"closed","template":"","meta":[],"product_cat":[36],"product_tag":[],"class_list":["post-776","product","type-product","status-publish","has-post-thumbnail","hentry","product_cat-dau-tay"],"yoast_head":"<!-- This site is optimized with the Yoast SEO plugin v18.9 - https:\/\/yoast.com\/wordpress\/plugins\/seo\/ -->\n<title>D\u00e2u t\u00e2y chu\u1ea9n VietGAP h\u00e0ng xu\u1ea5t kh\u1ea9u - M\u1eabu web t\u1ea1p h\u00f3a<\/title>\n<meta name=\"robots\" content=\"index, follow, max-snippet:-1, max-image-preview:large, max-video-preview:-1\" \/>\n<link rel=\"canonical\" href=\"https:\/\/theme.tamnguyen.vn\/taphoa\/san-pham\/dau-tay-chuan-vietgap-hang-xuat-khau\/\" \/>\n<meta property=\"og:locale\" content=\"vi_VN\" \/>\n<meta property=\"og:type\" content=\"article\" \/>\n<meta property=\"og:title\" content=\"D\u00e2u t\u00e2y chu\u1ea9n VietGAP h\u00e0ng xu\u1ea5t kh\u1ea9u - M\u1eabu web t\u1ea1p h\u00f3a\" \/>\n<meta property=\"og:description\" content=\"\u1ee8c ch\u1ebf s\u1ef1 ph\u00e1t tri\u1ec3n c\u1ee7a c\u00e1c t\u1ebf b\u00e0o ung th\u01b0  T\u0103ng c\u01b0\u1eddng tr\u00ed nh\u1edb  C\u1ea3i thi\u1ec7n s\u1ee9c kh\u1ecfe tim m\u1ea1ch  T\u1ed1t cho x\u01b0\u01a1ng  T\u0103ng c\u01b0\u1eddng mi\u1ec5n d\u1ecbch\" \/>\n<meta property=\"og:url\" content=\"https:\/\/theme.tamnguyen.vn\/taphoa\/san-pham\/dau-tay-chuan-vietgap-hang-xuat-khau\/\" \/>\n<meta property=\"og:site_name\" content=\"M\u1eabu web t\u1ea1p h\u00f3a\" \/>\n<meta property=\"article:modified_time\" content=\"2022-05-22T15:48:18+00:00\" \/>\n<meta property=\"og:image\" content=\"https:\/\/theme.tamnguyen.vn\/taphoa\/wp-content\/uploads\/2020\/10\/dau-tay-2.jpg\" \/>\n\t<meta property=\"og:image:width\" content=\"500\" \/>\n\t<meta property=\"og:image:height\" content=\"500\" \/>\n\t<meta property=\"og:image:type\" content=\"image\/jpeg\" \/>\n<meta name=\"twitter:card\" content=\"summary_large_image\" \/>\n<meta name=\"twitter:label1\" content=\"\u01af\u1edbc t\u00ednh th\u1eddi gian \u0111\u1ecdc\" \/>\n\t<meta name=\"twitter:data1\" content=\"5 ph\u00fat\" \/>\n<script type=\"application\/ld+json\" class=\"yoast-schema-graph\">{\"@context\":\"https:\/\/schema.org\",\"@graph\":[{\"@type\":\"WebSite\",\"@id\":\"https:\/\/theme.tamnguyen.vn\/taphoa\/#website\",\"url\":\"https:\/\/theme.tamnguyen.vn\/taphoa\/\",\"name\":\"M\u1eabu web t\u1ea1p h\u00f3a\",\"description\":\"D\u1ecbch v\u1ee5 thi\u1ebft k\u1ebf website chuy\u00ean nghi\u1ec7p - uy t\u00edn\",\"potentialAction\":[{\"@type\":\"SearchAction\",\"target\":{\"@type\":\"EntryPoint\",\"urlTemplate\":\"https:\/\/theme.tamnguyen.vn\/taphoa\/?s={search_term_string}\"},\"query-input\":\"required name=search_term_string\"}],\"inLanguage\":\"vi\"},{\"@type\":\"ImageObject\",\"inLanguage\":\"vi\",\"@id\":\"https:\/\/theme.tamnguyen.vn\/taphoa\/san-pham\/dau-tay-chuan-vietgap-hang-xuat-khau\/#primaryimage\",\"url\":\"https:\/\/theme.tamnguyen.vn\/taphoa\/wp-content\/uploads\/2020\/10\/dau-tay-2.jpg\",\"contentUrl\":\"https:\/\/theme.tamnguyen.vn\/taphoa\/wp-content\/uploads\/2020\/10\/dau-tay-2.jpg\",\"width\":500,\"height\":500},{\"@type\":\"WebPage\",\"@id\":\"https:\/\/theme.tamnguyen.vn\/taphoa\/san-pham\/dau-tay-chuan-vietgap-hang-xuat-khau\/#webpage\",\"url\":\"https:\/\/theme.tamnguyen.vn\/taphoa\/san-pham\/dau-tay-chuan-vietgap-hang-xuat-khau\/\",\"name\":\"D\u00e2u t\u00e2y chu\u1ea9n VietGAP h\u00e0ng xu\u1ea5t kh\u1ea9u - M\u1eabu web t\u1ea1p h\u00f3a\",\"isPartOf\":{\"@id\":\"https:\/\/theme.tamnguyen.vn\/taphoa\/#website\"},\"primaryImageOfPage\":{\"@id\":\"https:\/\/theme.tamnguyen.vn\/taphoa\/san-pham\/dau-tay-chuan-vietgap-hang-xuat-khau\/#primaryimage\"},\"datePublished\":\"2020-10-01T09:18:45+00:00\",\"dateModified\":\"2022-05-22T15:48:18+00:00\",\"breadcrumb\":{\"@id\":\"https:\/\/theme.tamnguyen.vn\/taphoa\/san-pham\/dau-tay-chuan-vietgap-hang-xuat-khau\/#breadcrumb\"},\"inLanguage\":\"vi\",\"potentialAction\":[{\"@type\":\"ReadAction\",\"target\":[\"https:\/\/theme.tamnguyen.vn\/taphoa\/san-pham\/dau-tay-chuan-vietgap-hang-xuat-khau\/\"]}]},{\"@type\":\"BreadcrumbList\",\"@id\":\"https:\/\/theme.tamnguyen.vn\/taphoa\/san-pham\/dau-tay-chuan-vietgap-hang-xuat-khau\/#breadcrumb\",\"itemListElement\":[{\"@type\":\"ListItem\",\"position\":1,\"name\":\"Trang ch\u1ee7\",\"item\":\"https:\/\/theme.tamnguyen.vn\/taphoa\/\"},{\"@type\":\"ListItem\",\"position\":2,\"name\":\"Shop\",\"item\":\"https:\/\/theme.tamnguyen.vn\/taphoa\/shop\/\"},{\"@type\":\"ListItem\",\"position\":3,\"name\":\"H\u1ea3i s\u1ea3n v\u00f9ng mi\u1ec1n\",\"item\":\"https:\/\/theme.tamnguyen.vn\/taphoa\/danh-muc-san-pham\/hai-san-vung-mien\/\"},{\"@type\":\"ListItem\",\"position\":4,\"name\":\"D\u00e2u t\u00e2y chu\u1ea9n VietGAP h\u00e0ng xu\u1ea5t kh\u1ea9u\"}]}]}<\/script>\n<!-- \/ Yoast SEO plugin. -->","yoast_head_json":{"title":"D\u00e2u t\u00e2y chu\u1ea9n VietGAP h\u00e0ng xu\u1ea5t kh\u1ea9u - M\u1eabu web t\u1ea1p h\u00f3a","robots":{"index":"index","follow":"follow","max-snippet":"max-snippet:-1","max-image-preview":"max-image-preview:large","max-video-preview":"max-video-preview:-1"},"canonical":"https:\/\/theme.tamnguyen.vn\/taphoa\/san-pham\/dau-tay-chuan-vietgap-hang-xuat-khau\/","og_locale":"vi_VN","og_type":"article","og_title":"D\u00e2u t\u00e2y chu\u1ea9n VietGAP h\u00e0ng xu\u1ea5t kh\u1ea9u - M\u1eabu web t\u1ea1p h\u00f3a","og_description":"\u1ee8c ch\u1ebf s\u1ef1 ph\u00e1t tri\u1ec3n c\u1ee7a c\u00e1c t\u1ebf b\u00e0o ung th\u01b0  T\u0103ng c\u01b0\u1eddng tr\u00ed nh\u1edb  C\u1ea3i thi\u1ec7n s\u1ee9c kh\u1ecfe tim m\u1ea1ch  T\u1ed1t cho x\u01b0\u01a1ng  T\u0103ng c\u01b0\u1eddng mi\u1ec5n d\u1ecbch","og_url":"https:\/\/theme.tamnguyen.vn\/taphoa\/san-pham\/dau-tay-chuan-vietgap-hang-xuat-khau\/","og_site_name":"M\u1eabu web t\u1ea1p h\u00f3a","article_modified_time":"2022-05-22T15:48:18+00:00","og_image":[{"width":500,"height":500,"url":"https:\/\/theme.tamnguyen.vn\/taphoa\/wp-content\/uploads\/2020\/10\/dau-tay-2.jpg","type":"image\/jpeg"}],"twitter_card":"summary_large_image","twitter_misc":{"\u01af\u1edbc t\u00ednh th\u1eddi gian \u0111\u1ecdc":"5 ph\u00fat"},"schema":{"@context":"https:\/\/schema.org","@graph":[{"@type":"WebSite","@id":"https:\/\/theme.tamnguyen.vn\/taphoa\/#website","url":"https:\/\/theme.tamnguyen.vn\/taphoa\/","name":"M\u1eabu web t\u1ea1p h\u00f3a","description":"D\u1ecbch v\u1ee5 thi\u1ebft k\u1ebf website chuy\u00ean nghi\u1ec7p - uy t\u00edn","potentialAction":[{"@type":"SearchAction","target":{"@type":"EntryPoint","urlTemplate":"https:\/\/theme.tamnguyen.vn\/taphoa\/?s={search_term_string}"},"query-input":"required name=search_term_string"}],"inLanguage":"vi"},{"@type":"ImageObject","inLanguage":"vi","@id":"https:\/\/theme.tamnguyen.vn\/taphoa\/san-pham\/dau-tay-chuan-vietgap-hang-xuat-khau\/#primaryimage","url":"https:\/\/theme.tamnguyen.vn\/taphoa\/wp-content\/uploads\/2020\/10\/dau-tay-2.jpg","contentUrl":"https:\/\/theme.tamnguyen.vn\/taphoa\/wp-content\/uploads\/2020\/10\/dau-tay-2.jpg","width":500,"height":500},{"@type":"WebPage","@id":"https:\/\/theme.tamnguyen.vn\/taphoa\/san-pham\/dau-tay-chuan-vietgap-hang-xuat-khau\/#webpage","url":"https:\/\/theme.tamnguyen.vn\/taphoa\/san-pham\/dau-tay-chuan-vietgap-hang-xuat-khau\/","name":"D\u00e2u t\u00e2y chu\u1ea9n VietGAP h\u00e0ng xu\u1ea5t kh\u1ea9u - M\u1eabu web t\u1ea1p h\u00f3a","isPartOf":{"@id":"https:\/\/theme.tamnguyen.vn\/taphoa\/#website"},"primaryImageOfPage":{"@id":"https:\/\/theme.tamnguyen.vn\/taphoa\/san-pham\/dau-tay-chuan-vietgap-hang-xuat-khau\/#primaryimage"},"datePublished":"2020-10-01T09:18:45+00:00","dateModified":"2022-05-22T15:48:18+00:00","breadcrumb":{"@id":"https:\/\/theme.tamnguyen.vn\/taphoa\/san-pham\/dau-tay-chuan-vietgap-hang-xuat-khau\/#breadcrumb"},"inLanguage":"vi","potentialAction":[{"@type":"ReadAction","target":["https:\/\/theme.tamnguyen.vn\/taphoa\/san-pham\/dau-tay-chuan-vietgap-hang-xuat-khau\/"]}]},{"@type":"BreadcrumbList","@id":"https:\/\/theme.tamnguyen.vn\/taphoa\/san-pham\/dau-tay-chuan-vietgap-hang-xuat-khau\/#breadcrumb","itemListElement":[{"@type":"ListItem","position":1,"name":"Trang ch\u1ee7","item":"https:\/\/theme.tamnguyen.vn\/taphoa\/"},{"@type":"ListItem","position":2,"name":"Shop","item":"https:\/\/theme.tamnguyen.vn\/taphoa\/shop\/"},{"@type":"ListItem","position":3,"name":"H\u1ea3i s\u1ea3n v\u00f9ng mi\u1ec1n","item":"https:\/\/theme.tamnguyen.vn\/taphoa\/danh-muc-san-pham\/hai-san-vung-mien\/"},{"@type":"ListItem","position":4,"name":"D\u00e2u t\u00e2y chu\u1ea9n VietGAP h\u00e0ng xu\u1ea5t kh\u1ea9u"}]}]}},"_links":{"self":[{"href":"https:\/\/theme.tamnguyen.vn\/taphoa\/wp-json\/wp\/v2\/product\/776","targetHints":{"allow":["GET"]}}],"collection":[{"href":"https:\/\/theme.tamnguyen.vn\/taphoa\/wp-json\/wp\/v2\/product"}],"about":[{"href":"https:\/\/theme.tamnguyen.vn\/taphoa\/wp-json\/wp\/v2\/types\/product"}],"replies":[{"embeddable":true,"href":"https:\/\/theme.tamnguyen.vn\/taphoa\/wp-json\/wp\/v2\/comments?post=776"}],"wp:featuredmedia":[{"embeddable":true,"href":"https:\/\/theme.tamnguyen.vn\/taphoa\/wp-json\/wp\/v2\/media\/804"}],"wp:attachment":[{"href":"https:\/\/theme.tamnguyen.vn\/taphoa\/wp-json\/wp\/v2\/media?parent=776"}],"wp:term":[{"taxonomy":"product_cat","embeddable":true,"href":"https:\/\/theme.tamnguyen.vn\/taphoa\/wp-json\/wp\/v2\/product_cat?post=776"},{"taxonomy":"product_tag","embeddable":true,"href":"https:\/\/theme.tamnguyen.vn\/taphoa\/wp-json\/wp\/v2\/product_tag?post=776"}],"curies":[{"name":"wp","href":"https:\/\/api.w.org\/{rel}","templated":true}]}}