{"id":189,"date":"2020-09-23T12:37:18","date_gmt":"2020-09-23T05:37:18","guid":{"rendered":"http:\/\/nongsan.ninhbinhsite.com\/?post_type=product&#038;p=175"},"modified":"2022-05-22T22:48:34","modified_gmt":"2022-05-22T15:48:34","slug":"dua-kim-hoang-hau-loai-1","status":"publish","type":"product","link":"https:\/\/theme.tamnguyen.vn\/taphoa\/san-pham\/dua-kim-hoang-hau-loai-1\/","title":{"rendered":"D\u01b0a kim ho\u00e0ng h\u1eadu h\u00e0ng ch\u1ea5t l\u01b0\u1ee3ng 1"},"content":{"rendered":"<p>&#8211; D\u01b0a l\u00ea Kim Ho\u00e0ng H\u1eadu c\u00f3 ngu\u1ed3n g\u1ed1c gi\u1ed1ng t\u1eeb Th\u00e1i Lan, nh\u1edd ch\u1ea5t l\u01b0\u1ee3ng h\u01b0\u01a1ng v\u1ecb tuy\u1ec7t h\u1ea3o v\u00e0 n\u0103ng su\u1ea5t cao n\u00ean \u0111\u01b0\u1ee3c \u0111\u01b0a v\u1ec1 Vi\u1ec7t Nam nh\u00e2n gi\u1ed1ng v\u00e0 ph\u00e1t tri\u1ec3n<\/p>\n<p>&#8211; D\u01b0a l\u00ea Kim Ho\u00e0ng H\u1eadu \u0111\u01b0\u1ee3c tr\u1ed3ng \u1edf nh\u00e0 l\u01b0\u1edbi theo ti\u00eau chu\u1ea9n VietGAP t\u1ea1i khu C\u00f4ng ty TNHH ph\u00e1t tri\u1ec3n n\u00f4ng nghi\u1ec7p c\u00f4ng ngh\u1ec7 cao \u0110i\u1ec1n Tr\u1ea1ch, Th\u1ecd Xu\u00e2n Thanh H\u00f3a.- Gi\u1ed1ng d\u01b0a KIM HO\u00c0NG H\u1eacU r\u1ea5t kh\u00e1c bi\u1ec7t, ch\u00fang ra qu\u1ea3 r\u1ea5t \u0111\u1ec1u nhau tr\u00ean c\u00f9ng m\u1ed9t lu\u1ed1ng v\u00e0 \u0111\u1eb7c bi\u1ec7t qu\u1ea3 n\u00e0o b\u1ecb s\u00e2u b\u1ec7nh h\u1ecfng th\u00ec l\u1eadp t\u1ee9c n\u00e1ch l\u00e1 sau c\u00e2y v\u00e0 ra m\u1ed9t qu\u1ea3 kh\u00e1c thay th\u1ebf. N\u1ebfu \u0111\u00e3 \u0111\u01b0\u1ee3c qu\u1ea3 r\u1ed3i, c\u00e2y c\u0169ng kh\u00f4ng ra th\u00eam qu\u1ea3 kh\u00e1c n\u1eefa n\u00ean kh\u00f4ng ph\u1ea3i v\u1eb7t b\u1ecf.<\/p>\n<p>&#8211; D\u01b0a Kim Ho\u00e0ng H\u1eadu \u0111\u00e3\u00a0v\u1ec1 tr\u00ean k\u1ec7 c\u1ee7a S\u00f3i Bi\u1ec3n v\u00e0\u00a0c\u00f3 r\u1ea5t nhi\u1ec1u kh\u00e1ch h\u00e0ng \u0111\u1eb7t mua b\u1edfi s\u1ef1 th\u01a1m ng\u1ecdt c\u0169ng nh\u01b0 gi\u00e1 th\u00e0nh. Tr\u00e1i v\u1edbi c\u00e1i t\u00ean &#8220;qu\u00fd t\u1ed9c&#8221;, gi\u00e1 c\u1ea3 c\u1ee7a d\u01b0a Kim Ho\u00e0ng H\u1eadu l\u1ea1i v\u00f4 c\u00f9ng b\u00ecnh d\u00e2n.<\/p>\n<p>&#8211;\u00a0Qu\u1ea3 c\u00f3 h\u00ecnh tr\u00f2n h\u01a1i oval, v\u1ecf tr\u01a1n m\u00e0u s\u00e1ng v\u00e0ng, to \u0111\u1ed3ng \u0111\u1ec1u.\u00a0Th\u1ecbt qu\u1ea3 m\u00e0u v\u00e0ng cam, \u0103n gi\u00f2n, th\u01a1m ngon, ng\u1ecdt m\u00e1t, ch\u1ea5t l\u01b0\u1ee3ng cao n\u00ean d\u1ec5 b\u00e1n v\u00e0 b\u00e1n \u0111\u01b0\u1ee3c gi\u00e1 h\u01a1n c\u00e1c gi\u1ed1ng\u00a0d\u01b0a\u00a0l\u00ea\u00a0kh\u00e1c.<\/p>\n<p>&#8211; D\u01b0a l\u00ea Kim Ho\u00e0ng H\u1eadu t\u1ea1i S\u00f3i Bi\u1ec3n \u0111\u01b0\u1ee3c tr\u1ed3ng trong nh\u00e0 l\u01b0\u1edbi theo ti\u00eau chu\u1ea9n VIETGAP c\u1ee7a B\u1ed9 NN v\u00e0 PTNN:<\/p>\n<ul>\n<li>\u2705 Kh\u00f4ng d\u01b0 l\u01b0\u1ee3ng thu\u1ed1c tr\u1eeb s\u00e2u<\/li>\n<li>\u2705 Kh\u00f4ng k\u00edch th\u00edch t\u0103ng tr\u01b0\u1edfng<\/li>\n<li>\u2705\u00a0Kh\u00f4ng ch\u1ea5t b\u1ea3o qu\u1ea3n<\/li>\n<\/ul>\n<p>&nbsp;<\/p>\n","protected":false},"excerpt":{"rendered":"<ul>\n<li class=\"gmail_default\">T\u00ean s\u1ea3n ph\u1ea9m: D\u01b0a l\u00ea Kim Ho\u00e0ng H\u1eadu<\/li>\n<li class=\"gmail_default\">T\u00ean nh\u00e0 cung c\u1ea5p: VN Organic Farm<\/li>\n<li class=\"gmail_default\">Xu\u1ea5t x\u1ee9: Vi\u1ec7t Nam<\/li>\n<li class=\"gmail_default\">H\u00ecnh th\u1ee9c: Tr\u1ed3ng nh\u00e0 l\u01b0\u1edbi theo ti\u00eau chu\u1ea9n VietGAP<\/li>\n<li class=\"gmail_default\">Quy c\u00e1ch size: 1,5- 2,3 KG\/qu\u1ea3<\/li>\n<\/ul>\n","protected":false},"featured_media":805,"comment_status":"open","ping_status":"closed","template":"","meta":[],"product_cat":[32,35],"product_tag":[],"class_list":["post-189","product","type-product","status-publish","has-post-thumbnail","hentry","product_cat-can-tay-huu-co","product_cat-dua-kim-hoang-hau"],"yoast_head":"<!-- This site is optimized with the Yoast SEO plugin v18.9 - https:\/\/yoast.com\/wordpress\/plugins\/seo\/ -->\n<title>D\u01b0a kim ho\u00e0ng h\u1eadu h\u00e0ng ch\u1ea5t l\u01b0\u1ee3ng 1 - M\u1eabu web t\u1ea1p h\u00f3a<\/title>\n<meta name=\"robots\" content=\"index, follow, max-snippet:-1, max-image-preview:large, max-video-preview:-1\" \/>\n<link rel=\"canonical\" href=\"https:\/\/theme.tamnguyen.vn\/taphoa\/san-pham\/dua-kim-hoang-hau-loai-1\/\" \/>\n<meta property=\"og:locale\" content=\"vi_VN\" \/>\n<meta property=\"og:type\" content=\"article\" \/>\n<meta property=\"og:title\" content=\"D\u01b0a kim ho\u00e0ng h\u1eadu h\u00e0ng ch\u1ea5t l\u01b0\u1ee3ng 1 - M\u1eabu web t\u1ea1p h\u00f3a\" \/>\n<meta property=\"og:description\" content=\"T\u00ean s\u1ea3n ph\u1ea9m: D\u01b0a l\u00ea Kim Ho\u00e0ng H\u1eadu  T\u00ean nh\u00e0 cung c\u1ea5p: VN Organic Farm  Xu\u1ea5t x\u1ee9: Vi\u1ec7t Nam  H\u00ecnh th\u1ee9c: Tr\u1ed3ng nh\u00e0 l\u01b0\u1edbi theo ti\u00eau chu\u1ea9n VietGAP  Quy c\u00e1ch size: 1,5- 2,3 KG\/qu\u1ea3\" \/>\n<meta property=\"og:url\" content=\"https:\/\/theme.tamnguyen.vn\/taphoa\/san-pham\/dua-kim-hoang-hau-loai-1\/\" \/>\n<meta property=\"og:site_name\" content=\"M\u1eabu web t\u1ea1p h\u00f3a\" \/>\n<meta property=\"article:modified_time\" content=\"2022-05-22T15:48:34+00:00\" \/>\n<meta property=\"og:image\" content=\"https:\/\/theme.tamnguyen.vn\/taphoa\/wp-content\/uploads\/2020\/09\/dua-kim-hoang-hau-2.jpg\" \/>\n\t<meta property=\"og:image:width\" content=\"600\" \/>\n\t<meta property=\"og:image:height\" content=\"600\" \/>\n\t<meta property=\"og:image:type\" content=\"image\/jpeg\" \/>\n<meta name=\"twitter:card\" content=\"summary_large_image\" \/>\n<meta name=\"twitter:label1\" content=\"\u01af\u1edbc t\u00ednh th\u1eddi gian \u0111\u1ecdc\" \/>\n\t<meta name=\"twitter:data1\" content=\"2 ph\u00fat\" \/>\n<script type=\"application\/ld+json\" class=\"yoast-schema-graph\">{\"@context\":\"https:\/\/schema.org\",\"@graph\":[{\"@type\":\"WebSite\",\"@id\":\"https:\/\/theme.tamnguyen.vn\/taphoa\/#website\",\"url\":\"https:\/\/theme.tamnguyen.vn\/taphoa\/\",\"name\":\"M\u1eabu web t\u1ea1p h\u00f3a\",\"description\":\"D\u1ecbch v\u1ee5 thi\u1ebft k\u1ebf website chuy\u00ean nghi\u1ec7p - uy t\u00edn\",\"potentialAction\":[{\"@type\":\"SearchAction\",\"target\":{\"@type\":\"EntryPoint\",\"urlTemplate\":\"https:\/\/theme.tamnguyen.vn\/taphoa\/?s={search_term_string}\"},\"query-input\":\"required name=search_term_string\"}],\"inLanguage\":\"vi\"},{\"@type\":\"ImageObject\",\"inLanguage\":\"vi\",\"@id\":\"https:\/\/theme.tamnguyen.vn\/taphoa\/san-pham\/dua-kim-hoang-hau-loai-1\/#primaryimage\",\"url\":\"https:\/\/theme.tamnguyen.vn\/taphoa\/wp-content\/uploads\/2020\/09\/dua-kim-hoang-hau-2.jpg\",\"contentUrl\":\"https:\/\/theme.tamnguyen.vn\/taphoa\/wp-content\/uploads\/2020\/09\/dua-kim-hoang-hau-2.jpg\",\"width\":600,\"height\":600},{\"@type\":\"WebPage\",\"@id\":\"https:\/\/theme.tamnguyen.vn\/taphoa\/san-pham\/dua-kim-hoang-hau-loai-1\/#webpage\",\"url\":\"https:\/\/theme.tamnguyen.vn\/taphoa\/san-pham\/dua-kim-hoang-hau-loai-1\/\",\"name\":\"D\u01b0a kim ho\u00e0ng h\u1eadu h\u00e0ng ch\u1ea5t l\u01b0\u1ee3ng 1 - M\u1eabu web t\u1ea1p h\u00f3a\",\"isPartOf\":{\"@id\":\"https:\/\/theme.tamnguyen.vn\/taphoa\/#website\"},\"primaryImageOfPage\":{\"@id\":\"https:\/\/theme.tamnguyen.vn\/taphoa\/san-pham\/dua-kim-hoang-hau-loai-1\/#primaryimage\"},\"datePublished\":\"2020-09-23T05:37:18+00:00\",\"dateModified\":\"2022-05-22T15:48:34+00:00\",\"breadcrumb\":{\"@id\":\"https:\/\/theme.tamnguyen.vn\/taphoa\/san-pham\/dua-kim-hoang-hau-loai-1\/#breadcrumb\"},\"inLanguage\":\"vi\",\"potentialAction\":[{\"@type\":\"ReadAction\",\"target\":[\"https:\/\/theme.tamnguyen.vn\/taphoa\/san-pham\/dua-kim-hoang-hau-loai-1\/\"]}]},{\"@type\":\"BreadcrumbList\",\"@id\":\"https:\/\/theme.tamnguyen.vn\/taphoa\/san-pham\/dua-kim-hoang-hau-loai-1\/#breadcrumb\",\"itemListElement\":[{\"@type\":\"ListItem\",\"position\":1,\"name\":\"Trang ch\u1ee7\",\"item\":\"https:\/\/theme.tamnguyen.vn\/taphoa\/\"},{\"@type\":\"ListItem\",\"position\":2,\"name\":\"Shop\",\"item\":\"https:\/\/theme.tamnguyen.vn\/taphoa\/shop\/\"},{\"@type\":\"ListItem\",\"position\":3,\"name\":\"Rau c\u1ee7 h\u1eefu c\u01a1\",\"item\":\"https:\/\/theme.tamnguyen.vn\/taphoa\/danh-muc-san-pham\/rau-cu-huu-co\/\"},{\"@type\":\"ListItem\",\"position\":4,\"name\":\"D\u01b0a kim ho\u00e0ng h\u1eadu h\u00e0ng ch\u1ea5t l\u01b0\u1ee3ng 1\"}]}]}<\/script>\n<!-- \/ Yoast SEO plugin. -->","yoast_head_json":{"title":"D\u01b0a kim ho\u00e0ng h\u1eadu h\u00e0ng ch\u1ea5t l\u01b0\u1ee3ng 1 - M\u1eabu web t\u1ea1p h\u00f3a","robots":{"index":"index","follow":"follow","max-snippet":"max-snippet:-1","max-image-preview":"max-image-preview:large","max-video-preview":"max-video-preview:-1"},"canonical":"https:\/\/theme.tamnguyen.vn\/taphoa\/san-pham\/dua-kim-hoang-hau-loai-1\/","og_locale":"vi_VN","og_type":"article","og_title":"D\u01b0a kim ho\u00e0ng h\u1eadu h\u00e0ng ch\u1ea5t l\u01b0\u1ee3ng 1 - M\u1eabu web t\u1ea1p h\u00f3a","og_description":"T\u00ean s\u1ea3n ph\u1ea9m: D\u01b0a l\u00ea Kim Ho\u00e0ng H\u1eadu  T\u00ean nh\u00e0 cung c\u1ea5p: VN Organic Farm  Xu\u1ea5t x\u1ee9: Vi\u1ec7t Nam  H\u00ecnh th\u1ee9c: Tr\u1ed3ng nh\u00e0 l\u01b0\u1edbi theo ti\u00eau chu\u1ea9n VietGAP  Quy c\u00e1ch size: 1,5- 2,3 KG\/qu\u1ea3","og_url":"https:\/\/theme.tamnguyen.vn\/taphoa\/san-pham\/dua-kim-hoang-hau-loai-1\/","og_site_name":"M\u1eabu web t\u1ea1p h\u00f3a","article_modified_time":"2022-05-22T15:48:34+00:00","og_image":[{"width":600,"height":600,"url":"https:\/\/theme.tamnguyen.vn\/taphoa\/wp-content\/uploads\/2020\/09\/dua-kim-hoang-hau-2.jpg","type":"image\/jpeg"}],"twitter_card":"summary_large_image","twitter_misc":{"\u01af\u1edbc t\u00ednh th\u1eddi gian \u0111\u1ecdc":"2 ph\u00fat"},"schema":{"@context":"https:\/\/schema.org","@graph":[{"@type":"WebSite","@id":"https:\/\/theme.tamnguyen.vn\/taphoa\/#website","url":"https:\/\/theme.tamnguyen.vn\/taphoa\/","name":"M\u1eabu web t\u1ea1p h\u00f3a","description":"D\u1ecbch v\u1ee5 thi\u1ebft k\u1ebf website chuy\u00ean nghi\u1ec7p - uy t\u00edn","potentialAction":[{"@type":"SearchAction","target":{"@type":"EntryPoint","urlTemplate":"https:\/\/theme.tamnguyen.vn\/taphoa\/?s={search_term_string}"},"query-input":"required name=search_term_string"}],"inLanguage":"vi"},{"@type":"ImageObject","inLanguage":"vi","@id":"https:\/\/theme.tamnguyen.vn\/taphoa\/san-pham\/dua-kim-hoang-hau-loai-1\/#primaryimage","url":"https:\/\/theme.tamnguyen.vn\/taphoa\/wp-content\/uploads\/2020\/09\/dua-kim-hoang-hau-2.jpg","contentUrl":"https:\/\/theme.tamnguyen.vn\/taphoa\/wp-content\/uploads\/2020\/09\/dua-kim-hoang-hau-2.jpg","width":600,"height":600},{"@type":"WebPage","@id":"https:\/\/theme.tamnguyen.vn\/taphoa\/san-pham\/dua-kim-hoang-hau-loai-1\/#webpage","url":"https:\/\/theme.tamnguyen.vn\/taphoa\/san-pham\/dua-kim-hoang-hau-loai-1\/","name":"D\u01b0a kim ho\u00e0ng h\u1eadu h\u00e0ng ch\u1ea5t l\u01b0\u1ee3ng 1 - M\u1eabu web t\u1ea1p h\u00f3a","isPartOf":{"@id":"https:\/\/theme.tamnguyen.vn\/taphoa\/#website"},"primaryImageOfPage":{"@id":"https:\/\/theme.tamnguyen.vn\/taphoa\/san-pham\/dua-kim-hoang-hau-loai-1\/#primaryimage"},"datePublished":"2020-09-23T05:37:18+00:00","dateModified":"2022-05-22T15:48:34+00:00","breadcrumb":{"@id":"https:\/\/theme.tamnguyen.vn\/taphoa\/san-pham\/dua-kim-hoang-hau-loai-1\/#breadcrumb"},"inLanguage":"vi","potentialAction":[{"@type":"ReadAction","target":["https:\/\/theme.tamnguyen.vn\/taphoa\/san-pham\/dua-kim-hoang-hau-loai-1\/"]}]},{"@type":"BreadcrumbList","@id":"https:\/\/theme.tamnguyen.vn\/taphoa\/san-pham\/dua-kim-hoang-hau-loai-1\/#breadcrumb","itemListElement":[{"@type":"ListItem","position":1,"name":"Trang ch\u1ee7","item":"https:\/\/theme.tamnguyen.vn\/taphoa\/"},{"@type":"ListItem","position":2,"name":"Shop","item":"https:\/\/theme.tamnguyen.vn\/taphoa\/shop\/"},{"@type":"ListItem","position":3,"name":"Rau c\u1ee7 h\u1eefu c\u01a1","item":"https:\/\/theme.tamnguyen.vn\/taphoa\/danh-muc-san-pham\/rau-cu-huu-co\/"},{"@type":"ListItem","position":4,"name":"D\u01b0a kim ho\u00e0ng h\u1eadu h\u00e0ng ch\u1ea5t l\u01b0\u1ee3ng 1"}]}]}},"_links":{"self":[{"href":"https:\/\/theme.tamnguyen.vn\/taphoa\/wp-json\/wp\/v2\/product\/189","targetHints":{"allow":["GET"]}}],"collection":[{"href":"https:\/\/theme.tamnguyen.vn\/taphoa\/wp-json\/wp\/v2\/product"}],"about":[{"href":"https:\/\/theme.tamnguyen.vn\/taphoa\/wp-json\/wp\/v2\/types\/product"}],"replies":[{"embeddable":true,"href":"https:\/\/theme.tamnguyen.vn\/taphoa\/wp-json\/wp\/v2\/comments?post=189"}],"wp:featuredmedia":[{"embeddable":true,"href":"https:\/\/theme.tamnguyen.vn\/taphoa\/wp-json\/wp\/v2\/media\/805"}],"wp:attachment":[{"href":"https:\/\/theme.tamnguyen.vn\/taphoa\/wp-json\/wp\/v2\/media?parent=189"}],"wp:term":[{"taxonomy":"product_cat","embeddable":true,"href":"https:\/\/theme.tamnguyen.vn\/taphoa\/wp-json\/wp\/v2\/product_cat?post=189"},{"taxonomy":"product_tag","embeddable":true,"href":"https:\/\/theme.tamnguyen.vn\/taphoa\/wp-json\/wp\/v2\/product_tag?post=189"}],"curies":[{"name":"wp","href":"https:\/\/api.w.org\/{rel}","templated":true}]}}