{"id":188,"date":"2020-09-23T12:36:29","date_gmt":"2020-09-23T05:36:29","guid":{"rendered":"http:\/\/nongsan.ninhbinhsite.com\/?post_type=product&#038;p=174"},"modified":"2022-05-22T22:48:53","modified_gmt":"2022-05-22T15:48:53","slug":"ca-chua-vn-organic-farm-loai-1","status":"publish","type":"product","link":"https:\/\/theme.tamnguyen.vn\/taphoa\/san-pham\/ca-chua-vn-organic-farm-loai-1\/","title":{"rendered":"C\u00e0 chua VN Organic Farm l\u1ecdai 1"},"content":{"rendered":"<p dir=\"ltr\">C\u00e0 chua h\u1eefu c\u01a1 \u0111\u01b0\u1ee3c cung c\u1ea5p b\u1edfi \u0111\u01b0\u1ee3c tr\u1ed3ng v\u00e0 ch\u0103m s\u00f3c theo<strong>\u00a0ph\u01b0\u01a1ng ph\u00e1p h\u1eefu c\u01a1<\/strong>.\u00a0 S\u1ea3n ph\u1ea9m kh\u00f4ng s\u1eed d\u1ee5ng thu\u1ed1c k\u00edch th\u00edch t\u0103ng tr\u01b0\u1edfng, thu\u1ed1c b\u1ea3o v\u1ec7 th\u1ef1c v\u1eadt \u0111\u1ed9c h\u1ea1i, \u0111\u1ea3m b\u1ea3o an to\u00e0n cho s\u1ee9c kh\u1ecfe ng\u01b0\u1eddi ti\u00eau d\u00f9ng.<\/p>\n<p dir=\"ltr\"><img decoding=\"async\" class=\"aligncenter\" src=\"https:\/\/lh6.googleusercontent.com\/aBOrnHD7byQH04EacJO47hWCCnUgwNmuZIIQbAlxYpoJ8uKJw9731L0PQNg8XgJyXcTU22hcVKhW4N3FD6zPR3WuggiHjPoZeLN9FKoHH0wHv4YzrdstXwtIlmi1U38TFg\" \/><\/p>\n<p dir=\"ltr\"><strong>GI\u00c1 TR\u1eca DINH D\u01af\u1ee0NG<\/strong><\/p>\n<p dir=\"ltr\">Qu\u1ea3 C\u00e0 chua c\u00f3 v\u1ecb chua ng\u1ecdt, t\u00ednh m\u00e1t, c\u00f3 t\u00e1c d\u1ee5ng t\u1ea1o n\u0103ng l\u01b0\u1ee3ng, ti\u1ebfp ch\u1ea5t kho\u00e1ng, t\u0103ng s\u1ee9c s\u1ed1ng l\u00e0m c\u00e2n b\u1eb1ng t\u1ebf b\u00e0o, khai v\u1ecb, gi\u1ea3i nhi\u1ec7t, ch\u1ed1ng ho\u1ea1i huy\u1ebft, kh\u00e1ng khu\u1ea9n, ch\u1ed1ng \u0111\u1ed9c, ki\u1ec1m ho\u00e1 m\u00e1u c\u00f3 d\u01b0 acid, l\u1ee3i ti\u1ec3u, ho\u00e0 tan ur\u00ea, th\u1ea3i ur\u00ea, gi\u00fap ti\u00eau ho\u00e1 d\u1ec5 c\u00e1c lo\u1ea1i b\u1ed9t v\u00e0 tinh b\u1ed9t. N\u01b0\u1edbc s\u1eafc l\u00e1 c\u00f3 t\u00ednh ch\u1ea5t gi\u1ea3m huy\u1ebft \u00e1p; l\u00e1 c\u0169ng c\u00f3 t\u00ednh ch\u1ea5t gi\u1ea3i \u0111\u1ed9c s\u01b0ng t\u1ea5y.<\/p>\n<p dir=\"ltr\"><strong>G\u1ee2I \u00dd M\u00d3N \u0102N<\/strong><\/p>\n<p dir=\"ltr\">C\u00e0 chua l\u00e0 m\u00f3n \u0103n kh\u00f4ng th\u1ec3 thi\u1ebfu trong m\u1ed7i m\u00f3n \u0103n ng\u01b0\u1eddi Vi\u1ec7t Nam, n\u00f3 c\u00f3 th\u1ec3 ch\u1ebf bi\u1ebfn c\u00e1c m\u00f3n salad ho\u1eb7c nh\u01b0 m\u1ed9t gia v\u1ecb kh\u00f4ng th\u1ec3 thi\u1ebfu trong c\u00e1c m\u00f3n canh chua, h\u1ea7m, x\u00e0o,&#8230;.<\/p>\n<ol>\n<li dir=\"ltr\">\n<p dir=\"ltr\">N\u01b0\u1edbc \u00e9p c\u00e0 chua<\/p>\n<\/li>\n<\/ol>\n<p dir=\"ltr\"><img decoding=\"async\" src=\"https:\/\/lh3.googleusercontent.com\/5AL9u7eP6dgRjvCsbgypgNUPDnX9DS4LDX11VEU_-_sK0DTEDsD5FEX6OZm70tcknCxWrBXTnAaFrTBo5Qin0U4UwIc7hKJ_SmGsvfNG2sjJhkkWUIAMYBcOdmLozP9YTA\" \/><\/p>\n<ol start=\"2\">\n<li dir=\"ltr\">\n<p dir=\"ltr\">C\u00e1 \u0111\u1ed1i x\u1ed1t c\u00e0 chua<\/p>\n<\/li>\n<\/ol>\n<p dir=\"ltr\"><img decoding=\"async\" src=\"https:\/\/lh4.googleusercontent.com\/x38hkUylL1XmdzZtIui5cJNNJviQae0fyFBiO4r9Ysd8eaFbXddG0ulEuV5JsJYG0swmFUbkTSkx1Kfc9fdA_2rcfCa3Evi4G3qDL792OfmUdVHi3prnUddZ9pR4ATlw8Q\" \/><\/p>\n","protected":false},"excerpt":{"rendered":"<ul>\n<li>Qu\u1ea3 tr\u00f2n \u0111\u1eb9p, m\u00e0u s\u1eafc t\u01b0\u01a1i s\u00e1ng<\/li>\n<li>Tr\u1ecdng l\u01b0\u1ee3ng trung b\u00ecnh 150gr<\/li>\n<li>Kh\u00e1ng tuy\u1ebfn tr\u00f9ng, \u0111\u1ed1m l\u00e1, m\u1ed1c x\u00e1m, h\u00e9o xanh do Verticillium, h\u00e9o xanh do Fusarium, virus kh\u1ea3m thu\u1ed1c l\u00e1.<\/li>\n<\/ul>\n","protected":false},"featured_media":806,"comment_status":"open","ping_status":"closed","template":"","meta":[],"product_cat":[34],"product_tag":[],"class_list":["post-188","product","type-product","status-publish","has-post-thumbnail","hentry","product_cat-ca-chua-trai-xay"],"yoast_head":"<!-- This site is optimized with the Yoast SEO plugin v18.9 - https:\/\/yoast.com\/wordpress\/plugins\/seo\/ -->\n<title>C\u00e0 chua VN Organic Farm l\u1ecdai 1 - M\u1eabu web t\u1ea1p h\u00f3a<\/title>\n<meta name=\"robots\" content=\"index, follow, max-snippet:-1, max-image-preview:large, max-video-preview:-1\" \/>\n<link rel=\"canonical\" href=\"https:\/\/theme.tamnguyen.vn\/taphoa\/san-pham\/ca-chua-vn-organic-farm-loai-1\/\" \/>\n<meta property=\"og:locale\" content=\"vi_VN\" \/>\n<meta property=\"og:type\" content=\"article\" \/>\n<meta property=\"og:title\" content=\"C\u00e0 chua VN Organic Farm l\u1ecdai 1 - M\u1eabu web t\u1ea1p h\u00f3a\" \/>\n<meta property=\"og:description\" content=\"Qu\u1ea3 tr\u00f2n \u0111\u1eb9p, m\u00e0u s\u1eafc t\u01b0\u01a1i s\u00e1ng  Tr\u1ecdng l\u01b0\u1ee3ng trung b\u00ecnh 150gr  Kh\u00e1ng tuy\u1ebfn tr\u00f9ng, \u0111\u1ed1m l\u00e1, m\u1ed1c x\u00e1m, h\u00e9o xanh do Verticillium, h\u00e9o xanh do Fusarium, virus kh\u1ea3m thu\u1ed1c l\u00e1.\" \/>\n<meta property=\"og:url\" content=\"https:\/\/theme.tamnguyen.vn\/taphoa\/san-pham\/ca-chua-vn-organic-farm-loai-1\/\" \/>\n<meta property=\"og:site_name\" content=\"M\u1eabu web t\u1ea1p h\u00f3a\" \/>\n<meta property=\"article:modified_time\" content=\"2022-05-22T15:48:53+00:00\" \/>\n<meta property=\"og:image\" content=\"https:\/\/theme.tamnguyen.vn\/taphoa\/wp-content\/uploads\/2020\/09\/ca-chua.jpg\" \/>\n\t<meta property=\"og:image:width\" content=\"600\" \/>\n\t<meta property=\"og:image:height\" content=\"600\" \/>\n\t<meta property=\"og:image:type\" content=\"image\/jpeg\" \/>\n<meta name=\"twitter:card\" content=\"summary_large_image\" \/>\n<meta name=\"twitter:label1\" content=\"\u01af\u1edbc t\u00ednh th\u1eddi gian \u0111\u1ecdc\" \/>\n\t<meta name=\"twitter:data1\" content=\"1 ph\u00fat\" \/>\n<script type=\"application\/ld+json\" class=\"yoast-schema-graph\">{\"@context\":\"https:\/\/schema.org\",\"@graph\":[{\"@type\":\"WebSite\",\"@id\":\"https:\/\/theme.tamnguyen.vn\/taphoa\/#website\",\"url\":\"https:\/\/theme.tamnguyen.vn\/taphoa\/\",\"name\":\"M\u1eabu web t\u1ea1p h\u00f3a\",\"description\":\"D\u1ecbch v\u1ee5 thi\u1ebft k\u1ebf website chuy\u00ean nghi\u1ec7p - uy t\u00edn\",\"potentialAction\":[{\"@type\":\"SearchAction\",\"target\":{\"@type\":\"EntryPoint\",\"urlTemplate\":\"https:\/\/theme.tamnguyen.vn\/taphoa\/?s={search_term_string}\"},\"query-input\":\"required name=search_term_string\"}],\"inLanguage\":\"vi\"},{\"@type\":\"ImageObject\",\"inLanguage\":\"vi\",\"@id\":\"https:\/\/theme.tamnguyen.vn\/taphoa\/san-pham\/ca-chua-vn-organic-farm-loai-1\/#primaryimage\",\"url\":\"https:\/\/theme.tamnguyen.vn\/taphoa\/wp-content\/uploads\/2020\/09\/ca-chua.jpg\",\"contentUrl\":\"https:\/\/theme.tamnguyen.vn\/taphoa\/wp-content\/uploads\/2020\/09\/ca-chua.jpg\",\"width\":600,\"height\":600},{\"@type\":\"WebPage\",\"@id\":\"https:\/\/theme.tamnguyen.vn\/taphoa\/san-pham\/ca-chua-vn-organic-farm-loai-1\/#webpage\",\"url\":\"https:\/\/theme.tamnguyen.vn\/taphoa\/san-pham\/ca-chua-vn-organic-farm-loai-1\/\",\"name\":\"C\u00e0 chua VN Organic Farm l\u1ecdai 1 - M\u1eabu web t\u1ea1p h\u00f3a\",\"isPartOf\":{\"@id\":\"https:\/\/theme.tamnguyen.vn\/taphoa\/#website\"},\"primaryImageOfPage\":{\"@id\":\"https:\/\/theme.tamnguyen.vn\/taphoa\/san-pham\/ca-chua-vn-organic-farm-loai-1\/#primaryimage\"},\"datePublished\":\"2020-09-23T05:36:29+00:00\",\"dateModified\":\"2022-05-22T15:48:53+00:00\",\"breadcrumb\":{\"@id\":\"https:\/\/theme.tamnguyen.vn\/taphoa\/san-pham\/ca-chua-vn-organic-farm-loai-1\/#breadcrumb\"},\"inLanguage\":\"vi\",\"potentialAction\":[{\"@type\":\"ReadAction\",\"target\":[\"https:\/\/theme.tamnguyen.vn\/taphoa\/san-pham\/ca-chua-vn-organic-farm-loai-1\/\"]}]},{\"@type\":\"BreadcrumbList\",\"@id\":\"https:\/\/theme.tamnguyen.vn\/taphoa\/san-pham\/ca-chua-vn-organic-farm-loai-1\/#breadcrumb\",\"itemListElement\":[{\"@type\":\"ListItem\",\"position\":1,\"name\":\"Trang ch\u1ee7\",\"item\":\"https:\/\/theme.tamnguyen.vn\/taphoa\/\"},{\"@type\":\"ListItem\",\"position\":2,\"name\":\"Shop\",\"item\":\"https:\/\/theme.tamnguyen.vn\/taphoa\/shop\/\"},{\"@type\":\"ListItem\",\"position\":3,\"name\":\"Blog s\u1ed1ng xanh\",\"item\":\"https:\/\/theme.tamnguyen.vn\/taphoa\/blog-song-xanh\/\"},{\"@type\":\"ListItem\",\"position\":4,\"name\":\"Cho ng\u01b0\u1eddi d\u1eady th\u00ec\",\"item\":\"https:\/\/theme.tamnguyen.vn\/taphoa\/blog-song-xanh\/cho-nguoi-day-thi\/\"},{\"@type\":\"ListItem\",\"position\":5,\"name\":\"C\u00e0 chua VN Organic Farm l\u1ecdai 1\"}]}]}<\/script>\n<!-- \/ Yoast SEO plugin. -->","yoast_head_json":{"title":"C\u00e0 chua VN Organic Farm l\u1ecdai 1 - M\u1eabu web t\u1ea1p h\u00f3a","robots":{"index":"index","follow":"follow","max-snippet":"max-snippet:-1","max-image-preview":"max-image-preview:large","max-video-preview":"max-video-preview:-1"},"canonical":"https:\/\/theme.tamnguyen.vn\/taphoa\/san-pham\/ca-chua-vn-organic-farm-loai-1\/","og_locale":"vi_VN","og_type":"article","og_title":"C\u00e0 chua VN Organic Farm l\u1ecdai 1 - M\u1eabu web t\u1ea1p h\u00f3a","og_description":"Qu\u1ea3 tr\u00f2n \u0111\u1eb9p, m\u00e0u s\u1eafc t\u01b0\u01a1i s\u00e1ng  Tr\u1ecdng l\u01b0\u1ee3ng trung b\u00ecnh 150gr  Kh\u00e1ng tuy\u1ebfn tr\u00f9ng, \u0111\u1ed1m l\u00e1, m\u1ed1c x\u00e1m, h\u00e9o xanh do Verticillium, h\u00e9o xanh do Fusarium, virus kh\u1ea3m thu\u1ed1c l\u00e1.","og_url":"https:\/\/theme.tamnguyen.vn\/taphoa\/san-pham\/ca-chua-vn-organic-farm-loai-1\/","og_site_name":"M\u1eabu web t\u1ea1p h\u00f3a","article_modified_time":"2022-05-22T15:48:53+00:00","og_image":[{"width":600,"height":600,"url":"https:\/\/theme.tamnguyen.vn\/taphoa\/wp-content\/uploads\/2020\/09\/ca-chua.jpg","type":"image\/jpeg"}],"twitter_card":"summary_large_image","twitter_misc":{"\u01af\u1edbc t\u00ednh th\u1eddi gian \u0111\u1ecdc":"1 ph\u00fat"},"schema":{"@context":"https:\/\/schema.org","@graph":[{"@type":"WebSite","@id":"https:\/\/theme.tamnguyen.vn\/taphoa\/#website","url":"https:\/\/theme.tamnguyen.vn\/taphoa\/","name":"M\u1eabu web t\u1ea1p h\u00f3a","description":"D\u1ecbch v\u1ee5 thi\u1ebft k\u1ebf website chuy\u00ean nghi\u1ec7p - uy t\u00edn","potentialAction":[{"@type":"SearchAction","target":{"@type":"EntryPoint","urlTemplate":"https:\/\/theme.tamnguyen.vn\/taphoa\/?s={search_term_string}"},"query-input":"required name=search_term_string"}],"inLanguage":"vi"},{"@type":"ImageObject","inLanguage":"vi","@id":"https:\/\/theme.tamnguyen.vn\/taphoa\/san-pham\/ca-chua-vn-organic-farm-loai-1\/#primaryimage","url":"https:\/\/theme.tamnguyen.vn\/taphoa\/wp-content\/uploads\/2020\/09\/ca-chua.jpg","contentUrl":"https:\/\/theme.tamnguyen.vn\/taphoa\/wp-content\/uploads\/2020\/09\/ca-chua.jpg","width":600,"height":600},{"@type":"WebPage","@id":"https:\/\/theme.tamnguyen.vn\/taphoa\/san-pham\/ca-chua-vn-organic-farm-loai-1\/#webpage","url":"https:\/\/theme.tamnguyen.vn\/taphoa\/san-pham\/ca-chua-vn-organic-farm-loai-1\/","name":"C\u00e0 chua VN Organic Farm l\u1ecdai 1 - M\u1eabu web t\u1ea1p h\u00f3a","isPartOf":{"@id":"https:\/\/theme.tamnguyen.vn\/taphoa\/#website"},"primaryImageOfPage":{"@id":"https:\/\/theme.tamnguyen.vn\/taphoa\/san-pham\/ca-chua-vn-organic-farm-loai-1\/#primaryimage"},"datePublished":"2020-09-23T05:36:29+00:00","dateModified":"2022-05-22T15:48:53+00:00","breadcrumb":{"@id":"https:\/\/theme.tamnguyen.vn\/taphoa\/san-pham\/ca-chua-vn-organic-farm-loai-1\/#breadcrumb"},"inLanguage":"vi","potentialAction":[{"@type":"ReadAction","target":["https:\/\/theme.tamnguyen.vn\/taphoa\/san-pham\/ca-chua-vn-organic-farm-loai-1\/"]}]},{"@type":"BreadcrumbList","@id":"https:\/\/theme.tamnguyen.vn\/taphoa\/san-pham\/ca-chua-vn-organic-farm-loai-1\/#breadcrumb","itemListElement":[{"@type":"ListItem","position":1,"name":"Trang ch\u1ee7","item":"https:\/\/theme.tamnguyen.vn\/taphoa\/"},{"@type":"ListItem","position":2,"name":"Shop","item":"https:\/\/theme.tamnguyen.vn\/taphoa\/shop\/"},{"@type":"ListItem","position":3,"name":"Blog s\u1ed1ng xanh","item":"https:\/\/theme.tamnguyen.vn\/taphoa\/blog-song-xanh\/"},{"@type":"ListItem","position":4,"name":"Cho ng\u01b0\u1eddi d\u1eady th\u00ec","item":"https:\/\/theme.tamnguyen.vn\/taphoa\/blog-song-xanh\/cho-nguoi-day-thi\/"},{"@type":"ListItem","position":5,"name":"C\u00e0 chua VN Organic Farm l\u1ecdai 1"}]}]}},"_links":{"self":[{"href":"https:\/\/theme.tamnguyen.vn\/taphoa\/wp-json\/wp\/v2\/product\/188","targetHints":{"allow":["GET"]}}],"collection":[{"href":"https:\/\/theme.tamnguyen.vn\/taphoa\/wp-json\/wp\/v2\/product"}],"about":[{"href":"https:\/\/theme.tamnguyen.vn\/taphoa\/wp-json\/wp\/v2\/types\/product"}],"replies":[{"embeddable":true,"href":"https:\/\/theme.tamnguyen.vn\/taphoa\/wp-json\/wp\/v2\/comments?post=188"}],"wp:featuredmedia":[{"embeddable":true,"href":"https:\/\/theme.tamnguyen.vn\/taphoa\/wp-json\/wp\/v2\/media\/806"}],"wp:attachment":[{"href":"https:\/\/theme.tamnguyen.vn\/taphoa\/wp-json\/wp\/v2\/media?parent=188"}],"wp:term":[{"taxonomy":"product_cat","embeddable":true,"href":"https:\/\/theme.tamnguyen.vn\/taphoa\/wp-json\/wp\/v2\/product_cat?post=188"},{"taxonomy":"product_tag","embeddable":true,"href":"https:\/\/theme.tamnguyen.vn\/taphoa\/wp-json\/wp\/v2\/product_tag?post=188"}],"curies":[{"name":"wp","href":"https:\/\/api.w.org\/{rel}","templated":true}]}}