{"id":187,"date":"2020-09-23T12:35:42","date_gmt":"2020-09-23T05:35:42","guid":{"rendered":"http:\/\/nongsan.ninhbinhsite.com\/?post_type=product&#038;p=172"},"modified":"2022-05-22T22:49:09","modified_gmt":"2022-05-22T15:49:09","slug":"cam-sanh-loai-1-vn-xuat-khau","status":"publish","type":"product","link":"https:\/\/theme.tamnguyen.vn\/taphoa\/san-pham\/cam-sanh-loai-1-vn-xuat-khau\/","title":{"rendered":"Cam s\u00e0nh lo\u1ea1i 1 h\u00e0ng xu\u1ea5t kh\u1ea9u"},"content":{"rendered":"<p><strong>I .Th\u00f4ng tin s\u1ea3n ph\u1ea9m<\/strong><\/p>\n<p>Hi\u1ec7n nay c\u00f3 r\u1ea5t nhi\u1ec1u n\u01a1i tr\u1ed3ng cam xo\u00e0n nh\u01b0 Ti\u1ec1n Giang, C\u1ea7n Th\u01a1,\u2026nh\u01b0ng kh\u00f4ng c\u00f3 tr\u00e1i cam Xo\u00e0n tr\u1ed3ng \u1edf \u0111\u00e2u ngon b\u1eb1ng cam xo\u00e0n Lai Vung t\u1ec9nh \u0110\u1ed3ng Th\u00e1p, \u0111\u00e2y l\u00e0 th\u1ee9 qu\u00e0 n\u1ed5i ti\u1ebfng c\u1ee7a v\u00f9ng \u0111\u1ea5t th\u00e2n th\u01b0\u01a1ng t\u00ecnh ng\u01b0\u1eddi n\u00e0y.<\/p>\n<p>B\u1ea3o qu\u1ea3n: \u0110\u1ec3 gi\u1eef cam xoan c\u00f2n nguy\u00ean l\u01b0\u1ee3ng vitamin C ta n\u00ean r\u1eeda s\u1ea1ch, \u0111\u1ec3 r\u00e1o n\u01b0\u1edbc r\u1ed3i c\u1ea5t trong ng\u0103n m\u00e1t t\u1ee7 l\u1ea1nh.<\/p>\n<p><strong>II. M\u00f4 t\u1ea3 s\u1ea3n ph\u1ea9m<\/strong><\/p>\n<p><input alt=\"\" src=\"https:\/\/m.soibien.vn\/media\/img\/product\/365\/03\/files\/203.jpg\" type=\"image\" \/><\/p>\n<p>Cam xo\u00e0n Lai Vung\u00a0tr\u00e1i nh\u1ecf v\u1ecf m\u1ecfng v\u00e0 r\u00e1m,m\u00e0u xanh v\u00e0ng,h\u01a1i s\u1ea7n. Ru\u1ed9t v\u00e0ng t\u01b0\u01a1i, t\u00e9p cam m\u1ecdng n\u01b0\u1edbc, ph\u1ea7n c\u00f9i m\u00e0u tr\u1eafng m\u1ecfng\u00a0, \u00edt h\u1ea1t , v\u1ecb ng\u1ecdt th\u01a1m, thanh m\u00e1t, m\u00f9i th\u01a1m \u1ea5n t\u01b0\u1ee3ng.<\/p>\n<p><strong>III. Gi\u00e1 tr\u1ecb dinh d\u01b0\u1ee1ng<\/strong><\/p>\n<p>L\u01b0\u1ee3ng \u0111\u01b0\u1eddng trong tr\u00e1i cam xo\u00e0n cao h\u01a1n t\u1eeb 30-35% so v\u1edbi c\u00e1c lo\u1ea1i cam kh\u00e1c, tuy v\u1eady \u0111\u01b0\u1eddng trong tr\u00e1i cam l\u00e0 lo\u1ea1i \u0111\u01b0\u1eddng th\u1ef1c v\u1eadt , r\u1ea5t d\u1ec5 h\u1ea5p th\u1ee5 v\u00e0 t\u1ed1t cho s\u1ee9c kh\u1ecfe v\u00ec v\u1eady r\u1ea5t \u0111\u01b0\u1ee3c y\u00eau th\u00edch v\u00e0 t\u00ecm mua. Cam xo\u00e0n l\u00e0 lo\u1ea1i qu\u1ea3 r\u1ea5t gi\u00e0u vitamin C, n\u00f3 gi\u00fap t\u0103ng c\u01b0\u1eddng h\u1ec7 mi\u1ec5n d\u1ecbch, ch\u1ed1ng l\u1ea1i qu\u00e1 tr\u00ecnh l\u00e3o h\u00f3a, l\u00e0n da t\u01b0\u01a1i tr\u1ebb, c\u01a1 th\u1ec3 tr\u00e0n \u0111\u1ea7y n\u0103ng l\u01b0\u1ee3ng. B\u00ean c\u1ea1nh \u0111\u00f3,Trong cam c\u00f3 ch\u1ee9a ch\u1ea5t liminoid gi\u00fap c\u01a1 th\u1ec3 ch\u1ed1ng l\u1ea1i c\u00e1c b\u1ec7nh ung th\u01b0, ch\u1ed1ng oxi h\u00f3a b\u1ea3o v\u1ec7 s\u1ee9c kh\u1ecfe con ng\u01b0\u1eddi. Ch\u1ea5t flavonoid v\u00e0 vitamin C trong cam xo\u00e0n\u00a0t\u1ed1t cho nh\u1eefng ng\u01b0\u1eddi b\u1ecb b\u1ec7nh v\u1ec1 tim m\u1ea1ch, gi\u1ea3m b\u1ec7nh cao huy\u1ebft \u00e1p. Cam xo\u00e0n t\u1ed1t cho m\u1ecdi l\u1ee9a tu\u1ed5i \u0111\u1eb7c bi\u1ec7t \u0111\u1ed1i v\u1edbi tr\u1ebb em v\u00e0 ph\u1ee5 n\u1eef mang thai.<\/p>\n<p><strong>IV. C\u00e1ch ch\u1ebf bi\u1ebfn ngon<\/strong><\/p>\n<p>M\u1ed9t s\u1ed1 c\u00e1ch th\u01b0\u1edfng th\u1ee9c tr\u00e1i cam xo\u00e0n nh\u01b0 b\u1ea1n c\u00f3 th\u1ec3 v\u1eaft l\u1ea5y n\u01b0\u1edbc v\u00e0 th\u01b0\u1edfng th\u1ee9c nh\u01b0 m\u1ed9t lo\u1ea1i gi\u1ea3i kh\u00e1t t\u1ed1t cho s\u1ee9c kh\u1ecfe ho\u1eb7c \u0103n tr\u1ef1c ti\u1ebfp.<\/p>\n<p><input alt=\"\" src=\"https:\/\/m.soibien.vn\/media\/img\/product\/365\/03\/files\/201.jpg\" type=\"image\" \/><\/p>\n<p>M\u1eb9o: B\u1ea1n c\u00f3 th\u1ec3 g\u1ecdt v\u1ecf, c\u1eaft mi\u1ebfng \u0111\u1ec3 v\u00e0o h\u1ed9p, b\u1ea3o qu\u1ea3n trong ng\u0103n m\u00e1t t\u1ee7 l\u1ea1nh \u0111\u1ec3 l\u00fac n\u00e0o c\u0169ng c\u00f3 th\u1ec3 th\u01b0\u1edfng th\u1ee9c lu\u00f4n \u0111\u01b0\u1ee3c, v\u1eeba m\u00e1t m\u00e0 v\u1eabn gi\u1eef \u0111\u01b0\u1ee3c \u0111\u1ed9 t\u01b0\u01a1i c\u1ee7a cam.<\/p>\n","protected":false},"excerpt":{"rendered":"<ul>\n<li>R\u1ea5t d\u1ec5 h\u1ea5p th\u1ee5 v\u00e0 t\u1ed1t cho s\u1ee9c kh\u1ecfe v\u00ec v\u1eady r\u1ea5t \u0111\u01b0\u1ee3c y\u00eau th\u00edch v\u00e0 t\u00ecm mua.<\/li>\n<li>Cam xo\u00e0n l\u00e0 lo\u1ea1i qu\u1ea3 r\u1ea5t gi\u00e0u vitamin C,<\/li>\n<li>Gi\u00fap t\u0103ng c\u01b0\u1eddng h\u1ec7 mi\u1ec5n d\u1ecbch<\/li>\n<li>Ch\u1ed1ng l\u1ea1i qu\u00e1 tr\u00ecnh l\u00e3o h\u00f3a, l\u00e0n da t\u01b0\u01a1i tr\u1ebb, c\u01a1 th\u1ec3 tr\u00e0n \u0111\u1ea7y n\u0103ng l\u01b0\u1ee3ng<\/li>\n<\/ul>\n","protected":false},"featured_media":807,"comment_status":"open","ping_status":"closed","template":"","meta":[],"product_cat":[33],"product_tag":[],"class_list":["post-187","product","type-product","status-publish","has-post-thumbnail","hentry","product_cat-cam"],"yoast_head":"<!-- This site is optimized with the Yoast SEO plugin v18.9 - https:\/\/yoast.com\/wordpress\/plugins\/seo\/ -->\n<title>Cam s\u00e0nh lo\u1ea1i 1 h\u00e0ng xu\u1ea5t kh\u1ea9u - M\u1eabu web t\u1ea1p h\u00f3a<\/title>\n<meta name=\"robots\" content=\"index, follow, max-snippet:-1, max-image-preview:large, max-video-preview:-1\" \/>\n<link rel=\"canonical\" href=\"https:\/\/theme.tamnguyen.vn\/taphoa\/san-pham\/cam-sanh-loai-1-vn-xuat-khau\/\" \/>\n<meta property=\"og:locale\" content=\"vi_VN\" \/>\n<meta property=\"og:type\" content=\"article\" \/>\n<meta property=\"og:title\" content=\"Cam s\u00e0nh lo\u1ea1i 1 h\u00e0ng xu\u1ea5t kh\u1ea9u - M\u1eabu web t\u1ea1p h\u00f3a\" \/>\n<meta property=\"og:description\" content=\"R\u1ea5t d\u1ec5 h\u1ea5p th\u1ee5 v\u00e0 t\u1ed1t cho s\u1ee9c kh\u1ecfe v\u00ec v\u1eady r\u1ea5t \u0111\u01b0\u1ee3c y\u00eau th\u00edch v\u00e0 t\u00ecm mua.  Cam xo\u00e0n l\u00e0 lo\u1ea1i qu\u1ea3 r\u1ea5t gi\u00e0u vitamin C,  Gi\u00fap t\u0103ng c\u01b0\u1eddng h\u1ec7 mi\u1ec5n d\u1ecbch  Ch\u1ed1ng l\u1ea1i qu\u00e1 tr\u00ecnh l\u00e3o h\u00f3a, l\u00e0n da t\u01b0\u01a1i tr\u1ebb, c\u01a1 th\u1ec3 tr\u00e0n \u0111\u1ea7y n\u0103ng l\u01b0\u1ee3ng\" \/>\n<meta property=\"og:url\" content=\"https:\/\/theme.tamnguyen.vn\/taphoa\/san-pham\/cam-sanh-loai-1-vn-xuat-khau\/\" \/>\n<meta property=\"og:site_name\" content=\"M\u1eabu web t\u1ea1p h\u00f3a\" \/>\n<meta property=\"article:modified_time\" content=\"2022-05-22T15:49:09+00:00\" \/>\n<meta property=\"og:image\" content=\"https:\/\/theme.tamnguyen.vn\/taphoa\/wp-content\/uploads\/2020\/09\/cam-1.jpg\" \/>\n\t<meta property=\"og:image:width\" content=\"500\" \/>\n\t<meta property=\"og:image:height\" content=\"500\" \/>\n\t<meta property=\"og:image:type\" content=\"image\/jpeg\" \/>\n<meta name=\"twitter:card\" content=\"summary_large_image\" \/>\n<meta name=\"twitter:label1\" content=\"\u01af\u1edbc t\u00ednh th\u1eddi gian \u0111\u1ecdc\" \/>\n\t<meta name=\"twitter:data1\" content=\"3 ph\u00fat\" \/>\n<script type=\"application\/ld+json\" class=\"yoast-schema-graph\">{\"@context\":\"https:\/\/schema.org\",\"@graph\":[{\"@type\":\"WebSite\",\"@id\":\"https:\/\/theme.tamnguyen.vn\/taphoa\/#website\",\"url\":\"https:\/\/theme.tamnguyen.vn\/taphoa\/\",\"name\":\"M\u1eabu web t\u1ea1p h\u00f3a\",\"description\":\"D\u1ecbch v\u1ee5 thi\u1ebft k\u1ebf website chuy\u00ean nghi\u1ec7p - uy t\u00edn\",\"potentialAction\":[{\"@type\":\"SearchAction\",\"target\":{\"@type\":\"EntryPoint\",\"urlTemplate\":\"https:\/\/theme.tamnguyen.vn\/taphoa\/?s={search_term_string}\"},\"query-input\":\"required name=search_term_string\"}],\"inLanguage\":\"vi\"},{\"@type\":\"ImageObject\",\"inLanguage\":\"vi\",\"@id\":\"https:\/\/theme.tamnguyen.vn\/taphoa\/san-pham\/cam-sanh-loai-1-vn-xuat-khau\/#primaryimage\",\"url\":\"https:\/\/theme.tamnguyen.vn\/taphoa\/wp-content\/uploads\/2020\/09\/cam-1.jpg\",\"contentUrl\":\"https:\/\/theme.tamnguyen.vn\/taphoa\/wp-content\/uploads\/2020\/09\/cam-1.jpg\",\"width\":500,\"height\":500},{\"@type\":\"WebPage\",\"@id\":\"https:\/\/theme.tamnguyen.vn\/taphoa\/san-pham\/cam-sanh-loai-1-vn-xuat-khau\/#webpage\",\"url\":\"https:\/\/theme.tamnguyen.vn\/taphoa\/san-pham\/cam-sanh-loai-1-vn-xuat-khau\/\",\"name\":\"Cam s\u00e0nh lo\u1ea1i 1 h\u00e0ng xu\u1ea5t kh\u1ea9u - M\u1eabu web t\u1ea1p h\u00f3a\",\"isPartOf\":{\"@id\":\"https:\/\/theme.tamnguyen.vn\/taphoa\/#website\"},\"primaryImageOfPage\":{\"@id\":\"https:\/\/theme.tamnguyen.vn\/taphoa\/san-pham\/cam-sanh-loai-1-vn-xuat-khau\/#primaryimage\"},\"datePublished\":\"2020-09-23T05:35:42+00:00\",\"dateModified\":\"2022-05-22T15:49:09+00:00\",\"breadcrumb\":{\"@id\":\"https:\/\/theme.tamnguyen.vn\/taphoa\/san-pham\/cam-sanh-loai-1-vn-xuat-khau\/#breadcrumb\"},\"inLanguage\":\"vi\",\"potentialAction\":[{\"@type\":\"ReadAction\",\"target\":[\"https:\/\/theme.tamnguyen.vn\/taphoa\/san-pham\/cam-sanh-loai-1-vn-xuat-khau\/\"]}]},{\"@type\":\"BreadcrumbList\",\"@id\":\"https:\/\/theme.tamnguyen.vn\/taphoa\/san-pham\/cam-sanh-loai-1-vn-xuat-khau\/#breadcrumb\",\"itemListElement\":[{\"@type\":\"ListItem\",\"position\":1,\"name\":\"Trang ch\u1ee7\",\"item\":\"https:\/\/theme.tamnguyen.vn\/taphoa\/\"},{\"@type\":\"ListItem\",\"position\":2,\"name\":\"Shop\",\"item\":\"https:\/\/theme.tamnguyen.vn\/taphoa\/shop\/\"},{\"@type\":\"ListItem\",\"position\":3,\"name\":\"Tr\u00e1i c\u00e2y theo m\u00f9a\",\"item\":\"https:\/\/theme.tamnguyen.vn\/taphoa\/danh-muc-san-pham\/trai-cay-theo-mua\/\"},{\"@type\":\"ListItem\",\"position\":4,\"name\":\"Cam s\u00e0nh lo\u1ea1i 1 h\u00e0ng xu\u1ea5t kh\u1ea9u\"}]}]}<\/script>\n<!-- \/ Yoast SEO plugin. -->","yoast_head_json":{"title":"Cam s\u00e0nh lo\u1ea1i 1 h\u00e0ng xu\u1ea5t kh\u1ea9u - M\u1eabu web t\u1ea1p h\u00f3a","robots":{"index":"index","follow":"follow","max-snippet":"max-snippet:-1","max-image-preview":"max-image-preview:large","max-video-preview":"max-video-preview:-1"},"canonical":"https:\/\/theme.tamnguyen.vn\/taphoa\/san-pham\/cam-sanh-loai-1-vn-xuat-khau\/","og_locale":"vi_VN","og_type":"article","og_title":"Cam s\u00e0nh lo\u1ea1i 1 h\u00e0ng xu\u1ea5t kh\u1ea9u - M\u1eabu web t\u1ea1p h\u00f3a","og_description":"R\u1ea5t d\u1ec5 h\u1ea5p th\u1ee5 v\u00e0 t\u1ed1t cho s\u1ee9c kh\u1ecfe v\u00ec v\u1eady r\u1ea5t \u0111\u01b0\u1ee3c y\u00eau th\u00edch v\u00e0 t\u00ecm mua.  Cam xo\u00e0n l\u00e0 lo\u1ea1i qu\u1ea3 r\u1ea5t gi\u00e0u vitamin C,  Gi\u00fap t\u0103ng c\u01b0\u1eddng h\u1ec7 mi\u1ec5n d\u1ecbch  Ch\u1ed1ng l\u1ea1i qu\u00e1 tr\u00ecnh l\u00e3o h\u00f3a, l\u00e0n da t\u01b0\u01a1i tr\u1ebb, c\u01a1 th\u1ec3 tr\u00e0n \u0111\u1ea7y n\u0103ng l\u01b0\u1ee3ng","og_url":"https:\/\/theme.tamnguyen.vn\/taphoa\/san-pham\/cam-sanh-loai-1-vn-xuat-khau\/","og_site_name":"M\u1eabu web t\u1ea1p h\u00f3a","article_modified_time":"2022-05-22T15:49:09+00:00","og_image":[{"width":500,"height":500,"url":"https:\/\/theme.tamnguyen.vn\/taphoa\/wp-content\/uploads\/2020\/09\/cam-1.jpg","type":"image\/jpeg"}],"twitter_card":"summary_large_image","twitter_misc":{"\u01af\u1edbc t\u00ednh th\u1eddi gian \u0111\u1ecdc":"3 ph\u00fat"},"schema":{"@context":"https:\/\/schema.org","@graph":[{"@type":"WebSite","@id":"https:\/\/theme.tamnguyen.vn\/taphoa\/#website","url":"https:\/\/theme.tamnguyen.vn\/taphoa\/","name":"M\u1eabu web t\u1ea1p h\u00f3a","description":"D\u1ecbch v\u1ee5 thi\u1ebft k\u1ebf website chuy\u00ean nghi\u1ec7p - uy t\u00edn","potentialAction":[{"@type":"SearchAction","target":{"@type":"EntryPoint","urlTemplate":"https:\/\/theme.tamnguyen.vn\/taphoa\/?s={search_term_string}"},"query-input":"required name=search_term_string"}],"inLanguage":"vi"},{"@type":"ImageObject","inLanguage":"vi","@id":"https:\/\/theme.tamnguyen.vn\/taphoa\/san-pham\/cam-sanh-loai-1-vn-xuat-khau\/#primaryimage","url":"https:\/\/theme.tamnguyen.vn\/taphoa\/wp-content\/uploads\/2020\/09\/cam-1.jpg","contentUrl":"https:\/\/theme.tamnguyen.vn\/taphoa\/wp-content\/uploads\/2020\/09\/cam-1.jpg","width":500,"height":500},{"@type":"WebPage","@id":"https:\/\/theme.tamnguyen.vn\/taphoa\/san-pham\/cam-sanh-loai-1-vn-xuat-khau\/#webpage","url":"https:\/\/theme.tamnguyen.vn\/taphoa\/san-pham\/cam-sanh-loai-1-vn-xuat-khau\/","name":"Cam s\u00e0nh lo\u1ea1i 1 h\u00e0ng xu\u1ea5t kh\u1ea9u - M\u1eabu web t\u1ea1p h\u00f3a","isPartOf":{"@id":"https:\/\/theme.tamnguyen.vn\/taphoa\/#website"},"primaryImageOfPage":{"@id":"https:\/\/theme.tamnguyen.vn\/taphoa\/san-pham\/cam-sanh-loai-1-vn-xuat-khau\/#primaryimage"},"datePublished":"2020-09-23T05:35:42+00:00","dateModified":"2022-05-22T15:49:09+00:00","breadcrumb":{"@id":"https:\/\/theme.tamnguyen.vn\/taphoa\/san-pham\/cam-sanh-loai-1-vn-xuat-khau\/#breadcrumb"},"inLanguage":"vi","potentialAction":[{"@type":"ReadAction","target":["https:\/\/theme.tamnguyen.vn\/taphoa\/san-pham\/cam-sanh-loai-1-vn-xuat-khau\/"]}]},{"@type":"BreadcrumbList","@id":"https:\/\/theme.tamnguyen.vn\/taphoa\/san-pham\/cam-sanh-loai-1-vn-xuat-khau\/#breadcrumb","itemListElement":[{"@type":"ListItem","position":1,"name":"Trang ch\u1ee7","item":"https:\/\/theme.tamnguyen.vn\/taphoa\/"},{"@type":"ListItem","position":2,"name":"Shop","item":"https:\/\/theme.tamnguyen.vn\/taphoa\/shop\/"},{"@type":"ListItem","position":3,"name":"Tr\u00e1i c\u00e2y theo m\u00f9a","item":"https:\/\/theme.tamnguyen.vn\/taphoa\/danh-muc-san-pham\/trai-cay-theo-mua\/"},{"@type":"ListItem","position":4,"name":"Cam s\u00e0nh lo\u1ea1i 1 h\u00e0ng xu\u1ea5t kh\u1ea9u"}]}]}},"_links":{"self":[{"href":"https:\/\/theme.tamnguyen.vn\/taphoa\/wp-json\/wp\/v2\/product\/187","targetHints":{"allow":["GET"]}}],"collection":[{"href":"https:\/\/theme.tamnguyen.vn\/taphoa\/wp-json\/wp\/v2\/product"}],"about":[{"href":"https:\/\/theme.tamnguyen.vn\/taphoa\/wp-json\/wp\/v2\/types\/product"}],"replies":[{"embeddable":true,"href":"https:\/\/theme.tamnguyen.vn\/taphoa\/wp-json\/wp\/v2\/comments?post=187"}],"wp:featuredmedia":[{"embeddable":true,"href":"https:\/\/theme.tamnguyen.vn\/taphoa\/wp-json\/wp\/v2\/media\/807"}],"wp:attachment":[{"href":"https:\/\/theme.tamnguyen.vn\/taphoa\/wp-json\/wp\/v2\/media?parent=187"}],"wp:term":[{"taxonomy":"product_cat","embeddable":true,"href":"https:\/\/theme.tamnguyen.vn\/taphoa\/wp-json\/wp\/v2\/product_cat?post=187"},{"taxonomy":"product_tag","embeddable":true,"href":"https:\/\/theme.tamnguyen.vn\/taphoa\/wp-json\/wp\/v2\/product_tag?post=187"}],"curies":[{"name":"wp","href":"https:\/\/api.w.org\/{rel}","templated":true}]}}