{"id":113,"date":"2022-10-03T22:48:00","date_gmt":"2022-10-03T15:48:00","guid":{"rendered":"https:\/\/sonnuoc.themevivu.net\/?post_type=product&#038;p=113"},"modified":"2022-10-03T22:48:00","modified_gmt":"2022-10-03T15:48:00","slug":"vitec-pu-271-lop-phu-chong-tham-va-trang-tri-be-ca","status":"publish","type":"product","link":"https:\/\/theme.tamnguyen.vn\/sonnuoc\/product\/vitec-pu-271-lop-phu-chong-tham-va-trang-tri-be-ca\/","title":{"rendered":"VITEC PU 271 \u2013 L\u1edbp ph\u1ee7 ch\u1ed1ng th\u1ea5m v\u00e0 trang tr\u00ed b\u1ec3 c\u00e1"},"content":{"rendered":"<p><strong>VITEC PU-271<\/strong>\u00a0l\u00e0 s\u01a1n Polyurethane g\u1ed1c n\u01b0\u1edbc m\u1ed9t th\u00e0nh ph\u1ea7n, d\u1ea1ng l\u00f2ng, c\u00f3 t\u00ednh \u0111\u00e0n h\u1ed3i cao. S\u1eed d\u1ee5ng l\u00e0m l\u1edbp ph\u00f9 b\u1ea3o v\u1ec7 v\u00e0 trang tr\u00ed cho b\u1ec3 c\u00e1 v\u1edbi kh\u1ea3 n\u0103ng ch\u1ed1ng th\u1ea5m, ch\u1ed1ng l\u1ea1i c\u00e1c t\u00e1c \u0111\u1ed9ng c\u1ee7a m\u00f4i tr\u01b0\u1eddng v\u01b0\u1ee3t tr\u1ed9i.<\/p>\n","protected":false},"excerpt":{"rendered":"<p><strong>VITEC PU-271<\/strong>\u00a0l\u00e0 s\u01a1n Polyurethane g\u1ed1c n\u01b0\u1edbc m\u1ed9t th\u00e0nh ph\u1ea7n, d\u1ea1ng l\u00f2ng, c\u00f3 t\u00ednh \u0111\u00e0n h\u1ed3i cao. S\u1eed d\u1ee5ng l\u00e0m l\u1edbp ph\u00f9 b\u1ea3o v\u1ec7 v\u00e0 trang tr\u00ed cho b\u1ec3 c\u00e1 v\u1edbi kh\u1ea3 n\u0103ng ch\u1ed1ng th\u1ea5m, ch\u1ed1ng l\u1ea1i c\u00e1c t\u00e1c \u0111\u1ed9ng c\u1ee7a m\u00f4i tr\u01b0\u1eddng v\u01b0\u1ee3t tr\u1ed9i.<\/p>\n","protected":false},"featured_media":114,"comment_status":"open","ping_status":"closed","template":"","meta":[],"product_cat":[15,18,20,21,19],"product_tag":[],"class_list":["post-113","product","type-product","status-publish","has-post-thumbnail","hentry","product_cat-chong-tham-san-mai-wc-ban-cong","product_cat-chong-tham-tang-ham-va-ho-thang-may","product_cat-phu-gia-be-tong-va-vua","product_cat-san-pham-keo-dan-gach","product_cat-san-pham-sua-chua-va-nut-be-tong"],"_links":{"self":[{"href":"https:\/\/theme.tamnguyen.vn\/sonnuoc\/wp-json\/wp\/v2\/product\/113","targetHints":{"allow":["GET"]}}],"collection":[{"href":"https:\/\/theme.tamnguyen.vn\/sonnuoc\/wp-json\/wp\/v2\/product"}],"about":[{"href":"https:\/\/theme.tamnguyen.vn\/sonnuoc\/wp-json\/wp\/v2\/types\/product"}],"replies":[{"embeddable":true,"href":"https:\/\/theme.tamnguyen.vn\/sonnuoc\/wp-json\/wp\/v2\/comments?post=113"}],"wp:featuredmedia":[{"embeddable":true,"href":"https:\/\/theme.tamnguyen.vn\/sonnuoc\/wp-json\/wp\/v2\/media\/114"}],"wp:attachment":[{"href":"https:\/\/theme.tamnguyen.vn\/sonnuoc\/wp-json\/wp\/v2\/media?parent=113"}],"wp:term":[{"taxonomy":"product_cat","embeddable":true,"href":"https:\/\/theme.tamnguyen.vn\/sonnuoc\/wp-json\/wp\/v2\/product_cat?post=113"},{"taxonomy":"product_tag","embeddable":true,"href":"https:\/\/theme.tamnguyen.vn\/sonnuoc\/wp-json\/wp\/v2\/product_tag?post=113"}],"curies":[{"name":"wp","href":"https:\/\/api.w.org\/{rel}","templated":true}]}}