{"id":71,"date":"2022-10-03T22:22:26","date_gmt":"2022-10-03T15:22:26","guid":{"rendered":"https:\/\/sonnuoc.themevivu.net\/?page_id=71"},"modified":"2022-10-04T09:16:52","modified_gmt":"2022-10-04T02:16:52","slug":"lien-he","status":"publish","type":"page","link":"https:\/\/theme.tamnguyen.vn\/sonnuoc\/lien-he\/","title":{"rendered":"Li\u00ean h\u1ec7"},"content":{"rendered":"\t<section class=\"section dau-trang-section\" id=\"section_1430584422\">\n\t\t<div class=\"bg section-bg fill bg-fill  \" >\n\n\t\t\t\n\t\t\t<div class=\"section-bg-overlay absolute fill\"><\/div>\n\t\t\t\n\n\t\t<\/div>\n\n\t\t\n\n\t\t<div class=\"section-content relative\">\n\t\t\t\n<div class=\"row\"  id=\"row-1108820908\">\n\n\t<div id=\"col-69286488\" class=\"col small-12 large-12\"  >\n\t\t\t\t<div class=\"col-inner\"  >\n\t\t\t\n\t\t\t\n\t<div id=\"text-2337003957\" class=\"text\">\n\t\t\n<h1 style=\"text-align: center;\"><span style=\"font-size: 130%;\">Li\u00ean h\u1ec7<\/span><\/h1>\n<nav aria-label=\"breadcrumbs\" class=\"rank-math-breadcrumb\"><p><span class=\"last\">Trang ch\u1ee7<\/span><\/p><\/nav>\n\t\t\n<style>\n#text-2337003957 {\n  text-align: center;\n  color: rgb(255, 255, 255);\n}\n#text-2337003957 > * {\n  color: rgb(255, 255, 255);\n}\n<\/style>\n\t<\/div>\n\t\n\t\t<\/div>\n\t\t\t\t\t<\/div>\n\n\t\n<\/div>\n\t\t<\/div>\n\n\t\t\n<style>\n#section_1430584422 {\n  padding-top: 80px;\n  padding-bottom: 80px;\n}\n#section_1430584422 .section-bg-overlay {\n  background-color: rgba(0, 0, 0, 0.529);\n}\n#section_1430584422 .section-bg.bg-loaded {\n  background-image: url(https:\/\/theme.tamnguyen.vn\/sonnuoc\/wp-content\/uploads\/2022\/10\/showroom-1.jpg);\n}\n#section_1430584422 .ux-shape-divider--top svg {\n  height: 150px;\n  --divider-top-width: 100%;\n}\n#section_1430584422 .ux-shape-divider--bottom svg {\n  height: 150px;\n  --divider-width: 100%;\n}\n<\/style>\n\t<\/section>\n\t\n\t<section class=\"section gioi-thieu-1\" id=\"section_232370282\">\n\t\t<div class=\"bg section-bg fill bg-fill  bg-loaded\" >\n\n\t\t\t\n\t\t\t\n\t\t\t\n\n\t\t<\/div>\n\n\t\t\n\n\t\t<div class=\"section-content relative\">\n\t\t\t\n<div class=\"row\"  id=\"row-145157873\">\n\n\t<div id=\"col-372171595\" class=\"col medium-6 small-12 large-6\"  >\n\t\t\t\t<div class=\"col-inner\"  >\n\t\t\t\n\t\t\t\n<h2><span style=\"font-size: 90%; color: #ed1c24;\">Th\u00f4ng tin li\u00ean h\u1ec7<\/span><\/h2>\n<h3><span style=\"font-size: 95%;\">C\u00f4ng ty TNHH Th\u01b0\u01a1ng M\u1ea1i Colorado<\/span><\/h3>\n<ul>\n<li><span style=\"font-size: 95%;\"><strong>\u0110\u1ecba ch\u1ec9:<\/strong> C\u1ee5m 3, x\u00e3 Hi\u1ec7p Thu\u1eadn, huy\u1ec7n Ph\u00fac Th\u1ecd, TP. H\u00e0 N\u1ed9i, Vi\u1ec7t Nam<\/span><\/li>\n<li><span style=\"font-size: 95%;\"><strong>Hotline:<\/strong> 0355520138<\/span><\/li>\n<li><span style=\"font-size: 95%;\"><strong>Zalo OA:<\/strong> COLORADO ph\u00e2n ph\u1ed1i s\u01a1n ch\u1ed1ng th\u1ea5m s\u1ed1 1<\/span><\/li>\n<li><span style=\"font-size: 95%;\"><strong>Th\u1eddi gian:<\/strong> Th\u1ee9 2 \u2013 Th\u1ee9 7 (7h \u0111\u1ebfn 22h)<\/span><\/li>\n<li><span style=\"font-size: 95%;\"><strong>Email:<\/strong> coloradochemical2019@gmail.com<\/span><\/li>\n<li><span style=\"font-size: 95%;\"><strong>Website:<\/strong> https:\/\/coloradochemical.vn\/<\/span><\/li>\n<\/ul>\n\t\t<\/div>\n\t\t\t\t\t<\/div>\n\n\t\n\n\t<div id=\"col-1374381970\" class=\"col medium-6 small-12 large-6\"  >\n\t\t\t\t<div class=\"col-inner\"  >\n\t\t\t\n\t\t\t\n<h2><span style=\"color: #ed1c24; font-size: 90%;\">G\u1eedi th\u00f4ng tin cho ch\u00fang t\u00f4i<\/span><\/h2>\n<div role=\"form\" class=\"wpcf7\" id=\"wpcf7-f375-o1\" lang=\"vi\" dir=\"ltr\">\n<div class=\"screen-reader-response\"><p role=\"status\" aria-live=\"polite\" aria-atomic=\"true\"><\/p> <ul><\/ul><\/div>\n<form action=\"\/sonnuoc\/wp-json\/wp\/v2\/pages\/71#wpcf7-f375-o1\" method=\"post\" class=\"wpcf7-form init\" novalidate=\"novalidate\" data-status=\"init\">\n<div style=\"display: none;\">\n<input type=\"hidden\" name=\"_wpcf7\" value=\"375\" \/>\n<input type=\"hidden\" name=\"_wpcf7_version\" value=\"5.6.4\" \/>\n<input type=\"hidden\" name=\"_wpcf7_locale\" value=\"vi\" \/>\n<input type=\"hidden\" name=\"_wpcf7_unit_tag\" value=\"wpcf7-f375-o1\" \/>\n<input type=\"hidden\" name=\"_wpcf7_container_post\" value=\"0\" \/>\n<input type=\"hidden\" name=\"_wpcf7_posted_data_hash\" value=\"\" \/>\n<\/div>\n<div class=\"form-lien-he\">\n<div class=\"row-info\">\n<div class=\"left\">\n<span class=\"wpcf7-form-control-wrap\" data-name=\"text-189\"><input type=\"text\" name=\"text-189\" value=\"\" size=\"40\" class=\"wpcf7-form-control wpcf7-text wpcf7-validates-as-required\" aria-required=\"true\" aria-invalid=\"false\" placeholder=\"H\u1ecd v\u00e0 t\u00ean...\" \/><\/span>\n<\/div>\n<div class=\"right\">\n<span class=\"wpcf7-form-control-wrap\" data-name=\"tel-926\"><input type=\"tel\" name=\"tel-926\" value=\"\" size=\"40\" class=\"wpcf7-form-control wpcf7-text wpcf7-tel wpcf7-validates-as-required wpcf7-validates-as-tel\" aria-required=\"true\" aria-invalid=\"false\" placeholder=\"S\u1ed1 \u0111i\u1ec7n tho\u1ea1i...\" \/><\/span>\n<\/div>\n<\/div>\n<p><span class=\"wpcf7-form-control-wrap\" data-name=\"email-519\"><input type=\"email\" name=\"email-519\" value=\"\" size=\"40\" class=\"wpcf7-form-control wpcf7-text wpcf7-email wpcf7-validates-as-email\" aria-invalid=\"false\" placeholder=\"\u0110\u1ecba ch\u1ec9 email\" \/><\/span><br \/>\n<span class=\"wpcf7-form-control-wrap\" data-name=\"textarea-346\"><textarea name=\"textarea-346\" cols=\"40\" rows=\"10\" class=\"wpcf7-form-control wpcf7-textarea\" aria-invalid=\"false\" placeholder=\"N\u1ed9i dung\"><\/textarea><\/span><br \/>\n<input type=\"submit\" value=\"G\u1eedi th\u00f4ng tin\" class=\"wpcf7-form-control has-spinner wpcf7-submit\" \/>\n<\/p><\/div>\n<div class=\"wpcf7-response-output\" aria-hidden=\"true\"><\/div><\/form><\/div>\n\t\t<\/div>\n\t\t\t\t\t<\/div>\n\n\t\n\n\t<div id=\"col-1631446393\" class=\"col small-12 large-12\"  >\n\t\t\t\t<div class=\"col-inner\"  >\n\t\t\t\n\t\t\t\n<h2><span style=\"color: #ed1c24; font-size: 90%;\">B\u1ea3n \u0111\u1ed3<\/span><\/h2>\n\n<p><iframe src=\"https:\/\/www.google.com\/maps\/embed?pb=!1m18!1m12!1m3!1d3723.042059609321!2d105.63612615110144!3d21.070982291641283!2m3!1f0!2f0!3f0!3m2!1i1024!2i768!4f13.1!3m3!1m2!1s0x313457cbe0af0307%3A0x7ad6881c64d0100!2zQ8O0bmcgdHkgdG5oaCB0aMawxqFuZyBt4bqhaSBjb2xvcmFkbw!5e0!3m2!1svi!2sus!4v1664849723363!5m2!1svi!2sus\" width=\"100%\" height=\"350\" style=\"border:0;\" allowfullscreen=\"\" loading=\"lazy\" referrerpolicy=\"no-referrer-when-downgrade\"><\/iframe><br \/>\n\n\t\t<\/div>\n\t\t\t\t\t<\/div>\n\n\t\n<\/div>\n\t\t<\/div>\n\n\t\t\n<style>\n#section_232370282 {\n  padding-top: 30px;\n  padding-bottom: 30px;\n}\n#section_232370282 .ux-shape-divider--top svg {\n  height: 150px;\n  --divider-top-width: 100%;\n}\n#section_232370282 .ux-shape-divider--bottom svg {\n  height: 150px;\n  --divider-width: 100%;\n}\n<\/style>\n\t<\/section>\n\t\n","protected":false},"excerpt":{"rendered":"","protected":false},"author":1,"featured_media":0,"parent":0,"menu_order":0,"comment_status":"closed","ping_status":"closed","template":"page-blank.php","meta":{"footnotes":""},"class_list":["post-71","page","type-page","status-publish","hentry"],"_links":{"self":[{"href":"https:\/\/theme.tamnguyen.vn\/sonnuoc\/wp-json\/wp\/v2\/pages\/71","targetHints":{"allow":["GET"]}}],"collection":[{"href":"https:\/\/theme.tamnguyen.vn\/sonnuoc\/wp-json\/wp\/v2\/pages"}],"about":[{"href":"https:\/\/theme.tamnguyen.vn\/sonnuoc\/wp-json\/wp\/v2\/types\/page"}],"author":[{"embeddable":true,"href":"https:\/\/theme.tamnguyen.vn\/sonnuoc\/wp-json\/wp\/v2\/users\/1"}],"replies":[{"embeddable":true,"href":"https:\/\/theme.tamnguyen.vn\/sonnuoc\/wp-json\/wp\/v2\/comments?post=71"}],"version-history":[{"count":9,"href":"https:\/\/theme.tamnguyen.vn\/sonnuoc\/wp-json\/wp\/v2\/pages\/71\/revisions"}],"predecessor-version":[{"id":452,"href":"https:\/\/theme.tamnguyen.vn\/sonnuoc\/wp-json\/wp\/v2\/pages\/71\/revisions\/452"}],"wp:attachment":[{"href":"https:\/\/theme.tamnguyen.vn\/sonnuoc\/wp-json\/wp\/v2\/media?parent=71"}],"curies":[{"name":"wp","href":"https:\/\/api.w.org\/{rel}","templated":true}]}}