{"id":67,"date":"2022-10-03T22:22:14","date_gmt":"2022-10-03T15:22:14","guid":{"rendered":"https:\/\/sonnuoc.themevivu.net\/?page_id=67"},"modified":"2022-10-04T10:49:13","modified_gmt":"2022-10-04T03:49:13","slug":"doi-tac-uy-tin","status":"publish","type":"page","link":"https:\/\/theme.tamnguyen.vn\/sonnuoc\/doi-tac-uy-tin\/","title":{"rendered":"\u0110\u1ed1i t\u00e1c uy t\u00edn"},"content":{"rendered":"\t<section class=\"section dau-trang-section\" id=\"section_1083101325\">\n\t\t<div class=\"bg section-bg fill bg-fill  \" >\n\n\t\t\t\n\t\t\t<div class=\"section-bg-overlay absolute fill\"><\/div>\n\t\t\t\n\n\t\t<\/div>\n\n\t\t\n\n\t\t<div class=\"section-content relative\">\n\t\t\t\n<div class=\"row\"  id=\"row-1356244030\">\n\n\t<div id=\"col-935296740\" class=\"col small-12 large-12\"  >\n\t\t\t\t<div class=\"col-inner\"  >\n\t\t\t\n\t\t\t\n\t<div id=\"text-4124202806\" class=\"text\">\n\t\t\n<h1 style=\"text-align: center;\"><span style=\"font-size: 130%;\">H\u1ec7 th\u1ed1ng c\u1eeda h\u00e0ng<\/span><\/h1>\n<nav aria-label=\"breadcrumbs\" class=\"rank-math-breadcrumb\"><p><span class=\"last\">Trang ch\u1ee7<\/span><\/p><\/nav>\n\t\t\n<style>\n#text-4124202806 {\n  text-align: center;\n  color: rgb(255, 255, 255);\n}\n#text-4124202806 > * {\n  color: rgb(255, 255, 255);\n}\n<\/style>\n\t<\/div>\n\t\n\t\t<\/div>\n\t\t\t\t\t<\/div>\n\n\t\n<\/div>\n\t\t<\/div>\n\n\t\t\n<style>\n#section_1083101325 {\n  padding-top: 80px;\n  padding-bottom: 80px;\n}\n#section_1083101325 .section-bg-overlay {\n  background-color: rgba(0, 0, 0, 0.529);\n}\n#section_1083101325 .section-bg.bg-loaded {\n  background-image: url(https:\/\/theme.tamnguyen.vn\/sonnuoc\/wp-content\/uploads\/2022\/10\/cong-trinh-cong-cong-la-gi-1.jpg);\n}\n#section_1083101325 .ux-shape-divider--top svg {\n  height: 150px;\n  --divider-top-width: 100%;\n}\n#section_1083101325 .ux-shape-divider--bottom svg {\n  height: 150px;\n  --divider-width: 100%;\n}\n<\/style>\n\t<\/section>\n\t\n\t<section class=\"section gioi-thieu-1\" id=\"section_200994849\">\n\t\t<div class=\"bg section-bg fill bg-fill  bg-loaded\" >\n\n\t\t\t\n\t\t\t\n\t\t\t\n\n\t\t<\/div>\n\n\t\t\n\n\t\t<div class=\"section-content relative\">\n\t\t\t\n<div class=\"row\"  id=\"row-276126703\">\n\n\t<div id=\"col-430742461\" class=\"col small-12 large-12\"  >\n\t\t\t\t<div class=\"col-inner text-center\"  >\n\t\t\t\n\t\t\t\n\n<div class=\"dvls_maps_wrap\">\r\n    <div class=\"dvls_maps_container\">\r\n        <div class=\"dvls_maps_row dvls_maps_header\">\r\n            <div class=\"dvls_maps_header_left\">T\u00ecm ki\u1ebfm c\u1eeda h\u00e0ng<\/div>\r\n            <div class=\"dvls_maps_header_right\">\r\n                <form action=\"\" method=\"get\">\r\n                    <div class=\"dvls_maps_3col\">\r\n                        <div class=\"dvls_maps_col\">\r\n                            <select name=\"city\" id=\"dvls_city\" data-value=\"\">\r\n                                <option value=\"null\">Ch\u1ecdn t\u1ec9nh, th\u00e0nh ph\u1ed1<\/option>\r\n                            <\/select>\r\n                        <\/div>\r\n                        <div class=\"dvls_maps_col\">\r\n                            <select name=\"district\" id=\"dvls_district\" data-value=\"\">\r\n                                <option value=\"null\">Ch\u1ecdn qu\u1eadn, huy\u1ec7n<\/option>\r\n                            <\/select>\r\n                        <\/div>\r\n                        <div class=\"dvls_maps_col\">\r\n                            <input type=\"hidden\" id=\"dvls_nonce\" name=\"dvls_nonce\" value=\"8eeccb5cb3\" \/><input type=\"hidden\" name=\"_wp_http_referer\" value=\"\/sonnuoc\/wp-json\/wp\/v2\/pages\/67\" \/>                            <input value=\"T\u00ecm ki\u1ebfm\" type=\"submit\" class=\"dvls-submit\"\/>\r\n                        <\/div>\r\n                    <\/div>\r\n                    <div class=\"dvls_maps_col\">\r\n                        <a href=\"javascript:void(0);\" class=\"dvls_near_you\" title=\"T\u00ecm ki\u1ebfm c\u1eeda h\u00e0ng g\u1ea7n b\u1ea1n (<=20 km)\">T\u00ecm ki\u1ebfm c\u1eeda h\u00e0ng g\u1ea7n b\u1ea1n (<=20 km)<\/a>\r\n                    <\/div>\r\n                <\/form>\r\n            <\/div>\r\n        <\/div>\r\n        <div class=\"dvls_maps_row dvls_maps_body\">\r\n            <div class=\"dvls_maps_sidebar\">\r\n                                <div class=\"dvls_maps_sidebar_content\">\r\n                    <div class=\"dvls_result_status\">T\u00ecm th\u1ea5y <strong><\/strong> c\u1eeda h\u00e0ng<\/div>\r\n                    <div class=\"dvls_result_wrap\">\r\n                        \u0110ang t\u1ea3i...                    <\/div>\r\n                <\/div>\r\n                            <\/div>\r\n            <div class=\"dvls_maps_main\">\r\n                <div id=\"dvls_maps\"  data-lat=\"21.070977\" data-lng=\"105.638320\"><\/div>\r\n            <\/div>\r\n            <div id=\"dvls_fountainG\">\r\n                <div id=\"fountainG_1\" class=\"fountainG\"><\/div>\r\n                <div id=\"fountainG_2\" class=\"fountainG\"><\/div>\r\n                <div id=\"fountainG_3\" class=\"fountainG\"><\/div>\r\n                <div id=\"fountainG_4\" class=\"fountainG\"><\/div>\r\n                <div id=\"fountainG_5\" class=\"fountainG\"><\/div>\r\n                <div id=\"fountainG_6\" class=\"fountainG\"><\/div>\r\n                <div id=\"fountainG_7\" class=\"fountainG\"><\/div>\r\n                <div id=\"fountainG_8\" class=\"fountainG\"><\/div>\r\n            <\/div>\r\n        <\/div>\r\n    <\/div>\r\n<\/div>\n\n\t\t<\/div>\n\t\t\t\t\t<\/div>\n\n\t\n<\/div>\n\t\t<\/div>\n\n\t\t\n<style>\n#section_200994849 {\n  padding-top: 30px;\n  padding-bottom: 30px;\n}\n#section_200994849 .ux-shape-divider--top svg {\n  height: 150px;\n  --divider-top-width: 100%;\n}\n#section_200994849 .ux-shape-divider--bottom svg {\n  height: 150px;\n  --divider-width: 100%;\n}\n<\/style>\n\t<\/section>\n\t\n\t<section class=\"section doi-tac-2\" id=\"section_1408695358\">\n\t\t<div class=\"bg section-bg fill bg-fill  \" >\n\n\t\t\t\n\t\t\t\n\t\t\t\n\n\t\t<\/div>\n\n\t\t\n\n\t\t<div class=\"section-content relative\">\n\t\t\t\n<div class=\"row\" style=\"max-width:800px\" id=\"row-2016366188\">\n\n\t<div id=\"col-2032152266\" class=\"col small-12 large-12\"  >\n\t\t\t\t<div class=\"col-inner text-center\" style=\"background-color:rgb(255, 255, 255);\" >\n\t\t\t\n\t\t\t\n\t<div id=\"text-1262593736\" class=\"text\">\n\t\t\n<div class=\"p-top2__title1\">Ch\u00ednh s\u00e1ch tham gia<span>Ch\u01b0\u01a1ng tr\u00ecnh \u0110\u1ed1i t\u00e1c uy t\u00edn<\/span><\/div>\n\t\t\n<style>\n#text-1262593736 {\n  text-align: left;\n}\n<\/style>\n\t<\/div>\n\t\n\n\t\t<div class=\"icon-box featured-box icon-box-left text-left\"  >\n\t\t\t\t\t<div class=\"icon-box-img\" style=\"width: 50px\">\n\t\t\t\t<div class=\"icon\">\n\t\t\t\t\t<div class=\"icon-inner\" >\n\t\t\t\t\t\t<?xml version=\"1.0\" encoding=\"UTF-8\"?>\n<svg width=\"15px\" height=\"15px\" viewBox=\"0 0 15 15\" version=\"1.1\" id=\"paint\" xmlns=\"http:\/\/www.w3.org\/2000\/svg\">\n  <path d=\"M13.5,2.5h-1V1.5027C12.5,1.225,12.2749,1,11.9973,1H1.5027C1.2251,1,1,1.225,1,1.5027v2.9946C1,4.7749,1.2251,5,1.5027,5&#xA;&#x9;h10.4946C12.2749,5,12.5,4.7749,12.5,4.4973V3.5H13v3.1021L6.8877,8.0127C6.6606,8.0654,6.5,8.2676,6.5,8.5v1.5074&#xA;&#x9;c-0.2783,0.02-0.5,0.246-0.5,0.5295v2.9261C6,13.7596,6.2404,14,6.5369,14h0.9261C7.7596,14,8,13.7596,8,13.4631v-2.9261&#xA;&#x9;c0-0.2834-0.2217-0.5095-0.5-0.5295v-1.11l6.1123-1.4102C13.8389,7.4351,14,7.2329,14,7V3C14,2.7236,13.7764,2.5,13.5,2.5z\"\/>\n<\/svg>\t\t\t\t\t<\/div>\n\t\t\t\t<\/div>\n\t\t\t<\/div>\n\t\t\t\t<div class=\"icon-box-text last-reset\">\n\t\t\t\t\t\t\t\t\t\n<h3 class=\"box1_title1\"><span class=\"text1\">\u0110\u00f4\u0301i tu\u031b\u01a1\u0323ng tham gia<\/span><\/h3>\n\t\t<\/div>\n\t<\/div>\n\t\n\t\n\n\t\t<div class=\"icon-box featured-box icon-box-left text-left\"  >\n\t\t\t\t\t<div class=\"icon-box-img\" style=\"width: 50px\">\n\t\t\t\t<div class=\"icon\">\n\t\t\t\t\t<div class=\"icon-inner\" >\n\t\t\t\t\t\t<?xml version=\"1.0\" encoding=\"UTF-8\"?>\n<svg width=\"15px\" height=\"15px\" viewBox=\"0 0 15 15\" version=\"1.1\" id=\"paint\" xmlns=\"http:\/\/www.w3.org\/2000\/svg\">\n  <path d=\"M13.5,2.5h-1V1.5027C12.5,1.225,12.2749,1,11.9973,1H1.5027C1.2251,1,1,1.225,1,1.5027v2.9946C1,4.7749,1.2251,5,1.5027,5&#xA;&#x9;h10.4946C12.2749,5,12.5,4.7749,12.5,4.4973V3.5H13v3.1021L6.8877,8.0127C6.6606,8.0654,6.5,8.2676,6.5,8.5v1.5074&#xA;&#x9;c-0.2783,0.02-0.5,0.246-0.5,0.5295v2.9261C6,13.7596,6.2404,14,6.5369,14h0.9261C7.7596,14,8,13.7596,8,13.4631v-2.9261&#xA;&#x9;c0-0.2834-0.2217-0.5095-0.5-0.5295v-1.11l6.1123-1.4102C13.8389,7.4351,14,7.2329,14,7V3C14,2.7236,13.7764,2.5,13.5,2.5z\"\/>\n<\/svg>\t\t\t\t\t<\/div>\n\t\t\t\t<\/div>\n\t\t\t<\/div>\n\t\t\t\t<div class=\"icon-box-text last-reset\">\n\t\t\t\t\t\t\t\t\t\n<h3 class=\"box1_title1\"><span class=\"text1\">Quy\u00ea\u0300n l\u01a1\u0323i cu\u0309a C\u01b0\u0309a ha\u0300ng tham gia<\/span><\/h3>\n<ul class=\"box1_list1\">\n<li>Tho\u0302ng tin c\u01b0\u0309a ha\u0300ng \u0111u\u031b\u01a1\u0323c hi\u00ea\u0309n thi\u0323 tre\u0302n website cu\u0309a COLORADO ta\u0323i chuye\u0302n mu\u0323c \u0110\u00f4\u0301i ta\u0301c uy ti\u0301n<\/li>\n<li>\u0110u\u031b\u01a1\u0323c h\u00f4\u0303 tr\u01a1\u0323 thi\u00ea\u0301t k\u00ea\u0301 va\u0300 l\u0103\u0301p \u0111\u1ea1\u0306t Ba\u0309ng te\u0302n va\u0300 B\u0103\u0300ng ch\u01b0\u0301ng nh\u1ea1\u0302n\u00a0<strong>\u201c \u0110\u00f4\u0301i ta\u0301c uy ti\u0301n\u201d<\/strong><\/li>\n<li>H\u1eb9\u0302 th\u00f4\u0301ng Hotline COLORADO se\u0303 u\u031bu tie\u0302u gi\u01a1\u0301i thi\u1eb9\u0302u tho\u0302ng tin \u0111\u00ea\u0301n kha\u0301ch ha\u0300ng (th\u00e2\u0300u th\u01a1\u0323, c\u00e1p c\u1ea5p \u0111\u1ea1i l\u00fd, \u0111\u1ea1i l\u00fd \u0111\u1ed9c quy\u1ec1n) khi ca\u0301c kha\u0301ch ha\u0300ng trong khu v\u01b0\u0323c kinh doanh cu\u0309a C\u01b0\u0309a ha\u0300ng co\u0301 pha\u0301t sinh nhu c\u00e2\u0300u mua ha\u0300ng<\/li>\n<\/ul>\n\t\t<\/div>\n\t<\/div>\n\t\n\t\n<a href=\"\/lien-he\" target=\"_self\" class=\"button primary is-outline lowercase nut-xem-them\"  style=\"border-radius:10px;\">\n    <span>\u0110\u0103ng k\u00fd tham gia<\/span>\n  <\/a>\n\n\t\t<\/div>\n\t\t\t\t\n<style>\n#col-2032152266 > .col-inner {\n  padding: 0px 60px 60px 60px;\n  border-radius: 15px;\n}\n<\/style>\n\t<\/div>\n\n\t\n<\/div>\n\t\t<\/div>\n\n\t\t\n<style>\n#section_1408695358 {\n  padding-top: 100px;\n  padding-bottom: 100px;\n}\n#section_1408695358 .section-bg.bg-loaded {\n  background-image: url(https:\/\/theme.tamnguyen.vn\/sonnuoc\/wp-content\/uploads\/2022\/10\/bg1.jpg);\n}\n#section_1408695358 .ux-shape-divider--top svg {\n  height: 150px;\n  --divider-top-width: 100%;\n}\n#section_1408695358 .ux-shape-divider--bottom svg {\n  height: 150px;\n  --divider-width: 100%;\n}\n<\/style>\n\t<\/section>\n\t\n","protected":false},"excerpt":{"rendered":"","protected":false},"author":1,"featured_media":0,"parent":0,"menu_order":0,"comment_status":"closed","ping_status":"closed","template":"page-blank.php","meta":{"footnotes":""},"class_list":["post-67","page","type-page","status-publish","hentry"],"_links":{"self":[{"href":"https:\/\/theme.tamnguyen.vn\/sonnuoc\/wp-json\/wp\/v2\/pages\/67","targetHints":{"allow":["GET"]}}],"collection":[{"href":"https:\/\/theme.tamnguyen.vn\/sonnuoc\/wp-json\/wp\/v2\/pages"}],"about":[{"href":"https:\/\/theme.tamnguyen.vn\/sonnuoc\/wp-json\/wp\/v2\/types\/page"}],"author":[{"embeddable":true,"href":"https:\/\/theme.tamnguyen.vn\/sonnuoc\/wp-json\/wp\/v2\/users\/1"}],"replies":[{"embeddable":true,"href":"https:\/\/theme.tamnguyen.vn\/sonnuoc\/wp-json\/wp\/v2\/comments?post=67"}],"version-history":[{"count":22,"href":"https:\/\/theme.tamnguyen.vn\/sonnuoc\/wp-json\/wp\/v2\/pages\/67\/revisions"}],"predecessor-version":[{"id":590,"href":"https:\/\/theme.tamnguyen.vn\/sonnuoc\/wp-json\/wp\/v2\/pages\/67\/revisions\/590"}],"wp:attachment":[{"href":"https:\/\/theme.tamnguyen.vn\/sonnuoc\/wp-json\/wp\/v2\/media?parent=67"}],"curies":[{"name":"wp","href":"https:\/\/api.w.org\/{rel}","templated":true}]}}