{"id":456,"date":"2022-10-04T09:18:30","date_gmt":"2022-10-04T02:18:30","guid":{"rendered":"https:\/\/sonnuoc.themevivu.net\/?page_id=456"},"modified":"2022-10-04T09:44:09","modified_gmt":"2022-10-04T02:44:09","slug":"hoi-dap","status":"publish","type":"page","link":"https:\/\/theme.tamnguyen.vn\/sonnuoc\/hoi-dap\/","title":{"rendered":"H\u1ecfi \u0111\u00e1p"},"content":{"rendered":"\t<section class=\"section dau-trang-section\" id=\"section_1009581837\">\n\t\t<div class=\"bg section-bg fill bg-fill  \" >\n\n\t\t\t\n\t\t\t<div class=\"section-bg-overlay absolute fill\"><\/div>\n\t\t\t\n\n\t\t<\/div>\n\n\t\t\n\n\t\t<div class=\"section-content relative\">\n\t\t\t\n<div class=\"row\"  id=\"row-1970534287\">\n\n\t<div id=\"col-231875042\" class=\"col small-12 large-12\"  >\n\t\t\t\t<div class=\"col-inner\"  >\n\t\t\t\n\t\t\t\n\t<div id=\"text-2920451974\" class=\"text\">\n\t\t\n<h1 style=\"text-align: center;\"><span style=\"font-size: 130%;\">H\u1ecfi \u0111\u00e1p<\/span><\/h1>\n<nav aria-label=\"breadcrumbs\" class=\"rank-math-breadcrumb\"><p><span class=\"last\">Trang ch\u1ee7<\/span><\/p><\/nav>\n\t\t\n<style>\n#text-2920451974 {\n  text-align: center;\n  color: rgb(255, 255, 255);\n}\n#text-2920451974 > * {\n  color: rgb(255, 255, 255);\n}\n<\/style>\n\t<\/div>\n\t\n\t\t<\/div>\n\t\t\t\t\t<\/div>\n\n\t\n<\/div>\n\t\t<\/div>\n\n\t\t\n<style>\n#section_1009581837 {\n  padding-top: 80px;\n  padding-bottom: 80px;\n}\n#section_1009581837 .section-bg-overlay {\n  background-color: rgba(0, 0, 0, 0.529);\n}\n#section_1009581837 .section-bg.bg-loaded {\n  background-image: url(https:\/\/theme.tamnguyen.vn\/sonnuoc\/wp-content\/uploads\/2022\/10\/cover-web7-1-e1633581392612.jpg);\n}\n#section_1009581837 .ux-shape-divider--top svg {\n  height: 150px;\n  --divider-top-width: 100%;\n}\n#section_1009581837 .ux-shape-divider--bottom svg {\n  height: 150px;\n  --divider-width: 100%;\n}\n<\/style>\n\t<\/section>\n\t\n\t<section class=\"section hoi-dap-1\" id=\"section_33429950\">\n\t\t<div class=\"bg section-bg fill bg-fill  bg-loaded\" >\n\n\t\t\t\n\t\t\t\n\t\t\t\n\n\t\t<\/div>\n\n\t\t\n\n\t\t<div class=\"section-content relative\">\n\t\t\t\n<div class=\"row\"  id=\"row-1228782515\">\n\n\t<div id=\"col-1027761391\" class=\"col cot1 small-12 large-12\"  >\n\t\t\t\t<div class=\"col-inner text-center\"  >\n\t\t\t\n\t\t\t\n<a href=\"\/hoi-dap\/cac-su-co-thuong-gap\/\" target=\"_self\" class=\"button white is-outline is-large lowercase nut-hoi-dap\"  style=\"border-radius:10px;\">\n    <span>C\u00e1c s\u1ef1 c\u1ed1 th\u01b0\u1eddng g\u1eb7p<\/span>\n  <\/a>\n\n<a href=\"\/hoi-dap\/ve-ky-thuat-thi-cong-son-vitec\" target=\"_self\" class=\"button white is-outline is-large lowercase nut-hoi-dap\"  style=\"border-radius:10px;\">\n    <span>V\u1ec1 k\u1ef9 thu\u1eadt thi c\u00f4ng s\u01a1n VITEC<\/span>\n  <\/a>\n\n<a href=\"\/hoi-dap\/ve-san-pham-vitec\" target=\"_self\" class=\"button white is-outline is-large lowercase nut-hoi-dap\"  style=\"border-radius:10px;\">\n    <span>V\u1ec1 s\u1ea3n ph\u1ea9m VITEC<\/span>\n  <\/a>\n\n\t\t<\/div>\n\t\t\t\t\t<\/div>\n\n\t\n\n\t<div id=\"col-894661730\" class=\"col cot2 small-12 large-12\"  >\n\t\t\t\t<div class=\"col-inner box-shadow-2\" style=\"background-color:rgb(249, 249, 249);\" >\n\t\t\t\n\t\t\t\n<h3 class=\"accordion_title\">H\u1ecfi \u0111\u00e1p<\/h3><div class=\"accordion\">\n<div id=\"accordion-14707488\" class=\"accordion-item\"><a id=\"accordion-14707488-label\" href=\"#\" class=\"accordion-title plain active\" aria-expanded=\"true\" aria-controls=\"accordion-14707488-content\"><button class=\"toggle\" aria-label=\"Toggle\"><i class=\"icon-angle-down\"><\/i><\/button><span>C\u00e2u h\u1ecfi 1<\/span><\/a><div id=\"accordion-14707488-content\" class=\"accordion-inner\" style=\"display: block;\" aria-labelledby=\"accordion-14707488-label\">\n<p>N\u1ed9i dung \u0111ang \u0111\u01b0\u1ee3c c\u1eadp nh\u1eadt<\/p>\n<\/div><\/div>\n<div id=\"accordion-3429304654\" class=\"accordion-item\"><a id=\"accordion-3429304654-label\" href=\"#\" class=\"accordion-title plain\" aria-expanded=\"false\" aria-controls=\"accordion-3429304654-content\"><button class=\"toggle\" aria-label=\"Toggle\"><i class=\"icon-angle-down\"><\/i><\/button><span>C\u00e2u h\u1ecfi 2<\/span><\/a><div id=\"accordion-3429304654-content\" class=\"accordion-inner\" aria-labelledby=\"accordion-3429304654-label\">\n<p>N\u1ed9i dung \u0111ang \u0111\u01b0\u1ee3c c\u1eadp nh\u1eadt<\/p>\n<\/div><\/div>\n<div id=\"accordion-3830377115\" class=\"accordion-item\"><a id=\"accordion-3830377115-label\" href=\"#\" class=\"accordion-title plain\" aria-expanded=\"false\" aria-controls=\"accordion-3830377115-content\"><button class=\"toggle\" aria-label=\"Toggle\"><i class=\"icon-angle-down\"><\/i><\/button><span>C\u00e2u h\u1ecfi 3<\/span><\/a><div id=\"accordion-3830377115-content\" class=\"accordion-inner\" aria-labelledby=\"accordion-3830377115-label\">\n<p>N\u1ed9i dung \u0111ang \u0111\u01b0\u1ee3c c\u1eadp nh\u1eadt<\/p>\n<\/div><\/div>\n<\/div>\n\t\t<\/div>\n\t\t\t\t\n<style>\n#col-894661730 > .col-inner {\n  padding: 30px 30px 30px 30px;\n  border-radius: 6px;\n}\n<\/style>\n\t<\/div>\n\n\t\n\n\t<div id=\"col-392939756\" class=\"col cot3 small-12 large-12\"  >\n\t\t\t\t<div class=\"col-inner\" style=\"background-color:rgb(251, 251, 251);\" >\n\t\t\t\n\t\t\t\n<div role=\"form\" class=\"wpcf7\" id=\"wpcf7-f474-o1\" lang=\"vi\" dir=\"ltr\">\n<div class=\"screen-reader-response\"><p role=\"status\" aria-live=\"polite\" aria-atomic=\"true\"><\/p> <ul><\/ul><\/div>\n<form action=\"\/sonnuoc\/wp-json\/wp\/v2\/pages\/456#wpcf7-f474-o1\" method=\"post\" class=\"wpcf7-form init\" novalidate=\"novalidate\" data-status=\"init\">\n<div style=\"display: none;\">\n<input type=\"hidden\" name=\"_wpcf7\" value=\"474\" \/>\n<input type=\"hidden\" name=\"_wpcf7_version\" value=\"5.6.4\" \/>\n<input type=\"hidden\" name=\"_wpcf7_locale\" value=\"vi\" \/>\n<input type=\"hidden\" name=\"_wpcf7_unit_tag\" value=\"wpcf7-f474-o1\" \/>\n<input type=\"hidden\" name=\"_wpcf7_container_post\" value=\"0\" \/>\n<input type=\"hidden\" name=\"_wpcf7_posted_data_hash\" value=\"\" \/>\n<\/div>\n<div class=\"form-cau-hoi\">\n<h3>G\u1eedi c\u00e2u h\u1ecfi<\/h3>\n<p class=\"des\">N\u1ebfu v\u1eabn ch\u01b0a nh\u1eadn \u0111\u01b0\u1ee3c gi\u1ea3i \u0111\u00e1p v\u1eeba \u00fd, qu\u00fd kh\u00e1ch h\u00e0ng c\u00f3 th\u1ec3 c\u00f9ng trao \u0111\u1ed5i v\u1edbi \u0111\u1ed9i ng\u0169 chuy\u00ean gia VITEC<\/p>\n<div class=\"row-info\">\n<div class=\"left\">\n<label>H\u1ecd t\u00ean<\/label><br \/>\n<span class=\"wpcf7-form-control-wrap\" data-name=\"text-79\"><input type=\"text\" name=\"text-79\" value=\"\" size=\"40\" class=\"wpcf7-form-control wpcf7-text wpcf7-validates-as-required\" aria-required=\"true\" aria-invalid=\"false\" placeholder=\"H\u1ecd v\u00e0 t\u00ean...\" \/><\/span>\n<\/div>\n<div class=\"right\">\n<label>\u0110\u1ecba ch\u1ec9 email<\/label><br \/>\n<span class=\"wpcf7-form-control-wrap\" data-name=\"email-864\"><input type=\"email\" name=\"email-864\" value=\"\" size=\"40\" class=\"wpcf7-form-control wpcf7-text wpcf7-email wpcf7-validates-as-email\" aria-invalid=\"false\" placeholder=\"Nh\u1eadp \u0111\u1ecba ch\u1ec9 email...\" \/><\/span>\n<\/div>\n<\/div>\n<div class=\"row-info\">\n<div class=\"left\">\n<label>Ngh\u1ec1 nghi\u1ec7p<\/label><br \/>\n<span class=\"wpcf7-form-control-wrap\" data-name=\"text-78\"><input type=\"text\" name=\"text-78\" value=\"\" size=\"40\" class=\"wpcf7-form-control wpcf7-text\" aria-invalid=\"false\" placeholder=\"Nh\u1eadp ngh\u1ec1 nghi\u1ec7p c\u1ee7a b\u1ea1n\" \/><\/span>\n<\/div>\n<div class=\"right\">\n<label>S\u1ed1 \u0111i\u1ec7n tho\u1ea1i<\/label><br \/>\n<span class=\"wpcf7-form-control-wrap\" data-name=\"tel-630\"><input type=\"tel\" name=\"tel-630\" value=\"\" size=\"40\" class=\"wpcf7-form-control wpcf7-text wpcf7-tel wpcf7-validates-as-required wpcf7-validates-as-tel\" aria-required=\"true\" aria-invalid=\"false\" placeholder=\"Nh\u1eadp s\u1ed1 \u0111i\u1ec7n tho\u1ea1i...\" \/><\/span>\n<\/div>\n<\/div>\n<p><label>Ch\u1ecdn t\u1ec9nh th\u00e0nh<\/label><br \/>\n<span class=\"wpcf7-form-control-wrap\" data-name=\"menu-793\"><select name=\"menu-793\" class=\"wpcf7-form-control wpcf7-select\" aria-invalid=\"false\"><option value=\"An Giang\">An Giang<\/option><option value=\"B\u00e0 R\u1ecba - V\u0169ng T\u00e0u\">B\u00e0 R\u1ecba - V\u0169ng T\u00e0u<\/option><option value=\"B\u1eafc Giang\">B\u1eafc Giang<\/option><option value=\"B\u1eafc K\u1ea1n\">B\u1eafc K\u1ea1n<\/option><option value=\"B\u1ea1c Li\u00eau\">B\u1ea1c Li\u00eau<\/option><option value=\"B\u1eafc Ninh\">B\u1eafc Ninh<\/option><option value=\"B\u1ebfn Tre\">B\u1ebfn Tre<\/option><option value=\"B\u00ecnh \u0110\u1ecbnh\">B\u00ecnh \u0110\u1ecbnh<\/option><option value=\"B\u00ecnh D\u01b0\u01a1ng\">B\u00ecnh D\u01b0\u01a1ng<\/option><option value=\"B\u00ecnh Ph\u01b0\u1edbc\">B\u00ecnh Ph\u01b0\u1edbc<\/option><option value=\"B\u00ecnh Thu\u1eadn\">B\u00ecnh Thu\u1eadn<\/option><option value=\"C\u00e0 Mau\">C\u00e0 Mau<\/option><option value=\"Cao B\u1eb1ng\">Cao B\u1eb1ng<\/option><option value=\"\u0110\u1eafk L\u1eafk\">\u0110\u1eafk L\u1eafk<\/option><option value=\"\u0110\u1eafk N\u00f4ng\">\u0110\u1eafk N\u00f4ng<\/option><option value=\"\u0110i\u1ec7n Bi\u00ean\">\u0110i\u1ec7n Bi\u00ean<\/option><option value=\"\u0110\u1ed3ng Nai\">\u0110\u1ed3ng Nai<\/option><option value=\"\u0110\u1ed3ng Th\u00e1p\">\u0110\u1ed3ng Th\u00e1p<\/option><option value=\"Gia Lai\">Gia Lai<\/option><option value=\"H\u00e0 Giang\">H\u00e0 Giang<\/option><option value=\"H\u00e0 Nam\">H\u00e0 Nam<\/option><option value=\"H\u00e0 T\u0129nh\">H\u00e0 T\u0129nh<\/option><option value=\"H\u1ea3i D\u01b0\u01a1ng\">H\u1ea3i D\u01b0\u01a1ng<\/option><option value=\"H\u1eadu Giang\">H\u1eadu Giang<\/option><option value=\"H\u00f2a B\u00ecnh\">H\u00f2a B\u00ecnh<\/option><option value=\"H\u01b0ng Y\u00ean\">H\u01b0ng Y\u00ean<\/option><option value=\"Kh\u00e1nh H\u00f2a\">Kh\u00e1nh H\u00f2a<\/option><option value=\"Ki\u00ean Giang\">Ki\u00ean Giang<\/option><option value=\"Kon Tum\">Kon Tum<\/option><option value=\"Lai Ch\u00e2u\">Lai Ch\u00e2u<\/option><option value=\"L\u00e2m \u0110\u1ed3ng\">L\u00e2m \u0110\u1ed3ng<\/option><option value=\"L\u1ea1ng S\u01a1n\">L\u1ea1ng S\u01a1n<\/option><option value=\"L\u00e0o Cai\">L\u00e0o Cai<\/option><option value=\"Long An\">Long An<\/option><option value=\"Nam \u0110\u1ecbnh\">Nam \u0110\u1ecbnh<\/option><option value=\"Ngh\u1ec7 An\">Ngh\u1ec7 An<\/option><option value=\"Ninh B\u00ecnh\">Ninh B\u00ecnh<\/option><option value=\"Ninh Thu\u1eadn\">Ninh Thu\u1eadn<\/option><option value=\"Ph\u00fa Th\u1ecd\">Ph\u00fa Th\u1ecd<\/option><option value=\"Qu\u1ea3ng B\u00ecnh\">Qu\u1ea3ng B\u00ecnh<\/option><option value=\"Qu\u1ea3ng Nam\">Qu\u1ea3ng Nam<\/option><option value=\"Qu\u1ea3ng Ng\u00e3i\">Qu\u1ea3ng Ng\u00e3i<\/option><option value=\"Qu\u1ea3ng Ninh\">Qu\u1ea3ng Ninh<\/option><option value=\"Qu\u1ea3ng Tr\u1ecb\">Qu\u1ea3ng Tr\u1ecb<\/option><option value=\"S\u00f3c Tr\u0103ng\">S\u00f3c Tr\u0103ng<\/option><option value=\"S\u01a1n La\">S\u01a1n La<\/option><option value=\"T\u00e2y Ninh\">T\u00e2y Ninh<\/option><option value=\"Th\u00e1i B\u00ecnh\">Th\u00e1i B\u00ecnh<\/option><option value=\"Th\u00e1i Nguy\u00ean\">Th\u00e1i Nguy\u00ean<\/option><option value=\"Thanh H\u00f3a\">Thanh H\u00f3a<\/option><option value=\"Th\u1eeba Thi\u00ean Hu\u1ebf\">Th\u1eeba Thi\u00ean Hu\u1ebf<\/option><option value=\"Ti\u1ec1n Giang\">Ti\u1ec1n Giang<\/option><option value=\"Tr\u00e0 Vinh\">Tr\u00e0 Vinh<\/option><option value=\"Tuy\u00ean Quang\">Tuy\u00ean Quang<\/option><option value=\"V\u0129nh Long\">V\u0129nh Long<\/option><option value=\"V\u0129nh Ph\u00fac\">V\u0129nh Ph\u00fac<\/option><option value=\"Y\u00ean B\u00e1i\">Y\u00ean B\u00e1i<\/option><option value=\"Ph\u00fa Y\u00ean\">Ph\u00fa Y\u00ean<\/option><option value=\"C\u1ea7n Th\u01a1\">C\u1ea7n Th\u01a1<\/option><option value=\"\u0110\u00e0 N\u1eb5ng\">\u0110\u00e0 N\u1eb5ng<\/option><option value=\"H\u1ea3i Ph\u00f2ng\">H\u1ea3i Ph\u00f2ng<\/option><option value=\"H\u00e0 N\u1ed9i\">H\u00e0 N\u1ed9i<\/option><option value=\"TP HCM\">TP HCM<\/option><\/select><\/span><br \/>\n<label>N\u1ed9i dung<\/label><br \/>\n<span class=\"wpcf7-form-control-wrap\" data-name=\"textarea-719\"><textarea name=\"textarea-719\" cols=\"40\" rows=\"10\" class=\"wpcf7-form-control wpcf7-textarea\" aria-invalid=\"false\" placeholder=\"Nh\u1eadp n\u1ed9i dung\"><\/textarea><\/span><br \/>\n<input type=\"submit\" value=\"G\u1eedi c\u00e2u h\u1ecfi\" class=\"wpcf7-form-control has-spinner wpcf7-submit\" \/>\n<\/div>\n<div class=\"wpcf7-response-output\" aria-hidden=\"true\"><\/div><\/form><\/div>\n\t\t<\/div>\n\t\t\t\t\n<style>\n#col-392939756 > .col-inner {\n  padding: 30px 30px 30px 30px;\n  border-radius: 10px;\n}\n<\/style>\n\t<\/div>\n\n\t\n<\/div>\n\t\t<\/div>\n\n\t\t\n<style>\n#section_33429950 {\n  padding-top: 30px;\n  padding-bottom: 30px;\n}\n#section_33429950 .ux-shape-divider--top svg {\n  height: 150px;\n  --divider-top-width: 100%;\n}\n#section_33429950 .ux-shape-divider--bottom svg {\n  height: 150px;\n  --divider-width: 100%;\n}\n<\/style>\n\t<\/section>\n\t\n","protected":false},"excerpt":{"rendered":"","protected":false},"author":1,"featured_media":0,"parent":0,"menu_order":0,"comment_status":"closed","ping_status":"closed","template":"page-blank.php","meta":{"footnotes":""},"class_list":["post-456","page","type-page","status-publish","hentry"],"_links":{"self":[{"href":"https:\/\/theme.tamnguyen.vn\/sonnuoc\/wp-json\/wp\/v2\/pages\/456","targetHints":{"allow":["GET"]}}],"collection":[{"href":"https:\/\/theme.tamnguyen.vn\/sonnuoc\/wp-json\/wp\/v2\/pages"}],"about":[{"href":"https:\/\/theme.tamnguyen.vn\/sonnuoc\/wp-json\/wp\/v2\/types\/page"}],"author":[{"embeddable":true,"href":"https:\/\/theme.tamnguyen.vn\/sonnuoc\/wp-json\/wp\/v2\/users\/1"}],"replies":[{"embeddable":true,"href":"https:\/\/theme.tamnguyen.vn\/sonnuoc\/wp-json\/wp\/v2\/comments?post=456"}],"version-history":[{"count":18,"href":"https:\/\/theme.tamnguyen.vn\/sonnuoc\/wp-json\/wp\/v2\/pages\/456\/revisions"}],"predecessor-version":[{"id":490,"href":"https:\/\/theme.tamnguyen.vn\/sonnuoc\/wp-json\/wp\/v2\/pages\/456\/revisions\/490"}],"wp:attachment":[{"href":"https:\/\/theme.tamnguyen.vn\/sonnuoc\/wp-json\/wp\/v2\/media?parent=456"}],"curies":[{"name":"wp","href":"https:\/\/api.w.org\/{rel}","templated":true}]}}