{"id":321,"date":"2019-08-21T00:13:37","date_gmt":"2019-08-21T07:13:37","guid":{"rendered":"http:\/\/sango.w2steam.com\/?post_type=product&amp;p=321"},"modified":"2019-08-21T00:13:37","modified_gmt":"2019-08-21T07:13:37","slug":"san-go-huong-chau-phi-padouck","status":"publish","type":"product","link":"https:\/\/theme.tamnguyen.vn\/sango\/san-pham\/san-go-huong-chau-phi-padouck\/","title":{"rendered":"S\u00e0n g\u1ed7 H\u01b0\u01a1ng Ch\u00e2u Phi (PADOUCK)"},"content":{"rendered":"<p>G\u1ed7 h\u01b0\u01a1ng c\u00f3 \u0111\u1eb7c \u0111i\u1ec3m m\u00f9i th\u01a1m d\u1ecbu, c\u1ed1t g\u1ed7 c\u1ee9ng, ch\u1ed1ng m\u1ed1i m\u1ecdt, kh\u00f4ng \u0111\u1ed9c h\u1ea1i, s\u1eed d\u1ee5ng ti\u1ec7n l\u1ee3i, r\u1ea5t th\u00edch h\u1ee3p cho gia c\u00f4ng \u0111\u1ed3 n\u1ed9i th\u1ea5t. B\u1ec1 m\u1eb7t g\u1ed7 h\u01b0\u01a1ng c\u00f3 m\u00e0u \u0111\u1ecf ho\u1eb7c v\u00e0ng, v\u00e2n g\u1ed7 h\u01b0\u01a1ng th\u1eb3ng, tom g\u1ed7 nh\u1ecf v\u00e0 m\u1ecbn c\u00f3 nhi\u1ec1u d\u1ea3i m\u00e0u s\u1eafc tr\u00f4ng r\u1ea5t \u0111\u1eb9p.<\/p>\n<p><img loading=\"lazy\" decoding=\"async\" class=\"aligncenter size-full wp-image-231\" src=\"https:\/\/sangosht.vn\/wp-content\/uploads\/2019\/05\/Huong-chau-phi-1.jpg\" sizes=\"auto, (max-width: 411px) 100vw, 411px\" srcset=\"https:\/\/sangosht.vn\/wp-content\/uploads\/2019\/05\/Huong-chau-phi-1.jpg 411w, https:\/\/sangosht.vn\/wp-content\/uploads\/2019\/05\/Huong-chau-phi-1-294x300.jpg 294w\" alt=\"\" width=\"411\" height=\"420\" \/><\/p>\n","protected":false},"excerpt":{"rendered":"<ul>\n<li>K\u00edch th\u01b0\u1edbc: 15;18 x 60;90;120 x 600;750;900;1200;1500<\/li>\n<li>Big size: 15:18 x 150; 180 x 1500;1800 (D\u00e0y x R\u1ed9ng x D\u00e0i)<\/li>\n<li>\u0110\u1ed9 \u1ea9m t\u1eeb 10 \u0111\u1ebfn 12%<\/li>\n<li>C\u1ea1nh ph\u1ee7 s\u00e1p n\u1ebfn ch\u1ed1ng \u1ea9m<\/li>\n<li>S\u01a1n UV 8 l\u1edbp ho\u00e0n thi\u1ec7n<\/li>\n<li>Kh\u1ea3 n\u0103ng ch\u1ecbu m\u00e0i m\u00f2n, ch\u1ed1ng tr\u1ea7y x\u01b0\u1edbc b\u1ec1 m\u1eb7t, ch\u1ed1ng cong v\u00eanh<\/li>\n<\/ul>\n","protected":false},"featured_media":324,"comment_status":"open","ping_status":"closed","template":"","meta":[],"product_cat":[22],"product_tag":[],"class_list":["post-321","product","type-product","status-publish","has-post-thumbnail","hentry","product_cat-san-go-tu-nhien-sht"],"acf":[],"_links":{"self":[{"href":"https:\/\/theme.tamnguyen.vn\/sango\/wp-json\/wp\/v2\/product\/321","targetHints":{"allow":["GET"]}}],"collection":[{"href":"https:\/\/theme.tamnguyen.vn\/sango\/wp-json\/wp\/v2\/product"}],"about":[{"href":"https:\/\/theme.tamnguyen.vn\/sango\/wp-json\/wp\/v2\/types\/product"}],"replies":[{"embeddable":true,"href":"https:\/\/theme.tamnguyen.vn\/sango\/wp-json\/wp\/v2\/comments?post=321"}],"wp:featuredmedia":[{"embeddable":true,"href":"https:\/\/theme.tamnguyen.vn\/sango\/wp-json\/wp\/v2\/media\/324"}],"wp:attachment":[{"href":"https:\/\/theme.tamnguyen.vn\/sango\/wp-json\/wp\/v2\/media?parent=321"}],"wp:term":[{"taxonomy":"product_cat","embeddable":true,"href":"https:\/\/theme.tamnguyen.vn\/sango\/wp-json\/wp\/v2\/product_cat?post=321"},{"taxonomy":"product_tag","embeddable":true,"href":"https:\/\/theme.tamnguyen.vn\/sango\/wp-json\/wp\/v2\/product_tag?post=321"}],"curies":[{"name":"wp","href":"https:\/\/api.w.org\/{rel}","templated":true}]}}