{"id":309,"date":"2019-08-20T23:50:13","date_gmt":"2019-08-21T06:50:13","guid":{"rendered":"http:\/\/sango.w2steam.com\/?post_type=product&amp;p=309"},"modified":"2019-08-20T23:50:13","modified_gmt":"2019-08-21T06:50:13","slug":"san-go-mun-nam-my-tiger-wood","status":"publish","type":"product","link":"https:\/\/theme.tamnguyen.vn\/sango\/san-pham\/san-go-mun-nam-my-tiger-wood\/","title":{"rendered":"S\u00e0n g\u1ed7 Mun Nam M\u1ef9 (TIGER WOOD)"},"content":{"rendered":"<p>G\u1ed7 mun c\u00f3 ch\u1ea5t l\u01b0\u1ee3ng r\u1ea5t t\u1ed1t v\u1edbi \u0111\u1ed9 b\u1ec1n c\u01a1 h\u1ecdc cao, kh\u1ea3 n\u0103ng ch\u1ed1ng m\u1ed1i m\u1ecdt t\u1ef1 nhi\u00ean, g\u1ed7 c\u00f3 \u0111\u1eb7c t\u00ednh r\u1ea5t n\u1eb7ng v\u00e0 s\u1edb g\u1ed7 m\u1ecbn, \u0111anh c\u1ee9ng, v\u00e2n g\u1ed7 c\u00f3 nh\u1eefng hoa v\u0103n s\u1ecdc tr\u1eafng v\u00e0ng v\u00e0 \u0111en h\u00f2a quy\u1ec7n l\u1eabn nhau r\u1ea5t \u0111\u1eb9p m\u1eaft<\/p>\n<p><img loading=\"lazy\" decoding=\"async\" class=\"aligncenter size-full wp-image-256\" src=\"https:\/\/sangosht.vn\/wp-content\/uploads\/2019\/05\/Mun-1.jpg\" sizes=\"auto, (max-width: 384px) 100vw, 384px\" srcset=\"https:\/\/sangosht.vn\/wp-content\/uploads\/2019\/05\/Mun-1.jpg 384w, https:\/\/sangosht.vn\/wp-content\/uploads\/2019\/05\/Mun-1-184x300.jpg 184w\" alt=\"\" width=\"384\" height=\"626\" \/><\/p>\n","protected":false},"excerpt":{"rendered":"<ul>\n<li>K\u00edch th\u01b0\u1edbc: 15;18 x 60;90;120 x 600;750;900;1200;1500<\/li>\n<li>Big size: 15:18 x 150; 180 x 1500;1800 (D\u00e0y x R\u1ed9ng x D\u00e0i)<\/li>\n<li>\u0110\u1ed9 \u1ea9m t\u1eeb 10 \u0111\u1ebfn 12%<\/li>\n<li>C\u1ea1nh ph\u1ee7 s\u00e1p n\u1ebfn ch\u1ed1ng \u1ea9m<\/li>\n<li>S\u01a1n UV 8 l\u1edbp ho\u00e0n thi\u1ec7n<\/li>\n<li>Kh\u1ea3 n\u0103ng ch\u1ecbu m\u00e0i m\u00f2n, ch\u1ed1ng tr\u1ea7y x\u01b0\u1edbc b\u1ec1 m\u1eb7t, ch\u1ed1ng cong v\u00eanh<\/li>\n<\/ul>\n","protected":false},"featured_media":310,"comment_status":"open","ping_status":"closed","template":"","meta":[],"product_cat":[22],"product_tag":[],"class_list":["post-309","product","type-product","status-publish","has-post-thumbnail","hentry","product_cat-san-go-tu-nhien-sht"],"acf":[],"_links":{"self":[{"href":"https:\/\/theme.tamnguyen.vn\/sango\/wp-json\/wp\/v2\/product\/309","targetHints":{"allow":["GET"]}}],"collection":[{"href":"https:\/\/theme.tamnguyen.vn\/sango\/wp-json\/wp\/v2\/product"}],"about":[{"href":"https:\/\/theme.tamnguyen.vn\/sango\/wp-json\/wp\/v2\/types\/product"}],"replies":[{"embeddable":true,"href":"https:\/\/theme.tamnguyen.vn\/sango\/wp-json\/wp\/v2\/comments?post=309"}],"wp:featuredmedia":[{"embeddable":true,"href":"https:\/\/theme.tamnguyen.vn\/sango\/wp-json\/wp\/v2\/media\/310"}],"wp:attachment":[{"href":"https:\/\/theme.tamnguyen.vn\/sango\/wp-json\/wp\/v2\/media?parent=309"}],"wp:term":[{"taxonomy":"product_cat","embeddable":true,"href":"https:\/\/theme.tamnguyen.vn\/sango\/wp-json\/wp\/v2\/product_cat?post=309"},{"taxonomy":"product_tag","embeddable":true,"href":"https:\/\/theme.tamnguyen.vn\/sango\/wp-json\/wp\/v2\/product_tag?post=309"}],"curies":[{"name":"wp","href":"https:\/\/api.w.org\/{rel}","templated":true}]}}