{"id":10222,"date":"2020-02-22T09:52:51","date_gmt":"2020-02-22T02:52:51","guid":{"rendered":"http:\/\/party.lamgia.biz\/?post_type=product&#038;p=10222"},"modified":"2020-02-22T09:52:51","modified_gmt":"2020-02-22T02:52:51","slug":"mo-hinh-chibi-be-trai-khoac-tui-di-hoc","status":"publish","type":"product","link":"https:\/\/theme.tamnguyen.vn\/party\/san-pham\/mo-hinh-chibi-be-trai-khoac-tui-di-hoc\/","title":{"rendered":"M\u00f4 h\u00ecnh Chibi B\u00e9 trai kho\u00e1c t\u00fai \u0111i h\u1ecdc"},"content":{"rendered":"<p>\u0110i\u1ec3m nh\u1ea5n c\u1ee7a b\u1eefa ti\u1ec7c l\u00e0 h\u00ecnh c\u00e1c b\u00e9 \u0111\u01b0\u1ee3c g\u1eafn v\u00e0o nh\u1eefng nh\u00e2n v\u1eadt ho\u1ea1t h\u00ecnh ng\u1ed9 ngh\u0129nh.<\/p>\n<p>T\u1ea1i NANA cung c\u1ea5p c\u00e1c h\u00ecnh Chibi \u0111\u1eb9p, \u0111\u01b0\u1ee3c c\u1eaft t\u1ec9a c\u1ea9n th\u1eadn cho kh\u00e1ch h\u00e0ng l\u1ef1a ch\u1ecdn.<\/p>\n<p>Nana Party cung c\u1ea5p c\u00e1c k\u00edch th\u01b0\u1edbc Chibi: 35cm &#8211; 65cm &#8211; 100cm-150cm<\/p>\n<p>\u2728L\u00c0M CHIBI SINH NH\u1eacT SI\u00caU C\u1ea4P \u0110\u00c1NG Y\u00caU CHO B\u00c9<br \/>\n\ud83e\udd73\ud83e\udd73S\u1eafp sinh nh\u1eadt b\u00e9 y\u00eau r\u1ed3i, c\u00e1c m\u1eb9 \u0111\u00e3 bi\u1ebft l\u00e0m th\u1ebf n\u00e0o \u0111\u1ec3 c\u00f3 m\u1ed9t ng\u00e0y l\u1ec5 kh\u00f3 qu\u00ean v\u00e0 tr\u00e0n ng\u1eadp ni\u1ec1m vui ch\u01b0a\ud83d\udc83\ud83d\udc83<br \/>\n\ud83d\udc91\ud83d\udc91C\u1ea3m gi\u00e1c \u0111\u01b0\u1ee3c t\u1ef1 chu\u1ea9n b\u1ecb cho nh\u1eefng s\u1ef1 ki\u1ec7n \u0111\u1ea7u \u0111\u1eddi c\u1ee7a b\u00e9 lu\u00f4n l\u00e0 nh\u1eefng ni\u1ec1m vui kh\u00f3 t\u1ea3. H\u00e3y \u0111\u1ec3 Nana gi\u00fap c\u00e1c m\u1eb9 l\u00e0m \u0111i\u1ec1u \u0111\u00f3 nha\ud83e\udd70\ud83e\udd70\ud83e\udd70<br \/>\n\ud83d\udc49\ud83d\udc49C\u00e1c m\u1eb9 inbox ngay Nana \u0111\u1ec3 \u0111\u01b0\u1ee3c t\u01b0 v\u1ea5n nhi\u1ec7t t\u00ecnh nh\u00e9!<br \/>\n\ud83d\udc8b\u00a0L\u00e0m chibi \u0111\u00e1ng iu v\u1edbi gi\u00e1 si\u00eau r\u1ebb ch\u1ea5t l\u01b0\u1ee3ng si\u00eau c\u1ea5p<br \/>\n\ud83d\udc8b\u00a0H\u00e0ng tr\u0103m m\u1eabu chibi nhi\u1ec1u ch\u1ee7 \u0111\u1ec1 cho b\u00e9 th\u00eam \u0111\u00e1ng y\u00eau<br \/>\n\ud83d\udc8b\u00a0H\u00ecnh Chibi t\u01b0\u01a1i t\u1eafn, b\u1ec1n m\u00e0u, tha h\u1ed3 tr\u01b0ng b\u00e0y<br \/>\n\ud83d\udc8b\u00a0C\u00f3 \u0111\u1ebf \u0111\u1ec3 b\u00e0n ho\u1eb7c treo t\u01b0\u1eddng cho m\u1ed7i h\u00ecnh<br \/>\n\ud83d\udc8b\u00a0Cung c\u1ea5p ph\u1ee5 ki\u1ec7n trang tr\u00ed sinh nh\u1eadt k\u00e8m chibi<br \/>\nM\u1ed7i b\u00e9 y\u00eau l\u00e0 t\u00e0i s\u1ea3n qu\u00fd nh\u1ea5t c\u1ee7a m\u1eb9.\u2763\ufe0f\u2763\ufe0f<br \/>\nS\u1eafp \u0111\u1ebfn sinh nh\u1eadt con iu r\u00f9i c\u00f2n ch\u1ea7n ch\u1eeb g\u00ec n\u1eefa m\u00e0 kh\u00f4ng \u0111\u1ebfn ngay Nana \u1ea1<br \/>\n<img decoding=\"async\" src=\"https:\/\/bizweb.dktcdn.net\/100\/357\/095\/files\/54727910-570007530174056-3386204567522770944-n.jpg?v=1568112926211\" data-thumb=\"original\" \/><img decoding=\"async\" src=\"https:\/\/bizweb.dktcdn.net\/100\/357\/095\/files\/60466008-599613810546761-5929036214203056128-n.jpg?v=1568112940047\" data-thumb=\"original\" \/><img decoding=\"async\" src=\"https:\/\/bizweb.dktcdn.net\/100\/357\/095\/files\/66131899-631078770733598-1623700811315937280-n.jpg?v=1568113499618\" data-thumb=\"original\" \/><img decoding=\"async\" src=\"https:\/\/bizweb.dktcdn.net\/100\/357\/095\/files\/68361967-656578794850262-8601495832212013056-n.jpg?v=1568114009714\" data-thumb=\"original\" \/><\/p>\n<p>&#8212;&#8212;-<\/p>\n<p><strong>Kh\u00e1ch h\u00e0ng c\u00f3 th\u1ec3 \u0111\u1eb7t h\u00e0ng qua 4\u00a0h\u00ecnh th\u1ee9c:\u00a0<\/strong><\/p>\n<p>\u260e Qua Hotline: 0962.533.111<\/p>\n<p>\u260e Qua website:\u00a0<a href=\"https:\/\/nana-group.vn\/\">https:\/\/nana-group.vn<\/a><\/p>\n<p>\u260e Qua Facebook:\u00a0<a href=\"https:\/\/www.facebook.com\/NanaPartyWorld\/\">Nana Party World<\/a><\/p>\n<p>\u260e\u00a0Qua tr\u1ef1c ti\u1ebfp c\u1eeda h\u00e0ng t\u1ea1i:<\/p>\n<p>\ud83c\udfea\u00a0CS1: 360C Kh\u00e2m Thi\u00ean,\u00a0\u0110\u1ed1ng \u0110a, H\u00e0 N\u1ed9i (T\u1ea7ng 2)<\/p>\n<p>\ud83c\udfea\u00a0CS2: B13 &#8211; s\u1ed1\u00a053 Tri\u1ec1u Kh\u00fac,\u00a0Thanh Xu\u00e2n, H\u00e0 N\u1ed9i<\/p>\n","protected":false},"excerpt":{"rendered":"<div class=\"product-summary product_description margin-bottom-15 margin-top-15\">\n<div class=\"rte description\">\n<p>Chibi in PP cao c\u1ea5p d\u00e1n v\u00e0 c\u1eaft chi ti\u1ebft tr\u00ean Fomex m\u00f4 h\u00ecnh 5 ly.<\/p>\n<\/div>\n<\/div>\n<div class=\"form-product\">\n<form id=\"add-to-cart-form\" class=\"form-inline\" action=\"https:\/\/nanagroup.vn\/cart\/add\" enctype=\"multipart\/form-data\" method=\"post\">\n<div class=\"select-swatch\">\n<div id=\"variant-swatch-0\" class=\"swatch clearfix\" data-option=\"option1\" data-option-index=\"0\"><\/div>\n<\/div>\n<\/form>\n<\/div>\n","protected":false},"featured_media":10223,"comment_status":"closed","ping_status":"closed","template":"","meta":[],"product_cat":[1668,1295],"product_tag":[],"class_list":["post-10222","product","type-product","status-publish","has-post-thumbnail","hentry","product_cat-chibi-be-trai","product_cat-mo-hinh-chibi"],"_links":{"self":[{"href":"https:\/\/theme.tamnguyen.vn\/party\/wp-json\/wp\/v2\/product\/10222","targetHints":{"allow":["GET"]}}],"collection":[{"href":"https:\/\/theme.tamnguyen.vn\/party\/wp-json\/wp\/v2\/product"}],"about":[{"href":"https:\/\/theme.tamnguyen.vn\/party\/wp-json\/wp\/v2\/types\/product"}],"replies":[{"embeddable":true,"href":"https:\/\/theme.tamnguyen.vn\/party\/wp-json\/wp\/v2\/comments?post=10222"}],"wp:featuredmedia":[{"embeddable":true,"href":"https:\/\/theme.tamnguyen.vn\/party\/wp-json\/wp\/v2\/media\/10223"}],"wp:attachment":[{"href":"https:\/\/theme.tamnguyen.vn\/party\/wp-json\/wp\/v2\/media?parent=10222"}],"wp:term":[{"taxonomy":"product_cat","embeddable":true,"href":"https:\/\/theme.tamnguyen.vn\/party\/wp-json\/wp\/v2\/product_cat?post=10222"},{"taxonomy":"product_tag","embeddable":true,"href":"https:\/\/theme.tamnguyen.vn\/party\/wp-json\/wp\/v2\/product_tag?post=10222"}],"curies":[{"name":"wp","href":"https:\/\/api.w.org\/{rel}","templated":true}]}}