{"id":10211,"date":"2020-02-22T09:39:07","date_gmt":"2020-02-22T02:39:07","guid":{"rendered":"http:\/\/party.lamgia.biz\/?post_type=product&#038;p=10211"},"modified":"2020-02-22T09:39:07","modified_gmt":"2020-02-22T02:39:07","slug":"ly-hong-cham-bi-de-thuong","status":"publish","type":"product","link":"https:\/\/theme.tamnguyen.vn\/party\/san-pham\/ly-hong-cham-bi-de-thuong\/","title":{"rendered":"Ly h\u1ed3ng ch\u1ea5m bi d\u1ec5 th\u01b0\u01a1ng cho b\u00e9"},"content":{"rendered":"<p><strong>C\u00e1c ph\u1ee5 ki\u1ec7n r\u1ea5t \u0111\u01a1n gi\u1ea3n nh\u01b0ng thi\u1ebft y\u1ebfu kh\u00f4ng th\u1ec3 thi\u1ebfu trong b\u1eefa ti\u1ec7c.<\/strong><\/p>\n<p><strong>Nana cung c\u1ea5p c\u00e1c lo\u1ea1i c\u1ed1c, \u0111\u0129a, d\u0129a, \u1ed1ng h\u00fat\u00a0\u0111\u1ee7 c\u00e1c m\u00e0u s\u1eafc \u0111\u1ec3 ph\u00f9 h\u1ee3p v\u1edbi b\u00e0n ti\u1ec7c c\u1ee7a kh\u00e1ch h\u00e0ng.\u00a0<\/strong><br \/>\n<strong>&#8212;&#8212;-<\/strong><\/p>\n<p><strong>Kh\u00e1ch h\u00e0ng c\u00f3 th\u1ec3 \u0111\u1eb7t h\u00e0ng qua 4\u00a0h\u00ecnh th\u1ee9c:\u00a0<\/strong><\/p>\n<p><strong>\u260e Qua Hotline: 0962.533.111<\/strong><\/p>\n<p><strong>\u260e Qua website:\u00a0<a href=\"https:\/\/nana-group.vn\/\">https:\/\/nana-group.vn<\/a><\/strong><\/p>\n<p><strong>\u260e Qua Facebook:\u00a0<a href=\"https:\/\/www.facebook.com\/NanaPartyWorld\/\">Nana Party World<\/a><\/strong><\/p>\n<p><strong>\u260e\u00a0Qua tr\u1ef1c ti\u1ebfp c\u1eeda h\u00e0ng t\u1ea1i:\u00a0<\/strong><\/p>\n<p><strong>\ud83c\udfea\u00a0CS1: 360C Kh\u00e2m Thi\u00ean,\u00a0\u0110\u1ed1ng \u0110a, H\u00e0 N\u1ed9i (T\u1ea7ng 2)\u00a0<\/strong><\/p>\n<p><strong>\ud83c\udfea\u00a0CS2: B13 &#8211; s\u1ed1\u00a053 Tri\u1ec1u Kh\u00fac,\u00a0Thanh Xu\u00e2n, H\u00e0 N\u1ed9i<\/strong><\/p>\n","protected":false},"excerpt":{"rendered":"<p>C\u00e1c ph\u1ee5 ki\u1ec7n r\u1ea5t \u0111\u01a1n gi\u1ea3n nh\u01b0ng thi\u1ebft y\u1ebfu kh\u00f4ng th\u1ec3 thi\u1ebfu trong b\u1eefa ti\u1ec7c. Nana cung c\u1ea5p c\u00e1c lo\u1ea1i c\u1ed1c, \u0111\u0129a, d\u0129a, \u1ed1ng h\u00fat\u00a0\u0111\u1ee7 c\u00e1c m\u00e0u s\u1eafc \u0111\u1ec3 ph\u00f9 h\u1ee3p v\u1edbi b\u00e0n ti\u1ec7c c\u1ee7a kh\u00e1ch h\u00e0ng.<\/p>\n","protected":false},"featured_media":10212,"comment_status":"closed","ping_status":"closed","template":"","meta":[],"product_cat":[1670,1378],"product_tag":[],"class_list":["post-10211","product","type-product","status-publish","has-post-thumbnail","hentry","product_cat-coc-dia-dia-ong-hut","product_cat-phu-kien-trang-tri-sinh-nhat"],"_links":{"self":[{"href":"https:\/\/theme.tamnguyen.vn\/party\/wp-json\/wp\/v2\/product\/10211","targetHints":{"allow":["GET"]}}],"collection":[{"href":"https:\/\/theme.tamnguyen.vn\/party\/wp-json\/wp\/v2\/product"}],"about":[{"href":"https:\/\/theme.tamnguyen.vn\/party\/wp-json\/wp\/v2\/types\/product"}],"replies":[{"embeddable":true,"href":"https:\/\/theme.tamnguyen.vn\/party\/wp-json\/wp\/v2\/comments?post=10211"}],"wp:featuredmedia":[{"embeddable":true,"href":"https:\/\/theme.tamnguyen.vn\/party\/wp-json\/wp\/v2\/media\/10212"}],"wp:attachment":[{"href":"https:\/\/theme.tamnguyen.vn\/party\/wp-json\/wp\/v2\/media?parent=10211"}],"wp:term":[{"taxonomy":"product_cat","embeddable":true,"href":"https:\/\/theme.tamnguyen.vn\/party\/wp-json\/wp\/v2\/product_cat?post=10211"},{"taxonomy":"product_tag","embeddable":true,"href":"https:\/\/theme.tamnguyen.vn\/party\/wp-json\/wp\/v2\/product_tag?post=10211"}],"curies":[{"name":"wp","href":"https:\/\/api.w.org\/{rel}","templated":true}]}}