{"id":10209,"date":"2020-02-22T09:36:45","date_gmt":"2020-02-22T02:36:45","guid":{"rendered":"http:\/\/party.lamgia.biz\/?post_type=product&#038;p=10209"},"modified":"2020-02-22T09:36:45","modified_gmt":"2020-02-22T02:36:45","slug":"day-tua-rua-mau-vang-trang-tri-sinh-nhat","status":"publish","type":"product","link":"https:\/\/theme.tamnguyen.vn\/party\/san-pham\/day-tua-rua-mau-vang-trang-tri-sinh-nhat\/","title":{"rendered":"D\u00e2y tua rua m\u00e0u v\u00e0ng trang tr\u00ed sinh nh\u1eadt"},"content":{"rendered":"<p>\ud83c\udf89TUA RUA<br \/>\nM\u1ed9t ch\u00fat m\u00e0u s\u1eafc s\u1ebd mang \u0111\u1ebfn m\u1ed9t b\u1eefa ti\u1ec7c vui t\u01b0\u01a1i, m\u1ed9t b\u1eefa ti\u1ec7c ch\u1ee9a \u0111\u1ea7y t\u00ecnh c\u1ea3m!<\/p>\n<p>&nbsp;<\/p>\n<p><img decoding=\"async\" src=\"https:\/\/bizweb.dktcdn.net\/100\/357\/095\/files\/dsc01953.jpg?v=1580465639529\" data-thumb=\"original\" \/><\/p>\n<p>&#8212;&#8212;-<\/p>\n<p><strong>Kh\u00e1ch h\u00e0ng c\u00f3 th\u1ec3 \u0111\u1eb7t h\u00e0ng qua 4\u00a0h\u00ecnh th\u1ee9c:\u00a0<\/strong><\/p>\n<p>\u260e Qua Hotline: 0962.533.111<\/p>\n<p>\u260e Qua website:\u00a0<a href=\"https:\/\/nana-group.vn\/\">https:\/\/nana-group.vn<\/a><\/p>\n<p>\u260e Qua Facebook:\u00a0<a href=\"https:\/\/www.facebook.com\/NanaPartyWorld\/\">Nana Party World<\/a><\/p>\n<p>\u260e\u00a0Qua tr\u1ef1c ti\u1ebfp c\u1eeda h\u00e0ng t\u1ea1i:<\/p>\n<p>\ud83c\udfea\u00a0CS1: 360C Kh\u00e2m Thi\u00ean,\u00a0\u0110\u1ed1ng \u0110a, H\u00e0 N\u1ed9i (T\u1ea7ng 2)<\/p>\n<p>\ud83c\udfea\u00a0CS2: B13 &#8211; s\u1ed1\u00a053 Tri\u1ec1u Kh\u00fac,\u00a0Thanh Xu\u00e2n, H\u00e0 N\u1ed9i<\/p>\n","protected":false},"excerpt":{"rendered":"<ul>\n<li><strong>Ch\u1ea5t li\u1ec7u:<\/strong> gi\u1ea5y<\/li>\n<li><strong>K\u00edch th\u01b0\u1edbc:<\/strong> 37cm<\/li>\n<li><strong>S\u1ed1 l\u01b0\u1ee3ng:<\/strong> 5 mi\u1ebfng<\/li>\n<\/ul>\n","protected":false},"featured_media":10210,"comment_status":"closed","ping_status":"closed","template":"","meta":[],"product_cat":[1378,1577],"product_tag":[],"class_list":["post-10209","product","type-product","status-publish","has-post-thumbnail","hentry","product_cat-phu-kien-trang-tri-sinh-nhat","product_cat-tua-rua"],"_links":{"self":[{"href":"https:\/\/theme.tamnguyen.vn\/party\/wp-json\/wp\/v2\/product\/10209","targetHints":{"allow":["GET"]}}],"collection":[{"href":"https:\/\/theme.tamnguyen.vn\/party\/wp-json\/wp\/v2\/product"}],"about":[{"href":"https:\/\/theme.tamnguyen.vn\/party\/wp-json\/wp\/v2\/types\/product"}],"replies":[{"embeddable":true,"href":"https:\/\/theme.tamnguyen.vn\/party\/wp-json\/wp\/v2\/comments?post=10209"}],"wp:featuredmedia":[{"embeddable":true,"href":"https:\/\/theme.tamnguyen.vn\/party\/wp-json\/wp\/v2\/media\/10210"}],"wp:attachment":[{"href":"https:\/\/theme.tamnguyen.vn\/party\/wp-json\/wp\/v2\/media?parent=10209"}],"wp:term":[{"taxonomy":"product_cat","embeddable":true,"href":"https:\/\/theme.tamnguyen.vn\/party\/wp-json\/wp\/v2\/product_cat?post=10209"},{"taxonomy":"product_tag","embeddable":true,"href":"https:\/\/theme.tamnguyen.vn\/party\/wp-json\/wp\/v2\/product_tag?post=10209"}],"curies":[{"name":"wp","href":"https:\/\/api.w.org\/{rel}","templated":true}]}}