{"id":10207,"date":"2020-02-22T09:34:47","date_gmt":"2020-02-22T02:34:47","guid":{"rendered":"http:\/\/party.lamgia.biz\/?post_type=product&#038;p=10207"},"modified":"2020-02-22T09:34:47","modified_gmt":"2020-02-22T02:34:47","slug":"den-de-ban-hinh-tho-mau-hong-de-thuong","status":"publish","type":"product","link":"https:\/\/theme.tamnguyen.vn\/party\/san-pham\/den-de-ban-hinh-tho-mau-hong-de-thuong\/","title":{"rendered":"\u0110\u00e8n \u0111\u1ec3 b\u00e0n h\u00ecnh th\u1ecf m\u00e0u h\u1ed3ng d\u1ec5 th\u01b0\u01a1ng"},"content":{"rendered":"<p>Kh\u00f4ng ch\u1ec9 trang tr\u00ed cho b\u00e0n ti\u1ec7c m\u00e0 \u0111\u00e8n trang tr\u00ed nh\u00e0 Nana c\u00f3 th\u1ec3 trang tr\u00ed kh\u00f4ng gian kh\u00e1c nh\u01b0 ph\u00f2ng kh\u00e1ch, ph\u00f2ng ng\u1ee7, ph\u00f2ng l\u00e0m vi\u1ec7c. Th\u00eam m\u1ed9t ch\u00fat \u0111\u00e8n s\u1ebd l\u00e0m kh\u00f4ng gian nh\u00e0 b\u1ea1n th\u00eam \u0111i\u1ec3m nh\u1ea5n.<\/p>\n<p><img decoding=\"async\" src=\"https:\/\/bizweb.dktcdn.net\/100\/357\/095\/products\/mg-9243.jpg?v=1566563603163\" data-thumb=\"original\" \/>&#8212;&#8212;-<\/p>\n<p><strong>Kh\u00e1ch h\u00e0ng c\u00f3 th\u1ec3 \u0111\u1eb7t h\u00e0ng qua 4\u00a0h\u00ecnh th\u1ee9c:\u00a0<\/strong><\/p>\n<p>\u260e Qua Hotline: 0962.533.111<\/p>\n<p>\u260e Qua website:\u00a0<a href=\"https:\/\/nana-group.vn\/\">https:\/\/nana-group.vn<\/a><\/p>\n<p>\u260e Qua Facebook:\u00a0<a href=\"https:\/\/www.facebook.com\/NanaPartyWorld\/\">Nana Party World<\/a><\/p>\n<p>\u260e\u00a0Qua tr\u1ef1c ti\u1ebfp c\u1eeda h\u00e0ng t\u1ea1i:<\/p>\n<p>\ud83c\udfea\u00a0CS1: 360C Kh\u00e2m Thi\u00ean,\u00a0\u0110\u1ed1ng \u0110a, H\u00e0 N\u1ed9i (T\u1ea7ng 2)<\/p>\n<p>\ud83c\udfea\u00a0CS2: B13 &#8211; s\u1ed1\u00a053 Tri\u1ec1u Kh\u00fac,\u00a0Thanh Xu\u00e2n, H\u00e0 N\u1ed9i<\/p>\n","protected":false},"excerpt":{"rendered":"<p>Kh\u00f4ng ch\u1ec9 trang tr\u00ed cho b\u00e0n ti\u1ec7c m\u00e0 \u0111\u00e8n trang tr\u00ed nh\u00e0 Nana c\u00f3 th\u1ec3 trang tr\u00ed kh\u00f4ng gian kh\u00e1c nh\u01b0 ph\u00f2ng kh\u00e1ch, ph\u00f2ng ng\u1ee7, ph\u00f2ng l\u00e0m vi\u1ec7c. Th\u00eam m\u1ed9t ch\u00fat \u0111\u00e8n s\u1ebd l\u00e0m kh\u00f4ng gian nh\u00e0 b\u1ea1n th\u00eam \u0111i\u1ec3m nh\u1ea5n.<\/p>\n","protected":false},"featured_media":10208,"comment_status":"closed","ping_status":"closed","template":"","meta":[],"product_cat":[1678,1378],"product_tag":[],"class_list":["post-10207","product","type-product","status-publish","has-post-thumbnail","hentry","product_cat-phu-kien-khac","product_cat-phu-kien-trang-tri-sinh-nhat"],"_links":{"self":[{"href":"https:\/\/theme.tamnguyen.vn\/party\/wp-json\/wp\/v2\/product\/10207","targetHints":{"allow":["GET"]}}],"collection":[{"href":"https:\/\/theme.tamnguyen.vn\/party\/wp-json\/wp\/v2\/product"}],"about":[{"href":"https:\/\/theme.tamnguyen.vn\/party\/wp-json\/wp\/v2\/types\/product"}],"replies":[{"embeddable":true,"href":"https:\/\/theme.tamnguyen.vn\/party\/wp-json\/wp\/v2\/comments?post=10207"}],"wp:featuredmedia":[{"embeddable":true,"href":"https:\/\/theme.tamnguyen.vn\/party\/wp-json\/wp\/v2\/media\/10208"}],"wp:attachment":[{"href":"https:\/\/theme.tamnguyen.vn\/party\/wp-json\/wp\/v2\/media?parent=10207"}],"wp:term":[{"taxonomy":"product_cat","embeddable":true,"href":"https:\/\/theme.tamnguyen.vn\/party\/wp-json\/wp\/v2\/product_cat?post=10207"},{"taxonomy":"product_tag","embeddable":true,"href":"https:\/\/theme.tamnguyen.vn\/party\/wp-json\/wp\/v2\/product_tag?post=10207"}],"curies":[{"name":"wp","href":"https:\/\/api.w.org\/{rel}","templated":true}]}}