{"id":10205,"date":"2020-02-22T09:33:19","date_gmt":"2020-02-22T02:33:19","guid":{"rendered":"http:\/\/party.lamgia.biz\/?post_type=product&#038;p=10205"},"modified":"2020-02-22T09:33:19","modified_gmt":"2020-02-22T02:33:19","slug":"thiep-viet-tay-chanel-de-thuong-cho-be","status":"publish","type":"product","link":"https:\/\/theme.tamnguyen.vn\/party\/san-pham\/thiep-viet-tay-chanel-de-thuong-cho-be\/","title":{"rendered":"Thi\u1ec7p vi\u1ebft tay Chanel d\u1ec5 th\u01b0\u01a1ng cho b\u00e9"},"content":{"rendered":"<p>Nh\u1eefng chi ti\u1ebft nh\u1ecf nh\u01b0ng c\u00f4ng n\u0103ng c\u1ef1c l\u1edbn trong b\u00e0n ti\u1ec7c.<\/p>\n<p>H\u00e3y c\u00f9ng Nana Party t\u00f4 \u0111i\u1ec3m th\u00eam b\u1eefa ti\u1ec7c lung linh c\u1ee7a m\u00ecnh nh\u00e9 &lt;3<br \/>\n&#8212;&#8212;-<\/p>\n<p>Kh\u00e1ch h\u00e0ng c\u00f3 th\u1ec3 \u0111\u1eb7t h\u00e0ng qua 4 h\u00ecnh th\u1ee9c:<\/p>\n<p><img decoding=\"async\" src=\"https:\/\/static.xx.fbcdn.net\/images\/emoji.php\/v9\/t22\/1\/16\/260e.png\" alt=\"\u260e\" \/>\u00a0Qua Hotline: 0962.533.111<\/p>\n<p><img decoding=\"async\" src=\"https:\/\/static.xx.fbcdn.net\/images\/emoji.php\/v9\/t22\/1\/16\/260e.png\" alt=\"\u260e\" \/>\u00a0Qua website:\u00a0<a href=\"https:\/\/l.facebook.com\/l.php?u=https%3A%2F%2Fnana-group.vn%2F%3Ffbclid%3DIwAR1Sixy43gxjaAwxauDiIMrv_Zvkf-mBFgX6Qo5xAi-BMl2sBp69ppOQwnA&amp;h=AT1OLOplonMEX8d6Z7XfeVg3O1qyWl0E--Ykq0RTPUYM1PT_ATBpVYKByp1sTp8ouS2pRFxpKhqTuozmNaiFwDBB0pcBOWlvSsV8qr-NusT4gBr3jeaJu5Rfye3iBcArckW0pKlYQ6TGq6CSQ3v8\" target=\"_blank\" rel=\"nofollow noopener noreferrer\" data-lynx-mode=\"hover\">https:\/\/nana-group.vn<\/a><\/p>\n<p><img decoding=\"async\" src=\"https:\/\/static.xx.fbcdn.net\/images\/emoji.php\/v9\/t22\/1\/16\/260e.png\" alt=\"\u260e\" \/>\u00a0Qua Facebook: Nana Party World<\/p>\n<p><img decoding=\"async\" src=\"https:\/\/static.xx.fbcdn.net\/images\/emoji.php\/v9\/t22\/1\/16\/260e.png\" alt=\"\u260e\" \/>\u00a0Qua tr\u1ef1c ti\u1ebfp c\u1eeda h\u00e0ng t\u1ea1i:<\/p>\n<p><img decoding=\"async\" src=\"https:\/\/static.xx.fbcdn.net\/images\/emoji.php\/v9\/ta7\/1\/16\/1f3ea.png\" alt=\"\ud83c\udfea\" \/>\u00a0CS1: 360C Kh\u00e2m Thi\u00ean, \u0110\u1ed1ng \u0110a, H\u00e0 N\u1ed9i (T\u1ea7ng 2)<\/p>\n<p><img decoding=\"async\" src=\"https:\/\/static.xx.fbcdn.net\/images\/emoji.php\/v9\/ta7\/1\/16\/1f3ea.png\" alt=\"\ud83c\udfea\" \/>\u00a0CS2: B13 &#8211; s\u1ed1 53 Tri\u1ec1u Kh\u00fac, Thanh Xu\u00e2n, H\u00e0 N\u1ed9i<\/p>\n","protected":false},"excerpt":{"rendered":"<p>Nh\u1eefng chi ti\u1ebft nh\u1ecf nh\u01b0ng c\u00f4ng n\u0103ng c\u1ef1c l\u1edbn trong b\u00e0n ti\u1ec7c.<\/p>\n<p>H\u00e3y c\u00f9ng Nana Party t\u00f4 \u0111i\u1ec3m th\u00eam b\u1eefa ti\u1ec7c lung linh c\u1ee7a m\u00ecnh nh\u00e9 &lt;3<\/p>\n","protected":false},"featured_media":10206,"comment_status":"closed","ping_status":"closed","template":"","meta":[],"product_cat":[1678,1378],"product_tag":[],"class_list":["post-10205","product","type-product","status-publish","has-post-thumbnail","hentry","product_cat-phu-kien-khac","product_cat-phu-kien-trang-tri-sinh-nhat"],"_links":{"self":[{"href":"https:\/\/theme.tamnguyen.vn\/party\/wp-json\/wp\/v2\/product\/10205","targetHints":{"allow":["GET"]}}],"collection":[{"href":"https:\/\/theme.tamnguyen.vn\/party\/wp-json\/wp\/v2\/product"}],"about":[{"href":"https:\/\/theme.tamnguyen.vn\/party\/wp-json\/wp\/v2\/types\/product"}],"replies":[{"embeddable":true,"href":"https:\/\/theme.tamnguyen.vn\/party\/wp-json\/wp\/v2\/comments?post=10205"}],"wp:featuredmedia":[{"embeddable":true,"href":"https:\/\/theme.tamnguyen.vn\/party\/wp-json\/wp\/v2\/media\/10206"}],"wp:attachment":[{"href":"https:\/\/theme.tamnguyen.vn\/party\/wp-json\/wp\/v2\/media?parent=10205"}],"wp:term":[{"taxonomy":"product_cat","embeddable":true,"href":"https:\/\/theme.tamnguyen.vn\/party\/wp-json\/wp\/v2\/product_cat?post=10205"},{"taxonomy":"product_tag","embeddable":true,"href":"https:\/\/theme.tamnguyen.vn\/party\/wp-json\/wp\/v2\/product_tag?post=10205"}],"curies":[{"name":"wp","href":"https:\/\/api.w.org\/{rel}","templated":true}]}}