{"id":10203,"date":"2020-02-22T09:31:54","date_gmt":"2020-02-22T02:31:54","guid":{"rendered":"http:\/\/party.lamgia.biz\/?post_type=product&#038;p=10203"},"modified":"2020-02-22T09:31:54","modified_gmt":"2020-02-22T02:31:54","slug":"khan-ban-hong-vai-cuc-de-thuong","status":"publish","type":"product","link":"https:\/\/theme.tamnguyen.vn\/party\/san-pham\/khan-ban-hong-vai-cuc-de-thuong\/","title":{"rendered":"Kh\u0103n b\u00e0n h\u1ed3ng v\u1ea3i c\u1ef1c d\u1ec5 th\u01b0\u01a1ng"},"content":{"rendered":"<p><strong>Nh\u1eefng chi ti\u1ebft nh\u1ecf nh\u01b0ng c\u00f4ng n\u0103ng c\u1ef1c l\u1edbn trong b\u00e0n ti\u1ec7c.\u00a0<\/strong><\/p>\n<p><strong>H\u00e3y c\u00f9ng Nana Party t\u00f4 \u0111i\u1ec3m th\u00eam b\u1eefa ti\u1ec7c lung linh c\u1ee7a m\u00ecnh nh\u00e9 &lt;3\u00a0<\/strong><\/p>\n","protected":false},"excerpt":{"rendered":"<div>\n<ul>\n<li><span class=\"stock-brand-title\"><strong>T\u00ecnh tr\u1ea1ng:<\/strong><\/span>\u00a0<span class=\"a-stock a2\">C\u00f2n h\u00e0ng<\/span><\/li>\n<li><span style=\"color: #555555; font-size: 14.4px;\"><strong>K\u00edch th\u01b0\u1edbc:<\/strong> 1m8 x 2m5<\/span><\/li>\n<\/ul>\n<\/div>\n","protected":false},"featured_media":10204,"comment_status":"closed","ping_status":"closed","template":"","meta":[],"product_cat":[1673,1378],"product_tag":[],"class_list":["post-10203","product","type-product","status-publish","has-post-thumbnail","hentry","product_cat-khan-ban","product_cat-phu-kien-trang-tri-sinh-nhat"],"_links":{"self":[{"href":"https:\/\/theme.tamnguyen.vn\/party\/wp-json\/wp\/v2\/product\/10203","targetHints":{"allow":["GET"]}}],"collection":[{"href":"https:\/\/theme.tamnguyen.vn\/party\/wp-json\/wp\/v2\/product"}],"about":[{"href":"https:\/\/theme.tamnguyen.vn\/party\/wp-json\/wp\/v2\/types\/product"}],"replies":[{"embeddable":true,"href":"https:\/\/theme.tamnguyen.vn\/party\/wp-json\/wp\/v2\/comments?post=10203"}],"wp:featuredmedia":[{"embeddable":true,"href":"https:\/\/theme.tamnguyen.vn\/party\/wp-json\/wp\/v2\/media\/10204"}],"wp:attachment":[{"href":"https:\/\/theme.tamnguyen.vn\/party\/wp-json\/wp\/v2\/media?parent=10203"}],"wp:term":[{"taxonomy":"product_cat","embeddable":true,"href":"https:\/\/theme.tamnguyen.vn\/party\/wp-json\/wp\/v2\/product_cat?post=10203"},{"taxonomy":"product_tag","embeddable":true,"href":"https:\/\/theme.tamnguyen.vn\/party\/wp-json\/wp\/v2\/product_tag?post=10203"}],"curies":[{"name":"wp","href":"https:\/\/api.w.org\/{rel}","templated":true}]}}