{"id":10201,"date":"2020-02-22T09:30:03","date_gmt":"2020-02-22T02:30:03","guid":{"rendered":"http:\/\/party.lamgia.biz\/?post_type=product&#038;p=10201"},"modified":"2020-02-22T09:30:03","modified_gmt":"2020-02-22T02:30:03","slug":"bang-thong-tin-chalkboard-chu-de-girl-ver-2","status":"publish","type":"product","link":"https:\/\/theme.tamnguyen.vn\/party\/san-pham\/bang-thong-tin-chalkboard-chu-de-girl-ver-2\/","title":{"rendered":"B\u1ea3ng th\u00f4ng tin &#8211; Chalkboard ch\u1ee7 \u0111\u1ec1 Girl Ver 2"},"content":{"rendered":"<p>B\u1ea3ng th\u00f4ng tin &#8211; N\u01a1i l\u01b0u gi\u1eef l\u1ea1i nh\u1eefng k\u1ef7 ni\u1ec7m c\u1ee7a c\u00e1c b\u00e9. N\u01a1i \u0111\u00e1nh d\u1ea5u c\u00e1c m\u1ed1c ph\u00e1t tri\u1ec3n c\u1ee7a b\u00e9 trong nh\u1eefng n\u0103m \u0111\u1ea7u \u0111\u1eddi. Nana Party cung c\u1ea5p cho kh\u00e1ch h\u00e0ng nh\u1eefng m\u1eabu Chalkboard tinh t\u1ebf v\u00e0 \u0111\u1eb9p nh\u1ea5t, c\u0169ng kh\u00f4ng k\u00e9m ph\u1ea7n ng\u1ed9 ngh\u0129nh.<br \/>\n&#8211; S\u1ea3n ph\u1ea9m kh\u00f4ng c\u00f3 s\u1eb5n, c\u1ea7n \u0111\u1eb7t tr\u01b0\u1edbc 2-3 ng\u00e0y.<br \/>\n-Size : 60\u00a0x80cm,\u00a0(kh\u00f4ng t\u1ef1 \u0111\u1ee9ng \u0111\u01b0\u1ee3c n\u1ebfu kh\u00f4ng c\u00f3 gi\u00e1 \u0111\u1ee1)<br \/>\n-Th\u00f4ng tin tr\u00ean b\u1ea3ng Chalkboard vui l\u00f2ng cung c\u1ea5p cho ch\u00fang t\u00f4i t\u1ea1i ph\u1ea7n GHI CH\u00da c\u1ee7a \u0111\u01a1n h\u00e0ng ho\u1eb7c qua hotline 0962533111<img decoding=\"async\" src=\"https:\/\/bizweb.dktcdn.net\/100\/357\/095\/files\/61525945-607597376415071-3640909545653403648-n.jpg?v=1569037144683\" data-thumb=\"original\" \/><img decoding=\"async\" src=\"https:\/\/bizweb.dktcdn.net\/100\/357\/095\/files\/61846501-607597436415065-2731726030640250880-n.jpg?v=1569037163913\" data-thumb=\"original\" \/><\/p>\n<p><img decoding=\"async\" src=\"https:\/\/bizweb.dktcdn.net\/100\/357\/095\/products\/8-cb21d9fc-41c0-4382-bb4f-b6b0b675ed28.png?v=1567133596647\" data-thumb=\"original\" \/>&#8212;&#8212;&#8211;<\/p>\n<p><strong>Kh\u00e1ch h\u00e0ng c\u00f3 th\u1ec3 \u0111\u1eb7t h\u00e0ng qua 4\u00a0h\u00ecnh th\u1ee9c:\u00a0<\/strong><\/p>\n<p>\u260e Qua Hotline: 0962.533.111<\/p>\n<p>\u260e Qua website:\u00a0<a href=\"https:\/\/nana-group.vn\/\">https:\/\/nana-group.vn<\/a><\/p>\n<p>\u260e Qua Facebook:\u00a0<a href=\"https:\/\/www.facebook.com\/NanaPartyWorld\/\">Nana Party World<\/a><\/p>\n<p>\u260e\u00a0Qua tr\u1ef1c ti\u1ebfp c\u1eeda h\u00e0ng t\u1ea1i:<\/p>\n<p>\ud83c\udfea\u00a0CS1: 360C Kh\u00e2m Thi\u00ean,\u00a0\u0110\u1ed1ng \u0110a, H\u00e0 N\u1ed9i (T\u1ea7ng 2)<\/p>\n<p>\ud83c\udfea\u00a0CS2: B13 &#8211; s\u1ed1\u00a053 Tri\u1ec1u Kh\u00fac,\u00a0Thanh Xu\u00e2n, H\u00e0 N\u1ed9i<\/p>\n","protected":false},"excerpt":{"rendered":"<ul>\n<li><strong>Ch\u1ea5t li\u1ec7u :<\/strong> fomex cao c\u1ea5p<\/li>\n<li><strong>K\u00edch th\u01b0\u1edbc :<\/strong> 60cm*80cm<\/li>\n<li><strong>Th\u1eddi gian \u0111\u1eb7t :<\/strong> t\u1eeb 2-3 ng\u00e0y ( tr\u1eeb ch\u1ee7 nh\u1eadt v\u00e0 c\u00e1c ng\u00e0y l\u1ec5 )<\/li>\n<\/ul>\n","protected":false},"featured_media":10202,"comment_status":"closed","ping_status":"closed","template":"","meta":[],"product_cat":[1658,1660,570],"product_tag":[],"class_list":["post-10201","product","type-product","status-publish","has-post-thumbnail","hentry","product_cat-bang-thong-tin-chalkboard","product_cat-bang-thong-tin-theo-chu-de","product_cat-bang-thong-tin-bang-ten-cay-welcome"],"_links":{"self":[{"href":"https:\/\/theme.tamnguyen.vn\/party\/wp-json\/wp\/v2\/product\/10201","targetHints":{"allow":["GET"]}}],"collection":[{"href":"https:\/\/theme.tamnguyen.vn\/party\/wp-json\/wp\/v2\/product"}],"about":[{"href":"https:\/\/theme.tamnguyen.vn\/party\/wp-json\/wp\/v2\/types\/product"}],"replies":[{"embeddable":true,"href":"https:\/\/theme.tamnguyen.vn\/party\/wp-json\/wp\/v2\/comments?post=10201"}],"wp:featuredmedia":[{"embeddable":true,"href":"https:\/\/theme.tamnguyen.vn\/party\/wp-json\/wp\/v2\/media\/10202"}],"wp:attachment":[{"href":"https:\/\/theme.tamnguyen.vn\/party\/wp-json\/wp\/v2\/media?parent=10201"}],"wp:term":[{"taxonomy":"product_cat","embeddable":true,"href":"https:\/\/theme.tamnguyen.vn\/party\/wp-json\/wp\/v2\/product_cat?post=10201"},{"taxonomy":"product_tag","embeddable":true,"href":"https:\/\/theme.tamnguyen.vn\/party\/wp-json\/wp\/v2\/product_tag?post=10201"}],"curies":[{"name":"wp","href":"https:\/\/api.w.org\/{rel}","templated":true}]}}