{"id":10199,"date":"2020-02-22T09:28:22","date_gmt":"2020-02-22T02:28:22","guid":{"rendered":"http:\/\/party.lamgia.biz\/?post_type=product&#038;p=10199"},"modified":"2020-02-22T09:28:22","modified_gmt":"2020-02-22T02:28:22","slug":"tag-cam-banh-hinh-gau","status":"publish","type":"product","link":"https:\/\/theme.tamnguyen.vn\/party\/san-pham\/tag-cam-banh-hinh-gau\/","title":{"rendered":"Tag c\u1eafm b\u00e1nh h\u00ecnh g\u1ea5u"},"content":{"rendered":"<p>CAKE TOPPER<\/p>\n<p>T\u00f4 \u0111i\u1ec3m th\u00eam cho b\u00e1nh kem \u0111\u1eb9p xu\u1ea5t s\u1eafc Nhi\u1ec1u m\u00e0u s\u1eafc v\u00e0 ki\u1ec3u\u00a0d\u00e1ng \u0111\u1ec3 l\u1ef1a ch\u1ecdn<\/p>\n<p><img decoding=\"async\" src=\"https:\/\/bizweb.dktcdn.net\/100\/357\/095\/files\/k.png?v=1580461599745\" data-thumb=\"original\" \/><\/p>\n<p>&#8212;&#8212;<\/p>\n<p><strong>Kh\u00e1ch h\u00e0ng c\u00f3 th\u1ec3 \u0111\u1eb7t h\u00e0ng qua 4\u00a0h\u00ecnh th\u1ee9c:\u00a0<\/strong><\/p>\n<p>\u260e Qua Hotline: 0962.533.111<\/p>\n<p>\u260e Qua website:\u00a0<a href=\"https:\/\/nana-group.vn\/\">https:\/\/nana-group.vn<\/a><\/p>\n<p>\u260e Qua Facebook:\u00a0<a href=\"https:\/\/www.facebook.com\/NanaPartyWorld\/\">Nana Party World<\/a><\/p>\n<p>\u260e\u00a0Qua tr\u1ef1c ti\u1ebfp c\u1eeda h\u00e0ng t\u1ea1i:<\/p>\n<p>\ud83c\udfea\u00a0CS1: 360C Kh\u00e2m Thi\u00ean,\u00a0\u0110\u1ed1ng \u0110a, H\u00e0 N\u1ed9i (T\u1ea7ng 2)<\/p>\n<p>\ud83c\udfea\u00a0CS2: B13 &#8211; s\u1ed1\u00a053 Tri\u1ec1u Kh\u00fac,\u00a0Thanh Xu\u00e2n, H\u00e0 N\u1ed9i<\/p>\n","protected":false},"excerpt":{"rendered":"<div>\n<ul>\n<li class=\"inventory_quantity\"><span class=\"stock-brand-title\"><strong>T\u00ecnh tr\u1ea1ng:<\/strong><\/span>\u00a0<span class=\"a-stock a2\">C\u00f2n h\u00e0ng<\/span><\/li>\n<li class=\"inventory_quantity\"><span style=\"color: #555555; font-size: 14.4px;\"><strong>Ch\u1ea5t li\u1ec7u ;<\/strong> b\u00eca c\u1ee9ng k\u00e8m hoa gi\u1ea3 <\/span><\/li>\n<li class=\"inventory_quantity\"><span style=\"color: #555555; font-size: 14.4px;\"><strong>S\u1ed1 l\u01b0\u01a1ng :<\/strong> 1\u00a0chi\u1ebfc\u00a0<\/span><\/li>\n<\/ul>\n<\/div>\n","protected":false},"featured_media":10200,"comment_status":"closed","ping_status":"closed","template":"","meta":[],"product_cat":[1378,1525],"product_tag":[],"class_list":["post-10199","product","type-product","status-publish","has-post-thumbnail","hentry","product_cat-phu-kien-trang-tri-sinh-nhat","product_cat-tag-cam-banh"],"_links":{"self":[{"href":"https:\/\/theme.tamnguyen.vn\/party\/wp-json\/wp\/v2\/product\/10199","targetHints":{"allow":["GET"]}}],"collection":[{"href":"https:\/\/theme.tamnguyen.vn\/party\/wp-json\/wp\/v2\/product"}],"about":[{"href":"https:\/\/theme.tamnguyen.vn\/party\/wp-json\/wp\/v2\/types\/product"}],"replies":[{"embeddable":true,"href":"https:\/\/theme.tamnguyen.vn\/party\/wp-json\/wp\/v2\/comments?post=10199"}],"wp:featuredmedia":[{"embeddable":true,"href":"https:\/\/theme.tamnguyen.vn\/party\/wp-json\/wp\/v2\/media\/10200"}],"wp:attachment":[{"href":"https:\/\/theme.tamnguyen.vn\/party\/wp-json\/wp\/v2\/media?parent=10199"}],"wp:term":[{"taxonomy":"product_cat","embeddable":true,"href":"https:\/\/theme.tamnguyen.vn\/party\/wp-json\/wp\/v2\/product_cat?post=10199"},{"taxonomy":"product_tag","embeddable":true,"href":"https:\/\/theme.tamnguyen.vn\/party\/wp-json\/wp\/v2\/product_tag?post=10199"}],"curies":[{"name":"wp","href":"https:\/\/api.w.org\/{rel}","templated":true}]}}