{"id":10183,"date":"2020-02-22T00:09:55","date_gmt":"2020-02-21T17:09:55","guid":{"rendered":"http:\/\/party.lamgia.biz\/?post_type=product&#038;p=10183"},"modified":"2020-02-22T00:09:55","modified_gmt":"2020-02-21T17:09:55","slug":"bong-bay-cham-sao-xanh-dep-an-tuong","status":"publish","type":"product","link":"https:\/\/theme.tamnguyen.vn\/party\/san-pham\/bong-bay-cham-sao-xanh-dep-an-tuong\/","title":{"rendered":"B\u00f3ng bay ch\u1ea5m sao xanh \u0111\u1eb9p \u1ea5n t\u01b0\u1ee3ng"},"content":{"rendered":"<p>M\u1ed9t c\u00e1ch nhanh nh\u1ea5t \u0111\u1ec3 b\u1eefa ti\u1ec7c c\u1ee7a b\u1ea1n th\u00eam &#8220;l\u1ed3ng l\u1ed9n&#8221; th\u00ec bong b\u00f3ng l\u00e0 m\u1ed9t l\u1ef1a ch\u1ecdn ho\u00e0n h\u1ea3o.<\/p>\n<p>T\u1eeb vi\u1ec7c th\u1ea3 s\u00e0n, k\u1ebft b\u00f3ng, d\u00ednh tr\u1ea7n \u0111\u1ec1u l\u00e0m cho b\u1eefa ti\u1ec7c th\u00eam lung linh h\u01a1n r\u1ea5t nhi\u1ec1u.<\/p>\n<p>T\u1ea1i NANA c\u00f3 \u0111\u1ea7y \u0111\u1ee7 c\u00e1c lo\u1ea1i bong b\u00f3ng cho kh\u00e1ch h\u00e0ng ch\u1ecdn l\u1ef1a.<\/p>\n<p>B\u1ea1n c\u00f3 th\u1ec3 tham kh\u1ea3o th\u00eam nhi\u1ec1u m\u1eabu b\u00f3ng h\u01a1n t\u1ea1i:\u00a0Menu Bong B\u00f3ng<\/p>\n<p><img decoding=\"async\" src=\"https:\/\/bizweb.dktcdn.net\/100\/357\/095\/files\/20.jpg?v=1562122014805\" data-thumb=\"original\" \/><\/p>\n<p>&#8212;&#8212;-<\/p>\n<p><strong>Kh\u00e1ch h\u00e0ng c\u00f3 th\u1ec3 \u0111\u1eb7t h\u00e0ng qua 4\u00a0h\u00ecnh th\u1ee9c:\u00a0<\/strong><\/p>\n<p>\u260e Qua Hotline: 0962.533.111<\/p>\n<p>\u260e Qua website:\u00a0https:\/\/nana-group.vn<\/p>\n<p>\u260e Qua Facebook:\u00a0Nana Party World<\/p>\n<p>\u260e\u00a0Qua tr\u1ef1c ti\u1ebfp c\u1eeda h\u00e0ng t\u1ea1i:<\/p>\n<p>\ud83c\udfea\u00a0CS1: 360C Kh\u00e2m Thi\u00ean,\u00a0\u0110\u1ed1ng \u0110a, H\u00e0 N\u1ed9i (T\u1ea7ng 2)<\/p>\n<p>\ud83c\udfea\u00a0CS2: B13 &#8211; s\u1ed1\u00a053 Tri\u1ec1u Kh\u00fac,\u00a0Thanh Xu\u00e2n, H\u00e0 N\u1ed9i<\/p>\n","protected":false},"excerpt":{"rendered":"<div>\n<ul>\n<li class=\"inventory_quantity\"><span class=\"stock-brand-title\"><strong>T\u00ecnh tr\u1ea1ng:<\/strong><\/span>\u00a0<span class=\"a-stock a2\">C\u00f2n h\u00e0ng<\/span><\/li>\n<li class=\"inventory_quantity\"><strong style=\"color: #555555; font-size: 14.4px;\">Ch\u1ea5t li\u1ec7u<\/strong><span style=\"color: #555555; font-size: 14.4px;\">:\u00a0 b\u00f3ng cao su<\/span><\/li>\n<li class=\"inventory_quantity\"><strong style=\"color: #555555; font-size: 14.4px;\">K\u00edch th\u01b0\u1edbc<\/strong><span style=\"color: #555555; font-size: 14.4px;\">: 12inch = 30cm<\/span><\/li>\n<li class=\"inventory_quantity\"><strong style=\"color: #555555; font-size: 14.4px;\">\u0110\u00f3ng g\u00f3i:\u00a0<\/strong><span style=\"color: #555555; font-size: 14.4px;\">1 t\u00fai 10\u00a0qu\u1ea3<\/span><\/li>\n<\/ul>\n<\/div>\n","protected":false},"featured_media":10184,"comment_status":"closed","ping_status":"closed","template":"","meta":[],"product_cat":[579,581,582],"product_tag":[],"class_list":["post-10183","product","type-product","status-publish","has-post-thumbnail","hentry","product_cat-bong-bay-sinh-nhat","product_cat-bong-cao-su","product_cat-bong-cham-sao"],"_links":{"self":[{"href":"https:\/\/theme.tamnguyen.vn\/party\/wp-json\/wp\/v2\/product\/10183","targetHints":{"allow":["GET"]}}],"collection":[{"href":"https:\/\/theme.tamnguyen.vn\/party\/wp-json\/wp\/v2\/product"}],"about":[{"href":"https:\/\/theme.tamnguyen.vn\/party\/wp-json\/wp\/v2\/types\/product"}],"replies":[{"embeddable":true,"href":"https:\/\/theme.tamnguyen.vn\/party\/wp-json\/wp\/v2\/comments?post=10183"}],"wp:featuredmedia":[{"embeddable":true,"href":"https:\/\/theme.tamnguyen.vn\/party\/wp-json\/wp\/v2\/media\/10184"}],"wp:attachment":[{"href":"https:\/\/theme.tamnguyen.vn\/party\/wp-json\/wp\/v2\/media?parent=10183"}],"wp:term":[{"taxonomy":"product_cat","embeddable":true,"href":"https:\/\/theme.tamnguyen.vn\/party\/wp-json\/wp\/v2\/product_cat?post=10183"},{"taxonomy":"product_tag","embeddable":true,"href":"https:\/\/theme.tamnguyen.vn\/party\/wp-json\/wp\/v2\/product_tag?post=10183"}],"curies":[{"name":"wp","href":"https:\/\/api.w.org\/{rel}","templated":true}]}}