{"id":10175,"date":"2020-02-22T00:05:00","date_gmt":"2020-02-21T17:05:00","guid":{"rendered":"http:\/\/party.lamgia.biz\/?post_type=product&#038;p=10175"},"modified":"2020-02-22T00:05:00","modified_gmt":"2020-02-21T17:05:00","slug":"bo-trang-tri-sinh-nhat-pink-fan","status":"publish","type":"product","link":"https:\/\/theme.tamnguyen.vn\/party\/san-pham\/bo-trang-tri-sinh-nhat-pink-fan\/","title":{"rendered":"B\u1ed9 trang tr\u00ed sinh nh\u1eadt Pink fan"},"content":{"rendered":"<p>Tr\u1ecdn b\u1ed9 trang tr\u00ed sinh nh\u1eadt \u0111\u1ea7y \u0111\u1ee7 nh\u1ea5t. C\u00f3 \u0111\u1ee7 c\u00e1c m\u00f3n \u0111\u1ed3 m\u00e0 kh\u00f4ng ph\u1ea3i mua l\u1ebb \u1edf ngo\u00e0i th\u00eam. Ngo\u00e0i ra v\u1edbi m\u00e0u s\u1eafc \u0111\u1ed3ng nh\u1ea5t c\u1ee7a t\u1eebng ph\u1ee5 ki\u1ec7n s\u1ebd gi\u00fap b\u00e0n ti\u1ec7c tr\u1edf n\u00ean chuy\u00ean nghi\u1ec7p h\u01a1n bao gi\u1edd h\u1ebft.<\/p>\n<ul>\n<li>15 l\u00e1 c\u1edd Happy Birthday<\/li>\n<li>10 tag c\u1eafm b\u00e1nh<\/li>\n<li>10 wraps cupcake<\/li>\n<li>5 n\u00f3n<\/li>\n<li>5 h\u1ed9p b\u1eafp<\/li>\n<li>5 tag n\u01b0\u1edbc<\/li>\n<li>5 h\u1ed9p qu\u00e0<\/li>\n<\/ul>\n<p>Tr\u1ecdn b\u1ed9 trang tr\u00ed sinh nh\u1eadt \u0111\u1ea7y \u0111\u1ee7 nh\u1ea5t. C\u00f3 \u0111\u1ee7 c\u00e1c m\u00f3n \u0111\u1ed3 m\u00e0 kh\u00f4ng ph\u1ea3i mua l\u1ebb \u1edf ngo\u00e0i th\u00eam. Ngo\u00e0i ra v\u1edbi m\u00e0u s\u1eafc \u0111\u1ed3ng nh\u1ea5t c\u1ee7a t\u1eebng ph\u1ee5 ki\u1ec7n s\u1ebd gi\u00fap b\u00e0n ti\u1ec7c tr\u1edf n\u00ean chuy\u00ean nghi\u1ec7p h\u01a1n bao gi\u1edd h\u1ebft.<\/p>\n","protected":false},"excerpt":{"rendered":"<ul>\n<li>15 l\u00e1 c\u1edd Happy Birthday<\/li>\n<li>10 tag c\u1eafm b\u00e1nh<\/li>\n<li>10 wraps cupcake<\/li>\n<li>5 n\u00f3n<\/li>\n<li>5 h\u1ed9p b\u1eafp<\/li>\n<li>5 tag n\u01b0\u1edbc<\/li>\n<li>5 h\u1ed9p qu\u00e0<\/li>\n<\/ul>\n","protected":false},"featured_media":10176,"comment_status":"closed","ping_status":"closed","template":"","meta":[],"product_cat":[1662,1556],"product_tag":[],"class_list":["post-10175","product","type-product","status-publish","has-post-thumbnail","hentry","product_cat-bo-full-package-box","product_cat-trang-tri-sinh-nhat"],"_links":{"self":[{"href":"https:\/\/theme.tamnguyen.vn\/party\/wp-json\/wp\/v2\/product\/10175","targetHints":{"allow":["GET"]}}],"collection":[{"href":"https:\/\/theme.tamnguyen.vn\/party\/wp-json\/wp\/v2\/product"}],"about":[{"href":"https:\/\/theme.tamnguyen.vn\/party\/wp-json\/wp\/v2\/types\/product"}],"replies":[{"embeddable":true,"href":"https:\/\/theme.tamnguyen.vn\/party\/wp-json\/wp\/v2\/comments?post=10175"}],"wp:featuredmedia":[{"embeddable":true,"href":"https:\/\/theme.tamnguyen.vn\/party\/wp-json\/wp\/v2\/media\/10176"}],"wp:attachment":[{"href":"https:\/\/theme.tamnguyen.vn\/party\/wp-json\/wp\/v2\/media?parent=10175"}],"wp:term":[{"taxonomy":"product_cat","embeddable":true,"href":"https:\/\/theme.tamnguyen.vn\/party\/wp-json\/wp\/v2\/product_cat?post=10175"},{"taxonomy":"product_tag","embeddable":true,"href":"https:\/\/theme.tamnguyen.vn\/party\/wp-json\/wp\/v2\/product_tag?post=10175"}],"curies":[{"name":"wp","href":"https:\/\/api.w.org\/{rel}","templated":true}]}}