{"id":10153,"date":"2020-02-21T23:52:45","date_gmt":"2020-02-21T16:52:45","guid":{"rendered":"http:\/\/party.lamgia.biz\/?post_type=product&#038;p=10153"},"modified":"2020-02-21T23:52:45","modified_gmt":"2020-02-21T16:52:45","slug":"bo-trang-tri-chu-de-nang-tien-ca-cho-be-gai","status":"publish","type":"product","link":"https:\/\/theme.tamnguyen.vn\/party\/san-pham\/bo-trang-tri-chu-de-nang-tien-ca-cho-be-gai\/","title":{"rendered":"B\u1ed9 trang tr\u00ed ch\u1ee7 \u0111\u1ec1 n\u00e0ng ti\u00ean c\u00e1 cho b\u00e9 g\u00e1i"},"content":{"rendered":"<p>B\u1ed9 Trang tr\u00ed c\u1ee7a\u00a0Nana cung c\u1ea5p lu\u00f4n \u0111\u1ea3m b\u1ea3o c\u00e1c y\u1ebfu t\u1ed1: \u0110\u1eb9p &#8211; An to\u00e0n &#8211; D\u1ec5 s\u1eed d\u1ee5ng &#8211; Ch\u1ea5t l\u01b0\u1ee3ng.<\/p>\n<p>Ch\u1ec9 v\u1edbi 30 ph\u00fat &#8220;Bi\u1ebfn ho\u00e1&#8221; l\u00e0 c\u00e1c m\u1eb9 s\u1ebd c\u00f3 m\u1ed9t b\u00e0n ti\u1ec7c lung linh cho c\u00e1c b\u00e9 &lt;3<\/p>\n<p>Tr\u1ecdn b\u1ed9 trang tr\u00ed s\u1ebd bao g\u1ed3m c\u00e1c chi ti\u1ebft:<br \/>\n\u2013 01 poster ch\u00ednh<br \/>\n\u2013 01 b\u1ed9 d\u00e2y c\u1edd Happy Birthday<br \/>\n\u2013 04 khung \u1ea3nh sinh nh\u1eadt<br \/>\n\u2013 06 n\u00f3n<br \/>\n\u2013 04 ly b\u1eafp<br \/>\n\u2013 10 tag c\u1eafm b\u00e1nh cupcake<br \/>\n\u2013 05 d\u0129a gi\u1ea5y<br \/>\n\u2013 05 b\u1ed9 dao d\u0129a b\u1eb1ng g\u1ed7<br \/>\n\u2013 05 ly gi\u1ea5y k\u00e8m 05 \u1ed1ng h\u00fat gi\u1ea5y<br \/>\n\u2013 06 label d\u00e1n lon n\u01b0\u1edbc ng\u1ecdt<\/p>\n<p>Ngo\u00e0i ra Kh\u00e1ch h\u00e0ng c\u00f3 th\u1ec3\u00a0 L\u1ef1a ch\u1ecdn\u00a0Background &#8211; Thi\u1ebft k\u1ebf theo ch\u1ee7 \u0111\u1ec1\u00a0\u0111\u1ec3 c\u00f3 th\u1ec3 ho\u00e0n thi\u1ec7n \u0111\u1eb9p h\u01a1n b\u00e0n ti\u1ec7c c\u1ee7a m\u00ecnh.<\/p>\n<p>&#8212;&#8212;-<\/p>\n<p><strong>Kh\u00e1ch h\u00e0ng c\u00f3 th\u1ec3 \u0111\u1eb7t h\u00e0ng qua 4\u00a0h\u00ecnh th\u1ee9c:\u00a0<\/strong><\/p>\n<p>\u260e Qua Hotline: 0962.533.111<\/p>\n<p>\u260e Qua website:\u00a0https:\/\/nana-group.vn<\/p>\n<p>\u260e Qua Facebook:\u00a0Nana Party World<\/p>\n<p>\u260e\u00a0Qua tr\u1ef1c ti\u1ebfp c\u1eeda h\u00e0ng t\u1ea1i:<\/p>\n<p>\ud83c\udfea\u00a0CS1: 360C Kh\u00e2m Thi\u00ean,\u00a0\u0110\u1ed1ng \u0110a, H\u00e0 N\u1ed9i (T\u1ea7ng 2)<\/p>\n<p>\ud83c\udfea\u00a0CS2: B13 &#8211; s\u1ed1\u00a053 Tri\u1ec1u Kh\u00fac,\u00a0Thanh Xu\u00e2n, H\u00e0 N\u1ed9i<\/p>\n","protected":false},"excerpt":{"rendered":"<p>\u2013 01 poster ch\u00ednh<br \/>\n\u2013 01 b\u1ed9 d\u00e2y c\u1edd Happy Birthday<br \/>\n\u2013 04 khung \u1ea3nh sinh nh\u1eadt<br \/>\n\u2013 06 n\u00f3n<br \/>\n\u2013 04 ly b\u1eafp<br \/>\n\u2013 10 tag c\u1eafm b\u00e1nh cupcake<br \/>\n\u2013 05 d\u0129a gi\u1ea5y<br \/>\n\u2013 05 b\u1ed9 dao d\u0129a b\u1eb1ng g\u1ed7<br \/>\n\u2013 05 ly gi\u1ea5y k\u00e8m 05 \u1ed1ng h\u00fat gi\u1ea5y<br \/>\n\u2013 06 label d\u00e1n lon n\u01b0\u1edbc ng\u1ecdt<\/p>\n","protected":false},"featured_media":10154,"comment_status":"closed","ping_status":"closed","template":"","meta":[],"product_cat":[1556,1557],"product_tag":[],"class_list":["post-10153","product","type-product","status-publish","has-post-thumbnail","hentry","product_cat-trang-tri-sinh-nhat","product_cat-trang-tri-sinh-nhat-cho-be-gai"],"_links":{"self":[{"href":"https:\/\/theme.tamnguyen.vn\/party\/wp-json\/wp\/v2\/product\/10153","targetHints":{"allow":["GET"]}}],"collection":[{"href":"https:\/\/theme.tamnguyen.vn\/party\/wp-json\/wp\/v2\/product"}],"about":[{"href":"https:\/\/theme.tamnguyen.vn\/party\/wp-json\/wp\/v2\/types\/product"}],"replies":[{"embeddable":true,"href":"https:\/\/theme.tamnguyen.vn\/party\/wp-json\/wp\/v2\/comments?post=10153"}],"wp:featuredmedia":[{"embeddable":true,"href":"https:\/\/theme.tamnguyen.vn\/party\/wp-json\/wp\/v2\/media\/10154"}],"wp:attachment":[{"href":"https:\/\/theme.tamnguyen.vn\/party\/wp-json\/wp\/v2\/media?parent=10153"}],"wp:term":[{"taxonomy":"product_cat","embeddable":true,"href":"https:\/\/theme.tamnguyen.vn\/party\/wp-json\/wp\/v2\/product_cat?post=10153"},{"taxonomy":"product_tag","embeddable":true,"href":"https:\/\/theme.tamnguyen.vn\/party\/wp-json\/wp\/v2\/product_tag?post=10153"}],"curies":[{"name":"wp","href":"https:\/\/api.w.org\/{rel}","templated":true}]}}