{"id":10147,"date":"2020-02-21T23:48:30","date_gmt":"2020-02-21T16:48:30","guid":{"rendered":"http:\/\/party.lamgia.biz\/?post_type=product&#038;p=10147"},"modified":"2020-02-21T23:48:30","modified_gmt":"2020-02-21T16:48:30","slug":"set-bong-chu-mix-hpbd-ki-lan-mau-hong","status":"publish","type":"product","link":"https:\/\/theme.tamnguyen.vn\/party\/san-pham\/set-bong-chu-mix-hpbd-ki-lan-mau-hong\/","title":{"rendered":"Set b\u00f3ng ch\u1eef Mix HPBD, K\u00ec l\u00e2n m\u00e0u h\u1ed3ng"},"content":{"rendered":"<p>Set b\u00f3ng trang tr\u00ed t\u01b0\u1eddng \u0111a d\u1ea1ng v\u1ec1 m\u00e0u s\u1eafc s\u1ebd gi\u00fap cho b\u1eefa ti\u1ec7c c\u1ee7a b\u1ea1n tr\u1edf n\u00ean \u0111\u1ed9c \u0111\u00e1o v\u00e0 \u1ea5n t\u01b0\u1ee3ng h\u01a1n<\/p>\n<p><img loading=\"lazy\" decoding=\"async\" class=\"aligncenter wp-image-10148 size-full\" src=\"http:\/\/party.maugiaodien.com\/wp-content\/uploads\/2020\/02\/sp10.jpg\" alt=\"\" width=\"500\" height=\"500\" srcset=\"https:\/\/theme.tamnguyen.vn\/party\/wp-content\/uploads\/2020\/02\/sp10.jpg 500w, https:\/\/theme.tamnguyen.vn\/party\/wp-content\/uploads\/2020\/02\/sp10-300x300.jpg 300w, https:\/\/theme.tamnguyen.vn\/party\/wp-content\/uploads\/2020\/02\/sp10-100x100.jpg 100w, https:\/\/theme.tamnguyen.vn\/party\/wp-content\/uploads\/2020\/02\/sp10-150x150.jpg 150w\" sizes=\"auto, (max-width: 500px) 100vw, 500px\" \/><\/p>\n","protected":false},"excerpt":{"rendered":"<ul>\n<li>1 B\u00f3ng ch\u1eef Happy birthday mix m\u00e0u<\/li>\n<li>1 B\u00f3ng h\u00ecnh c\u1ea7u v\u1ed3ng<\/li>\n<li>1 B\u00f3ng h\u00ecnh unicorn<\/li>\n<li>4 B\u00f3ng h\u00ecnh ng\u00f4i sao<\/li>\n<li>1 B\u00f3ng h\u00ecnh v\u01b0\u01a1ng mi\u1ec7n<\/li>\n<li>8 Qu\u1ea3 b\u00f3ng bay tr\u00f2n<\/li>\n<\/ul>\n","protected":false},"featured_media":10148,"comment_status":"closed","ping_status":"closed","template":"","meta":[],"product_cat":[1661,579,587],"product_tag":[],"class_list":["post-10147","product","type-product","status-publish","has-post-thumbnail","hentry","product_cat-bo-bong-chu-love-happy-birthday","product_cat-bong-bay-sinh-nhat","product_cat-bong-nhom"],"_links":{"self":[{"href":"https:\/\/theme.tamnguyen.vn\/party\/wp-json\/wp\/v2\/product\/10147","targetHints":{"allow":["GET"]}}],"collection":[{"href":"https:\/\/theme.tamnguyen.vn\/party\/wp-json\/wp\/v2\/product"}],"about":[{"href":"https:\/\/theme.tamnguyen.vn\/party\/wp-json\/wp\/v2\/types\/product"}],"replies":[{"embeddable":true,"href":"https:\/\/theme.tamnguyen.vn\/party\/wp-json\/wp\/v2\/comments?post=10147"}],"wp:featuredmedia":[{"embeddable":true,"href":"https:\/\/theme.tamnguyen.vn\/party\/wp-json\/wp\/v2\/media\/10148"}],"wp:attachment":[{"href":"https:\/\/theme.tamnguyen.vn\/party\/wp-json\/wp\/v2\/media?parent=10147"}],"wp:term":[{"taxonomy":"product_cat","embeddable":true,"href":"https:\/\/theme.tamnguyen.vn\/party\/wp-json\/wp\/v2\/product_cat?post=10147"},{"taxonomy":"product_tag","embeddable":true,"href":"https:\/\/theme.tamnguyen.vn\/party\/wp-json\/wp\/v2\/product_tag?post=10147"}],"curies":[{"name":"wp","href":"https:\/\/api.w.org\/{rel}","templated":true}]}}