{"id":841,"date":"2020-11-03T22:22:44","date_gmt":"2020-11-03T15:22:44","guid":{"rendered":"http:\/\/noithat27.maugiaodien.com\/?page_id=841"},"modified":"2020-11-03T22:24:47","modified_gmt":"2020-11-03T15:24:47","slug":"dong-do-go-noi-that-van-phong","status":"publish","type":"page","link":"https:\/\/theme.tamnguyen.vn\/noithat27\/dong-do-go-noi-that-van-phong","title":{"rendered":"\u0110\u00f3ng \u0111\u1ed3 g\u1ed7 n\u1ed9i th\u1ea5t v\u0103n ph\u00f2ng"},"content":{"rendered":"<h1 style=\"text-align: center;\">\u0110\u00d3NG \u0110\u1ed2 G\u1ed6 N\u1ed8I TH\u1ea4T V\u0102N PH\u00d2NG<\/h1>\n<p>X\u01b0\u1edfng \u0111\u00f3ng \u0111\u1ed3 g\u1ed7 n\u1ed9i th\u1ea5t v\u0103n ph\u00f2ng, showroom, tr\u01b0\u1eddng h\u1ecdc theo y\u00eau c\u1ea7u \u0111\u1eb9p gi\u00e1 r\u1ebb t\u1ea1i Qu\u1ea3ng B\u00ecnh. Ch\u00fang t\u00f4i v\u1edbi kinh nghi\u1ec7m thi c\u00f4ng nhi\u1ec1u c\u00f4ng tr\u00ecnh n\u1ed9i th\u1ea5t, \u0111\u00f3ng k\u1ec7 g\u1ed7 b\u00e0n gh\u1ebf v\u0103n ph\u00f2ng, showroom, tr\u01b0\u1eddng h\u1ecdc cho nhi\u1ec1u c\u00f4ng tr\u00ecnh t\u1ea1i Qu\u1ea3ng B\u00ecnh v\u00e0 c\u00e1c t\u1ec9nh l\u00e2n c\u1eadn. Ch\u00fang t\u00f4i tin r\u1eb1ng s\u1ebd mang \u0111\u1ebfn s\u1ea3n ph\u1ea9m t\u1ed1t \u0111\u1ebfn v\u1edbi kh\u00e1ch h\u00e0ng.<\/p>\n<p><img loading=\"lazy\" decoding=\"async\" class=\"size-full wp-image-828 aligncenter\" src=\"http:\/\/noithat27.maugiaodien.com\/wp-content\/uploads\/2020\/11\/dong-do-go-noi-that-theo-yeu-cau-o-quang-binh-813-14.jpg\" alt=\"Dong Do Go Noi That Theo Yeu Cau O Quang Binh 813 14\" width=\"1024\" height=\"495\" srcset=\"https:\/\/theme.tamnguyen.vn\/noithat27\/wp-content\/uploads\/2020\/11\/dong-do-go-noi-that-theo-yeu-cau-o-quang-binh-813-14.jpg 1024w, https:\/\/theme.tamnguyen.vn\/noithat27\/wp-content\/uploads\/2020\/11\/dong-do-go-noi-that-theo-yeu-cau-o-quang-binh-813-14-768x371.jpg 768w, https:\/\/theme.tamnguyen.vn\/noithat27\/wp-content\/uploads\/2020\/11\/dong-do-go-noi-that-theo-yeu-cau-o-quang-binh-813-14-600x290.jpg 600w\" sizes=\"auto, (max-width: 1024px) 100vw, 1024px\" \/><\/p>\n<p><img decoding=\"async\" class=\"aligncenter\" src=\"http:\/\/noithat27.maugiaodien.com\/wp-content\/uploads\/2020\/11\/dong-do-go-noi-that-van-phong-841.jpg\" alt=\"\u0111\u00f3ng qu\u1ea7y ti\u1ebfp t\u00e2n \u0111\u1eb9p gi\u00e1 r\u1ebb tphcm\" \/><\/p>\n<p><img decoding=\"async\" class=\"aligncenter\" src=\"http:\/\/noithat27.maugiaodien.com\/wp-content\/uploads\/2020\/11\/dong-do-go-noi-that-van-phong-841-1.jpg\" alt=\"\u0111\u00f3ng b\u00e0n h\u1ecdp v\u0103n ph\u00f2ng \u0111\u1eb9p gi\u00e1 r\u1ebb tphcm\" \/><\/p>\n<p><img decoding=\"async\" class=\"aligncenter\" src=\"http:\/\/noithat27.maugiaodien.com\/wp-content\/uploads\/2020\/11\/dong-do-go-noi-that-van-phong-841-2.jpg\" alt=\"t\u1ee7 h\u1ed3 s\u01a1, k\u1ec7 g\u1ed7 v\u0103n ph\u00f2ng \u0111\u1eb9p gi\u00e1 r\u1ebb tphcm\" \/><\/p>\n<p>&nbsp;<\/p>\n<p style=\"text-align: center;\">Thi\u1ebft k\u1ebf thi c\u00f4ng n\u1ed9i th\u1ea5t v\u0103n ph\u00f2ng, \u0111\u00f3ng \u0111\u1ed3 g\u1ed7 n\u1ed9i th\u1ea5t v\u0103n ph\u00f2ng theo y\u00eau c\u1ea7u gi\u00e1 r\u1ebb t\u1ea1i Qu\u1ea3ng B\u00ecnh<\/p>\n<p><img decoding=\"async\" class=\"aligncenter\" src=\"http:\/\/noithat27.maugiaodien.com\/wp-content\/uploads\/2020\/11\/dong-do-go-noi-that-van-phong-841-3.jpg\" alt=\"thi c\u00f4ng n\u1ed9i th\u1ea5t v\u0103n ph\u00f2ng tr\u1ecdn g\u00f3i tphcm\" \/><\/p>\n<p><img loading=\"lazy\" decoding=\"async\" class=\"size-full wp-image-827 aligncenter\" src=\"http:\/\/noithat27.maugiaodien.com\/wp-content\/uploads\/2020\/11\/dong-do-go-noi-that-theo-yeu-cau-o-quang-binh-813-13.jpg\" alt=\"Dong Do Go Noi That Theo Yeu Cau O Quang Binh 813 13\" width=\"1024\" height=\"1024\" srcset=\"https:\/\/theme.tamnguyen.vn\/noithat27\/wp-content\/uploads\/2020\/11\/dong-do-go-noi-that-theo-yeu-cau-o-quang-binh-813-13.jpg 1024w, https:\/\/theme.tamnguyen.vn\/noithat27\/wp-content\/uploads\/2020\/11\/dong-do-go-noi-that-theo-yeu-cau-o-quang-binh-813-13-768x768.jpg 768w, https:\/\/theme.tamnguyen.vn\/noithat27\/wp-content\/uploads\/2020\/11\/dong-do-go-noi-that-theo-yeu-cau-o-quang-binh-813-13-400x400.jpg 400w, https:\/\/theme.tamnguyen.vn\/noithat27\/wp-content\/uploads\/2020\/11\/dong-do-go-noi-that-theo-yeu-cau-o-quang-binh-813-13-600x600.jpg 600w, https:\/\/theme.tamnguyen.vn\/noithat27\/wp-content\/uploads\/2020\/11\/dong-do-go-noi-that-theo-yeu-cau-o-quang-binh-813-13-100x100.jpg 100w\" sizes=\"auto, (max-width: 1024px) 100vw, 1024px\" \/><\/p>\n<blockquote><p><strong>Showroom N\u1ed9i Th\u1ea5t<\/strong><br \/>\n<strong>C\u1eeda h\u00e0ng:<\/strong>\u00a0xxx H\u00f9ng V\u01b0\u01a1ng \u2013 Ho\u00e0n L\u00e3o \u2013 B\u1ed1 Tr\u1ea1ch \u2013 Qu\u1ea3ng B\u00ecnh<br \/>\n<strong>Hotline:<\/strong>\u00a00942757xxx \u2013 0985668xxx \u2013 0975704xxx<br \/>\n<strong>Zalo:<\/strong>\u00a00942757xxx<br \/>\n<strong>C\u01a1 s\u1edf 1:<\/strong>\u00a0xx L\u00ea H\u1ed3ng Phong \u2013 Ho\u00e0n L\u00e3o \u2013 B\u1ed1 Tr\u1ea1ch \u2013 Qu\u1ea3ng B\u00ecnh<br \/>\n<strong>C\u01a1 s\u1edf 2:<\/strong>\u00a0xxx H\u00f9ng V\u01b0\u01a1ng \u2013 Ho\u00e0n L\u00e3o \u2013 B\u1ed1 Tr\u1ea1ch \u2013 Qu\u1ea3ng B\u00ecnh<br \/>\n<strong>C\u01a1 s\u1edf 3:<\/strong>\u00a0xx Nguy\u1ec5n Th\u1ecb Minh Khai \u2013 Ho\u00e0n L\u00e3o \u2013 B\u1ed1 Tr\u1ea1ch \u2013 Qu\u1ea3ng B\u00ecnh<\/p><\/blockquote>\n","protected":false},"excerpt":{"rendered":"<p>\u0110\u00d3NG \u0110\u1ed2 G\u1ed6 N\u1ed8I TH\u1ea4T V\u0102N PH\u00d2NG X\u01b0\u1edfng \u0111\u00f3ng \u0111\u1ed3 g\u1ed7 n\u1ed9i th\u1ea5t v\u0103n ph\u00f2ng, showroom, tr\u01b0\u1eddng h\u1ecdc theo y\u00eau c\u1ea7u \u0111\u1eb9p gi\u00e1 r\u1ebb t\u1ea1i Qu\u1ea3ng B\u00ecnh. Ch\u00fang t\u00f4i v\u1edbi kinh nghi\u1ec7m thi c\u00f4ng nhi\u1ec1u c\u00f4ng tr\u00ecnh n\u1ed9i th\u1ea5t, \u0111\u00f3ng k\u1ec7 g\u1ed7 b\u00e0n gh\u1ebf v\u0103n ph\u00f2ng, showroom, tr\u01b0\u1eddng h\u1ecdc cho nhi\u1ec1u c\u00f4ng tr\u00ecnh t\u1ea1i Qu\u1ea3ng..<\/p>\n","protected":false},"author":1,"featured_media":827,"parent":0,"menu_order":0,"comment_status":"open","ping_status":"closed","template":"page-right-sidebar.php","meta":{"footnotes":""},"class_list":["post-841","page","type-page","status-publish","has-post-thumbnail","hentry"],"yoast_head":"<!-- This site is optimized with the Yoast SEO plugin v15.2.1 - https:\/\/yoast.com\/wordpress\/plugins\/seo\/ -->\n<title>\u0110\u00f3ng \u0111\u1ed3 g\u1ed7 n\u1ed9i th\u1ea5t v\u0103n ph\u00f2ng - Showroom N\u1ed9i Th\u1ea5t<\/title>\n<meta name=\"description\" content=\"X\u01b0\u1edfng \u0111\u00f3ng \u0111\u1ed3 g\u1ed7 n\u1ed9i th\u1ea5t v\u0103n ph\u00f2ng, showroom, tr\u01b0\u1eddng h\u1ecdc theo y\u00eau c\u1ea7u \u0111\u1eb9p gi\u00e1 r\u1ebb t\u1ea1i Qu\u1ea3ng B\u00ecnh. Ch\u00fang t\u00f4i v\u1edbi kinh nghi\u1ec7m thi c\u00f4ng nhi\u1ec1u c\u00f4ng tr\u00ecnh n\u1ed9i th\u1ea5t, \u0111\u00f3ng k\u1ec7 g\u1ed7 b\u00e0n gh\u1ebf v\u0103n ph\u00f2ng, showroom, tr\u01b0\u1eddng h\u1ecdc cho nhi\u1ec1u c\u00f4ng tr\u00ecnh t\u1ea1i Qu\u1ea3ng B\u00ecnh v\u00e0 c\u00e1c t\u1ec9nh l\u00e2n c\u1eadn.\" \/>\n<meta name=\"robots\" content=\"noindex, follow, max-snippet:-1, max-image-preview:large, max-video-preview:-1\" \/>\n<meta property=\"og:locale\" content=\"vi_VN\" \/>\n<meta property=\"og:type\" content=\"article\" \/>\n<meta property=\"og:title\" content=\"\u0110\u00f3ng \u0111\u1ed3 g\u1ed7 n\u1ed9i th\u1ea5t v\u0103n ph\u00f2ng - Showroom N\u1ed9i Th\u1ea5t\" \/>\n<meta property=\"og:description\" content=\"X\u01b0\u1edfng \u0111\u00f3ng \u0111\u1ed3 g\u1ed7 n\u1ed9i th\u1ea5t v\u0103n ph\u00f2ng, showroom, tr\u01b0\u1eddng h\u1ecdc theo y\u00eau c\u1ea7u \u0111\u1eb9p gi\u00e1 r\u1ebb t\u1ea1i Qu\u1ea3ng B\u00ecnh. Ch\u00fang t\u00f4i v\u1edbi kinh nghi\u1ec7m thi c\u00f4ng nhi\u1ec1u c\u00f4ng tr\u00ecnh n\u1ed9i th\u1ea5t, \u0111\u00f3ng k\u1ec7 g\u1ed7 b\u00e0n gh\u1ebf v\u0103n ph\u00f2ng, showroom, tr\u01b0\u1eddng h\u1ecdc cho nhi\u1ec1u c\u00f4ng tr\u00ecnh t\u1ea1i Qu\u1ea3ng B\u00ecnh v\u00e0 c\u00e1c t\u1ec9nh l\u00e2n c\u1eadn.\" \/>\n<meta property=\"og:url\" content=\"https:\/\/theme.tamnguyen.vn\/noithat27\/dong-do-go-noi-that-van-phong\" \/>\n<meta property=\"og:site_name\" content=\"Showroom N\u1ed9i Th\u1ea5t\" \/>\n<meta property=\"article:modified_time\" content=\"2020-11-03T15:24:47+00:00\" \/>\n<meta property=\"og:image\" content=\"https:\/\/theme.tamnguyen.vn\/noithat27\/wp-content\/uploads\/2020\/11\/dong-do-go-noi-that-theo-yeu-cau-o-quang-binh-813-13.jpg\" \/>\n\t<meta property=\"og:image:width\" content=\"1024\" \/>\n\t<meta property=\"og:image:height\" content=\"1024\" \/>\n<meta name=\"twitter:card\" content=\"summary_large_image\" \/>\n<meta name=\"twitter:label1\" content=\"Written by\">\n\t<meta name=\"twitter:data1\" content=\"admin\">\n\t<meta name=\"twitter:label2\" content=\"Est. reading time\">\n\t<meta name=\"twitter:data2\" content=\"1 ph\u00fat\">\n<script type=\"application\/ld+json\" class=\"yoast-schema-graph\">{\"@context\":\"https:\/\/schema.org\",\"@graph\":[{\"@type\":\"Organization\",\"@id\":\"https:\/\/theme.tamnguyen.vn\/noithat27\/#organization\",\"name\":\"Showroom N\\u1ed9i Th\\u1ea5t\",\"url\":\"https:\/\/theme.tamnguyen.vn\/noithat27\/\",\"sameAs\":[],\"logo\":{\"@type\":\"ImageObject\",\"@id\":\"https:\/\/theme.tamnguyen.vn\/noithat27\/#logo\",\"inLanguage\":\"vi\",\"url\":\"https:\/\/theme.tamnguyen.vn\/noithat27\/wp-content\/uploads\/2020\/10\/logo-noithat-chung-hoa.png\",\"width\":400,\"height\":97,\"caption\":\"Showroom N\\u1ed9i Th\\u1ea5t\"},\"image\":{\"@id\":\"https:\/\/theme.tamnguyen.vn\/noithat27\/#logo\"}},{\"@type\":\"WebSite\",\"@id\":\"https:\/\/theme.tamnguyen.vn\/noithat27\/#website\",\"url\":\"https:\/\/theme.tamnguyen.vn\/noithat27\/\",\"name\":\"Showroom N\\u1ed9i Th\\u1ea5t\",\"description\":\"\",\"publisher\":{\"@id\":\"https:\/\/theme.tamnguyen.vn\/noithat27\/#organization\"},\"potentialAction\":[{\"@type\":\"SearchAction\",\"target\":\"https:\/\/theme.tamnguyen.vn\/noithat27\/?s={search_term_string}\",\"query-input\":\"required name=search_term_string\"}],\"inLanguage\":\"vi\"},{\"@type\":\"ImageObject\",\"@id\":\"https:\/\/theme.tamnguyen.vn\/noithat27\/dong-do-go-noi-that-van-phong#primaryimage\",\"inLanguage\":\"vi\",\"url\":\"https:\/\/theme.tamnguyen.vn\/noithat27\/wp-content\/uploads\/2020\/11\/dong-do-go-noi-that-theo-yeu-cau-o-quang-binh-813-13.jpg\",\"width\":1024,\"height\":1024,\"caption\":\"Dong Do Go Noi That Theo Yeu Cau O Quang Binh 813 13\"},{\"@type\":\"WebPage\",\"@id\":\"https:\/\/theme.tamnguyen.vn\/noithat27\/dong-do-go-noi-that-van-phong#webpage\",\"url\":\"https:\/\/theme.tamnguyen.vn\/noithat27\/dong-do-go-noi-that-van-phong\",\"name\":\"\\u0110\\u00f3ng \\u0111\\u1ed3 g\\u1ed7 n\\u1ed9i th\\u1ea5t v\\u0103n ph\\u00f2ng - Showroom N\\u1ed9i Th\\u1ea5t\",\"isPartOf\":{\"@id\":\"https:\/\/theme.tamnguyen.vn\/noithat27\/#website\"},\"primaryImageOfPage\":{\"@id\":\"https:\/\/theme.tamnguyen.vn\/noithat27\/dong-do-go-noi-that-van-phong#primaryimage\"},\"datePublished\":\"2020-11-03T15:22:44+00:00\",\"dateModified\":\"2020-11-03T15:24:47+00:00\",\"description\":\"X\\u01b0\\u1edfng \\u0111\\u00f3ng \\u0111\\u1ed3 g\\u1ed7 n\\u1ed9i th\\u1ea5t v\\u0103n ph\\u00f2ng, showroom, tr\\u01b0\\u1eddng h\\u1ecdc theo y\\u00eau c\\u1ea7u \\u0111\\u1eb9p gi\\u00e1 r\\u1ebb t\\u1ea1i Qu\\u1ea3ng B\\u00ecnh. Ch\\u00fang t\\u00f4i v\\u1edbi kinh nghi\\u1ec7m thi c\\u00f4ng nhi\\u1ec1u c\\u00f4ng tr\\u00ecnh n\\u1ed9i th\\u1ea5t, \\u0111\\u00f3ng k\\u1ec7 g\\u1ed7 b\\u00e0n gh\\u1ebf v\\u0103n ph\\u00f2ng, showroom, tr\\u01b0\\u1eddng h\\u1ecdc cho nhi\\u1ec1u c\\u00f4ng tr\\u00ecnh t\\u1ea1i Qu\\u1ea3ng B\\u00ecnh v\\u00e0 c\\u00e1c t\\u1ec9nh l\\u00e2n c\\u1eadn.\",\"breadcrumb\":{\"@id\":\"https:\/\/theme.tamnguyen.vn\/noithat27\/dong-do-go-noi-that-van-phong#breadcrumb\"},\"inLanguage\":\"vi\",\"potentialAction\":[{\"@type\":\"ReadAction\",\"target\":[\"https:\/\/theme.tamnguyen.vn\/noithat27\/dong-do-go-noi-that-van-phong\"]}]},{\"@type\":\"BreadcrumbList\",\"@id\":\"https:\/\/theme.tamnguyen.vn\/noithat27\/dong-do-go-noi-that-van-phong#breadcrumb\",\"itemListElement\":[{\"@type\":\"ListItem\",\"position\":1,\"item\":{\"@type\":\"WebPage\",\"@id\":\"https:\/\/theme.tamnguyen.vn\/noithat27\/\",\"url\":\"https:\/\/theme.tamnguyen.vn\/noithat27\/\",\"name\":\"Trang ch\\u1ee7\"}},{\"@type\":\"ListItem\",\"position\":2,\"item\":{\"@type\":\"WebPage\",\"@id\":\"https:\/\/theme.tamnguyen.vn\/noithat27\/dong-do-go-noi-that-van-phong\",\"url\":\"https:\/\/theme.tamnguyen.vn\/noithat27\/dong-do-go-noi-that-van-phong\",\"name\":\"\\u0110\\u00f3ng \\u0111\\u1ed3 g\\u1ed7 n\\u1ed9i th\\u1ea5t v\\u0103n ph\\u00f2ng\"}}]}]}<\/script>\n<!-- \/ Yoast SEO plugin. -->","_links":{"self":[{"href":"https:\/\/theme.tamnguyen.vn\/noithat27\/wp-json\/wp\/v2\/pages\/841","targetHints":{"allow":["GET"]}}],"collection":[{"href":"https:\/\/theme.tamnguyen.vn\/noithat27\/wp-json\/wp\/v2\/pages"}],"about":[{"href":"https:\/\/theme.tamnguyen.vn\/noithat27\/wp-json\/wp\/v2\/types\/page"}],"author":[{"embeddable":true,"href":"https:\/\/theme.tamnguyen.vn\/noithat27\/wp-json\/wp\/v2\/users\/1"}],"replies":[{"embeddable":true,"href":"https:\/\/theme.tamnguyen.vn\/noithat27\/wp-json\/wp\/v2\/comments?post=841"}],"version-history":[{"count":1,"href":"https:\/\/theme.tamnguyen.vn\/noithat27\/wp-json\/wp\/v2\/pages\/841\/revisions"}],"predecessor-version":[{"id":848,"href":"https:\/\/theme.tamnguyen.vn\/noithat27\/wp-json\/wp\/v2\/pages\/841\/revisions\/848"}],"wp:featuredmedia":[{"embeddable":true,"href":"https:\/\/theme.tamnguyen.vn\/noithat27\/wp-json\/wp\/v2\/media\/827"}],"wp:attachment":[{"href":"https:\/\/theme.tamnguyen.vn\/noithat27\/wp-json\/wp\/v2\/media?parent=841"}],"curies":[{"name":"wp","href":"https:\/\/api.w.org\/{rel}","templated":true}]}}