{"id":681,"date":"2020-11-02T01:00:06","date_gmt":"2020-11-01T18:00:06","guid":{"rendered":"http:\/\/noithat27.maugiaodien.com\/?page_id=681"},"modified":"2020-11-03T22:24:36","modified_gmt":"2020-11-03T15:24:36","slug":"thi-cong-do-go-noi-that-chuyen-nghiep-gia-re","status":"publish","type":"page","link":"https:\/\/theme.tamnguyen.vn\/noithat27\/thi-cong-do-go-noi-that-chuyen-nghiep-gia-re","title":{"rendered":"Thi c\u00f4ng \u0111\u1ed3 g\u1ed7 n\u1ed9i th\u1ea5t chuy\u00ean nghi\u1ec7p, gi\u00e1 r\u1ebb"},"content":{"rendered":"<h1 class=\"entry-title\" style=\"text-align: center;\">THI C\u00d4NG \u0110\u1ed2 G\u1ed6 N\u1ed8I TH\u1ea4T CHUY\u00caN NGHI\u1ec6P, GI\u00c1 R\u1eba<\/h1>\n<p>Thi c\u00f4ng n\u1ed9i th\u1ea5t tr\u1ecdn g\u00f3i,\u00a0thi c\u00f4ng n\u1ed9i th\u1ea5t chung c\u01b0,\u00a0n\u1ed9i th\u1ea5t nh\u00e0 ph\u1ed1. Qu\u00fd kh\u00e1ch v\u1eeba m\u1edbi nh\u1eadn nh\u00e0, ho\u1eb7c v\u1eeba x\u00e2y nh\u00e0 xong, c\u1ea7n t\u00ecm \u0111\u01a1n v\u1ecb thi c\u00f4ng trang tr\u00ed n\u1ed9i th\u1ea5t, \u0111\u1ed3 g\u1ed7 n\u1ed9i th\u1ea5t, vui l\u00f2ng li\u00ean h\u1ec7 ch\u00fang t\u00f4i \u0111\u1ec3 \u0111\u01b0\u1ee3c t\u01b0 v\u1ea5n. Ch\u00fang t\u00f4i v\u1edbi \u0111\u1ed9i th\u1ee3 nhi\u1ec1u kinh nghi\u1ec7m, t\u1eebng thi c\u00f4ng nhi\u1ec1u c\u00f4ng tr\u00ecnh, \u0111\u01b0\u1ee3c kh\u00e1ch h\u00e0ng \u0111\u00e1nh gi\u00e1 cao v\u1ec1 ch\u1ea5t l\u01b0\u1ee3ng s\u1ea3n ph\u1ea9m v\u00e0 d\u1ecbch v\u1ee5. Tin r\u1eb1ng s\u1ebd mang \u0111\u1ebfn s\u1ea3n ph\u1ea9m t\u1ed1t nh\u1ea5t \u0111\u1ebfn v\u1edbi qu\u00fd kh\u00e1ch.<\/p>\n<p><img decoding=\"async\" class=\"aligncenter\" src=\"http:\/\/noithat27.maugiaodien.com\/wp-content\/uploads\/2020\/11\/thi-cong-noi-that-quang-binh-chuyen-nghiep-gia-re-681-2.jpg\" alt=\"Thi c\u00f4ng \u0111\u1ed3 g\u1ed7 n\u1ed9i th\u1ea5t tr\u1ecdn g\u00f3i\" \/><\/p>\n<p>Trong l\u0129nh v\u1ef1c thi c\u00f4ng n\u1ed9i th\u1ea5t, vi\u1ec7c th\u1ed1ng nh\u1ea5t m\u1ed9t quy tr\u00ecnh chuy\u00ean nghi\u1ec7p, ch\u1eb7t ch\u1ebd l\u00e0 \u0111i\u1ec1u thi\u1ebft y\u1ebfu \u0111\u1ec3 t\u1ea1o n\u00ean nh\u1eefng s\u1ea3n ph\u1ea9m ch\u1ea5t l\u01b0\u1ee3ng. V\u1edbi 4 b\u01b0\u1edbc th\u1ef1c hi\u1ec7n theo m\u1ed9t quy tr\u00ecnh th\u1ed1ng nh\u1ea5t, qu\u00e1 tr\u00ecnh thi c\u00f4ng c\u1ee5 th\u1ec3 v\u00e0 c\u00f4ng khai nh\u1eb1m gi\u00fap qu\u00fd kh\u00e1ch c\u00f3 th\u1ec3 n\u1eafm b\u1eaft \u0111\u01b0\u1ee3c ti\u1ebfn tr\u00ecnh s\u1ea3n xu\u1ea5t v\u00e0 ch\u1ee7 \u0111\u1ed9ng trong vi\u1ec7c s\u1eafp x\u1ebfp. L\u1eddi cam k\u1ebft th\u1ef1c hi\u1ec7n v\u00e0 b\u00e0n giao theo \u0111\u00fang ti\u1ebfn \u0111\u1ed9 ch\u00ednh l\u00e0 s\u1ef1 th\u1ec3 hi\u1ec7n r\u00f5 r\u00e0ng nh\u1ea5t c\u1ee7a t\u1ea5m l\u00f2ng tr\u00e1ch nhi\u1ec7m v\u00e0 t\u00e2m huy\u1ebft c\u1ee7a Chung Hoa\u00a0 \u0111\u1ed1i v\u1edbi qu\u00fd kh\u00e1ch h\u00e0ng.<\/p>\n<p><img decoding=\"async\" class=\"aligncenter\" src=\"http:\/\/noithat27.maugiaodien.com\/wp-content\/uploads\/2020\/11\/thi-cong-noi-that-quang-binh-chuyen-nghiep-gia-re-681.jpg\" \/><\/p>\n<p><img decoding=\"async\" class=\"aligncenter\" src=\"http:\/\/noithat27.maugiaodien.com\/wp-content\/uploads\/2020\/11\/thi-cong-noi-that-quang-binh-chuyen-nghiep-gia-re-681-3.jpg\" alt=\"trang tr\u00ed n\u1ed9i th\u1ea5t chung c\u01b0, thi c\u00f4ng n\u1ed9i th\u1ea5t chung c\u01b0 tphcm\" \/><\/p>\n<p><img decoding=\"async\" class=\"aligncenter\" src=\"http:\/\/noithat27.maugiaodien.com\/wp-content\/uploads\/2020\/11\/thi-cong-noi-that-quang-binh-chuyen-nghiep-gia-re-681-4.jpg\" alt=\"ph\u00f2ng kh\u00e1ch chung c\u01b0 \u0111\u1eb9p\" \/><\/p>\n<p><img decoding=\"async\" class=\"aligncenter\" src=\"http:\/\/noithat27.maugiaodien.com\/wp-content\/uploads\/2020\/11\/thi-cong-noi-that-quang-binh-chuyen-nghiep-gia-re-681-5.jpg\" alt=\"ph\u00f2ng ng\u1ee7 chung c\u01b0 \u0111\u1eb9p - n\u1ed9i th\u1ea5t ph\u00f2ng ng\u1ee7 \u0111\u1eb9p\" \/><\/p>\n<p><img decoding=\"async\" class=\"aligncenter\" src=\"http:\/\/noithat27.maugiaodien.com\/wp-content\/uploads\/2020\/11\/thi-cong-noi-that-quang-binh-chuyen-nghiep-gia-re-681-6.jpg\" alt=\"ph\u00f2ng kh\u00e1ch nh\u00e0 \u1ed1ng, nh\u00e0 ph\u1ed1 \u0111\u1eb9p\" \/><\/p>\n<p><img decoding=\"async\" class=\"aligncenter\" src=\"http:\/\/noithat27.maugiaodien.com\/wp-content\/uploads\/2020\/11\/thi-cong-noi-that-quang-binh-chuyen-nghiep-gia-re-681-7.jpg\" alt=\"ph\u00f2ng kh\u00e1ch nh\u00e0 \u1ed1ng, nh\u00e0 ph\u1ed1 \u0111\u1eb9p\" \/><\/p>\n<p><img decoding=\"async\" class=\"aligncenter\" src=\"http:\/\/noithat27.maugiaodien.com\/wp-content\/uploads\/2020\/11\/thi-cong-noi-that-quang-binh-chuyen-nghiep-gia-re-681-8.jpg\" alt=\"ph\u00f2ng kh\u00e1ch nh\u00e0 \u1ed1ng, nh\u00e0 ph\u1ed1 \u0111\u1eb9p\" \/><\/p>\n<blockquote><p><strong>Showroom N\u1ed9i Th\u1ea5t<\/strong><br \/>\n<strong>C\u1eeda h\u00e0ng:<\/strong> xxx H\u00f9ng V\u01b0\u01a1ng &#8211; Ho\u00e0n L\u00e3o &#8211; B\u1ed1 Tr\u1ea1ch &#8211; Qu\u1ea3ng B\u00ecnh<br \/>\n<strong>Hotline:<\/strong> 0942757xxx &#8211; 0985668xxx &#8211; 0975704xxx<br \/>\n<strong>Zalo:<\/strong> 0942757xxx<br \/>\n<strong>C\u01a1 s\u1edf 1:<\/strong> xx L\u00ea H\u1ed3ng Phong &#8211; Ho\u00e0n L\u00e3o &#8211; B\u1ed1 Tr\u1ea1ch &#8211; Qu\u1ea3ng B\u00ecnh<br \/>\n<strong>C\u01a1 s\u1edf 2:<\/strong> xxx H\u00f9ng V\u01b0\u01a1ng &#8211; Ho\u00e0n L\u00e3o &#8211; B\u1ed1 Tr\u1ea1ch &#8211; Qu\u1ea3ng B\u00ecnh<br \/>\n<strong>C\u01a1 s\u1edf 3:<\/strong> xx Nguy\u1ec5n Th\u1ecb Minh Khai &#8211; Ho\u00e0n L\u00e3o &#8211; B\u1ed1 Tr\u1ea1ch &#8211; Qu\u1ea3ng B\u00ecnh<\/p><\/blockquote>\n","protected":false},"excerpt":{"rendered":"<p>THI C\u00d4NG \u0110\u1ed2 G\u1ed6 N\u1ed8I TH\u1ea4T CHUY\u00caN NGHI\u1ec6P, GI\u00c1 R\u1eba Thi c\u00f4ng n\u1ed9i th\u1ea5t tr\u1ecdn g\u00f3i,\u00a0thi c\u00f4ng n\u1ed9i th\u1ea5t chung c\u01b0,\u00a0n\u1ed9i th\u1ea5t nh\u00e0 ph\u1ed1. Qu\u00fd kh\u00e1ch v\u1eeba m\u1edbi nh\u1eadn nh\u00e0, ho\u1eb7c v\u1eeba x\u00e2y nh\u00e0 xong, c\u1ea7n t\u00ecm \u0111\u01a1n v\u1ecb thi c\u00f4ng trang tr\u00ed n\u1ed9i th\u1ea5t, \u0111\u1ed3 g\u1ed7 n\u1ed9i th\u1ea5t, vui l\u00f2ng li\u00ean h\u1ec7 ch\u00fang t\u00f4i..<\/p>\n","protected":false},"author":1,"featured_media":0,"parent":0,"menu_order":0,"comment_status":"open","ping_status":"closed","template":"page-right-sidebar.php","meta":{"footnotes":""},"class_list":["post-681","page","type-page","status-publish","hentry"],"yoast_head":"<!-- This site is optimized with the Yoast SEO plugin v15.2.1 - https:\/\/yoast.com\/wordpress\/plugins\/seo\/ -->\n<title>Thi c\u00f4ng \u0111\u1ed3 g\u1ed7 n\u1ed9i th\u1ea5t chuy\u00ean nghi\u1ec7p, gi\u00e1 r\u1ebb - Showroom N\u1ed9i Th\u1ea5t<\/title>\n<meta name=\"robots\" content=\"noindex, follow, max-snippet:-1, max-image-preview:large, max-video-preview:-1\" \/>\n<meta property=\"og:locale\" content=\"vi_VN\" \/>\n<meta property=\"og:type\" content=\"article\" \/>\n<meta property=\"og:title\" content=\"Thi c\u00f4ng \u0111\u1ed3 g\u1ed7 n\u1ed9i th\u1ea5t chuy\u00ean nghi\u1ec7p, gi\u00e1 r\u1ebb - Showroom N\u1ed9i Th\u1ea5t\" \/>\n<meta property=\"og:description\" content=\"THI C\u00d4NG \u0110\u1ed2 G\u1ed6 N\u1ed8I TH\u1ea4T CHUY\u00caN NGHI\u1ec6P, GI\u00c1 R\u1eba Thi c\u00f4ng n\u1ed9i th\u1ea5t tr\u1ecdn g\u00f3i,\u00a0thi c\u00f4ng n\u1ed9i th\u1ea5t chung c\u01b0,\u00a0n\u1ed9i th\u1ea5t nh\u00e0 ph\u1ed1. Qu\u00fd kh\u00e1ch v\u1eeba m\u1edbi nh\u1eadn nh\u00e0, ho\u1eb7c v\u1eeba x\u00e2y nh\u00e0 xong, c\u1ea7n t\u00ecm \u0111\u01a1n v\u1ecb thi c\u00f4ng trang tr\u00ed n\u1ed9i th\u1ea5t, \u0111\u1ed3 g\u1ed7 n\u1ed9i th\u1ea5t, vui l\u00f2ng li\u00ean h\u1ec7 ch\u00fang t\u00f4i..\" \/>\n<meta property=\"og:url\" content=\"https:\/\/theme.tamnguyen.vn\/noithat27\/thi-cong-do-go-noi-that-chuyen-nghiep-gia-re\" \/>\n<meta property=\"og:site_name\" content=\"Showroom N\u1ed9i Th\u1ea5t\" \/>\n<meta property=\"article:modified_time\" content=\"2020-11-03T15:24:36+00:00\" \/>\n<meta property=\"og:image\" content=\"http:\/\/noithat27.maugiaodien.com\/wp-content\/uploads\/2020\/11\/thi-cong-noi-that-quang-binh-chuyen-nghiep-gia-re-681-2.jpg\" \/>\n<meta name=\"twitter:card\" content=\"summary_large_image\" \/>\n<meta name=\"twitter:label1\" content=\"Written by\">\n\t<meta name=\"twitter:data1\" content=\"admin\">\n\t<meta name=\"twitter:label2\" content=\"Est. reading time\">\n\t<meta name=\"twitter:data2\" content=\"2 ph\u00fat\">\n<script type=\"application\/ld+json\" class=\"yoast-schema-graph\">{\"@context\":\"https:\/\/schema.org\",\"@graph\":[{\"@type\":\"Organization\",\"@id\":\"https:\/\/theme.tamnguyen.vn\/noithat27\/#organization\",\"name\":\"Showroom N\\u1ed9i Th\\u1ea5t\",\"url\":\"https:\/\/theme.tamnguyen.vn\/noithat27\/\",\"sameAs\":[],\"logo\":{\"@type\":\"ImageObject\",\"@id\":\"https:\/\/theme.tamnguyen.vn\/noithat27\/#logo\",\"inLanguage\":\"vi\",\"url\":\"https:\/\/theme.tamnguyen.vn\/noithat27\/wp-content\/uploads\/2020\/10\/logo-noithat-chung-hoa.png\",\"width\":400,\"height\":97,\"caption\":\"Showroom N\\u1ed9i Th\\u1ea5t\"},\"image\":{\"@id\":\"https:\/\/theme.tamnguyen.vn\/noithat27\/#logo\"}},{\"@type\":\"WebSite\",\"@id\":\"https:\/\/theme.tamnguyen.vn\/noithat27\/#website\",\"url\":\"https:\/\/theme.tamnguyen.vn\/noithat27\/\",\"name\":\"Showroom N\\u1ed9i Th\\u1ea5t\",\"description\":\"\",\"publisher\":{\"@id\":\"https:\/\/theme.tamnguyen.vn\/noithat27\/#organization\"},\"potentialAction\":[{\"@type\":\"SearchAction\",\"target\":\"https:\/\/theme.tamnguyen.vn\/noithat27\/?s={search_term_string}\",\"query-input\":\"required name=search_term_string\"}],\"inLanguage\":\"vi\"},{\"@type\":\"ImageObject\",\"@id\":\"https:\/\/theme.tamnguyen.vn\/noithat27\/thi-cong-do-go-noi-that-chuyen-nghiep-gia-re#primaryimage\",\"inLanguage\":\"vi\",\"url\":\"http:\/\/noithat27.maugiaodien.com\/wp-content\/uploads\/2020\/11\/thi-cong-noi-that-quang-binh-chuyen-nghiep-gia-re-681-2.jpg\"},{\"@type\":\"WebPage\",\"@id\":\"https:\/\/theme.tamnguyen.vn\/noithat27\/thi-cong-do-go-noi-that-chuyen-nghiep-gia-re#webpage\",\"url\":\"https:\/\/theme.tamnguyen.vn\/noithat27\/thi-cong-do-go-noi-that-chuyen-nghiep-gia-re\",\"name\":\"Thi c\\u00f4ng \\u0111\\u1ed3 g\\u1ed7 n\\u1ed9i th\\u1ea5t chuy\\u00ean nghi\\u1ec7p, gi\\u00e1 r\\u1ebb - Showroom N\\u1ed9i Th\\u1ea5t\",\"isPartOf\":{\"@id\":\"https:\/\/theme.tamnguyen.vn\/noithat27\/#website\"},\"primaryImageOfPage\":{\"@id\":\"https:\/\/theme.tamnguyen.vn\/noithat27\/thi-cong-do-go-noi-that-chuyen-nghiep-gia-re#primaryimage\"},\"datePublished\":\"2020-11-01T18:00:06+00:00\",\"dateModified\":\"2020-11-03T15:24:36+00:00\",\"breadcrumb\":{\"@id\":\"https:\/\/theme.tamnguyen.vn\/noithat27\/thi-cong-do-go-noi-that-chuyen-nghiep-gia-re#breadcrumb\"},\"inLanguage\":\"vi\",\"potentialAction\":[{\"@type\":\"ReadAction\",\"target\":[\"https:\/\/theme.tamnguyen.vn\/noithat27\/thi-cong-do-go-noi-that-chuyen-nghiep-gia-re\"]}]},{\"@type\":\"BreadcrumbList\",\"@id\":\"https:\/\/theme.tamnguyen.vn\/noithat27\/thi-cong-do-go-noi-that-chuyen-nghiep-gia-re#breadcrumb\",\"itemListElement\":[{\"@type\":\"ListItem\",\"position\":1,\"item\":{\"@type\":\"WebPage\",\"@id\":\"https:\/\/theme.tamnguyen.vn\/noithat27\/\",\"url\":\"https:\/\/theme.tamnguyen.vn\/noithat27\/\",\"name\":\"Trang ch\\u1ee7\"}},{\"@type\":\"ListItem\",\"position\":2,\"item\":{\"@type\":\"WebPage\",\"@id\":\"https:\/\/theme.tamnguyen.vn\/noithat27\/thi-cong-do-go-noi-that-chuyen-nghiep-gia-re\",\"url\":\"https:\/\/theme.tamnguyen.vn\/noithat27\/thi-cong-do-go-noi-that-chuyen-nghiep-gia-re\",\"name\":\"Thi c\\u00f4ng \\u0111\\u1ed3 g\\u1ed7 n\\u1ed9i th\\u1ea5t chuy\\u00ean nghi\\u1ec7p, gi\\u00e1 r\\u1ebb\"}}]}]}<\/script>\n<!-- \/ Yoast SEO plugin. -->","_links":{"self":[{"href":"https:\/\/theme.tamnguyen.vn\/noithat27\/wp-json\/wp\/v2\/pages\/681","targetHints":{"allow":["GET"]}}],"collection":[{"href":"https:\/\/theme.tamnguyen.vn\/noithat27\/wp-json\/wp\/v2\/pages"}],"about":[{"href":"https:\/\/theme.tamnguyen.vn\/noithat27\/wp-json\/wp\/v2\/types\/page"}],"author":[{"embeddable":true,"href":"https:\/\/theme.tamnguyen.vn\/noithat27\/wp-json\/wp\/v2\/users\/1"}],"replies":[{"embeddable":true,"href":"https:\/\/theme.tamnguyen.vn\/noithat27\/wp-json\/wp\/v2\/comments?post=681"}],"version-history":[{"count":7,"href":"https:\/\/theme.tamnguyen.vn\/noithat27\/wp-json\/wp\/v2\/pages\/681\/revisions"}],"predecessor-version":[{"id":849,"href":"https:\/\/theme.tamnguyen.vn\/noithat27\/wp-json\/wp\/v2\/pages\/681\/revisions\/849"}],"wp:attachment":[{"href":"https:\/\/theme.tamnguyen.vn\/noithat27\/wp-json\/wp\/v2\/media?parent=681"}],"curies":[{"name":"wp","href":"https:\/\/api.w.org\/{rel}","templated":true}]}}