{"id":381,"date":"2019-09-19T00:41:28","date_gmt":"2019-09-18T17:41:28","guid":{"rendered":"http:\/\/noithat27.maugiaodien.com\/?page_id=381"},"modified":"2020-11-04T16:15:26","modified_gmt":"2020-11-04T09:15:26","slug":"gioi-thieu","status":"publish","type":"page","link":"https:\/\/theme.tamnguyen.vn\/noithat27\/gioi-thieu","title":{"rendered":"Gi\u1edbi thi\u1ec7u"},"content":{"rendered":"<h1 style=\"text-align: center;\">GI\u1edaI THI\u1ec6U SHOWROOM N\u1ed8I TH\u1ea4T<\/h1>\n<p><img loading=\"lazy\" decoding=\"async\" class=\"size-full wp-image-787 aligncenter\" src=\"http:\/\/noithat27.maugiaodien.com\/wp-content\/uploads\/2020\/11\/after-global-title.png\" alt=\"After Global Title\" width=\"448\" height=\"8\" srcset=\"https:\/\/theme.tamnguyen.vn\/noithat27\/wp-content\/uploads\/2020\/11\/after-global-title.png 448w, https:\/\/theme.tamnguyen.vn\/noithat27\/wp-content\/uploads\/2020\/11\/after-global-title-400x8.png 400w\" sizes=\"auto, (max-width: 448px) 100vw, 448px\" \/><\/p>\n<p>Showroom N\u1ed9i Th\u1ea5t l\u00e0 \u0111\u01a1n v\u1ecb chuy\u00ean t\u01b0 v\u1ea5n, <b>thi\u1ebft k\u1ebf thi c\u00f4ng n\u1ed9i th\u1ea5t<\/b>. Thi\u1ebft k\u1ebf thi c\u00f4ng c\u00e1c c\u00f4ng tr\u00ecnh bi\u1ec7t th\u1ef1, nh\u00e0 ph\u1ed1, c\u0103n h\u1ed9, chung c\u01b0 v\u00e0 \u0111\u1eb7c bi\u1ec7t thi\u1ebft k\u1ebf trang tr\u00ed v\u0103n ph\u00f2ng,\u00a0showroom, nh\u00e0 h\u00e0ng, kh\u00e1ch s\u1ea1n\u2026<\/p>\n<p>V\u1edbi \u0111\u1ed9i ng\u0169 k\u1ef9 s\u01b0 gi\u1ecfi v\u00e0 gi\u00e0u kinh nghi\u1ec7m, th\u1ee3 thi c\u00f4ng tay ngh\u1ec1 cao, n\u00ean ch\u00fang t\u00f4i t\u1ef1 tin \u0111em \u0111\u1ebfn cho kh\u00e1ch h\u00e0ng nh\u1eefng s\u1ea3n ph\u1ea9m t\u1ed1t nh\u1ea5t.<\/p>\n<p><img loading=\"lazy\" decoding=\"async\" class=\"size-full wp-image-832 aligncenter\" src=\"http:\/\/noithat27.maugiaodien.com\/wp-content\/uploads\/2020\/11\/thi-cong-noi-that-quang-binh-chuyen-nghiep-gia-re-681-2.jpg\" alt=\"Thi Cong Noi That Quang Binh Chuyen Nghiep Gia Re 681 2\" width=\"800\" height=\"600\" srcset=\"https:\/\/theme.tamnguyen.vn\/noithat27\/wp-content\/uploads\/2020\/11\/thi-cong-noi-that-quang-binh-chuyen-nghiep-gia-re-681-2.jpg 800w, https:\/\/theme.tamnguyen.vn\/noithat27\/wp-content\/uploads\/2020\/11\/thi-cong-noi-that-quang-binh-chuyen-nghiep-gia-re-681-2-768x576.jpg 768w, https:\/\/theme.tamnguyen.vn\/noithat27\/wp-content\/uploads\/2020\/11\/thi-cong-noi-that-quang-binh-chuyen-nghiep-gia-re-681-2-600x450.jpg 600w\" sizes=\"auto, (max-width: 800px) 100vw, 800px\" \/><\/p>\n<p>Showroom N\u1ed9i Th\u1ea5t kh\u00f4ng ch\u1ec9 thi\u1ebft k\u1ebf \u0111\u01a1n thu\u1ea7n m\u00e0 \u0111\u1eb7c bi\u1ec7t ch\u00fa tr\u1ecdng c\u00e1c gi\u1ea3i ph\u00e1p ki\u1ebfn tr\u00fac, n\u1ed9i th\u1ea5t k\u1ebft h\u1ee3p v\u1edbi phong th\u1ee7y nh\u1eb1m gi\u1ea3i quy\u1ebft nh\u1eefng v\u1ea5n \u0111\u1ec1 v\u1ec1 kh\u00f4ng gian s\u1ed1ng c\u1ee7a b\u1ea1n. T\u1ea1o ra nh\u1eefng \u01b0u th\u1ebf v\u00e0 kh\u1eafc ph\u1ee5c nh\u1eefng nh\u01b0\u1ee3c \u0111i\u1ec3m c\u00e2n b\u1eb1ng chi ph\u00ed trong thi\u1ebft k\u1ebf n\u1ed9i th\u1ea5t, ki\u1ebfn tr\u00fac.<\/p>\n<p>Ch\u00fang t\u00f4i lu\u00f4n l\u1ea5y ti\u00eau ch\u00ed th\u1ea9m m\u1ef9, hi\u1ec7u qu\u1ea3 v\u00e0 \u0111\u00fang ti\u1ebfn \u0111\u1ed9 l\u00e0m ph\u01b0\u01a1ng ch\u00e2m l\u00e0m vi\u1ec7c.<\/p>\n<p>M\u1ee5c ti\u00eau l\u1edbn nh\u1ea5t m\u00e0 ch\u00fang t\u00f4i h\u01b0\u1edbng t\u1edbi c\u0169ng l\u00e0 kim ch\u1ec9 nam xuy\u00ean su\u1ed1t ho\u1ea1t \u0111\u1ed9ng c\u1ee7a Showroom N\u1ed9i Th\u1ea5t \u0111\u00f3 l\u00e0: <em><strong>mang l\u1ea1i cho kh\u00e1ch h\u00e0ng m\u00f4i tr\u01b0\u1eddng s\u1ed1ng v\u00e0 l\u00e0m vi\u1ec7c trong l\u00e0nh, ho\u00e0i h\u00f2a v\u00e0 th\u1ea9m m\u1ef9<\/strong><\/em>.<\/p>\n<p>C\u00e1c d\u1ecbch v\u1ee5 c\u1ee7a Showroom N\u1ed9i Th\u1ea5t t\u1ea1o ra m\u1ed9t quy tr\u00ecnh l\u00e0m vi\u1ec7c chuy\u00ean nghi\u1ec7p, t\u1eeb thi\u1ebft k\u1ebf \u0111\u1ebfn thi c\u00f4ng gi\u1ea3i quy\u1ebft m\u1ecdi v\u1ea5n \u0111\u1ec1 v\u1ec1 kh\u00f4ng gian c\u1ee7a b\u1ea1n.<\/p>\n<p><img loading=\"lazy\" decoding=\"async\" class=\"size-full wp-image-834 aligncenter\" src=\"http:\/\/noithat27.maugiaodien.com\/wp-content\/uploads\/2020\/11\/thi-cong-noi-that-quang-binh-chuyen-nghiep-gia-re-681-4.jpg\" alt=\"Thi Cong Noi That Quang Binh Chuyen Nghiep Gia Re 681 4\" width=\"800\" height=\"600\" srcset=\"https:\/\/theme.tamnguyen.vn\/noithat27\/wp-content\/uploads\/2020\/11\/thi-cong-noi-that-quang-binh-chuyen-nghiep-gia-re-681-4.jpg 800w, https:\/\/theme.tamnguyen.vn\/noithat27\/wp-content\/uploads\/2020\/11\/thi-cong-noi-that-quang-binh-chuyen-nghiep-gia-re-681-4-768x576.jpg 768w, https:\/\/theme.tamnguyen.vn\/noithat27\/wp-content\/uploads\/2020\/11\/thi-cong-noi-that-quang-binh-chuyen-nghiep-gia-re-681-4-600x450.jpg 600w\" sizes=\"auto, (max-width: 800px) 100vw, 800px\" \/><\/p>\n<p>Ngo\u00e0i ra Showroom N\u1ed9i Th\u1ea5t c\u00f2n \u0111\u1ea7u t\u01b0 x\u00e2y d\u1ef1ng x\u01b0\u1edfng s\u1ea3n xu\u1ea5t c\u00e1c s\u1ea3n ph\u1ea9m n\u1ed9i th\u1ea5t nh\u01b0 b\u00e0n gh\u1ebf, t\u1ee7 gi\u01b0\u1eddng, k\u00ednh hoa v\u0103n trang tr\u00ed\u2026v\u1edbi nguy\u00ean v\u1eadt li\u1ec7u, ph\u1ee5 ki\u1ec7n cao c\u1ea5p \u0111\u01b0\u1ee3c nh\u1eadp t\u1eeb c\u00e1c n\u01b0\u01a1c Malaysia, \u0110\u1ee9c, T\u00e2y Ban Nha\u2026 n\u00ean s\u1ea3n ph\u1ea9m n\u1ed9i th\u1ea5t Showroom N\u1ed9i Th\u1ea5t v\u1edbi m\u1eabu m\u00e3 b\u1ec1n \u0111\u1eb9p nh\u01b0ng gi\u00e1 c\u1ea3 r\u1ea5t c\u1ea1nh tranh tr\u00ean th\u1ecb tr\u01b0\u1eddng.<\/p>\n<blockquote><p><strong>Showroom N\u1ed9i Th\u1ea5t<\/strong><br \/>\n<strong>C\u1eeda h\u00e0ng:<\/strong>\u00a0xxx H\u00f9ng V\u01b0\u01a1ng \u2013 Ho\u00e0n L\u00e3o \u2013 B\u1ed1 Tr\u1ea1ch \u2013 Qu\u1ea3ng B\u00ecnh<br \/>\n<strong>Hotline:<\/strong>\u00a00942757xxx \u2013 0985668xxx \u2013 0975704xxx<br \/>\n<strong>Zalo:<\/strong>\u00a00942757xxx<br \/>\n<strong>C\u01a1 s\u1edf 1:<\/strong>\u00a0xx L\u00ea H\u1ed3ng Phong \u2013 Ho\u00e0n L\u00e3o \u2013 B\u1ed1 Tr\u1ea1ch \u2013 Qu\u1ea3ng B\u00ecnh<br \/>\n<strong>C\u01a1 s\u1edf 2:<\/strong>\u00a0xxx H\u00f9ng V\u01b0\u01a1ng \u2013 Ho\u00e0n L\u00e3o \u2013 B\u1ed1 Tr\u1ea1ch \u2013 Qu\u1ea3ng B\u00ecnh<br \/>\n<strong>C\u01a1 s\u1edf 3:<\/strong> xx Nguy\u1ec5n Th\u1ecb Minh Khai \u2013 Ho\u00e0n L\u00e3o \u2013 B\u1ed1 Tr\u1ea1ch \u2013 Qu\u1ea3ng B\u00ecnh<\/p><\/blockquote>\n","protected":false},"excerpt":{"rendered":"<p>GI\u1edaI THI\u1ec6U SHOWROOM N\u1ed8I TH\u1ea4T Showroom N\u1ed9i Th\u1ea5t l\u00e0 \u0111\u01a1n v\u1ecb chuy\u00ean t\u01b0 v\u1ea5n, thi\u1ebft k\u1ebf thi c\u00f4ng n\u1ed9i th\u1ea5t. Thi\u1ebft k\u1ebf thi c\u00f4ng c\u00e1c c\u00f4ng tr\u00ecnh bi\u1ec7t th\u1ef1, nh\u00e0 ph\u1ed1, c\u0103n h\u1ed9, chung c\u01b0 v\u00e0 \u0111\u1eb7c bi\u1ec7t thi\u1ebft k\u1ebf trang tr\u00ed v\u0103n ph\u00f2ng,\u00a0showroom, nh\u00e0 h\u00e0ng, kh\u00e1ch s\u1ea1n\u2026 V\u1edbi \u0111\u1ed9i ng\u0169 k\u1ef9 s\u01b0 gi\u1ecfi v\u00e0..<\/p>\n","protected":false},"author":1,"featured_media":838,"parent":0,"menu_order":0,"comment_status":"open","ping_status":"closed","template":"page-right-sidebar.php","meta":{"footnotes":""},"class_list":["post-381","page","type-page","status-publish","has-post-thumbnail","hentry"],"yoast_head":"<!-- This site is optimized with the Yoast SEO plugin v15.2.1 - https:\/\/yoast.com\/wordpress\/plugins\/seo\/ -->\n<title>Gi\u1edbi thi\u1ec7u - Showroom N\u1ed9i Th\u1ea5t<\/title>\n<meta name=\"description\" content=\"L\u00e0 \u0111\u01a1n v\u1ecb chuy\u00ean t\u01b0 v\u1ea5n, thi\u1ebft k\u1ebf thi c\u00f4ng n\u1ed9i th\u1ea5t. Thi\u1ebft k\u1ebf thi c\u00f4ng c\u00e1c c\u00f4ng tr\u00ecnh bi\u1ec7t th\u1ef1, nh\u00e0 ph\u1ed1, c\u0103n h\u1ed9, chung c\u01b0 v\u00e0 \u0111\u1eb7c bi\u1ec7t thi\u1ebft k\u1ebf trang tr\u00ed v\u0103n ph\u00f2ng,\u00a0showroom, nh\u00e0 h\u00e0ng, kh\u00e1ch s\u1ea1n\u2026\" \/>\n<meta name=\"robots\" content=\"noindex, follow, max-snippet:-1, max-image-preview:large, max-video-preview:-1\" \/>\n<meta property=\"og:locale\" content=\"vi_VN\" \/>\n<meta property=\"og:type\" content=\"article\" \/>\n<meta property=\"og:title\" content=\"Gi\u1edbi thi\u1ec7u - Showroom N\u1ed9i Th\u1ea5t\" \/>\n<meta property=\"og:description\" content=\"L\u00e0 \u0111\u01a1n v\u1ecb chuy\u00ean t\u01b0 v\u1ea5n, thi\u1ebft k\u1ebf thi c\u00f4ng n\u1ed9i th\u1ea5t. Thi\u1ebft k\u1ebf thi c\u00f4ng c\u00e1c c\u00f4ng tr\u00ecnh bi\u1ec7t th\u1ef1, nh\u00e0 ph\u1ed1, c\u0103n h\u1ed9, chung c\u01b0 v\u00e0 \u0111\u1eb7c bi\u1ec7t thi\u1ebft k\u1ebf trang tr\u00ed v\u0103n ph\u00f2ng,\u00a0showroom, nh\u00e0 h\u00e0ng, kh\u00e1ch s\u1ea1n\u2026\" \/>\n<meta property=\"og:url\" content=\"https:\/\/theme.tamnguyen.vn\/noithat27\/gioi-thieu\" \/>\n<meta property=\"og:site_name\" content=\"Showroom N\u1ed9i Th\u1ea5t\" \/>\n<meta property=\"article:modified_time\" content=\"2020-11-04T09:15:26+00:00\" \/>\n<meta property=\"og:image\" content=\"https:\/\/theme.tamnguyen.vn\/noithat27\/wp-content\/uploads\/2020\/11\/thi-cong-noi-that-quang-binh-chuyen-nghiep-gia-re-681-8.jpg\" \/>\n\t<meta property=\"og:image:width\" content=\"800\" \/>\n\t<meta property=\"og:image:height\" content=\"600\" \/>\n<meta name=\"twitter:card\" content=\"summary_large_image\" \/>\n<meta name=\"twitter:label1\" content=\"Written by\">\n\t<meta name=\"twitter:data1\" content=\"admin\">\n\t<meta name=\"twitter:label2\" content=\"Est. reading time\">\n\t<meta name=\"twitter:data2\" content=\"2 ph\u00fat\">\n<script type=\"application\/ld+json\" class=\"yoast-schema-graph\">{\"@context\":\"https:\/\/schema.org\",\"@graph\":[{\"@type\":\"Organization\",\"@id\":\"https:\/\/theme.tamnguyen.vn\/noithat27\/#organization\",\"name\":\"Showroom N\\u1ed9i Th\\u1ea5t\",\"url\":\"https:\/\/theme.tamnguyen.vn\/noithat27\/\",\"sameAs\":[],\"logo\":{\"@type\":\"ImageObject\",\"@id\":\"https:\/\/theme.tamnguyen.vn\/noithat27\/#logo\",\"inLanguage\":\"vi\",\"url\":\"https:\/\/theme.tamnguyen.vn\/noithat27\/wp-content\/uploads\/2020\/10\/logo-noithat-chung-hoa.png\",\"width\":400,\"height\":97,\"caption\":\"Showroom N\\u1ed9i Th\\u1ea5t\"},\"image\":{\"@id\":\"https:\/\/theme.tamnguyen.vn\/noithat27\/#logo\"}},{\"@type\":\"WebSite\",\"@id\":\"https:\/\/theme.tamnguyen.vn\/noithat27\/#website\",\"url\":\"https:\/\/theme.tamnguyen.vn\/noithat27\/\",\"name\":\"Showroom N\\u1ed9i Th\\u1ea5t\",\"description\":\"\",\"publisher\":{\"@id\":\"https:\/\/theme.tamnguyen.vn\/noithat27\/#organization\"},\"potentialAction\":[{\"@type\":\"SearchAction\",\"target\":\"https:\/\/theme.tamnguyen.vn\/noithat27\/?s={search_term_string}\",\"query-input\":\"required name=search_term_string\"}],\"inLanguage\":\"vi\"},{\"@type\":\"ImageObject\",\"@id\":\"https:\/\/theme.tamnguyen.vn\/noithat27\/gioi-thieu#primaryimage\",\"inLanguage\":\"vi\",\"url\":\"https:\/\/theme.tamnguyen.vn\/noithat27\/wp-content\/uploads\/2020\/11\/thi-cong-noi-that-quang-binh-chuyen-nghiep-gia-re-681-8.jpg\",\"width\":800,\"height\":600,\"caption\":\"Thi Cong Noi That Quang Binh Chuyen Nghiep Gia Re 681 8\"},{\"@type\":\"WebPage\",\"@id\":\"https:\/\/theme.tamnguyen.vn\/noithat27\/gioi-thieu#webpage\",\"url\":\"https:\/\/theme.tamnguyen.vn\/noithat27\/gioi-thieu\",\"name\":\"Gi\\u1edbi thi\\u1ec7u - Showroom N\\u1ed9i Th\\u1ea5t\",\"isPartOf\":{\"@id\":\"https:\/\/theme.tamnguyen.vn\/noithat27\/#website\"},\"primaryImageOfPage\":{\"@id\":\"https:\/\/theme.tamnguyen.vn\/noithat27\/gioi-thieu#primaryimage\"},\"datePublished\":\"2019-09-18T17:41:28+00:00\",\"dateModified\":\"2020-11-04T09:15:26+00:00\",\"description\":\"L\\u00e0 \\u0111\\u01a1n v\\u1ecb chuy\\u00ean t\\u01b0 v\\u1ea5n, thi\\u1ebft k\\u1ebf thi c\\u00f4ng n\\u1ed9i th\\u1ea5t. Thi\\u1ebft k\\u1ebf thi c\\u00f4ng c\\u00e1c c\\u00f4ng tr\\u00ecnh bi\\u1ec7t th\\u1ef1, nh\\u00e0 ph\\u1ed1, c\\u0103n h\\u1ed9, chung c\\u01b0 v\\u00e0 \\u0111\\u1eb7c bi\\u1ec7t thi\\u1ebft k\\u1ebf trang tr\\u00ed v\\u0103n ph\\u00f2ng,\\u00a0showroom, nh\\u00e0 h\\u00e0ng, kh\\u00e1ch s\\u1ea1n\\u2026\",\"breadcrumb\":{\"@id\":\"https:\/\/theme.tamnguyen.vn\/noithat27\/gioi-thieu#breadcrumb\"},\"inLanguage\":\"vi\",\"potentialAction\":[{\"@type\":\"ReadAction\",\"target\":[\"https:\/\/theme.tamnguyen.vn\/noithat27\/gioi-thieu\"]}]},{\"@type\":\"BreadcrumbList\",\"@id\":\"https:\/\/theme.tamnguyen.vn\/noithat27\/gioi-thieu#breadcrumb\",\"itemListElement\":[{\"@type\":\"ListItem\",\"position\":1,\"item\":{\"@type\":\"WebPage\",\"@id\":\"https:\/\/theme.tamnguyen.vn\/noithat27\/\",\"url\":\"https:\/\/theme.tamnguyen.vn\/noithat27\/\",\"name\":\"Trang ch\\u1ee7\"}},{\"@type\":\"ListItem\",\"position\":2,\"item\":{\"@type\":\"WebPage\",\"@id\":\"https:\/\/theme.tamnguyen.vn\/noithat27\/gioi-thieu\",\"url\":\"https:\/\/theme.tamnguyen.vn\/noithat27\/gioi-thieu\",\"name\":\"Gi\\u1edbi thi\\u1ec7u\"}}]}]}<\/script>\n<!-- \/ Yoast SEO plugin. -->","_links":{"self":[{"href":"https:\/\/theme.tamnguyen.vn\/noithat27\/wp-json\/wp\/v2\/pages\/381","targetHints":{"allow":["GET"]}}],"collection":[{"href":"https:\/\/theme.tamnguyen.vn\/noithat27\/wp-json\/wp\/v2\/pages"}],"about":[{"href":"https:\/\/theme.tamnguyen.vn\/noithat27\/wp-json\/wp\/v2\/types\/page"}],"author":[{"embeddable":true,"href":"https:\/\/theme.tamnguyen.vn\/noithat27\/wp-json\/wp\/v2\/users\/1"}],"replies":[{"embeddable":true,"href":"https:\/\/theme.tamnguyen.vn\/noithat27\/wp-json\/wp\/v2\/comments?post=381"}],"version-history":[{"count":4,"href":"https:\/\/theme.tamnguyen.vn\/noithat27\/wp-json\/wp\/v2\/pages\/381\/revisions"}],"predecessor-version":[{"id":968,"href":"https:\/\/theme.tamnguyen.vn\/noithat27\/wp-json\/wp\/v2\/pages\/381\/revisions\/968"}],"wp:featuredmedia":[{"embeddable":true,"href":"https:\/\/theme.tamnguyen.vn\/noithat27\/wp-json\/wp\/v2\/media\/838"}],"wp:attachment":[{"href":"https:\/\/theme.tamnguyen.vn\/noithat27\/wp-json\/wp\/v2\/media?parent=381"}],"curies":[{"name":"wp","href":"https:\/\/api.w.org\/{rel}","templated":true}]}}