{"id":75,"date":"2020-12-07T10:12:27","date_gmt":"2020-12-07T03:12:27","guid":{"rendered":"http:\/\/noithat6.lamgia.asia\/?post_type=product&#038;p=75"},"modified":"2020-12-07T10:12:27","modified_gmt":"2020-12-07T03:12:27","slug":"bo-ban-an-4-ghe-pall-mall-2","status":"publish","type":"product","link":"https:\/\/theme.tamnguyen.vn\/noithat24\/san-pham\/bo-ban-an-4-ghe-pall-mall-2\/","title":{"rendered":"B\u1ed8 B\u00c0N \u0102N 4 GH\u1ebe PALL-MALL"},"content":{"rendered":"<p>B\u1ed9 b\u00e0n &amp; 4 gh\u1ebf \u0103n PALL MALL t\u1eeb n\u1ed9i th\u1ea5t BAYA \u0111\u01b0\u1ee3c l\u00e0m t\u1eeb g\u1ed7 cao su ph\u1ee7 MFC b\u1ec1n ch\u1eafc. S\u1ea3n ph\u1ea9m c\u00f3 thi\u1ebft k\u1ebf \u0111\u01a1n gi\u1ea3n v\u1edbi gam m\u00e0u n\u00e2u th\u1eabm v\u00e0 ki\u1ec3u d\u00e1ng thanh m\u1ea3nh mang l\u1ea1i v\u1ebb \u0111\u1eb9p \u1ea5m c\u00fang, tinh t\u1ebf cho ph\u00f2ng \u0103n gia \u0111\u00ecnh b\u1ea1n.<\/p>\n","protected":false},"excerpt":{"rendered":"<p>B\u1ed9 b\u00e0n &amp; 4 gh\u1ebf \u0103n PALL MALL t\u1eeb n\u1ed9i th\u1ea5t BAYA \u0111\u01b0\u1ee3c l\u00e0m t\u1eeb g\u1ed7 cao su ph\u1ee7 MFC b\u1ec1n ch\u1eafc. S\u1ea3n ph\u1ea9m c\u00f3 thi\u1ebft k\u1ebf \u0111\u01a1n gi\u1ea3n v\u1edbi gam m\u00e0u n\u00e2u th\u1eabm v\u00e0 ki\u1ec3u d\u00e1ng thanh m\u1ea3nh mang l\u1ea1i v\u1ebb \u0111\u1eb9p \u1ea5m c\u00fang, tinh t\u1ebf cho ph\u00f2ng \u0103n gia \u0111\u00ecnh b\u1ea1n.<\/p>\n","protected":false},"featured_media":76,"comment_status":"open","ping_status":"closed","template":"","meta":[],"product_cat":[27,28,18,19,20,21,29,30,31,32,22,23,24,25,26],"product_tag":[],"class_list":["post-75","product","type-product","status-publish","has-post-thumbnail","hentry","product_cat-ban","product_cat-bo-ban-an","product_cat-bo-suu-tap-hot","product_cat-dung-cu-nha-bep","product_cat-do-dung-vai","product_cat-do-trang-tri","product_cat-ghe","product_cat-giuong","product_cat-guong","product_cat-noi-that-cho-be","product_cat-noi-that-go","product_cat-san-pham-gan-tuong","product_cat-sofa-ghe-thu-gian-nem","product_cat-tien-ich-sap-xep","product_cat-tu-ke"],"yoast_head":"<!-- This site is optimized with the Yoast SEO plugin v19.7.1 - https:\/\/yoast.com\/wordpress\/plugins\/seo\/ -->\n<title>B\u1ed8 B\u00c0N \u0102N 4 GH\u1ebe PALL-MALL - noithat24<\/title>\n<meta name=\"robots\" content=\"noindex, follow, max-snippet:-1, max-image-preview:large, max-video-preview:-1\" \/>\n<meta property=\"og:locale\" content=\"vi_VN\" \/>\n<meta property=\"og:type\" content=\"article\" \/>\n<meta property=\"og:title\" content=\"B\u1ed8 B\u00c0N \u0102N 4 GH\u1ebe PALL-MALL - noithat24\" \/>\n<meta property=\"og:description\" content=\"B\u1ed9 b\u00e0n &amp; 4 gh\u1ebf \u0103n PALL MALL t\u1eeb n\u1ed9i th\u1ea5t BAYA \u0111\u01b0\u1ee3c l\u00e0m t\u1eeb g\u1ed7 cao su ph\u1ee7 MFC b\u1ec1n ch\u1eafc. S\u1ea3n ph\u1ea9m c\u00f3 thi\u1ebft k\u1ebf \u0111\u01a1n gi\u1ea3n v\u1edbi gam m\u00e0u n\u00e2u th\u1eabm v\u00e0 ki\u1ec3u d\u00e1ng thanh m\u1ea3nh mang l\u1ea1i v\u1ebb \u0111\u1eb9p \u1ea5m c\u00fang, tinh t\u1ebf cho ph\u00f2ng \u0103n gia \u0111\u00ecnh b\u1ea1n.\" \/>\n<meta property=\"og:url\" content=\"https:\/\/theme.tamnguyen.vn\/noithat24\/san-pham\/bo-ban-an-4-ghe-pall-mall-2\/\" \/>\n<meta property=\"og:site_name\" content=\"noithat24\" \/>\n<meta property=\"og:image\" content=\"https:\/\/theme.tamnguyen.vn\/noithat24\/wp-content\/uploads\/2020\/12\/PALL_MALL_Dining_Set_UMA_1099119_1.jpg\" \/>\n\t<meta property=\"og:image:width\" content=\"1000\" \/>\n\t<meta property=\"og:image:height\" content=\"1000\" \/>\n\t<meta property=\"og:image:type\" content=\"image\/jpeg\" \/>\n<meta name=\"twitter:card\" content=\"summary_large_image\" \/>\n<script type=\"application\/ld+json\" class=\"yoast-schema-graph\">{\"@context\":\"https:\/\/schema.org\",\"@graph\":[{\"@type\":\"WebPage\",\"@id\":\"https:\/\/theme.tamnguyen.vn\/noithat24\/san-pham\/bo-ban-an-4-ghe-pall-mall-2\/\",\"url\":\"https:\/\/theme.tamnguyen.vn\/noithat24\/san-pham\/bo-ban-an-4-ghe-pall-mall-2\/\",\"name\":\"B\u1ed8 B\u00c0N \u0102N 4 GH\u1ebe PALL-MALL - noithat24\",\"isPartOf\":{\"@id\":\"https:\/\/theme.tamnguyen.vn\/noithat24\/#website\"},\"datePublished\":\"2020-12-07T03:12:27+00:00\",\"dateModified\":\"2020-12-07T03:12:27+00:00\",\"breadcrumb\":{\"@id\":\"https:\/\/theme.tamnguyen.vn\/noithat24\/san-pham\/bo-ban-an-4-ghe-pall-mall-2\/#breadcrumb\"},\"inLanguage\":\"vi\",\"potentialAction\":[{\"@type\":\"ReadAction\",\"target\":[\"https:\/\/theme.tamnguyen.vn\/noithat24\/san-pham\/bo-ban-an-4-ghe-pall-mall-2\/\"]}]},{\"@type\":\"BreadcrumbList\",\"@id\":\"https:\/\/theme.tamnguyen.vn\/noithat24\/san-pham\/bo-ban-an-4-ghe-pall-mall-2\/#breadcrumb\",\"itemListElement\":[{\"@type\":\"ListItem\",\"position\":1,\"name\":\"Trang ch\u1ee7\",\"item\":\"https:\/\/theme.tamnguyen.vn\/noithat24\/\"},{\"@type\":\"ListItem\",\"position\":2,\"name\":\"C\u1eeda h\u00e0ng\",\"item\":\"https:\/\/theme.tamnguyen.vn\/noithat24\/cua-hang\/\"},{\"@type\":\"ListItem\",\"position\":3,\"name\":\"B\u1ed8 B\u00c0N \u0102N 4 GH\u1ebe PALL-MALL\"}]},{\"@type\":\"WebSite\",\"@id\":\"https:\/\/theme.tamnguyen.vn\/noithat24\/#website\",\"url\":\"https:\/\/theme.tamnguyen.vn\/noithat24\/\",\"name\":\"noithat24\",\"description\":\"\",\"potentialAction\":[{\"@type\":\"SearchAction\",\"target\":{\"@type\":\"EntryPoint\",\"urlTemplate\":\"https:\/\/theme.tamnguyen.vn\/noithat24\/?s={search_term_string}\"},\"query-input\":\"required name=search_term_string\"}],\"inLanguage\":\"vi\"}]}<\/script>\n<!-- \/ Yoast SEO plugin. -->","yoast_head_json":{"title":"B\u1ed8 B\u00c0N \u0102N 4 GH\u1ebe PALL-MALL - noithat24","robots":{"index":"noindex","follow":"follow","max-snippet":"max-snippet:-1","max-image-preview":"max-image-preview:large","max-video-preview":"max-video-preview:-1"},"og_locale":"vi_VN","og_type":"article","og_title":"B\u1ed8 B\u00c0N \u0102N 4 GH\u1ebe PALL-MALL - noithat24","og_description":"B\u1ed9 b\u00e0n &amp; 4 gh\u1ebf \u0103n PALL MALL t\u1eeb n\u1ed9i th\u1ea5t BAYA \u0111\u01b0\u1ee3c l\u00e0m t\u1eeb g\u1ed7 cao su ph\u1ee7 MFC b\u1ec1n ch\u1eafc. S\u1ea3n ph\u1ea9m c\u00f3 thi\u1ebft k\u1ebf \u0111\u01a1n gi\u1ea3n v\u1edbi gam m\u00e0u n\u00e2u th\u1eabm v\u00e0 ki\u1ec3u d\u00e1ng thanh m\u1ea3nh mang l\u1ea1i v\u1ebb \u0111\u1eb9p \u1ea5m c\u00fang, tinh t\u1ebf cho ph\u00f2ng \u0103n gia \u0111\u00ecnh b\u1ea1n.","og_url":"https:\/\/theme.tamnguyen.vn\/noithat24\/san-pham\/bo-ban-an-4-ghe-pall-mall-2\/","og_site_name":"noithat24","og_image":[{"width":1000,"height":1000,"url":"https:\/\/theme.tamnguyen.vn\/noithat24\/wp-content\/uploads\/2020\/12\/PALL_MALL_Dining_Set_UMA_1099119_1.jpg","type":"image\/jpeg"}],"twitter_card":"summary_large_image","schema":{"@context":"https:\/\/schema.org","@graph":[{"@type":"WebPage","@id":"https:\/\/theme.tamnguyen.vn\/noithat24\/san-pham\/bo-ban-an-4-ghe-pall-mall-2\/","url":"https:\/\/theme.tamnguyen.vn\/noithat24\/san-pham\/bo-ban-an-4-ghe-pall-mall-2\/","name":"B\u1ed8 B\u00c0N \u0102N 4 GH\u1ebe PALL-MALL - noithat24","isPartOf":{"@id":"https:\/\/theme.tamnguyen.vn\/noithat24\/#website"},"datePublished":"2020-12-07T03:12:27+00:00","dateModified":"2020-12-07T03:12:27+00:00","breadcrumb":{"@id":"https:\/\/theme.tamnguyen.vn\/noithat24\/san-pham\/bo-ban-an-4-ghe-pall-mall-2\/#breadcrumb"},"inLanguage":"vi","potentialAction":[{"@type":"ReadAction","target":["https:\/\/theme.tamnguyen.vn\/noithat24\/san-pham\/bo-ban-an-4-ghe-pall-mall-2\/"]}]},{"@type":"BreadcrumbList","@id":"https:\/\/theme.tamnguyen.vn\/noithat24\/san-pham\/bo-ban-an-4-ghe-pall-mall-2\/#breadcrumb","itemListElement":[{"@type":"ListItem","position":1,"name":"Trang ch\u1ee7","item":"https:\/\/theme.tamnguyen.vn\/noithat24\/"},{"@type":"ListItem","position":2,"name":"C\u1eeda h\u00e0ng","item":"https:\/\/theme.tamnguyen.vn\/noithat24\/cua-hang\/"},{"@type":"ListItem","position":3,"name":"B\u1ed8 B\u00c0N \u0102N 4 GH\u1ebe PALL-MALL"}]},{"@type":"WebSite","@id":"https:\/\/theme.tamnguyen.vn\/noithat24\/#website","url":"https:\/\/theme.tamnguyen.vn\/noithat24\/","name":"noithat24","description":"","potentialAction":[{"@type":"SearchAction","target":{"@type":"EntryPoint","urlTemplate":"https:\/\/theme.tamnguyen.vn\/noithat24\/?s={search_term_string}"},"query-input":"required name=search_term_string"}],"inLanguage":"vi"}]}},"_links":{"self":[{"href":"https:\/\/theme.tamnguyen.vn\/noithat24\/wp-json\/wp\/v2\/product\/75","targetHints":{"allow":["GET"]}}],"collection":[{"href":"https:\/\/theme.tamnguyen.vn\/noithat24\/wp-json\/wp\/v2\/product"}],"about":[{"href":"https:\/\/theme.tamnguyen.vn\/noithat24\/wp-json\/wp\/v2\/types\/product"}],"replies":[{"embeddable":true,"href":"https:\/\/theme.tamnguyen.vn\/noithat24\/wp-json\/wp\/v2\/comments?post=75"}],"wp:featuredmedia":[{"embeddable":true,"href":"https:\/\/theme.tamnguyen.vn\/noithat24\/wp-json\/wp\/v2\/media\/76"}],"wp:attachment":[{"href":"https:\/\/theme.tamnguyen.vn\/noithat24\/wp-json\/wp\/v2\/media?parent=75"}],"wp:term":[{"taxonomy":"product_cat","embeddable":true,"href":"https:\/\/theme.tamnguyen.vn\/noithat24\/wp-json\/wp\/v2\/product_cat?post=75"},{"taxonomy":"product_tag","embeddable":true,"href":"https:\/\/theme.tamnguyen.vn\/noithat24\/wp-json\/wp\/v2\/product_tag?post=75"}],"curies":[{"name":"wp","href":"https:\/\/api.w.org\/{rel}","templated":true}]}}