{"id":48,"date":"2020-12-07T09:36:18","date_gmt":"2020-12-07T02:36:18","guid":{"rendered":"http:\/\/noithat6.lamgia.asia\/?post_type=product&#038;p=48"},"modified":"2020-12-07T09:36:18","modified_gmt":"2020-12-07T02:36:18","slug":"bo-qua-chau-trang-tri-giang-sinh-carols","status":"publish","type":"product","link":"https:\/\/theme.tamnguyen.vn\/noithat24\/san-pham\/bo-qua-chau-trang-tri-giang-sinh-carols\/","title":{"rendered":"B\u1ed8 QU\u1ea2 CH\u00c2U TRANG TR\u00cd GI\u00c1NG SINH CAROLS"},"content":{"rendered":"<table id=\"product-attribute-specs-table\" class=\"data table additional-attributes\">\n<tbody>\n<tr>\n<th class=\"col label\" scope=\"row\">S\u1ea3n ph\u1ea9m<\/th>\n<td class=\"col data\" data-th=\"S\u1ea3n ph\u1ea9m\">B\u1ed9 qu\u1ea3 ch\u00e2u trang tr\u00ed Gi\u00e1ng sinh<\/td>\n<\/tr>\n<tr>\n<th class=\"col label\" scope=\"row\">B\u1ed9 s\u01b0u t\u1eadp<\/th>\n<td class=\"col data\" data-th=\"B\u1ed9 s\u01b0u t\u1eadp\">CAROLS<\/td>\n<\/tr>\n<tr>\n<th class=\"col label\" scope=\"row\">K\u00edch c\u1ee1<\/th>\n<td class=\"col data\" data-th=\"K\u00edch c\u1ee1\">Dia5-Set-of-20<\/td>\n<\/tr>\n<tr>\n<th class=\"col label\" scope=\"row\">M\u00e0u s\u1eafc<\/th>\n<td class=\"col data\" data-th=\"M\u00e0u s\u1eafc\">M\u00e0u \u0111\u1ecf<\/td>\n<\/tr>\n<tr>\n<th class=\"col label\" scope=\"row\">Ch\u1ea5t li\u1ec7u<\/th>\n<td class=\"col data\" data-th=\"Ch\u1ea5t li\u1ec7u\">Nh\u1ef1a<\/td>\n<\/tr>\n<tr>\n<th class=\"col label\" scope=\"row\">Xu\u1ea5t x\u1ee9<\/th>\n<td class=\"col data\" data-th=\"Xu\u1ea5t x\u1ee9\">Trung Qu\u1ed1c<\/td>\n<\/tr>\n<tr>\n<th class=\"col label\" scope=\"row\">\u0110\u01a1n v\u1ecb<\/th>\n<td class=\"col data\" data-th=\"\u0110\u01a1n v\u1ecb\">SET<\/td>\n<\/tr>\n<\/tbody>\n<\/table>\n","protected":false},"excerpt":{"rendered":"<p>S\u1ea3n ph\u1ea9m B\u1ed9 qu\u1ea3 ch\u00e2u trang tr\u00ed Gi\u00e1ng sinh B\u1ed9 s\u01b0u t\u1eadp CAROLS K\u00edch c\u1ee1 Dia5-Set-of-20 M\u00e0u s\u1eafc M\u00e0u \u0111\u1ecf Ch\u1ea5t li\u1ec7u Nh\u1ef1a Xu\u1ea5t x\u1ee9 Trung Qu\u1ed1c \u0110\u01a1n v\u1ecb SET<\/p>\n","protected":false},"featured_media":49,"comment_status":"open","ping_status":"closed","template":"","meta":[],"product_cat":[27,28,18,19,20,21,29,30,31,32,22,23,24,25,26],"product_tag":[],"class_list":["post-48","product","type-product","status-publish","has-post-thumbnail","hentry","product_cat-ban","product_cat-bo-ban-an","product_cat-bo-suu-tap-hot","product_cat-dung-cu-nha-bep","product_cat-do-dung-vai","product_cat-do-trang-tri","product_cat-ghe","product_cat-giuong","product_cat-guong","product_cat-noi-that-cho-be","product_cat-noi-that-go","product_cat-san-pham-gan-tuong","product_cat-sofa-ghe-thu-gian-nem","product_cat-tien-ich-sap-xep","product_cat-tu-ke"],"yoast_head":"<!-- This site is optimized with the Yoast SEO plugin v19.7.1 - https:\/\/yoast.com\/wordpress\/plugins\/seo\/ -->\n<title>B\u1ed8 QU\u1ea2 CH\u00c2U TRANG TR\u00cd GI\u00c1NG SINH CAROLS - noithat24<\/title>\n<meta name=\"robots\" content=\"noindex, follow, max-snippet:-1, max-image-preview:large, max-video-preview:-1\" \/>\n<meta property=\"og:locale\" content=\"vi_VN\" \/>\n<meta property=\"og:type\" content=\"article\" \/>\n<meta property=\"og:title\" content=\"B\u1ed8 QU\u1ea2 CH\u00c2U TRANG TR\u00cd GI\u00c1NG SINH CAROLS - noithat24\" \/>\n<meta property=\"og:description\" content=\"S\u1ea3n ph\u1ea9m B\u1ed9 qu\u1ea3 ch\u00e2u trang tr\u00ed Gi\u00e1ng sinh B\u1ed9 s\u01b0u t\u1eadp CAROLS K\u00edch c\u1ee1 Dia5-Set-of-20 M\u00e0u s\u1eafc M\u00e0u \u0111\u1ecf Ch\u1ea5t li\u1ec7u Nh\u1ef1a Xu\u1ea5t x\u1ee9 Trung Qu\u1ed1c \u0110\u01a1n v\u1ecb SET\" \/>\n<meta property=\"og:url\" content=\"https:\/\/theme.tamnguyen.vn\/noithat24\/san-pham\/bo-qua-chau-trang-tri-giang-sinh-carols\/\" \/>\n<meta property=\"og:site_name\" content=\"noithat24\" \/>\n<meta property=\"og:image\" content=\"https:\/\/theme.tamnguyen.vn\/noithat24\/wp-content\/uploads\/2020\/12\/carols_christmas_ball_pack_baya_73000009.jpg\" \/>\n\t<meta property=\"og:image:width\" content=\"1000\" \/>\n\t<meta property=\"og:image:height\" content=\"1000\" \/>\n\t<meta property=\"og:image:type\" content=\"image\/jpeg\" \/>\n<meta name=\"twitter:card\" content=\"summary_large_image\" \/>\n<script type=\"application\/ld+json\" class=\"yoast-schema-graph\">{\"@context\":\"https:\/\/schema.org\",\"@graph\":[{\"@type\":\"WebPage\",\"@id\":\"https:\/\/theme.tamnguyen.vn\/noithat24\/san-pham\/bo-qua-chau-trang-tri-giang-sinh-carols\/\",\"url\":\"https:\/\/theme.tamnguyen.vn\/noithat24\/san-pham\/bo-qua-chau-trang-tri-giang-sinh-carols\/\",\"name\":\"B\u1ed8 QU\u1ea2 CH\u00c2U TRANG TR\u00cd GI\u00c1NG SINH CAROLS - noithat24\",\"isPartOf\":{\"@id\":\"https:\/\/theme.tamnguyen.vn\/noithat24\/#website\"},\"datePublished\":\"2020-12-07T02:36:18+00:00\",\"dateModified\":\"2020-12-07T02:36:18+00:00\",\"breadcrumb\":{\"@id\":\"https:\/\/theme.tamnguyen.vn\/noithat24\/san-pham\/bo-qua-chau-trang-tri-giang-sinh-carols\/#breadcrumb\"},\"inLanguage\":\"vi\",\"potentialAction\":[{\"@type\":\"ReadAction\",\"target\":[\"https:\/\/theme.tamnguyen.vn\/noithat24\/san-pham\/bo-qua-chau-trang-tri-giang-sinh-carols\/\"]}]},{\"@type\":\"BreadcrumbList\",\"@id\":\"https:\/\/theme.tamnguyen.vn\/noithat24\/san-pham\/bo-qua-chau-trang-tri-giang-sinh-carols\/#breadcrumb\",\"itemListElement\":[{\"@type\":\"ListItem\",\"position\":1,\"name\":\"Trang ch\u1ee7\",\"item\":\"https:\/\/theme.tamnguyen.vn\/noithat24\/\"},{\"@type\":\"ListItem\",\"position\":2,\"name\":\"C\u1eeda h\u00e0ng\",\"item\":\"https:\/\/theme.tamnguyen.vn\/noithat24\/cua-hang\/\"},{\"@type\":\"ListItem\",\"position\":3,\"name\":\"B\u1ed8 QU\u1ea2 CH\u00c2U TRANG TR\u00cd GI\u00c1NG SINH CAROLS\"}]},{\"@type\":\"WebSite\",\"@id\":\"https:\/\/theme.tamnguyen.vn\/noithat24\/#website\",\"url\":\"https:\/\/theme.tamnguyen.vn\/noithat24\/\",\"name\":\"noithat24\",\"description\":\"\",\"potentialAction\":[{\"@type\":\"SearchAction\",\"target\":{\"@type\":\"EntryPoint\",\"urlTemplate\":\"https:\/\/theme.tamnguyen.vn\/noithat24\/?s={search_term_string}\"},\"query-input\":\"required name=search_term_string\"}],\"inLanguage\":\"vi\"}]}<\/script>\n<!-- \/ Yoast SEO plugin. -->","yoast_head_json":{"title":"B\u1ed8 QU\u1ea2 CH\u00c2U TRANG TR\u00cd GI\u00c1NG SINH CAROLS - noithat24","robots":{"index":"noindex","follow":"follow","max-snippet":"max-snippet:-1","max-image-preview":"max-image-preview:large","max-video-preview":"max-video-preview:-1"},"og_locale":"vi_VN","og_type":"article","og_title":"B\u1ed8 QU\u1ea2 CH\u00c2U TRANG TR\u00cd GI\u00c1NG SINH CAROLS - noithat24","og_description":"S\u1ea3n ph\u1ea9m B\u1ed9 qu\u1ea3 ch\u00e2u trang tr\u00ed Gi\u00e1ng sinh B\u1ed9 s\u01b0u t\u1eadp CAROLS K\u00edch c\u1ee1 Dia5-Set-of-20 M\u00e0u s\u1eafc M\u00e0u \u0111\u1ecf Ch\u1ea5t li\u1ec7u Nh\u1ef1a Xu\u1ea5t x\u1ee9 Trung Qu\u1ed1c \u0110\u01a1n v\u1ecb SET","og_url":"https:\/\/theme.tamnguyen.vn\/noithat24\/san-pham\/bo-qua-chau-trang-tri-giang-sinh-carols\/","og_site_name":"noithat24","og_image":[{"width":1000,"height":1000,"url":"https:\/\/theme.tamnguyen.vn\/noithat24\/wp-content\/uploads\/2020\/12\/carols_christmas_ball_pack_baya_73000009.jpg","type":"image\/jpeg"}],"twitter_card":"summary_large_image","schema":{"@context":"https:\/\/schema.org","@graph":[{"@type":"WebPage","@id":"https:\/\/theme.tamnguyen.vn\/noithat24\/san-pham\/bo-qua-chau-trang-tri-giang-sinh-carols\/","url":"https:\/\/theme.tamnguyen.vn\/noithat24\/san-pham\/bo-qua-chau-trang-tri-giang-sinh-carols\/","name":"B\u1ed8 QU\u1ea2 CH\u00c2U TRANG TR\u00cd GI\u00c1NG SINH CAROLS - noithat24","isPartOf":{"@id":"https:\/\/theme.tamnguyen.vn\/noithat24\/#website"},"datePublished":"2020-12-07T02:36:18+00:00","dateModified":"2020-12-07T02:36:18+00:00","breadcrumb":{"@id":"https:\/\/theme.tamnguyen.vn\/noithat24\/san-pham\/bo-qua-chau-trang-tri-giang-sinh-carols\/#breadcrumb"},"inLanguage":"vi","potentialAction":[{"@type":"ReadAction","target":["https:\/\/theme.tamnguyen.vn\/noithat24\/san-pham\/bo-qua-chau-trang-tri-giang-sinh-carols\/"]}]},{"@type":"BreadcrumbList","@id":"https:\/\/theme.tamnguyen.vn\/noithat24\/san-pham\/bo-qua-chau-trang-tri-giang-sinh-carols\/#breadcrumb","itemListElement":[{"@type":"ListItem","position":1,"name":"Trang ch\u1ee7","item":"https:\/\/theme.tamnguyen.vn\/noithat24\/"},{"@type":"ListItem","position":2,"name":"C\u1eeda h\u00e0ng","item":"https:\/\/theme.tamnguyen.vn\/noithat24\/cua-hang\/"},{"@type":"ListItem","position":3,"name":"B\u1ed8 QU\u1ea2 CH\u00c2U TRANG TR\u00cd GI\u00c1NG SINH CAROLS"}]},{"@type":"WebSite","@id":"https:\/\/theme.tamnguyen.vn\/noithat24\/#website","url":"https:\/\/theme.tamnguyen.vn\/noithat24\/","name":"noithat24","description":"","potentialAction":[{"@type":"SearchAction","target":{"@type":"EntryPoint","urlTemplate":"https:\/\/theme.tamnguyen.vn\/noithat24\/?s={search_term_string}"},"query-input":"required name=search_term_string"}],"inLanguage":"vi"}]}},"_links":{"self":[{"href":"https:\/\/theme.tamnguyen.vn\/noithat24\/wp-json\/wp\/v2\/product\/48","targetHints":{"allow":["GET"]}}],"collection":[{"href":"https:\/\/theme.tamnguyen.vn\/noithat24\/wp-json\/wp\/v2\/product"}],"about":[{"href":"https:\/\/theme.tamnguyen.vn\/noithat24\/wp-json\/wp\/v2\/types\/product"}],"replies":[{"embeddable":true,"href":"https:\/\/theme.tamnguyen.vn\/noithat24\/wp-json\/wp\/v2\/comments?post=48"}],"wp:featuredmedia":[{"embeddable":true,"href":"https:\/\/theme.tamnguyen.vn\/noithat24\/wp-json\/wp\/v2\/media\/49"}],"wp:attachment":[{"href":"https:\/\/theme.tamnguyen.vn\/noithat24\/wp-json\/wp\/v2\/media?parent=48"}],"wp:term":[{"taxonomy":"product_cat","embeddable":true,"href":"https:\/\/theme.tamnguyen.vn\/noithat24\/wp-json\/wp\/v2\/product_cat?post=48"},{"taxonomy":"product_tag","embeddable":true,"href":"https:\/\/theme.tamnguyen.vn\/noithat24\/wp-json\/wp\/v2\/product_tag?post=48"}],"curies":[{"name":"wp","href":"https:\/\/api.w.org\/{rel}","templated":true}]}}