{"id":882,"date":"2020-09-15T16:56:36","date_gmt":"2020-09-15T16:56:36","guid":{"rendered":"http:\/\/noithat5.muathemedep.vn\/?post_type=product&amp;p=882"},"modified":"2020-09-15T16:56:36","modified_gmt":"2020-09-15T16:56:36","slug":"ban-ghe-ca-phe-bg-098","status":"publish","type":"product","link":"https:\/\/theme.tamnguyen.vn\/noithat22\/san-pham\/ban-ghe-ca-phe-bg-098\/","title":{"rendered":"B\u00e0n gh\u1ebf c\u00e0 ph\u00ea BG-098"},"content":{"rendered":"<h2>1. Th\u00f4ng tin s\u1ea3n ph\u1ea9m<\/h2>\n<h3>\u2013 K\u00edch th\u01b0\u1edbc<\/h3>\n<ul>\n<li>B\u00e0n cafe: D600 x R600 x C750mm<\/li>\n<li>Gh\u1ebf cafe: D560 x R600 xC 780mm<\/li>\n<\/ul>\n<h3>\u2013 Ch\u1ea5t li\u1ec7u<\/h3>\n<ul>\n<li>Ch\u1ea5t li\u1ec7u gh\u1ebf: Khung g\u1ed7: G\u1ed7 ASH (g\u1ed7 s\u1ed3i), g\u1ed7 cao su 100% t\u1ef1 nhi\u00ean. N\u1ec7m ng\u1ed3i: m\u1eb7t n\u1ec7m b\u1ecdc da simili ho\u1eb7c n\u1ec9 H\u00e0n cao c\u1ea5p; \u0111\u1ec7m m\u00fat Nh\u1eadt K43 ch\u1ed1ng l\u00fan t\u1ed1i \u01b0u.<\/li>\n<li>Ch\u1ea5t li\u1ec7u b\u00e0n: M\u1eb7t b\u00e0n g\u1ed7 s\u1ed3i, g\u1ed7 cao su 100% t\u1ef1 nhi\u00ean. Ch\u00e2n b\u00e0n \u0111\u01b0\u1ee3c l\u00e0m t\u1eeb ch\u1ea5t li\u1ec7u khung s\u1eaft b\u1ea3n \u0111\u1ebf b\u00edch, c\u00e2n b\u1eb1ng gi\u1eefa s\u1ef1 m\u1ec1m m\u1ea1i v\u00e0 n\u00e9t kho\u1ebb kho\u1eafn. Khung s\u1eaft s\u01a1n t\u0129nh \u0111i\u1ec7n \u0111en ch\u1ed1ng x\u01b0\u1edbc, ch\u1ed1ng oxi ho\u00e1 t\u1ed1i \u0111a.<\/li>\n<\/ul>\n<h3>\u2013 M\u00e0u s\u1eafc<\/h3>\n<ul>\n<li>M\u00e0u t\u1ef1 nhi\u00ean, n\u00e2u (n\u00e2u h\u1ea1t d\u1ebb, n\u00e2u \u0111en, n\u00e2u cafe\u2026), m\u00e0u \u00f3c ch\u00f3.<\/li>\n<li>\u0110\u1eb7c bi\u1ec7t: N\u1ed9i th\u1ea5t M\u1ed9c Style \u2013\u00a0<strong><a href=\"https:\/\/noithatmocstyle.vn\/danh-muc\/noi-that-nha-hang\/ban-ghe-cafe\/\">X\u01b0\u1edfng s\u1ea3n xu\u1ea5t b\u00e0n gh\u1ebf cafe<\/a>,\u00a0<a href=\"https:\/\/noithatmocstyle.vn\/danh-muc\/noi-that-nha-hang\/ban-ghe-nha-hang\/\">b\u00e0n gh\u1ebf nh\u00e0 h\u00e0ng<\/a><\/strong>\u00a0s\u1eb5n s\u00e0ng t\u01b0 v\u1ea5n, s\u01a1n m\u00e0u theo y\u00eau c\u1ea7u c\u1ee7a Qu\u00fd kh\u00e1ch h\u00e0ng.<\/li>\n<\/ul>\n<h3>\u2013 M\u1ee9c \u0111\u1ed9 ho\u00e0n thi\u1ec7n<\/h3>\n<p>G\u1ed7 \u0111\u00e1nh r\u00e1p 240, 320 k\u1ef9 l\u01b0\u1ee1ng; s\u01a1n 4 n\u01b0\u1edbc c\u00f9ng ph\u1ee7 b\u00f3ng l\u1ed9 v\u00e2n m\u01b0\u1ee3t m\u00e0.<\/p>\n<h2>2. \u0110\u1eb7c \u0111i\u1ec3m thi\u1ebft k\u1ebf<\/h2>\n<ul>\n<li>Gh\u1ebf Neva s\u1edf h\u1eefu nh\u1eefng \u0111\u01b0\u1eddng cong m\u1ec1m m\u1ea1i t\u1ea1o n\u00ean v\u1ebb \u0111\u1eb9p thanh l\u1ecbch, sang tr\u1ecdng. H\u00ecnh th\u1ee9c g\u1ee3i c\u1ea3m v\u00e0 u\u1ed1n d\u1ebbo th\u1ec3 hi\u1ec7n qua c\u00e1c c\u1ea1nh v\u00e0 \u0111i\u1ec3m n\u1ed1i chuy\u1ec3n ti\u1ebfp m\u1ec1m m\u1ea1i. T\u1ef1a l\u01b0ng nghi\u00eang v\u00e0 cong thu\u00f4n xu\u1ed1ng qua tay v\u1ecbn k\u00e9o d\u00e0i \u0111\u1ebfn t\u1eadn ch\u00e2n gh\u1ebf tr\u01b0\u1edbc.<\/li>\n<li>B\u00e0n CF63 \u2013 V\u1ebb \u0111\u1eb9p g\u00f3c c\u1ea1nh, m\u1ea1nh m\u1ebd. B\u00e0n \u0111\u01b0\u1ee3c thi\u1ebft k\u1ebf v\u1edbi m\u1eb7t g\u1ed7 vu\u00f4ng d\u00e0y 18mm ti\u00eau chu\u1ea9n c\u00f9ng ch\u00e2n tr\u1ee5 s\u1eaft s\u01a1n t\u0129nh \u0111i\u1ec7n \u0111en \u0111\u1ea7y cu\u1ed1n h\u00fat. Hai thi\u1ebft k\u1ebf mang v\u1ebb \u0111\u1eb9p \u0111\u1ed1i l\u1eadp nh\u01b0ng l\u1ea1i mang \u0111\u1ebfn s\u1ef1 h\u00e0i ho\u00e0 kh\u00f4ng t\u01b0\u1edfng.<\/li>\n<\/ul>\n<figure id=\"attachment_1939\" class=\"wp-caption aligncenter\" aria-describedby=\"caption-attachment-1939\"><img loading=\"lazy\" decoding=\"async\" class=\"size-full wp-image-1939 lazy-load-active\" src=\"http:\/\/noithatmocstyle.com\/wp-content\/uploads\/2020\/09\/Gh%E1%BA%BF-neva-CF63.jpg\" sizes=\"auto, (max-width: 650px) 100vw, 650px\" srcset=\"http:\/\/noithatmocstyle.com\/wp-content\/uploads\/2020\/09\/Gh\u1ebf-neva-CF63.jpg 650w, http:\/\/noithatmocstyle.com\/wp-content\/uploads\/2020\/09\/Gh\u1ebf-neva-CF63-300x231.jpg 300w, http:\/\/noithatmocstyle.com\/wp-content\/uploads\/2020\/09\/Gh\u1ebf-neva-CF63-600x462.jpg 600w\" alt=\"Gh\u1ebf cafe Neva CF63 \u0111\u1eb9p tinh t\u1ebf\" width=\"650\" height=\"500\" data-src=\"http:\/\/noithatmocstyle.com\/wp-content\/uploads\/2020\/09\/Gh\u1ebf-neva-CF63.jpg\" data-srcset=\"http:\/\/noithatmocstyle.com\/wp-content\/uploads\/2020\/09\/Gh\u1ebf-neva-CF63.jpg 650w, http:\/\/noithatmocstyle.com\/wp-content\/uploads\/2020\/09\/Gh\u1ebf-neva-CF63-300x231.jpg 300w, http:\/\/noithatmocstyle.com\/wp-content\/uploads\/2020\/09\/Gh\u1ebf-neva-CF63-600x462.jpg 600w\" \/><figcaption id=\"caption-attachment-1939\" class=\"wp-caption-text\">Gh\u1ebf cafe Neva CF63 \u0111\u1eb9p tinh t\u1ebf<\/figcaption><\/figure>\n<h2>3. \u1ee8ng d\u1ee5ng s\u1ea3n ph\u1ea9m<\/h2>\n<ul>\n<li>S\u1eed d\u1ee5ng l\u00e0m\u00a0<strong><a href=\"https:\/\/noithatmocstyle.vn\/danh-muc\/noi-that-nha-hang\/ban-ghe-cafe\/\">b\u00e0n gh\u1ebf cafe<\/a>\u00a0<\/strong>cho nh\u1eefng kh\u00f4ng gian sang tr\u1ecdng v\u00e0 \u0111\u1eb3ng c\u1ea5p. M\u1eabu b\u00e0n gh\u1ebf CF62 l\u00e0 thi\u1ebft k\u1ebf \u0111\u01b0\u1ee3c y\u00eau th\u00edch nh\u1ea5t cho nh\u1eefng kh\u00f4ng gian h\u01b0\u1edbng t\u1edbi n\u00e9t \u0111\u1eb9p sang, s\u00e0nh. Ph\u1ee5c v\u1ee5 th\u01b0\u1ee3ng kh\u00e1ch, nh\u1eefng decor \u0111\u1eb3ng c\u1ea5p v\u00e0 ch\u1ecbu chi.<\/li>\n<li>T\u0103ng k\u00edch th\u01b0\u1edbc b\u00e0n \u0111\u1ec3 s\u1eed d\u1ee5ng cho\u00a0<strong><a href=\"https:\/\/noithatmocstyle.vn\/danh-muc\/noi-that-nha-hang\/ban-ghe-nha-hang\/\">b\u00e0n gh\u1ebf nh\u00e0 h\u00e0ng<\/a>,<\/strong>\u00a0b\u1ed9 b\u00e0n gh\u1ebf \u0103n mang t\u1edbi cho kh\u00f4ng gian nh\u00e0 h\u00e0ng v\u1ebb \u0111\u1eb9p tinh t\u1ebf \u0111\u1ea7y cu\u1ed1n h\u00fat.<\/li>\n<li>D\u00f9ng l\u00e0m\u00a0<strong><a href=\"https:\/\/noithatmocstyle.vn\/danh-muc\/noi-that-nha-hang\/ban-ghe-quan-tra-sua\/\">b\u00e0n gh\u1ebf tr\u00e0 s\u1eefa<\/a><\/strong>\u00a0ph\u00f9 h\u1ee3p v\u1edbi nh\u1eefng kh\u00f4ng gian set up xinh x\u1ebbo thu h\u00fat nh\u1eefng t\u00edn \u0111\u1ed3 s\u1ed1ng \u1ea3o.<\/li>\n<li>Gh\u1ebf Neva s\u1ebd l\u00e0 l\u1ef1a ch\u1ecdn ho\u00e0n h\u1ea3o cho\u00a0kh\u00f4ng gian nh\u00e0 m\u1eb7t \u0111\u1ea5t, chung c\u01b0 hay bi\u1ec7t th\u1ef1:<\/li>\n<\/ul>\n<p>+ Gh\u1ebf \u0103n g\u1ecdn nh\u1eb9, ch\u1eafc ch\u1eafn; m\u1eb7t n\u1ec7m da d\u1ec5 v\u1ec7 sinh.<\/p>\n<p>+ gh\u1ebf ph\u00f2ng kh\u00e1ch \u0111\u1eb9p sang tr\u1ecdng.<\/p>\n<p>+ Gh\u1ebf l\u00e0m vi\u1ec7c tho\u1ea3i m\u00e1i, tay \u0111\u1ec3 ti\u1ec7n l\u1ee3i.<\/p>\n","protected":false},"excerpt":{"rendered":"<ol>\n<li>M\u00e3 s\u1ea3n ph\u1ea9m: CF63<\/li>\n<li>Ch\u1ea5t li\u1ec7u: g\u1ed7 ASH, m\u1eb7t n\u1ec7m b\u1ecdc simili\/ n\u1ec9 cao c\u1ea5p, ch\u00e2n s\u1eaft s\u01a1n t\u0129nh \u0111i\u1ec7n.<\/li>\n<li>K\u00edch th\u01b0\u1edbc:\u00a0B\u00e0n cafe: D600 x R600 x C750mm.\u00a0Gh\u1ebf cafe: D560 x R600 xC 780mm<\/li>\n<\/ol>\n","protected":false},"featured_media":905,"comment_status":"open","ping_status":"closed","template":"","meta":[],"product_cat":[39],"product_tag":[],"class_list":["post-882","product","type-product","status-publish","has-post-thumbnail","hentry","product_cat-sofa"],"yoast_head":"<!-- This site is optimized with the Yoast SEO plugin v19.6.1 - https:\/\/yoast.com\/wordpress\/plugins\/seo\/ -->\n<title>B\u00e0n gh\u1ebf c\u00e0 ph\u00ea BG-098 - M\u1eabu website n\u1ed9i th\u1ea5t chuy\u00ean nghi\u1ec7p<\/title>\n<meta name=\"robots\" content=\"noindex, follow, max-snippet:-1, max-image-preview:large, max-video-preview:-1\" \/>\n<meta property=\"og:locale\" content=\"vi_VN\" \/>\n<meta property=\"og:type\" content=\"article\" \/>\n<meta property=\"og:title\" content=\"B\u00e0n gh\u1ebf c\u00e0 ph\u00ea BG-098 - M\u1eabu website n\u1ed9i th\u1ea5t chuy\u00ean nghi\u1ec7p\" \/>\n<meta property=\"og:description\" content=\"M\u00e3 s\u1ea3n ph\u1ea9m: CF63  Ch\u1ea5t li\u1ec7u: g\u1ed7 ASH, m\u1eb7t n\u1ec7m b\u1ecdc simili\/ n\u1ec9 cao c\u1ea5p, ch\u00e2n s\u1eaft s\u01a1n t\u0129nh \u0111i\u1ec7n.  K\u00edch th\u01b0\u1edbc:\u00a0B\u00e0n cafe: D600 x R600 x C750mm.\u00a0Gh\u1ebf cafe: D560 x R600 xC 780mm\" \/>\n<meta property=\"og:url\" content=\"https:\/\/theme.tamnguyen.vn\/noithat22\/san-pham\/ban-ghe-ca-phe-bg-098\/\" \/>\n<meta property=\"og:site_name\" content=\"M\u1eabu website n\u1ed9i th\u1ea5t chuy\u00ean nghi\u1ec7p\" \/>\n<meta property=\"og:image\" content=\"https:\/\/theme.tamnguyen.vn\/noithat22\/wp-content\/uploads\/2020\/09\/imgsp1.jpg\" \/>\n\t<meta property=\"og:image:width\" content=\"300\" \/>\n\t<meta property=\"og:image:height\" content=\"300\" \/>\n\t<meta property=\"og:image:type\" content=\"image\/jpeg\" \/>\n<meta name=\"twitter:card\" content=\"summary_large_image\" \/>\n<meta name=\"twitter:label1\" content=\"\u01af\u1edbc t\u00ednh th\u1eddi gian \u0111\u1ecdc\" \/>\n\t<meta name=\"twitter:data1\" content=\"3 ph\u00fat\" \/>\n<script type=\"application\/ld+json\" class=\"yoast-schema-graph\">{\"@context\":\"https:\/\/schema.org\",\"@graph\":[{\"@type\":\"WebPage\",\"@id\":\"https:\/\/theme.tamnguyen.vn\/noithat22\/san-pham\/ban-ghe-ca-phe-bg-098\/\",\"url\":\"https:\/\/theme.tamnguyen.vn\/noithat22\/san-pham\/ban-ghe-ca-phe-bg-098\/\",\"name\":\"B\u00e0n gh\u1ebf c\u00e0 ph\u00ea BG-098 - M\u1eabu website n\u1ed9i th\u1ea5t chuy\u00ean nghi\u1ec7p\",\"isPartOf\":{\"@id\":\"https:\/\/theme.tamnguyen.vn\/noithat22\/#website\"},\"datePublished\":\"2020-09-15T16:56:36+00:00\",\"dateModified\":\"2020-09-15T16:56:36+00:00\",\"breadcrumb\":{\"@id\":\"https:\/\/theme.tamnguyen.vn\/noithat22\/san-pham\/ban-ghe-ca-phe-bg-098\/#breadcrumb\"},\"inLanguage\":\"vi\",\"potentialAction\":[{\"@type\":\"ReadAction\",\"target\":[\"https:\/\/theme.tamnguyen.vn\/noithat22\/san-pham\/ban-ghe-ca-phe-bg-098\/\"]}]},{\"@type\":\"BreadcrumbList\",\"@id\":\"https:\/\/theme.tamnguyen.vn\/noithat22\/san-pham\/ban-ghe-ca-phe-bg-098\/#breadcrumb\",\"itemListElement\":[{\"@type\":\"ListItem\",\"position\":1,\"name\":\"Trang ch\u1ee7\",\"item\":\"https:\/\/theme.tamnguyen.vn\/noithat22\/\"},{\"@type\":\"ListItem\",\"position\":2,\"name\":\"C\u1eeda h\u00e0ng\",\"item\":\"https:\/\/theme.tamnguyen.vn\/noithat22\/cua-hang\/\"},{\"@type\":\"ListItem\",\"position\":3,\"name\":\"B\u00e0n gh\u1ebf c\u00e0 ph\u00ea BG-098\"}]},{\"@type\":\"WebSite\",\"@id\":\"https:\/\/theme.tamnguyen.vn\/noithat22\/#website\",\"url\":\"https:\/\/theme.tamnguyen.vn\/noithat22\/\",\"name\":\"M\u1eabu website n\u1ed9i th\u1ea5t chuy\u00ean nghi\u1ec7p\",\"description\":\"\",\"potentialAction\":[{\"@type\":\"SearchAction\",\"target\":{\"@type\":\"EntryPoint\",\"urlTemplate\":\"https:\/\/theme.tamnguyen.vn\/noithat22\/?s={search_term_string}\"},\"query-input\":\"required name=search_term_string\"}],\"inLanguage\":\"vi\"}]}<\/script>\n<!-- \/ Yoast SEO plugin. -->","yoast_head_json":{"title":"B\u00e0n gh\u1ebf c\u00e0 ph\u00ea BG-098 - M\u1eabu website n\u1ed9i th\u1ea5t chuy\u00ean nghi\u1ec7p","robots":{"index":"noindex","follow":"follow","max-snippet":"max-snippet:-1","max-image-preview":"max-image-preview:large","max-video-preview":"max-video-preview:-1"},"og_locale":"vi_VN","og_type":"article","og_title":"B\u00e0n gh\u1ebf c\u00e0 ph\u00ea BG-098 - M\u1eabu website n\u1ed9i th\u1ea5t chuy\u00ean nghi\u1ec7p","og_description":"M\u00e3 s\u1ea3n ph\u1ea9m: CF63  Ch\u1ea5t li\u1ec7u: g\u1ed7 ASH, m\u1eb7t n\u1ec7m b\u1ecdc simili\/ n\u1ec9 cao c\u1ea5p, ch\u00e2n s\u1eaft s\u01a1n t\u0129nh \u0111i\u1ec7n.  K\u00edch th\u01b0\u1edbc:\u00a0B\u00e0n cafe: D600 x R600 x C750mm.\u00a0Gh\u1ebf cafe: D560 x R600 xC 780mm","og_url":"https:\/\/theme.tamnguyen.vn\/noithat22\/san-pham\/ban-ghe-ca-phe-bg-098\/","og_site_name":"M\u1eabu website n\u1ed9i th\u1ea5t chuy\u00ean nghi\u1ec7p","og_image":[{"width":300,"height":300,"url":"https:\/\/theme.tamnguyen.vn\/noithat22\/wp-content\/uploads\/2020\/09\/imgsp1.jpg","type":"image\/jpeg"}],"twitter_card":"summary_large_image","twitter_misc":{"\u01af\u1edbc t\u00ednh th\u1eddi gian \u0111\u1ecdc":"3 ph\u00fat"},"schema":{"@context":"https:\/\/schema.org","@graph":[{"@type":"WebPage","@id":"https:\/\/theme.tamnguyen.vn\/noithat22\/san-pham\/ban-ghe-ca-phe-bg-098\/","url":"https:\/\/theme.tamnguyen.vn\/noithat22\/san-pham\/ban-ghe-ca-phe-bg-098\/","name":"B\u00e0n gh\u1ebf c\u00e0 ph\u00ea BG-098 - M\u1eabu website n\u1ed9i th\u1ea5t chuy\u00ean nghi\u1ec7p","isPartOf":{"@id":"https:\/\/theme.tamnguyen.vn\/noithat22\/#website"},"datePublished":"2020-09-15T16:56:36+00:00","dateModified":"2020-09-15T16:56:36+00:00","breadcrumb":{"@id":"https:\/\/theme.tamnguyen.vn\/noithat22\/san-pham\/ban-ghe-ca-phe-bg-098\/#breadcrumb"},"inLanguage":"vi","potentialAction":[{"@type":"ReadAction","target":["https:\/\/theme.tamnguyen.vn\/noithat22\/san-pham\/ban-ghe-ca-phe-bg-098\/"]}]},{"@type":"BreadcrumbList","@id":"https:\/\/theme.tamnguyen.vn\/noithat22\/san-pham\/ban-ghe-ca-phe-bg-098\/#breadcrumb","itemListElement":[{"@type":"ListItem","position":1,"name":"Trang ch\u1ee7","item":"https:\/\/theme.tamnguyen.vn\/noithat22\/"},{"@type":"ListItem","position":2,"name":"C\u1eeda h\u00e0ng","item":"https:\/\/theme.tamnguyen.vn\/noithat22\/cua-hang\/"},{"@type":"ListItem","position":3,"name":"B\u00e0n gh\u1ebf c\u00e0 ph\u00ea BG-098"}]},{"@type":"WebSite","@id":"https:\/\/theme.tamnguyen.vn\/noithat22\/#website","url":"https:\/\/theme.tamnguyen.vn\/noithat22\/","name":"M\u1eabu website n\u1ed9i th\u1ea5t chuy\u00ean nghi\u1ec7p","description":"","potentialAction":[{"@type":"SearchAction","target":{"@type":"EntryPoint","urlTemplate":"https:\/\/theme.tamnguyen.vn\/noithat22\/?s={search_term_string}"},"query-input":"required name=search_term_string"}],"inLanguage":"vi"}]}},"_links":{"self":[{"href":"https:\/\/theme.tamnguyen.vn\/noithat22\/wp-json\/wp\/v2\/product\/882","targetHints":{"allow":["GET"]}}],"collection":[{"href":"https:\/\/theme.tamnguyen.vn\/noithat22\/wp-json\/wp\/v2\/product"}],"about":[{"href":"https:\/\/theme.tamnguyen.vn\/noithat22\/wp-json\/wp\/v2\/types\/product"}],"replies":[{"embeddable":true,"href":"https:\/\/theme.tamnguyen.vn\/noithat22\/wp-json\/wp\/v2\/comments?post=882"}],"wp:featuredmedia":[{"embeddable":true,"href":"https:\/\/theme.tamnguyen.vn\/noithat22\/wp-json\/wp\/v2\/media\/905"}],"wp:attachment":[{"href":"https:\/\/theme.tamnguyen.vn\/noithat22\/wp-json\/wp\/v2\/media?parent=882"}],"wp:term":[{"taxonomy":"product_cat","embeddable":true,"href":"https:\/\/theme.tamnguyen.vn\/noithat22\/wp-json\/wp\/v2\/product_cat?post=882"},{"taxonomy":"product_tag","embeddable":true,"href":"https:\/\/theme.tamnguyen.vn\/noithat22\/wp-json\/wp\/v2\/product_tag?post=882"}],"curies":[{"name":"wp","href":"https:\/\/api.w.org\/{rel}","templated":true}]}}