{"id":24,"date":"2020-08-24T08:56:31","date_gmt":"2020-08-24T08:56:31","guid":{"rendered":"http:\/\/noithat5.muathemedep.vn\/?page_id=24"},"modified":"2020-08-24T08:56:31","modified_gmt":"2020-08-24T08:56:31","slug":"lien-he","status":"publish","type":"page","link":"https:\/\/theme.tamnguyen.vn\/noithat22\/lien-he\/","title":{"rendered":"Li\u00ean h\u1ec7"},"content":{"rendered":"\t<div class=\"img has-hover x md-x lg-x y md-y lg-y\" id=\"image_204017761\">\n\t\t\t\t\t\t\t\t<div class=\"img-inner dark\" >\n\t\t\t<img loading=\"lazy\" decoding=\"async\" width=\"1920\" height=\"628\" src=\"https:\/\/theme.tamnguyen.vn\/noithat22\/wp-content\/uploads\/2020\/09\/slider-01.jpg\" class=\"attachment-original size-original\" alt=\"\" srcset=\"https:\/\/theme.tamnguyen.vn\/noithat22\/wp-content\/uploads\/2020\/09\/slider-01.jpg 1920w, https:\/\/theme.tamnguyen.vn\/noithat22\/wp-content\/uploads\/2020\/09\/slider-01-600x196.jpg 600w, https:\/\/theme.tamnguyen.vn\/noithat22\/wp-content\/uploads\/2020\/09\/slider-01-300x98.jpg 300w, https:\/\/theme.tamnguyen.vn\/noithat22\/wp-content\/uploads\/2020\/09\/slider-01-1024x335.jpg 1024w, https:\/\/theme.tamnguyen.vn\/noithat22\/wp-content\/uploads\/2020\/09\/slider-01-768x251.jpg 768w, https:\/\/theme.tamnguyen.vn\/noithat22\/wp-content\/uploads\/2020\/09\/slider-01-1536x502.jpg 1536w\" sizes=\"auto, (max-width: 1920px) 100vw, 1920px\" \/>\t\t\t\t\t\t\n\t\t\t\t\t<\/div>\n\t\t\t\t\t\t\t\t\n<style>\n#image_204017761 {\n  width: 100%;\n}\n<\/style>\n\t<\/div>\n\t\n\t<section class=\"section\" id=\"section_1315283800\">\n\t\t<div class=\"bg section-bg fill bg-fill  bg-loaded\" >\n\n\t\t\t\n\t\t\t\n\t\t\t\n\n\t\t<\/div>\n\n\t\t<div class=\"section-content relative\">\n\t\t\t\n<div class=\"row\"  id=\"row-207079766\">\n\n\t<div id=\"col-1910308537\" class=\"col medium-6 small-12 large-6\"  >\n\t\t<div class=\"col-inner\"  >\n\t\t\t\n\t\t\t\n<p><strong><em>N\u1ed9i th\u1ea5t M\u1ed9c Style\u00a0<\/em>t\u1ef1 h\u00e0o l\u00e0 x\u01b0\u1edfng s\u1ea3n xu\u1ea5t n\u1ed9i th\u1ea5t gi\u00e1 r\u1ebb nh\u1ea5t mi\u1ec1n B\u1eafc<\/strong>. V\u1edbi h\u1ec7 th\u1ed1ng nh\u00e0 x\u01b0\u1edfng m\u00e1y m\u00f3c \u0111\u01b0\u1ee3c trang b\u1ecb hi\u1ec7n \u0111\u1ea1i, \u0111\u1ed9i ng\u0169 ki\u1ebfn tr\u00fac s\u01b0 gi\u00e0u kinh nghi\u1ec7m, \u0111\u1ea7y s\u1ee9c s\u00e1ng t\u1ea1o c\u00f9ng c\u00e1c b\u1eadc th\u1ee3 l\u00e0nh ngh\u1ec1 t\u1eadn t\u00e2m. Ch\u00fang t\u00f4i lu\u00f4n n\u1ed7 l\u1ef1c t\u1ea1o ra nh\u1eefng s\u1ea3n ph\u1ea9m n\u1ed9i th\u1ea5t ch\u1ea5t l\u01b0\u1ee3ng cao, ki\u1ec3u c\u00e1ch \u0111\u1eb9p, \u0111\u1ed9c \u0111\u00e1o, \u1ea5n t\u01b0\u1ee3ng c\u00f9ng vi\u1ec7c \u0111i \u0111\u1ea7u v\u1ec1 gi\u00e1.\u00a0<\/p>\n<p><span style=\"color: #44cc00;\">C\u1ea3m \u01a1n Qu\u00fd kh\u00e1ch h\u00e0ng \u0111\u00e3 quan t\u00e2m \u0111\u1ebfn s\u1ea3n ph\u1ea9m c\u1ee7a\u00a0<strong><em>N\u1ed9i th\u1ea5t M\u1ed9c Style!<\/em><\/strong><\/span><\/p>\n<p>\u0110\u1ec3 k\u1ebft n\u1ed1i tr\u1ef1c ti\u1ebfp v\u1edbi ch\u00fang t\u00f4i, Qu\u00fd kh\u00e1ch h\u00e0ng vui l\u00f2ng li\u00ean h\u1ec7 theo \u0111\u1ecba ch\u1ec9 sau:<\/p>\n<ul>\n<li><strong>\u0110\u1ecba ch\u1ec9:<\/strong>\u00a0Ph\u1ea1m V\u0103n B\u1ea1ch, P. 15, Q. T\u00e2n B\u00ecnh, Tp. HCM<\/li>\n<li><strong>\u0110i\u1ec7n tho\u1ea1i:<\/strong>\u00a00999.999.999<\/li>\n<li><strong>Email:<\/strong>\u00a0email@gmail.com<\/li>\n<li><strong>Website:<\/strong>\u00a0<a href=\"#\">www.tenweb.vn<\/a><\/li>\n<\/ul>\n\t\t<\/div>\n\t\t\t<\/div>\n\n\t\n\n\t<div id=\"col-1920093690\" class=\"col medium-6 small-12 large-6\"  >\n\t\t<div class=\"col-inner\"  >\n\t\t\t\n\t\t\t\n<div role=\"form\" class=\"wpcf7\" id=\"wpcf7-f1327-o1\" lang=\"vi\" dir=\"ltr\">\n<div class=\"screen-reader-response\"><p role=\"status\" aria-live=\"polite\" aria-atomic=\"true\"><\/p> <ul><\/ul><\/div>\n<form action=\"\/noithat22\/wp-json\/wp\/v2\/pages\/24#wpcf7-f1327-o1\" method=\"post\" class=\"wpcf7-form init\" novalidate=\"novalidate\" data-status=\"init\">\n<div style=\"display: none;\">\n<input type=\"hidden\" name=\"_wpcf7\" value=\"1327\" \/>\n<input type=\"hidden\" name=\"_wpcf7_version\" value=\"5.5.6\" \/>\n<input type=\"hidden\" name=\"_wpcf7_locale\" value=\"vi\" \/>\n<input type=\"hidden\" name=\"_wpcf7_unit_tag\" value=\"wpcf7-f1327-o1\" \/>\n<input type=\"hidden\" name=\"_wpcf7_container_post\" value=\"0\" \/>\n<input type=\"hidden\" name=\"_wpcf7_posted_data_hash\" value=\"\" \/>\n<\/div>\n<div class=\"form-lien-he\">\n<h3>Li\u00ean h\u1ec7 t\u01b0 v\u1ea5n<\/h3>\n<p class=\"des\">Vui l\u00f2ng ho\u00e0n t\u1ea5t bi\u1ec3u m\u1eabu b\u00ean d\u01b0\u1edbi \u0111\u1ec3 g\u1eedi th\u00f4ng tin li\u00ean h\u1ec7 cho ch\u00fang t\u00f4i<\/p>\n<p><span class=\"wpcf7-form-control-wrap text-16\"><input type=\"text\" name=\"text-16\" value=\"\" size=\"40\" class=\"wpcf7-form-control wpcf7-text wpcf7-validates-as-required\" aria-required=\"true\" aria-invalid=\"false\" placeholder=\"T\u00ean c\u1ee7a b\u1ea1n...\" \/><\/span><br \/>\n<span class=\"wpcf7-form-control-wrap tel-505\"><input type=\"tel\" name=\"tel-505\" value=\"\" size=\"40\" class=\"wpcf7-form-control wpcf7-text wpcf7-tel wpcf7-validates-as-required wpcf7-validates-as-tel\" aria-required=\"true\" aria-invalid=\"false\" placeholder=\"S\u1ed1 \u0111i\u1ec7n tho\u1ea1i...\" \/><\/span><br \/>\n<span class=\"wpcf7-form-control-wrap email-914\"><input type=\"email\" name=\"email-914\" value=\"\" size=\"40\" class=\"wpcf7-form-control wpcf7-text wpcf7-email wpcf7-validates-as-email\" aria-invalid=\"false\" placeholder=\"\u0110\u1ecba ch\u1ec9 email...\" \/><\/span><br \/>\n<span class=\"wpcf7-form-control-wrap textarea-143\"><textarea name=\"textarea-143\" cols=\"40\" rows=\"10\" class=\"wpcf7-form-control wpcf7-textarea\" aria-invalid=\"false\" placeholder=\"N\u1ed9i dung li\u00ean h\u1ec7...\"><\/textarea><\/span><br \/>\n<input type=\"submit\" value=\"G\u1eedi y\u00eau c\u1ea7u\" class=\"wpcf7-form-control has-spinner wpcf7-submit\" \/>\n<\/p><\/div>\n<div class=\"wpcf7-response-output\" aria-hidden=\"true\"><\/div><\/form><\/div>\n\t\t<\/div>\n\t\t\t<\/div>\n\n\t\n<\/div>\n\t\t<\/div>\n\n\t\t\n<style>\n#section_1315283800 {\n  padding-top: 30px;\n  padding-bottom: 30px;\n}\n<\/style>\n\t<\/section>\n\t\n","protected":false},"excerpt":{"rendered":"","protected":false},"author":1,"featured_media":0,"parent":0,"menu_order":0,"comment_status":"closed","ping_status":"closed","template":"","meta":{"footnotes":""},"class_list":["post-24","page","type-page","status-publish","hentry"],"yoast_head":"<!-- This site is optimized with the Yoast SEO plugin v19.6.1 - https:\/\/yoast.com\/wordpress\/plugins\/seo\/ -->\n<title>Li\u00ean h\u1ec7 - M\u1eabu website n\u1ed9i th\u1ea5t chuy\u00ean nghi\u1ec7p<\/title>\n<meta name=\"robots\" content=\"noindex, follow, max-snippet:-1, max-image-preview:large, max-video-preview:-1\" \/>\n<meta property=\"og:locale\" content=\"vi_VN\" \/>\n<meta property=\"og:type\" content=\"article\" \/>\n<meta property=\"og:title\" content=\"Li\u00ean h\u1ec7 - M\u1eabu website n\u1ed9i th\u1ea5t chuy\u00ean nghi\u1ec7p\" \/>\n<meta property=\"og:url\" content=\"https:\/\/theme.tamnguyen.vn\/noithat22\/lien-he\/\" \/>\n<meta property=\"og:site_name\" content=\"M\u1eabu website n\u1ed9i th\u1ea5t chuy\u00ean nghi\u1ec7p\" \/>\n<meta name=\"twitter:card\" content=\"summary_large_image\" \/>\n<meta name=\"twitter:label1\" content=\"\u01af\u1edbc t\u00ednh th\u1eddi gian \u0111\u1ecdc\" \/>\n\t<meta name=\"twitter:data1\" content=\"1 ph\u00fat\" \/>\n<script type=\"application\/ld+json\" class=\"yoast-schema-graph\">{\"@context\":\"https:\/\/schema.org\",\"@graph\":[{\"@type\":\"WebPage\",\"@id\":\"https:\/\/theme.tamnguyen.vn\/noithat22\/lien-he\/\",\"url\":\"https:\/\/theme.tamnguyen.vn\/noithat22\/lien-he\/\",\"name\":\"Li\u00ean h\u1ec7 - M\u1eabu website n\u1ed9i th\u1ea5t chuy\u00ean nghi\u1ec7p\",\"isPartOf\":{\"@id\":\"https:\/\/theme.tamnguyen.vn\/noithat22\/#website\"},\"datePublished\":\"2020-08-24T08:56:31+00:00\",\"dateModified\":\"2020-08-24T08:56:31+00:00\",\"breadcrumb\":{\"@id\":\"https:\/\/theme.tamnguyen.vn\/noithat22\/lien-he\/#breadcrumb\"},\"inLanguage\":\"vi\",\"potentialAction\":[{\"@type\":\"ReadAction\",\"target\":[\"https:\/\/theme.tamnguyen.vn\/noithat22\/lien-he\/\"]}]},{\"@type\":\"BreadcrumbList\",\"@id\":\"https:\/\/theme.tamnguyen.vn\/noithat22\/lien-he\/#breadcrumb\",\"itemListElement\":[{\"@type\":\"ListItem\",\"position\":1,\"name\":\"Trang ch\u1ee7\",\"item\":\"https:\/\/theme.tamnguyen.vn\/noithat22\/\"},{\"@type\":\"ListItem\",\"position\":2,\"name\":\"Li\u00ean h\u1ec7\"}]},{\"@type\":\"WebSite\",\"@id\":\"https:\/\/theme.tamnguyen.vn\/noithat22\/#website\",\"url\":\"https:\/\/theme.tamnguyen.vn\/noithat22\/\",\"name\":\"M\u1eabu website n\u1ed9i th\u1ea5t chuy\u00ean nghi\u1ec7p\",\"description\":\"\",\"potentialAction\":[{\"@type\":\"SearchAction\",\"target\":{\"@type\":\"EntryPoint\",\"urlTemplate\":\"https:\/\/theme.tamnguyen.vn\/noithat22\/?s={search_term_string}\"},\"query-input\":\"required name=search_term_string\"}],\"inLanguage\":\"vi\"}]}<\/script>\n<!-- \/ Yoast SEO plugin. -->","yoast_head_json":{"title":"Li\u00ean h\u1ec7 - M\u1eabu website n\u1ed9i th\u1ea5t chuy\u00ean nghi\u1ec7p","robots":{"index":"noindex","follow":"follow","max-snippet":"max-snippet:-1","max-image-preview":"max-image-preview:large","max-video-preview":"max-video-preview:-1"},"og_locale":"vi_VN","og_type":"article","og_title":"Li\u00ean h\u1ec7 - M\u1eabu website n\u1ed9i th\u1ea5t chuy\u00ean nghi\u1ec7p","og_url":"https:\/\/theme.tamnguyen.vn\/noithat22\/lien-he\/","og_site_name":"M\u1eabu website n\u1ed9i th\u1ea5t chuy\u00ean nghi\u1ec7p","twitter_card":"summary_large_image","twitter_misc":{"\u01af\u1edbc t\u00ednh th\u1eddi gian \u0111\u1ecdc":"1 ph\u00fat"},"schema":{"@context":"https:\/\/schema.org","@graph":[{"@type":"WebPage","@id":"https:\/\/theme.tamnguyen.vn\/noithat22\/lien-he\/","url":"https:\/\/theme.tamnguyen.vn\/noithat22\/lien-he\/","name":"Li\u00ean h\u1ec7 - M\u1eabu website n\u1ed9i th\u1ea5t chuy\u00ean nghi\u1ec7p","isPartOf":{"@id":"https:\/\/theme.tamnguyen.vn\/noithat22\/#website"},"datePublished":"2020-08-24T08:56:31+00:00","dateModified":"2020-08-24T08:56:31+00:00","breadcrumb":{"@id":"https:\/\/theme.tamnguyen.vn\/noithat22\/lien-he\/#breadcrumb"},"inLanguage":"vi","potentialAction":[{"@type":"ReadAction","target":["https:\/\/theme.tamnguyen.vn\/noithat22\/lien-he\/"]}]},{"@type":"BreadcrumbList","@id":"https:\/\/theme.tamnguyen.vn\/noithat22\/lien-he\/#breadcrumb","itemListElement":[{"@type":"ListItem","position":1,"name":"Trang ch\u1ee7","item":"https:\/\/theme.tamnguyen.vn\/noithat22\/"},{"@type":"ListItem","position":2,"name":"Li\u00ean h\u1ec7"}]},{"@type":"WebSite","@id":"https:\/\/theme.tamnguyen.vn\/noithat22\/#website","url":"https:\/\/theme.tamnguyen.vn\/noithat22\/","name":"M\u1eabu website n\u1ed9i th\u1ea5t chuy\u00ean nghi\u1ec7p","description":"","potentialAction":[{"@type":"SearchAction","target":{"@type":"EntryPoint","urlTemplate":"https:\/\/theme.tamnguyen.vn\/noithat22\/?s={search_term_string}"},"query-input":"required name=search_term_string"}],"inLanguage":"vi"}]}},"_links":{"self":[{"href":"https:\/\/theme.tamnguyen.vn\/noithat22\/wp-json\/wp\/v2\/pages\/24","targetHints":{"allow":["GET"]}}],"collection":[{"href":"https:\/\/theme.tamnguyen.vn\/noithat22\/wp-json\/wp\/v2\/pages"}],"about":[{"href":"https:\/\/theme.tamnguyen.vn\/noithat22\/wp-json\/wp\/v2\/types\/page"}],"author":[{"embeddable":true,"href":"https:\/\/theme.tamnguyen.vn\/noithat22\/wp-json\/wp\/v2\/users\/1"}],"replies":[{"embeddable":true,"href":"https:\/\/theme.tamnguyen.vn\/noithat22\/wp-json\/wp\/v2\/comments?post=24"}],"version-history":[{"count":0,"href":"https:\/\/theme.tamnguyen.vn\/noithat22\/wp-json\/wp\/v2\/pages\/24\/revisions"}],"wp:attachment":[{"href":"https:\/\/theme.tamnguyen.vn\/noithat22\/wp-json\/wp\/v2\/media?parent=24"}],"curies":[{"name":"wp","href":"https:\/\/api.w.org\/{rel}","templated":true}]}}