{"id":2759,"date":"2021-01-26T23:26:13","date_gmt":"2021-01-26T16:26:13","guid":{"rendered":"https:\/\/dienmayxanh.xyz\/?post_type=product&#038;p=2759"},"modified":"2022-10-13T20:57:29","modified_gmt":"2022-10-13T13:57:29","slug":"may-lanh-samsung-inverter-1-hp-ar10tyhycwknsv","status":"publish","type":"product","link":"https:\/\/theme.tamnguyen.vn\/dienmayxanh2\/san-pham\/may-lanh-samsung-inverter-1-hp-ar10tyhycwknsv\/","title":{"rendered":"M\u00e1y l\u1ea1nh Samsung Inverter 1 HP AR10TYHYCWKNSV"},"content":{"rendered":"<div><img loading=\"lazy\" decoding=\"async\" src=\"https:\/\/cdn.tgdd.vn\/Products\/Images\/2002\/217442\/Kit\/samsung-ar10tyhycwknsv-1.jpg\" alt=\"Th\u00f4ng s\u1ed1 k\u1ef9 thu\u1eadt M\u00e1y l\u1ea1nh Samsung Inverter 1 HP AR10TYHYCWKNSV\" width=\"780\" height=\"585\" data-src=\"https:\/\/cdn.tgdd.vn\/Products\/Images\/2002\/217442\/Kit\/samsung-ar10tyhycwknsv-1.jpg\" \/><\/div>\n<div>\n<article id=\"tinh-nang\">\n<h3>L\u00e0m l\u1ea1nh nhanh, ti\u1ebft ki\u1ec7m \u0111i\u1ec7n hi\u1ec7u qu\u1ea3 nh\u1edd \u0111\u1ed9ng c\u01a1 Digital Inverter v\u00e0 ch\u1ebf \u0111\u1ed9 Eco<\/h3>\n<p>M\u00e1y l\u1ea1nh Samsung Inverter 1 HP AR10TYHYCWKNSV\u00a0\u0111\u01b0\u1ee3c trang b\u1ecb \u0111\u1ed9ng c\u01a1\u00a0Digital Inverter, mang l\u1ea1i t\u1ed1c \u0111\u1ed9 l\u00e0m l\u1ea1nh nhanh c\u00f9ng v\u1edbi vi\u1ec7c ti\u1ebft ki\u1ec7m n\u0103ng l\u01b0\u1ee3ng \u0111i\u1ec7n khi ho\u1ea1t \u0111\u1ed9ng, c\u00f3 th\u1ec3 duy tr\u00ec nhi\u1ec7t \u0111\u1ed9 l\u1ea1nh mong mu\u1ed1n m\u00e0 kh\u00f4ng c\u1ea7n ph\u1ea3i \u0111i\u1ec1u ch\u1ec9nh th\u01b0\u1eddng xuy\u00ean.<\/p>\n<p>Ngo\u00e0i ra m\u00e1y c\u00f2n c\u00f3 t\u00ednh n\u0103ng Eco, cho ph\u00e9p m\u00e1y ho\u1ea1t \u0111\u1ed9ng \u1edf m\u1ee9c c\u00f4ng su\u1ea5t th\u1ea5p, gi\u00fap ti\u1ebft ki\u1ec7m \u0111i\u1ec7n nh\u01b0ng v\u1eabn mang l\u1ea1i h\u01a1i l\u1ea1nh nh\u1eb9 nh\u00e0ng v\u00e0 tho\u1ea3i m\u00e1i cho ng\u01b0\u1eddi d\u00f9ng, th\u00edch h\u1ee3p khi ph\u00f2ng kh\u00f4ng qu\u00e1 n\u00f3ng.<\/p>\n<\/article>\n<\/div>\n","protected":false},"excerpt":{"rendered":"<p>L\u00e0m l\u1ea1nh nhanh, ti\u1ebft ki\u1ec7m \u0111i\u1ec7n hi\u1ec7u qu\u1ea3 nh\u1edd \u0111\u1ed9ng c\u01a1 Digital Inverter v\u00e0 ch\u1ebf \u0111\u1ed9 Eco M\u00e1y l\u1ea1nh Samsung Inverter 1 HP AR10TYHYCWKNSV\u00a0\u0111\u01b0\u1ee3c trang b\u1ecb \u0111\u1ed9ng c\u01a1\u00a0Digital Inverter, mang l\u1ea1i t\u1ed1c \u0111\u1ed9 l\u00e0m l\u1ea1nh nhanh c\u00f9ng v\u1edbi vi\u1ec7c ti\u1ebft ki\u1ec7m n\u0103ng l\u01b0\u1ee3ng \u0111i\u1ec7n khi ho\u1ea1t \u0111\u1ed9ng, c\u00f3 th\u1ec3 duy tr\u00ec nhi\u1ec7t \u0111\u1ed9 l\u1ea1nh mong [&#8230;]\n","protected":false},"featured_media":2760,"comment_status":"open","ping_status":"closed","template":"","meta":[],"product_cat":[152],"product_tag":[],"class_list":["post-2759","product","type-product","status-publish","has-post-thumbnail","hentry","product_cat-may-lanh","pa_thuong-hieu-aqua","pa_thuong-hieu-beko","pa_thuong-hieu-electrolux","pa_thuong-hieu-lg","pa_thuong-hieu-panasonic","pa_thuong-hieu-samsung","pa_thuong-hieu-sharp","pa_thuong-hieu-sony","pa_thuong-hieu-tcl","pa_thuong-hieu-toshiba"],"_links":{"self":[{"href":"https:\/\/theme.tamnguyen.vn\/dienmayxanh2\/wp-json\/wp\/v2\/product\/2759","targetHints":{"allow":["GET"]}}],"collection":[{"href":"https:\/\/theme.tamnguyen.vn\/dienmayxanh2\/wp-json\/wp\/v2\/product"}],"about":[{"href":"https:\/\/theme.tamnguyen.vn\/dienmayxanh2\/wp-json\/wp\/v2\/types\/product"}],"replies":[{"embeddable":true,"href":"https:\/\/theme.tamnguyen.vn\/dienmayxanh2\/wp-json\/wp\/v2\/comments?post=2759"}],"wp:featuredmedia":[{"embeddable":true,"href":"https:\/\/theme.tamnguyen.vn\/dienmayxanh2\/wp-json\/wp\/v2\/media\/2760"}],"wp:attachment":[{"href":"https:\/\/theme.tamnguyen.vn\/dienmayxanh2\/wp-json\/wp\/v2\/media?parent=2759"}],"wp:term":[{"taxonomy":"product_cat","embeddable":true,"href":"https:\/\/theme.tamnguyen.vn\/dienmayxanh2\/wp-json\/wp\/v2\/product_cat?post=2759"},{"taxonomy":"product_tag","embeddable":true,"href":"https:\/\/theme.tamnguyen.vn\/dienmayxanh2\/wp-json\/wp\/v2\/product_tag?post=2759"}],"curies":[{"name":"wp","href":"https:\/\/api.w.org\/{rel}","templated":true}]}}