{"id":2711,"date":"2021-01-26T15:10:14","date_gmt":"2021-01-26T08:10:14","guid":{"rendered":"https:\/\/dienmayxanh.xyz\/?post_type=product&#038;p=2711"},"modified":"2021-01-26T16:02:11","modified_gmt":"2021-01-26T09:02:11","slug":"may-giat-samsung-inverter-9-kg-ww90j54e0bw-sv","status":"publish","type":"product","link":"https:\/\/theme.tamnguyen.vn\/dienmayxanh2\/san-pham\/may-giat-samsung-inverter-9-kg-ww90j54e0bw-sv\/","title":{"rendered":"M\u00e1y gi\u1eb7t Samsung Inverter 9 kg WW90J54E0BW\/SV"},"content":{"rendered":"<h3>Thi\u1ebft k\u1ebf \u0111\u01a1n gi\u1ea3n, g\u1ea7n g\u0169i v\u1edbi ng\u01b0\u1eddi d\u00f9ng<\/h3>\n<p>V\u1edbi gam m\u00e0u tr\u1eafng tinh t\u1ebf c\u00f9ng thi\u1ebft k\u1ebf c\u1eeda tr\u01b0\u1edbc, l\u1ed3ng gi\u1eb7t n\u1eb1m ngang,\u00a0m\u00e1y gi\u1eb7t Samsung Inverter 9 kg WW90J54E0BW\/SV\u00a0mang l\u1ea1i c\u1ea3m gi\u00e1c th\u00e2n thu\u1ed9c cho ng\u01b0\u1eddi d\u00f9ng v\u00e0 l\u00e0 m\u1ed9t \u0111i\u1ec3m nh\u1ea5n cho kh\u00f4ng gian nh\u00e0 b\u1ea1n. M\u00e1y c\u00f3 kh\u1ed1i l\u01b0\u1ee3ng gi\u1eb7t\u00a09kg\u00a0th\u00edch h\u1ee3p cho nh\u1eefng gia \u0111\u00ecnh t\u1eeb 3 &#8211; 5 ng\u01b0\u1eddi.<\/p>\n<p><img decoding=\"async\" title=\"M\u00e1y gi\u1eb7t Samsung Inverter 9 kg WW90J54E0BW\/SV\" src=\"https:\/\/cdn.tgdd.vn\/Products\/Images\/1944\/155200\/Slider\/vi-vn-samsung-ww90j54e0bw-sv-1.jpg\" alt=\"M\u00e1y gi\u1eb7t Samsung Inverter 9 kg WW90J54E0BW\/SV\" data-src=\"https:\/\/cdn.tgdd.vn\/Products\/Images\/1944\/155200\/Slider\/vi-vn-samsung-ww90j54e0bw-sv-1.jpg\" \/><\/p>\n<h3>Ti\u1ebft ki\u1ec7m \u0111i\u1ec7n n\u0103ng, t\u0103ng tu\u1ed5i th\u1ecd v\u1edbi c\u00f4ng ngh\u1ec7 Digital Inverter<\/h3>\n<p>C\u00f4ng ngh\u1ec7 Digital Inverter\u00a0ti\u00ean ti\u1ebfn tr\u00ean m\u00e1y gi\u1eb7t Samsung gi\u00fap h\u1ed7 tr\u1ee3 ti\u1ebft ki\u1ec7m \u0111i\u1ec7n n\u0103ng t\u1eeb 30 &#8211; 50%, b\u1ea1n s\u1ebd kh\u00f4ng c\u00f2n lo l\u1eafng v\u1ec1 v\u1ea5n \u0111\u1ec1 ti\u1ec1n \u0111i\u1ec7n t\u0103ng h\u1eb1ng th\u00e1ng. Ngo\u00e0i ra, v\u1edbi c\u00f4ng ngh\u1ec7 n\u00e0y gi\u00fap \u0111\u1ed9ng c\u01a1 v\u1eadn h\u00e0nh \u00eam \u00e1i, t\u0103ng tu\u1ed5i th\u1ecd cho m\u00e1y.<\/p>\n<p><img decoding=\"async\" title=\"Ti\u1ebft ki\u1ec7m \u0111i\u1ec7n n\u0103ng - M\u00e1y gi\u1eb7t Samsung Inverter 9 kg WW90J54E0BW\/SV\" src=\"https:\/\/cdn.tgdd.vn\/Products\/Images\/1944\/155200\/Slider\/vi-vn-samsung-ww90j54e0bw-sv-2.jpg\" alt=\"Ti\u1ebft ki\u1ec7m \u0111i\u1ec7n n\u0103ng - M\u00e1y gi\u1eb7t Samsung Inverter 9 kg WW90J54E0BW\/SV\" data-src=\"https:\/\/cdn.tgdd.vn\/Products\/Images\/1944\/155200\/Slider\/vi-vn-samsung-ww90j54e0bw-sv-2.jpg\" \/><\/p>\n<h3>Di\u1ec7t khu\u1ea9n, t\u00e1c nh\u00e2n d\u1ecb \u1ee9ng v\u00e0 ch\u1ed1ng nh\u0103n v\u1edbi c\u00f4ng ngh\u1ec7 gi\u1eb7t h\u01a1i n\u01b0\u1edbc<\/h3>\n<p>C\u00f4ng ngh\u1ec7 gi\u1eb7t h\u01a1i n\u01b0\u1edbc \u0111\u01b0\u1ee3c trang b\u1ecb tr\u00ean\u00a0m\u00e1y gi\u1eb7t\u00a0WW90J54E0BW\/SV ho\u1ea1t \u0111\u1ed9ng b\u1eb1ng c\u00e1ch n\u01b0\u1edbc s\u1ebd \u0111\u01b0\u1ee3c \u0111un n\u00f3ng th\u00e0nh h\u01a1i v\u00e0 phun li\u00ean t\u1ee5c v\u00e0o qu\u1ea7n \u00e1o k\u1ebft h\u1ee3p v\u1edbi chuy\u1ec3n \u0111\u1ed9ng quay c\u1ee7a\u00a0m\u00e1y gi\u1eb7t Inverter. Nhi\u1ec7t \u0111\u1ed9 cao c\u1ee7a h\u01a1i n\u01b0\u1edbc s\u1ebd lo\u1ea1i b\u1ecf c\u00e1c vi khu\u1ea9n c\u0169ng nh\u01b0 c\u00e1c t\u00e1c nh\u00e2n g\u00e2y d\u1ecb \u1ee9ng v\u00e0 d\u1ec5 d\u00e0ng \u0111\u00e1nh b\u1eadt c\u00e1c v\u1ebft b\u1ea9n tr\u00ean qu\u1ea7n \u00e1o, ch\u0103n m\u00e0n,\u2026<\/p>\n<p><img decoding=\"async\" title=\"Di\u1ec7t khu\u1ea9n v\u1edbi c\u00f4ng ngh\u1ec7 gi\u1eb7t h\u01a1i n\u01b0\u1edbc - M\u00e1y gi\u1eb7t Samsung Inverter 9 kg WW90J54E0BW\/SV\" src=\"https:\/\/cdn.tgdd.vn\/Products\/Images\/1944\/155200\/Slider\/vi-vn-samsung-ww90j54e0bw-sv-4.jpg\" alt=\"Di\u1ec7t khu\u1ea9n v\u1edbi c\u00f4ng ngh\u1ec7 gi\u1eb7t h\u01a1i n\u01b0\u1edbc - M\u00e1y gi\u1eb7t Samsung Inverter 9 kg WW90J54E0BW\/SV\" data-src=\"https:\/\/cdn.tgdd.vn\/Products\/Images\/1944\/155200\/Slider\/vi-vn-samsung-ww90j54e0bw-sv-4.jpg\" \/><\/p>\n<h3>C\u00f4ng ngh\u1ec7 Eco Bubble gi\u00fap gi\u1eb7t s\u1ea1ch, s\u00e2u<\/h3>\n<p>C\u01a1 ch\u1ebf ho\u1ea1t \u0111\u1ed9ng c\u1ee7a\u00a0c\u00f4ng ngh\u1ec7 Eco Bubble\u00a0l\u00e0 thi\u1ebft b\u1ecb t\u1ea1o bong b\u00f3ng h\u00f2a tan b\u1ed9t gi\u1eb7t v\u00e0o n\u01b0\u1edbc v\u00e0 b\u01a1m kh\u00ed v\u00e0o t\u1ea1o ra nhi\u1ec1u b\u1ecdt x\u00e0 ph\u00f2ng gi\u00fap x\u00e0 ph\u00f2ng th\u1ea9m th\u1ea5u v\u00e0o t\u1eebng s\u1ee3i v\u1ea3i, \u0111\u00e1nh b\u1eadt c\u00e1c v\u1ebft b\u1ea9n c\u1ee9ng \u0111\u1ea7u tr\u00ean qu\u1ea7n \u00e1o c\u1ee7a b\u1ea1n mang l\u1ea1i hi\u1ec7u qu\u1ea3 gi\u1eb7t s\u1ea1ch s\u00e2u. B\u00ean c\u1ea1nh \u0111\u00f3, c\u00f4ng ngh\u1ec7 n\u00e0y c\u00f2n gi\u00fap ti\u1ebft ki\u1ec7m \u0111i\u1ec7n t\u1ed1i \u0111a khi c\u00f3 th\u1ec3 gi\u1eb7t \u1edf nhi\u1ec7t \u0111\u1ed9 th\u01b0\u1eddng m\u00e0 kh\u00f4ng c\u1ea7n ph\u1ea3i s\u1eed d\u1ee5ng \u0111\u1ebfn n\u01b0\u1edbc n\u00f3ng nh\u01b0 c\u00e1c c\u00f4ng ngh\u1ec7 c\u0169.<\/p>\n","protected":false},"excerpt":{"rendered":"<p>Thi\u1ebft k\u1ebf \u0111\u01a1n gi\u1ea3n, g\u1ea7n g\u0169i v\u1edbi ng\u01b0\u1eddi d\u00f9ng V\u1edbi gam m\u00e0u tr\u1eafng tinh t\u1ebf c\u00f9ng thi\u1ebft k\u1ebf c\u1eeda tr\u01b0\u1edbc, l\u1ed3ng gi\u1eb7t n\u1eb1m ngang,\u00a0m\u00e1y gi\u1eb7t Samsung Inverter 9 kg WW90J54E0BW\/SV\u00a0mang l\u1ea1i c\u1ea3m gi\u00e1c th\u00e2n thu\u1ed9c cho ng\u01b0\u1eddi d\u00f9ng v\u00e0 l\u00e0 m\u1ed9t \u0111i\u1ec3m nh\u1ea5n cho kh\u00f4ng gian nh\u00e0 b\u1ea1n. M\u00e1y c\u00f3 kh\u1ed1i l\u01b0\u1ee3ng gi\u1eb7t\u00a09kg\u00a0th\u00edch h\u1ee3p cho [&#8230;]\n","protected":false},"featured_media":2712,"comment_status":"open","ping_status":"closed","template":"","meta":[],"product_cat":[150],"product_tag":[],"class_list":["post-2711","product","type-product","status-publish","has-post-thumbnail","hentry","product_cat-may-giat","pa_thuong-hieu-beko","pa_thuong-hieu-casper","pa_thuong-hieu-electrolux","pa_thuong-hieu-lg","pa_thuong-hieu-panasonic","pa_thuong-hieu-samsung","pa_thuong-hieu-sharp","pa_thuong-hieu-toshiba"],"_links":{"self":[{"href":"https:\/\/theme.tamnguyen.vn\/dienmayxanh2\/wp-json\/wp\/v2\/product\/2711","targetHints":{"allow":["GET"]}}],"collection":[{"href":"https:\/\/theme.tamnguyen.vn\/dienmayxanh2\/wp-json\/wp\/v2\/product"}],"about":[{"href":"https:\/\/theme.tamnguyen.vn\/dienmayxanh2\/wp-json\/wp\/v2\/types\/product"}],"replies":[{"embeddable":true,"href":"https:\/\/theme.tamnguyen.vn\/dienmayxanh2\/wp-json\/wp\/v2\/comments?post=2711"}],"wp:featuredmedia":[{"embeddable":true,"href":"https:\/\/theme.tamnguyen.vn\/dienmayxanh2\/wp-json\/wp\/v2\/media\/2712"}],"wp:attachment":[{"href":"https:\/\/theme.tamnguyen.vn\/dienmayxanh2\/wp-json\/wp\/v2\/media?parent=2711"}],"wp:term":[{"taxonomy":"product_cat","embeddable":true,"href":"https:\/\/theme.tamnguyen.vn\/dienmayxanh2\/wp-json\/wp\/v2\/product_cat?post=2711"},{"taxonomy":"product_tag","embeddable":true,"href":"https:\/\/theme.tamnguyen.vn\/dienmayxanh2\/wp-json\/wp\/v2\/product_tag?post=2711"}],"curies":[{"name":"wp","href":"https:\/\/api.w.org\/{rel}","templated":true}]}}