{"id":2697,"date":"2021-01-26T06:12:35","date_gmt":"2021-01-25T23:12:35","guid":{"rendered":"https:\/\/dienmayxanh.xyz\/?post_type=product&#038;p=2697"},"modified":"2021-01-27T12:27:41","modified_gmt":"2021-01-27T05:27:41","slug":"tu-lanh-samsung-inverter-236-lit-rt22m4032by-sv","status":"publish","type":"product","link":"https:\/\/theme.tamnguyen.vn\/dienmayxanh2\/san-pham\/tu-lanh-samsung-inverter-236-lit-rt22m4032by-sv\/","title":{"rendered":"T\u1ee7 l\u1ea1nh Samsung Inverter 236 l\u00edt RT22M4032BY\/SV"},"content":{"rendered":"<h3>Th\u1ecbt c\u00e1 t\u01b0\u01a1i ngon, \u0103n trong ng\u00e0y kh\u00f4ng c\u1ea7n r\u00e3 \u0111\u00f4ng v\u1edbi\u00a0ng\u0103n \u0111\u00f4ng m\u1ec1m -1 \u0111\u1ed9 C Optimal Fresh Zone<\/h3>\n<p>Ng\u0103n \u0111\u00f4ng m\u1ec1m th\u1ef1c ph\u1ea9m \u1edf nhi\u1ec7t \u0111\u1ed9 -1\u00b0C c\u1ee7a\u00a0t\u1ee7 l\u1ea1nh\u00a0gi\u00fap th\u1ecbt c\u00e1 lu\u00f4n t\u01b0\u01a1i ngon, tr\u1ecdn v\u1eb9n dinh d\u01b0\u1ee1ng do ch\u00fang kh\u00f4ng ho\u00e0n to\u00e0n kh\u00f4ng b\u1ecb \u0111\u00f4ng \u0111\u00e1, gi\u00fap b\u1ea1n c\u00f3 th\u1ec3 ch\u1ebf bi\u1ebfn th\u1ef1c ph\u1ea9m nhanh ch\u00f3ng kh\u00f4ng c\u1ea7n r\u00e3 \u0111\u00f4ng.<\/p>\n<p>B\u1ea1n n\u00ean s\u1eed d\u1ee5ng ng\u0103n n\u00e0y \u0111\u1ed1i v\u1edbi th\u1ef1c ph\u1ea9m s\u1ebd ch\u1ebf bi\u1ebfn trong ng\u00e0y, n\u1ebfu mu\u1ed1n tr\u1eef l\u00e2u h\u01a1n, b\u1ea1n h\u00e3y d\u00f9ng ng\u0103n \u0111\u00f4ng \u0111\u1ec3 b\u1ea3o qu\u1ea3n \u0111\u01b0\u1ee3c t\u1ed1t nh\u1ea5t.<\/p>\n<p><img decoding=\"async\" src=\"https:\/\/cdn.tgdd.vn\/Products\/Images\/1943\/220325\/Slider\/-vi-vn-capdongmem.jpg\" alt=\"Optimal Fresh Zone\" data-src=\"https:\/\/cdn.tgdd.vn\/Products\/Images\/1943\/220325\/Slider\/-vi-vn-capdongmem.jpg\" \/><\/p>\n<h3>Rau c\u1ee7 lu\u00f4n t\u01b0\u01a1i ngon, m\u1ecdng n\u01b0\u1edbc v\u1edbi ng\u0103n rau c\u1ee7 gi\u1eef \u1ea9m Big box<\/h3>\n<p>Ng\u0103n rau c\u1ee7 gi\u1eef \u1ea9m Big box c\u00f3 dung t\u00edch l\u1edbn gi\u00fap b\u1ea1n c\u00f3 kh\u00f4ng gian l\u01b0u tr\u1eef r\u1ed9ng h\u01a1n, tr\u1eef \u0111\u01b0\u1ee3c th\u1ef1c ph\u1ea9m nhi\u1ec1u h\u01a1n m\u00e0 v\u1eabn t\u01b0\u01a1i ngon, m\u1ecdng n\u01b0\u1edbc.<\/p>\n<h3><img decoding=\"async\" title=\"Ng\u0103n rau BigBox\" src=\"https:\/\/cdn.tgdd.vn\/Products\/Images\/1943\/220325\/samsung-rt22m4032by-svnga%CC%86n-rau.jpg\" alt=\"Ng\u0103n rau BigBox\" data-src=\"https:\/\/cdn.tgdd.vn\/Products\/Images\/1943\/220325\/samsung-rt22m4032by-svnga\u0306n-rau.jpg\" \/><\/h3>\n<h3>Ti\u1ebft ki\u1ec7m \u0111i\u1ec7n n\u0103ng, v\u1eadn h\u00e0nh \u00eam \u00e1i v\u00e0 b\u1ec1n b\u1ec9 v\u1edbi c\u00f4ng ngh\u1ec7\u00a0Digital Inverter\u00a0hi\u1ec7n \u0111\u1ea1i<\/h3>\n<p>C\u00f4ng ngh\u1ec7 Digital Inverter gi\u00fap cho\u00a0t\u1ee7 l\u1ea1nh Samsung\u00a0c\u1ee7a b\u1ea1n v\u1eeba ti\u1ebft ki\u1ec7m \u0111i\u1ec7n n\u0103ng ti\u00eau th\u1ee5, v\u1eeba v\u1eadn h\u00e0nh th\u1eadt \u00eam \u00e1i v\u00e0 b\u1ec1n b\u1ec9.<\/p>\n<h3>H\u01a1i l\u1ea1nh lan t\u1ecfa \u0111\u1ec1u kh\u1eafp t\u1ee7 v\u1edbi c\u00f4ng ngh\u1ec7 l\u00e0m l\u1ea1nh v\u00f2m<\/h3>\n<p>C\u00f4ng ngh\u1ec7 l\u00e0m l\u1ea1nh v\u00f2m l\u00e0m l\u1ea1nh nhanh ch\u00f3ng, d\u1ec5 d\u00e0ng \u0111\u01b0a kh\u00f4ng kh\u00ed l\u1ea1nh lan t\u1ecfa \u0111\u1ec1u kh\u1eafp t\u1ee7, gi\u00fap th\u1ef1c ph\u1ea9m \u1edf t\u1eebng ng\u0103n t\u1ee7 \u0111\u1ec1u t\u01b0\u01a1i ngon trong th\u1eddi gian l\u00e2u h\u01a1n.<\/p>\n","protected":false},"excerpt":{"rendered":"<p>Th\u1ecbt c\u00e1 t\u01b0\u01a1i ngon, \u0103n trong ng\u00e0y kh\u00f4ng c\u1ea7n r\u00e3 \u0111\u00f4ng v\u1edbi\u00a0ng\u0103n \u0111\u00f4ng m\u1ec1m -1 \u0111\u1ed9 C Optimal Fresh Zone Ng\u0103n \u0111\u00f4ng m\u1ec1m th\u1ef1c ph\u1ea9m \u1edf nhi\u1ec7t \u0111\u1ed9 -1\u00b0C c\u1ee7a\u00a0t\u1ee7 l\u1ea1nh\u00a0gi\u00fap th\u1ecbt c\u00e1 lu\u00f4n t\u01b0\u01a1i ngon, tr\u1ecdn v\u1eb9n dinh d\u01b0\u1ee1ng do ch\u00fang kh\u00f4ng ho\u00e0n to\u00e0n kh\u00f4ng b\u1ecb \u0111\u00f4ng \u0111\u00e1, gi\u00fap b\u1ea1n c\u00f3 th\u1ec3 ch\u1ebf bi\u1ebfn [&#8230;]\n","protected":false},"featured_media":2698,"comment_status":"open","ping_status":"closed","template":"","meta":[],"product_cat":[139,142],"product_tag":[],"class_list":["post-2697","product","type-product","status-publish","has-post-thumbnail","hentry","product_cat-tu-lanh","product_cat-tu-lanh-samsung","pa_thuong-hieu-aqua","pa_thuong-hieu-beko","pa_thuong-hieu-electrolux","pa_thuong-hieu-itel","pa_thuong-hieu-lg","pa_thuong-hieu-midea","pa_thuong-hieu-panasonic","pa_thuong-hieu-samsung","pa_thuong-hieu-sharp","pa_thuong-hieu-sony","pa_thuong-hieu-toshiba"],"_links":{"self":[{"href":"https:\/\/theme.tamnguyen.vn\/dienmayxanh2\/wp-json\/wp\/v2\/product\/2697","targetHints":{"allow":["GET"]}}],"collection":[{"href":"https:\/\/theme.tamnguyen.vn\/dienmayxanh2\/wp-json\/wp\/v2\/product"}],"about":[{"href":"https:\/\/theme.tamnguyen.vn\/dienmayxanh2\/wp-json\/wp\/v2\/types\/product"}],"replies":[{"embeddable":true,"href":"https:\/\/theme.tamnguyen.vn\/dienmayxanh2\/wp-json\/wp\/v2\/comments?post=2697"}],"wp:featuredmedia":[{"embeddable":true,"href":"https:\/\/theme.tamnguyen.vn\/dienmayxanh2\/wp-json\/wp\/v2\/media\/2698"}],"wp:attachment":[{"href":"https:\/\/theme.tamnguyen.vn\/dienmayxanh2\/wp-json\/wp\/v2\/media?parent=2697"}],"wp:term":[{"taxonomy":"product_cat","embeddable":true,"href":"https:\/\/theme.tamnguyen.vn\/dienmayxanh2\/wp-json\/wp\/v2\/product_cat?post=2697"},{"taxonomy":"product_tag","embeddable":true,"href":"https:\/\/theme.tamnguyen.vn\/dienmayxanh2\/wp-json\/wp\/v2\/product_tag?post=2697"}],"curies":[{"name":"wp","href":"https:\/\/api.w.org\/{rel}","templated":true}]}}