{"id":2679,"date":"2021-01-26T05:27:34","date_gmt":"2021-01-25T22:27:34","guid":{"rendered":"https:\/\/dienmayxanh.xyz\/?post_type=product&#038;p=2679"},"modified":"2021-01-26T05:35:12","modified_gmt":"2021-01-25T22:35:12","slug":"loa-thanh-samsung-hw-t420","status":"publish","type":"product","link":"https:\/\/theme.tamnguyen.vn\/dienmayxanh2\/san-pham\/loa-thanh-samsung-hw-t420\/","title":{"rendered":"Loa thanh Samsung HW-T420"},"content":{"rendered":"<div><img loading=\"lazy\" decoding=\"async\" src=\"https:\/\/cdn.tgdd.vn\/Products\/Images\/2162\/223678\/Kit\/samsung-hw-t420-note.jpg\" alt=\"Th\u00f4ng s\u1ed1 k\u1ef9 thu\u1eadt Loa thanh Samsung HW-T420\" width=\"780\" height=\"585\" data-src=\"https:\/\/cdn.tgdd.vn\/Products\/Images\/2162\/223678\/Kit\/samsung-hw-t420-note.jpg\" \/><\/div>\n<div>\n<article id=\"tinh-nang\">\n<h3>Thi\u1ebft k\u1ebf d\u1ea1ng h\u00ecnh kh\u1ed1i, ch\u1eafc ch\u1eafn<\/h3>\n<p>Loa thanh SAMSUNG HW-T420\u00a0v\u1edbi thi\u1ebft k\u1ebf d\u1ea1ng h\u00ecnh kh\u1ed1i m\u00e0u \u0111en c\u00f3 c\u00e1c c\u1ea1nh g\u00f3c vu\u00f4ng t\u1ea1o n\u00ean s\u1ef1 tinh t\u1ebf, sang tr\u1ecdng cho c\u0103n ph\u00f2ng c\u1ee7a b\u1ea1n.<\/p>\n<p><img decoding=\"async\" title=\"Loa thanh SAMSUNG HW-T420 - Thi\u1ebft k\u1ebf\" src=\"https:\/\/cdn.tgdd.vn\/Products\/Images\/2162\/223678\/samsung-hw-t420-303120-103122.jpg\" alt=\"Loa thanh SAMSUNG HW-T420 - Thi\u1ebft k\u1ebf\" data-src=\"https:\/\/cdn.tgdd.vn\/Products\/Images\/2162\/223678\/samsung-hw-t420-303120-103122.jpg\" \/><\/p>\n<h3>C\u00f4ng su\u1ea5t 150 W m\u1ea1nh m\u1ebd v\u1edbi 2.1 k\u00eanh mang \u00e2m thanh bao tr\u00f9m kh\u00f4ng gian c\u0103n ph\u00f2ng<\/h3>\n<p>Loa Samsung\u00a0n\u00e0y s\u1edf h\u1eefu c\u00f4ng su\u1ea5t 150 W c\u00f9ng v\u1edbi 2.1 k\u00eanh t\u1ea1o n\u00ean \u00e2m thanh kh\u1ecfe, \u00e2m tr\u1ea7m s\u00e2u h\u01a1n cho c\u0103n ph\u00f2ng c\u00f3 di\u1ec7n t\u00edch t\u1eeb 20 &#8211; 30 m\u00e9t vu\u00f4ng, gi\u00fap b\u1ea1n c\u1ea3m nh\u1eadn tr\u1ecdn v\u1eb9n d\u1ea3i \u00e2m thanh ch\u1ea5t l\u01b0\u1ee3ng xung quanh m\u00ecnh.<\/p>\n<p><img decoding=\"async\" title=\"Loa thanh SAMSUNG HW-T420 - C\u00f4ng su\u1ea5t m\u1ea1nh m\u1ebd v\u1edbi 2.1 k\u00eanh\" src=\"https:\/\/cdn.tgdd.vn\/Products\/Images\/2162\/223678\/samsung-hw-t420-313320-013338.gif\" alt=\"Loa thanh SAMSUNG HW-T420 - C\u00f4ng su\u1ea5t m\u1ea1nh m\u1ebd v\u1edbi 2.1 k\u00eanh\" data-src=\"https:\/\/cdn.tgdd.vn\/Products\/Images\/2162\/223678\/samsung-hw-t420-313320-013338.gif\" \/><\/p>\n<h3>K\u1ebft n\u1ed1i v\u1edbi c\u00e1c thi\u1ebft b\u1ecb \u0111i\u1ec7n tho\u1ea1i, m\u00e1y t\u00ednh b\u1ea3ng d\u1ec5 d\u00e0ng v\u1edbi Bluetooth 2.0<\/h3>\n<p>Vi\u1ec7c k\u1ebft n\u1ed1i v\u1edbi \u0111i\u1ec7n tho\u1ea1i, m\u00e1y t\u00ednh b\u1ea3ng v\u1edbi\u00a0loa thanh (soundbar) Samsung\u00a0n\u00e0y d\u1ec5 d\u00e0ng nh\u1edd k\u1ebft n\u1ed1i kh\u00f4ng d\u00e2y Bluetooth 2.0 thu\u1eadn ti\u1ec7n, kh\u00f4ng c\u1ea7n d\u00f9ng d\u00e2y gi\u00fap ng\u01b0\u1eddi d\u00f9ng ch\u1ee7 \u0111\u1ed9ng, linh ho\u1ea1t h\u01a1n.<\/p>\n<p><img decoding=\"async\" title=\"Loa thanh SAMSUNG HW-T420 - K\u1ebft n\u1ed1i Bluetooth\" src=\"https:\/\/cdn.tgdd.vn\/Products\/Images\/2162\/223678\/samsung-hw-t420-303220-103248.jpg\" alt=\"Loa thanh SAMSUNG HW-T420 - K\u1ebft n\u1ed1i Bluetooth\" data-src=\"https:\/\/cdn.tgdd.vn\/Products\/Images\/2162\/223678\/samsung-hw-t420-303220-103248.jpg\" \/><\/p>\n<h3>T\u1ed1i \u01b0u \u00e2m thanh v\u1edbi t\u1eebng n\u1ed9i dung hi\u1ec3n th\u1ecb nh\u1edd c\u00f4ng ngh\u1ec7 Smart Sound<\/h3>\n<p>C\u00f4ng ngh\u1ec7 Smart Sound tr\u00ean chi\u1ebfc\u00a0loa thanh\u00a0n\u00e0y c\u00f3 kh\u1ea3 n\u0103ng ph\u00e2n t\u00edch v\u00e0 t\u1ed1i \u01b0u \u0111\u1ec3 ph\u00e1t \u00e2m thanh theo t\u1eebng n\u1ed9i dung \u0111ang hi\u1ec3n th\u1ecb tr\u00ean m\u00e0n h\u00ecnh. \u0110i\u1ec1u n\u00e0y gi\u00fap cho ng\u01b0\u1eddi d\u00f9ng c\u00f3 th\u1ec3 t\u1eadn h\u01b0\u1edfng \u00e2m thanh cu\u1ed3ng nhi\u1ec7t c\u1ee7a nh\u1eefng tr\u1eadn c\u1ea7u b\u00f3ng \u0111\u00e1 ho\u1eb7c l\u1eafng \u0111\u1ecdng theo c\u1ea3m x\u00fac c\u1ee7a t\u1eebng l\u1eddi tho\u1ea1i trong nh\u1eefng b\u1ed9 phim.<\/p>\n<\/article>\n<\/div>\n","protected":false},"excerpt":{"rendered":"<p>Thi\u1ebft k\u1ebf d\u1ea1ng h\u00ecnh kh\u1ed1i, ch\u1eafc ch\u1eafn Loa thanh SAMSUNG HW-T420\u00a0v\u1edbi thi\u1ebft k\u1ebf d\u1ea1ng h\u00ecnh kh\u1ed1i m\u00e0u \u0111en c\u00f3 c\u00e1c c\u1ea1nh g\u00f3c vu\u00f4ng t\u1ea1o n\u00ean s\u1ef1 tinh t\u1ebf, sang tr\u1ecdng cho c\u0103n ph\u00f2ng c\u1ee7a b\u1ea1n. C\u00f4ng su\u1ea5t 150 W m\u1ea1nh m\u1ebd v\u1edbi 2.1 k\u00eanh mang \u00e2m thanh bao tr\u00f9m kh\u00f4ng gian c\u0103n ph\u00f2ng Loa Samsung\u00a0n\u00e0y [&#8230;]\n","protected":false},"featured_media":2680,"comment_status":"open","ping_status":"closed","template":"","meta":[],"product_cat":[133,135],"product_tag":[],"class_list":["post-2679","product","type-product","status-publish","has-post-thumbnail","hentry","product_cat-dan-loa-karaoke","product_cat-loa-thanh-soundbar","pa_thuong-hieu-apple","pa_thuong-hieu-aqua","pa_thuong-hieu-beko","pa_thuong-hieu-casper","pa_thuong-hieu-electrolux","pa_thuong-hieu-energizer","pa_thuong-hieu-huawei","pa_thuong-hieu-itel","pa_thuong-hieu-lg","pa_thuong-hieu-masstel","pa_thuong-hieu-midea","pa_thuong-hieu-mobell","pa_thuong-hieu-nokia","pa_thuong-hieu-oneplus","pa_thuong-hieu-oppo","pa_thuong-hieu-panasonic","pa_thuong-hieu-realme","pa_thuong-hieu-samsung","pa_thuong-hieu-sharp","pa_thuong-hieu-skyworth","pa_thuong-hieu-sony","pa_thuong-hieu-tcl","pa_thuong-hieu-toshiba","pa_thuong-hieu-vivo","pa_thuong-hieu-xiaomi"],"_links":{"self":[{"href":"https:\/\/theme.tamnguyen.vn\/dienmayxanh2\/wp-json\/wp\/v2\/product\/2679","targetHints":{"allow":["GET"]}}],"collection":[{"href":"https:\/\/theme.tamnguyen.vn\/dienmayxanh2\/wp-json\/wp\/v2\/product"}],"about":[{"href":"https:\/\/theme.tamnguyen.vn\/dienmayxanh2\/wp-json\/wp\/v2\/types\/product"}],"replies":[{"embeddable":true,"href":"https:\/\/theme.tamnguyen.vn\/dienmayxanh2\/wp-json\/wp\/v2\/comments?post=2679"}],"wp:featuredmedia":[{"embeddable":true,"href":"https:\/\/theme.tamnguyen.vn\/dienmayxanh2\/wp-json\/wp\/v2\/media\/2680"}],"wp:attachment":[{"href":"https:\/\/theme.tamnguyen.vn\/dienmayxanh2\/wp-json\/wp\/v2\/media?parent=2679"}],"wp:term":[{"taxonomy":"product_cat","embeddable":true,"href":"https:\/\/theme.tamnguyen.vn\/dienmayxanh2\/wp-json\/wp\/v2\/product_cat?post=2679"},{"taxonomy":"product_tag","embeddable":true,"href":"https:\/\/theme.tamnguyen.vn\/dienmayxanh2\/wp-json\/wp\/v2\/product_tag?post=2679"}],"curies":[{"name":"wp","href":"https:\/\/api.w.org\/{rel}","templated":true}]}}