{"id":2667,"date":"2021-01-25T22:33:57","date_gmt":"2021-01-25T15:33:57","guid":{"rendered":"https:\/\/dienmayxanh.xyz\/?post_type=product&#038;p=2667"},"modified":"2021-01-25T22:39:15","modified_gmt":"2021-01-25T15:39:15","slug":"smart-tivi-lg-4k-43-inch-43un7290ptf","status":"publish","type":"product","link":"https:\/\/theme.tamnguyen.vn\/dienmayxanh2\/san-pham\/smart-tivi-lg-4k-43-inch-43un7290ptf\/","title":{"rendered":"Smart Tivi LG 4K 43 inch 43UN7290PTF"},"content":{"rendered":"<h3>Thi\u1ebft k\u1ebf tinh t\u1ebf, vi\u1ec1n \u0111en m\u1ea1nh m\u1ebd sang tr\u1ecdng<\/h3>\n<p>Tivi LG s\u1edf h\u1eefu ch\u00e2n \u0111\u1ebf gi\u1ed1ng h\u00ecnh ch\u1eef V \u00fap ng\u01b0\u1ee3c thanh m\u1ea3nh nh\u01b0ng ch\u1eafc ch\u1eafn v\u1edbi khung vi\u1ec1n tivi m\u00e0u \u0111en t\u1ea1o n\u00ean s\u1ef1 m\u1ea1nh m\u1ebd v\u00e0 sang tr\u1ecdng, mang \u0111\u1ebfn t\u1ed5ng th\u1ec3 h\u00e0i h\u00f2a \u0111\u1eb9p m\u1eaft cho kh\u00f4ng gian n\u1ed9i th\u1ea5t nh\u00e0 b\u1ea1n.<\/p>\n<p>K\u00edch th\u01b0\u1edbc m\u00e0n h\u00ecnh\u00a0tivi Sony 43 inch\u00a0th\u00edch h\u1ee3p \u0111\u1ec3 \u0111\u1eb7t \u1edf c\u00e1c n\u01a1i nh\u01b0 ph\u00f2ng ng\u1ee7, ph\u00f2ng h\u1ecdp,&#8230;<\/p>\n<p><img decoding=\"async\" title=\"Android Tivi Sony 4K 43 inch KD-43X7500H - Thi\u1ebft k\u1ebf tinh t\u1ebf\" src=\"https:\/\/cdn.tgdd.vn\/Products\/Images\/1942\/221000\/tivi49.jpg\" alt=\"Android Tivi Sony 4K 43 inch KD-43X7500H - Thi\u1ebft k\u1ebf tinh t\u1ebf\" data-src=\"https:\/\/cdn.tgdd.vn\/Products\/Images\/1942\/221000\/tivi49.jpg\" \/><\/p>\n<h3>H\u00ecnh \u1ea3nh hi\u1ec3n th\u1ecb s\u1eafc n\u00e9t t\u1eebng chi ti\u1ebft v\u1edbi \u0111\u1ed9 ph\u00e2n gi\u1ea3i\u00a0Ultra HD 4K<\/h3>\n<p><img decoding=\"async\" title=\"Android Tivi Sony 4K 43 inch KD-43X7500H - Ultra HD 4K\" src=\"https:\/\/cdn.tgdd.vn\/Products\/Images\/1942\/221000\/do-phan-giai49.jpg\" alt=\"Android Tivi Sony 4K 43 inch KD-43X7500H - Ultra HD 4K\" data-src=\"https:\/\/cdn.tgdd.vn\/Products\/Images\/1942\/221000\/do-phan-giai49.jpg\" \/><\/p>\n<h3>M\u00e0u s\u1eafc, \u0111\u1ed9 t\u01b0\u01a1ng ph\u1ea3n v\u00e0 chi ti\u1ebft h\u00ecnh \u1ea3nh \u0111\u01b0\u1ee3c t\u0103ng c\u01b0\u1eddng, n\u00e2ng c\u1ea5p ch\u1ea5t l\u01b0\u1ee3ng h\u00ecnh \u1ea3nh th\u1ea5p l\u00ean g\u1ea7n chu\u1ea9n \u0111\u1ed9 ph\u00e2n gi\u1ea3i 4K nh\u1edd chip x\u1eed l\u00fd X1 4K Processor v\u00e0 c\u00f4ng ngh\u1ec7\u00a04K X-Reality PRO<\/h3>\n<p>Tivi Sony\u00a0s\u1edf h\u1eefu chip x\u1eed l\u00fd X1 4K Processor c\u00f3 kh\u1ea3 n\u0103ng t\u0103ng c\u01b0\u1eddng m\u00e0u s\u1eafc, \u0111\u1ed9 t\u01b0\u01a1ng ph\u1ea3n v\u00e0 \u0111\u1ed9 chi ti\u1ebft h\u00ecnh \u1ea3nh, cho h\u00ecnh \u1ea3nh hi\u1ec3n th\u1ecb s\u1eafc n\u00e9t v\u00e0 ch\u00e2n th\u1eadt h\u01a1n.<\/p>\n<p>B\u00ean c\u1ea1nh \u0111\u00f3, tivi Sony c\u00f3 kh\u1ea3 n\u0103ng n\u00e2ng c\u1ea5p h\u00ecnh \u1ea3nh c\u00f3 ch\u1ea5t l\u01b0\u1ee3ng th\u1ea5p l\u00ean g\u1ea7n \u0111\u1ed9 ph\u00e2n gi\u1ea3i 4K nh\u1edd c\u00f4ng ngh\u1ec7 4K X-Reality PRO, mang \u0111\u1ebfn cho b\u1ea1n nh\u1eefng tr\u1ea3i nghi\u1ec7m xem tivi ho\u00e0n h\u1ea3o nh\u1ea5t.<\/p>\n<h3><img decoding=\"async\" title=\"Android Tivi Sony 4K 43 inch KD-43X7500H - Chip x\u1eed l\u00fd X1 4K Processor\" src=\"https:\/\/cdn.tgdd.vn\/Products\/Images\/1942\/221000\/chip.jpg\" alt=\"Android Tivi Sony 4K 43 inch KD-43X7500H - Chip x\u1eed l\u00fd X1 4K Processor\" data-src=\"https:\/\/cdn.tgdd.vn\/Products\/Images\/1942\/221000\/chip.jpg\" \/>T\u00e1i t\u1ea1o d\u1ea3i m\u00e0u r\u1ed9ng h\u01a1n, cho h\u00ecnh \u1ea3nh hi\u1ec3n th\u1ecb t\u1ef1 nhi\u00ean v\u00e0 ch\u00e2n th\u1eadt trong t\u1eebng khung h\u00ecnh nh\u1edd c\u00f4ng ngh\u1ec7\u00a0TRILUMINOS Display<\/h3>\n<p>Tivi Sony 4K\u00a0c\u00f3 c\u00f4ng ngh\u1ec7 TRILUMINOS Display m\u1edf r\u1ed9ng ph\u1ed5 m\u00e0u, \u0111\u01b0\u1ee3c h\u1ed7 tr\u1ee3 s\u1ee9c m\u1ea1nh b\u1edfi b\u1ed9 x\u1eed l\u00fd X1 gi\u00fap t\u00e1i t\u1ea1o nhi\u1ec1u m\u00e0u s\u1eafc h\u01a1n, cho m\u00e0u s\u1eafc hi\u1ec3n th\u1ecb tr\u00ean tivi t\u1ef1 nhi\u00ean v\u00e0 ch\u00ednh x\u00e1c h\u01a1n bao gi\u1edd h\u1ebft.<\/p>\n<p><img decoding=\"async\" title=\"Android Tivi Sony 4K 43 inch KD-43X7500H - c\u00f4ng ngh\u1ec7 TRILUMINOS Display\" src=\"https:\/\/cdn.tgdd.vn\/Products\/Images\/1942\/221000\/mau.jpg\" alt=\"Android Tivi Sony 4K 43 inch KD-43X7500H - c\u00f4ng ngh\u1ec7 TRILUMINOS Display\" data-src=\"https:\/\/cdn.tgdd.vn\/Products\/Images\/1942\/221000\/mau.jpg\" \/><\/p>\n<h3>T\u0103ng c\u01b0\u1eddng \u0111\u1ed9 t\u01b0\u01a1ng ph\u1ea3n h\u00ecnh \u1ea3nh, m\u00e0u tr\u1eafng s\u1ebd tr\u1eafng h\u01a1n, m\u00e0u \u0111en s\u1ebd \u0111en h\u01a1n nh\u1edd c\u00f4ng ngh\u1ec7\u00a0HDR10<\/h3>\n","protected":false},"excerpt":{"rendered":"<p>Thi\u1ebft k\u1ebf tinh t\u1ebf, vi\u1ec1n \u0111en m\u1ea1nh m\u1ebd sang tr\u1ecdng Tivi LG s\u1edf h\u1eefu ch\u00e2n \u0111\u1ebf gi\u1ed1ng h\u00ecnh ch\u1eef V \u00fap ng\u01b0\u1ee3c thanh m\u1ea3nh nh\u01b0ng ch\u1eafc ch\u1eafn v\u1edbi khung vi\u1ec1n tivi m\u00e0u \u0111en t\u1ea1o n\u00ean s\u1ef1 m\u1ea1nh m\u1ebd v\u00e0 sang tr\u1ecdng, mang \u0111\u1ebfn t\u1ed5ng th\u1ec3 h\u00e0i h\u00f2a \u0111\u1eb9p m\u1eaft cho kh\u00f4ng gian n\u1ed9i th\u1ea5t nh\u00e0 [&#8230;]\n","protected":false},"featured_media":2668,"comment_status":"open","ping_status":"closed","template":"","meta":[],"product_cat":[128,131],"product_tag":[],"class_list":["post-2667","product","type-product","status-publish","has-post-thumbnail","hentry","product_cat-tivi","product_cat-tivi-lg","pa_thuong-hieu-lg"],"_links":{"self":[{"href":"https:\/\/theme.tamnguyen.vn\/dienmayxanh2\/wp-json\/wp\/v2\/product\/2667","targetHints":{"allow":["GET"]}}],"collection":[{"href":"https:\/\/theme.tamnguyen.vn\/dienmayxanh2\/wp-json\/wp\/v2\/product"}],"about":[{"href":"https:\/\/theme.tamnguyen.vn\/dienmayxanh2\/wp-json\/wp\/v2\/types\/product"}],"replies":[{"embeddable":true,"href":"https:\/\/theme.tamnguyen.vn\/dienmayxanh2\/wp-json\/wp\/v2\/comments?post=2667"}],"wp:featuredmedia":[{"embeddable":true,"href":"https:\/\/theme.tamnguyen.vn\/dienmayxanh2\/wp-json\/wp\/v2\/media\/2668"}],"wp:attachment":[{"href":"https:\/\/theme.tamnguyen.vn\/dienmayxanh2\/wp-json\/wp\/v2\/media?parent=2667"}],"wp:term":[{"taxonomy":"product_cat","embeddable":true,"href":"https:\/\/theme.tamnguyen.vn\/dienmayxanh2\/wp-json\/wp\/v2\/product_cat?post=2667"},{"taxonomy":"product_tag","embeddable":true,"href":"https:\/\/theme.tamnguyen.vn\/dienmayxanh2\/wp-json\/wp\/v2\/product_tag?post=2667"}],"curies":[{"name":"wp","href":"https:\/\/api.w.org\/{rel}","templated":true}]}}