{"id":2659,"date":"2021-01-25T15:21:03","date_gmt":"2021-01-25T08:21:03","guid":{"rendered":"https:\/\/dienmayxanh.xyz\/?post_type=product&#038;p=2659"},"modified":"2021-01-25T17:25:05","modified_gmt":"2021-01-25T10:25:05","slug":"smart-tivi-samsung-4k-55-inch-ua55tu8100","status":"publish","type":"product","link":"https:\/\/theme.tamnguyen.vn\/dienmayxanh2\/san-pham\/smart-tivi-samsung-4k-55-inch-ua55tu8100\/","title":{"rendered":"Smart Tivi Samsung 4K 55 inch UA55TU8100"},"content":{"rendered":"<div><img loading=\"lazy\" decoding=\"async\" src=\"https:\/\/cdn.tgdd.vn\/Products\/Images\/1942\/219260\/Kit\/samsung-ua43tu8100-.jpg\" alt=\"Th\u00f4ng s\u1ed1 k\u1ef9 thu\u1eadt Smart Tivi Samsung 4K 43 inch UA43TU8100\" width=\"780\" height=\"585\" data-src=\"https:\/\/cdn.tgdd.vn\/Products\/Images\/1942\/219260\/Kit\/samsung-ua43tu8100-.jpg\" \/><\/div>\n<div>\n<article id=\"tinh-nang\">\n<h3>Thi\u1ebft k\u1ebf kh\u00f4ng vi\u1ec1n 3 c\u1ea1nh, hi\u1ec7n \u0111\u1ea1i v\u00e0 tinh t\u1ebf<\/h3>\n<p>Smart Tivi Samsung 4K 43 inch UA43TU8100\u00a0s\u1edf h\u1eefu thi\u1ebft k\u1ebf kh\u00f4ng vi\u1ec1n 3 c\u1ea1nh mang \u0111\u1ebfn tr\u1ea3i nghi\u1ec7m xem tr\u1ecdn v\u1eb9n h\u00ecnh \u1ea3nh s\u1eafc n\u00e9t c\u00f9ng c\u1eb7p ch\u00e2n \u0111\u1ebf ch\u1eef V \u00fap ng\u01b0\u1ee3c \u0111\u1ec3 tivi c\u00f3 th\u1ec3 \u0111\u1ee9ng v\u1eefng tr\u00ean m\u1ecdi m\u1eb7t ph\u1eb3ng.<\/p>\n<p>K\u00edch th\u01b0\u1edbc 43 inch ph\u00f9 h\u1ee3p v\u1edbi nh\u1eefng c\u0103n ph\u00f2ng kh\u00e1ch v\u1eeba, ph\u00f2ng ng\u1ee7,&#8230;<\/p>\n<p><img decoding=\"async\" title=\"T\u1ed5ng quan - Smart Tivi Samsung 4K 43 inch UA43TU8100\" src=\"https:\/\/cdn.tgdd.vn\/Products\/Images\/1942\/219260\/43-inch.jpg\" alt=\"T\u1ed5ng quan - Smart Tivi Samsung 4K 43 inch UA43TU8100\" data-src=\"https:\/\/cdn.tgdd.vn\/Products\/Images\/1942\/219260\/43-inch.jpg\" \/><\/p>\n<h3>H\u00ecnh \u1ea3nh s\u1eafc n\u00e9t v\u1edbi \u0111\u1ed9 ph\u00e2n gi\u1ea3i Ultra HD 4K<\/h3>\n<p>Tivi Samsung\u00a0v\u1edbi \u0111\u1ed9 ph\u00e2n gi\u1ea3i\u00a0Ultra HD 4K\u00a0cho h\u00ecnh \u1ea3nh r\u00f5 r\u00e0ng, s\u1eafc n\u00e9t \u0111\u1ebfn t\u1eebng chi ti\u1ebft g\u1ea5p 4 l\u1ea7n Full HD.<\/p>\n<p><img decoding=\"async\" title=\"4K - Smart Tivi Samsung 4K 43 inch UA43TU8100\" src=\"https:\/\/cdn.tgdd.vn\/Products\/Images\/1942\/219260\/4k.jpg\" alt=\"4K - Smart Tivi Samsung 4K 43 inch UA43TU8100\" data-src=\"https:\/\/cdn.tgdd.vn\/Products\/Images\/1942\/219260\/4k.jpg\" \/><\/p>\n<h3>H\u00ecnh \u1ea3nh t\u0103ng c\u01b0\u1eddng \u0111\u1ed9 s\u00e2u v\u00e0 chi ti\u1ebft v\u1edbi c\u00f4ng ngh\u1ec7\u00a0HDR10+<\/h3>\n<p>C\u00f4ng ngh\u1ec7 HDR10+ c\u1ee7a\u00a0tivi Samsung 4K\u00a0l\u00e0 l\u00e0m t\u0103ng \u0111\u1ed9 s\u00e2u v\u00e0 \u0111\u1ed9 chi ti\u1ebft c\u1ee7a h\u00ecnh \u1ea3nh m\u00e0 kh\u00f4ng l\u00e0m thay \u0111\u1ed5i c\u00e1c \u0111\u1eb7c t\u00ednh v\u1ed1n c\u00f3 c\u1ee7a h\u00ecnh \u1ea3nh gi\u00fap cho ng\u01b0\u1eddi d\u00f9ng c\u00f3 th\u1ec3 nh\u00ecn th\u1ea5y m\u00e0u s\u1eafc v\u1edbi ch\u1ea5t l\u01b0\u1ee3ng t\u1ed1t nh\u1ea5t trong t\u1eebng khung h\u00ecnh.<\/p>\n<p><img decoding=\"async\" title=\"HDR10+ - Smart Tivi Samsung 4K 43 inch UA43TU8100\" src=\"https:\/\/cdn.tgdd.vn\/Products\/Images\/1942\/219260\/hdr10.jpg\" alt=\"HDR10+ - Smart Tivi Samsung 4K 43 inch UA43TU8100\" data-src=\"https:\/\/cdn.tgdd.vn\/Products\/Images\/1942\/219260\/hdr10.jpg\" \/><\/p>\n<h3>H\u00ecnh \u1ea3nh s\u1eafc n\u00e9t v\u00e0 m\u00e0u s\u1eafc s\u1ed1ng \u0111\u1ed9ng nh\u01b0 th\u1ef1c v\u1edbi v\u1edbi c\u00f4ng ngh\u1ec7 Crystal Display<\/h3>\n<p>\u0110\u1eafm ch\u00ecm trong t\u1eebng khung h\u00ecnh r\u1ef1c r\u1ee1 v\u1edbi d\u1ea3i s\u1eafc m\u00e0u r\u1ed9ng l\u1edbn. C\u00f4ng ngh\u1ec7 Crystal Display gi\u00fap t\u1ed1i \u01b0u m\u00e0u s\u1eafc hi\u1ec3n th\u1ecb v\u00e0 mang l\u1ea1i tr\u1ea3i nghi\u1ec7m xem s\u1ed1ng \u0111\u1ed9ng nh\u01b0 th\u1ef1c cho b\u1ea1n.<\/p>\n<p><img decoding=\"async\" title=\"Crystal display-Smart TV Crystal UHD 4K 55 inch TU8100\" src=\"https:\/\/cdn.tgdd.vn\/Products\/Images\/1942\/219258\/crystal-display.jpg\" alt=\"Crystal display-Smart TV Crystal UHD 4K 55 inch TU8100\" data-src=\"https:\/\/cdn.tgdd.vn\/Products\/Images\/1942\/219258\/crystal-display.jpg\" \/><\/p>\n<h3>N\u00e2ng cao kh\u1ea3 n\u0103ng hi\u1ec3n th\u1ecb m\u00e0u s\u1eafc v\u00e0 chi ti\u1ebft h\u00ecnh \u1ea3nh b\u1eb1ng c\u00f4ng ngh\u1ec7 UHD Dimming<\/h3>\n<p>C\u00f4ng ngh\u1ec7\u00a0UHD Dimming\u00a0tr\u00ean\u00a0Smart tivi Samsung\u00a0c\u00f3 t\u00e1c d\u1ee5ng n\u00e2ng cao kh\u1ea3 n\u0103ng hi\u1ec3n th\u1ecb m\u00e0u s\u1eafc v\u00e0 chi ti\u1ebft h\u00ecnh \u1ea3nh, cho ra h\u00ecnh \u1ea3nh v\u1edbi ch\u1ea5t l\u01b0\u1ee3ng t\u1ed1t nh\u1ea5t.<\/p>\n<p><img decoding=\"async\" title=\"UHD Dimming - Smart Tivi Samsung 4K 43 inch UA43TU8100\" src=\"https:\/\/cdn.tgdd.vn\/Products\/Images\/1942\/219260\/uhd-dimming.jpg\" alt=\"UHD Dimming - Smart Tivi Samsung 4K 43 inch UA43TU8100\" data-src=\"https:\/\/cdn.tgdd.vn\/Products\/Images\/1942\/219260\/uhd-dimming.jpg\" \/><\/p>\n<h3>T\u1ed1i \u01b0u h\u00f3a m\u00e0u s\u1eafc, \u0111\u1ed9 chi ti\u1ebft, \u0111\u1ed9 n\u00e9t cho ch\u1ea5t l\u01b0\u1ee3ng g\u1ea7n chu\u1ea9n 4K v\u1edbi b\u1ed9 x\u1eed l\u00fd Crystal 4K<\/h3>\n<p>Tivi s\u1edf h\u1eefu c\u00f4ng ngh\u1ec7\u00a0T\u00e1i l\u1eadp b\u1ea3n \u0111\u1ed3 m\u00e0u 16 bit 3D ti\u00ean ti\u1ebfn, b\u1ed9 x\u1eed l\u00fd m\u1ea1nh m\u1ebd gi\u00fap t\u00e1i t\u1ea1o m\u00e0u s\u1eafc, \u0111\u1ed9 n\u00e9t, chi ti\u1ebft n\u00e2ng c\u1ea5p h\u00ecnh \u1ea3nh c\u00f3 ch\u1ea5t l\u01b0\u1ee3ng d\u01b0\u1edbi 4K l\u00ean g\u1ea7n chu\u1ea9n 4K nh\u1ea5t.<\/p>\n<\/article>\n<\/div>\n","protected":false},"excerpt":{"rendered":"<p>Thi\u1ebft k\u1ebf kh\u00f4ng vi\u1ec1n 3 c\u1ea1nh, hi\u1ec7n \u0111\u1ea1i v\u00e0 tinh t\u1ebf Smart Tivi Samsung 4K 43 inch UA43TU8100\u00a0s\u1edf h\u1eefu thi\u1ebft k\u1ebf kh\u00f4ng vi\u1ec1n 3 c\u1ea1nh mang \u0111\u1ebfn tr\u1ea3i nghi\u1ec7m xem tr\u1ecdn v\u1eb9n h\u00ecnh \u1ea3nh s\u1eafc n\u00e9t c\u00f9ng c\u1eb7p ch\u00e2n \u0111\u1ebf ch\u1eef V \u00fap ng\u01b0\u1ee3c \u0111\u1ec3 tivi c\u00f3 th\u1ec3 \u0111\u1ee9ng v\u1eefng tr\u00ean m\u1ecdi m\u1eb7t ph\u1eb3ng. K\u00edch [&#8230;]\n","protected":false},"featured_media":2636,"comment_status":"open","ping_status":"closed","template":"","meta":[],"product_cat":[128],"product_tag":[],"class_list":["post-2659","product","type-product","status-publish","has-post-thumbnail","hentry","product_cat-tivi","pa_thuong-hieu-samsung"],"_links":{"self":[{"href":"https:\/\/theme.tamnguyen.vn\/dienmayxanh2\/wp-json\/wp\/v2\/product\/2659","targetHints":{"allow":["GET"]}}],"collection":[{"href":"https:\/\/theme.tamnguyen.vn\/dienmayxanh2\/wp-json\/wp\/v2\/product"}],"about":[{"href":"https:\/\/theme.tamnguyen.vn\/dienmayxanh2\/wp-json\/wp\/v2\/types\/product"}],"replies":[{"embeddable":true,"href":"https:\/\/theme.tamnguyen.vn\/dienmayxanh2\/wp-json\/wp\/v2\/comments?post=2659"}],"wp:featuredmedia":[{"embeddable":true,"href":"https:\/\/theme.tamnguyen.vn\/dienmayxanh2\/wp-json\/wp\/v2\/media\/2636"}],"wp:attachment":[{"href":"https:\/\/theme.tamnguyen.vn\/dienmayxanh2\/wp-json\/wp\/v2\/media?parent=2659"}],"wp:term":[{"taxonomy":"product_cat","embeddable":true,"href":"https:\/\/theme.tamnguyen.vn\/dienmayxanh2\/wp-json\/wp\/v2\/product_cat?post=2659"},{"taxonomy":"product_tag","embeddable":true,"href":"https:\/\/theme.tamnguyen.vn\/dienmayxanh2\/wp-json\/wp\/v2\/product_tag?post=2659"}],"curies":[{"name":"wp","href":"https:\/\/api.w.org\/{rel}","templated":true}]}}