{"id":2283,"date":"2020-12-11T14:31:43","date_gmt":"2020-12-11T07:31:43","guid":{"rendered":"http:\/\/tgdd.local\/?post_type=product&#038;p=2283"},"modified":"2020-12-11T14:33:43","modified_gmt":"2020-12-11T07:33:43","slug":"dell-vostro-3590-i7-10510u-8gb-256gb-2gb-610r5-win10-grmgk2","status":"publish","type":"product","link":"https:\/\/theme.tamnguyen.vn\/dienmayxanh2\/san-pham\/dell-vostro-3590-i7-10510u-8gb-256gb-2gb-610r5-win10-grmgk2\/","title":{"rendered":"Dell Vostro 3590 i7 10510U\/8GB\/256GB\/2GB 610R5\/Win10 (GRMGK2)"},"content":{"rendered":"<div>\u0110\u00e2y l\u00e0 m\u1eabu laptop cho sinh vi\u00ean v\u1edbi ki\u1ec3u d\u00e1ng \u0111\u01a1n gi\u1ea3n, c\u1ee9ng c\u00e1p quen thu\u1ed9c c\u1ee7a d\u00f2ng Dell Inspiron. Chi\u1ebfc m\u00e1y t\u00ednh x\u00e1ch tay g\u00e2y \u1ea5n t\u01b0\u1ee3ng b\u1edfi c\u1ea5u h\u00ecnh m\u1ea1nh m\u1ebd, dung l\u01b0\u1ee3ng l\u01b0u tr\u1eef c\u1ef1c l\u1edbn c\u00f9ng c\u00e1c t\u00ednh n\u0103ng hi\u1ec7n \u0111\u1ea1i.<\/div>\n<div>Thi\u1ebft k\u1ebf \u0111\u01a1n gi\u1ea3n, c\u1ea7m ch\u1eafc tay<\/div>\n<div>M\u00e1y t\u00ednh x\u00e1ch tay Dell 22.45 mm, n\u1eb7ng 1.95 kg t\u01b0\u01a1ng \u0111\u1ed1i nh\u1eb9 \u0111\u1ec3 b\u1ea1n mang theo \u0111i l\u00e0m.\u00a0<\/div>\n<div>\u00a0<\/div>\n<div>M\u00e1y \u0111\u01b0\u1ee3c gia c\u00f4ng v\u1edbi l\u1edbp v\u1ecf nh\u1ef1a m\u00e0u tr\u1eafng x\u00e1m n\u1ed5i b\u1eadt thu h\u00fat v\u00e0 m\u1ed9t ph\u1ea7n t\u00f4n n\u00ean v\u1ebb sang tr\u1ecdng ch\u1ee9 kh\u00f4ng h\u1ea7m h\u1ed1 nh\u01b0 c\u00e1c s\u1ea3n ph\u1ea9m tr\u01b0\u1edbc \u0111\u00e2y.<\/div>\n<div>\u00a0<\/div>\n<div>Laptop Dell Inspiron 5584 (N5I5353W) ch\u1eafc ch\u1eafn, \u0111\u1eb9p m\u1eaft<\/div>\n<div>\u00a0<\/div>\n<div>\u0110\u01b0\u1ee3c thi\u1ebft k\u1ebf ph\u00f9 h\u1ee3p cho vi\u1ec7c so\u1ea1n th\u1ea3o, b\u00e0n ph\u00edm \u1edf laptop Dell Inspiron c\u00f3 k\u00edch th\u01b0\u1edbc to r\u00f5, kho\u1ea3ng c\u00e1ch ph\u00edm h\u1ee3p l\u00ed v\u00e0 c\u00f2n \u0111\u01b0\u1ee3c trang b\u1ecb \u0111\u00e8n n\u1ec1n b\u00e0n ph\u00edm c\u00f3 th\u1ec3 s\u1eed d\u1ee5ng \u1edf c\u1ea3 nh\u1eefng n\u01a1i thi\u1ebfu s\u00e1ng.<\/div>\n<div>\u00a0<\/div>\n<div>Laptop Dell Inspiron 5584 (N5I5353W) d\u1ec5 d\u00e0ng g\u00f5 ch\u1eef v\u00e0o ban \u0111\u00eam<\/div>\n<div>\u00a0<\/div>\n<div>X\u1eed l\u00ed c\u00f4ng vi\u1ec7c v\u0103n ph\u00f2ng v\u00e0 \u0111\u1ed3 h\u1ecda t\u1ed1t<\/div>\n<div>Laptop s\u1edf h\u1eefu b\u1ed9 vi x\u1eed l\u00ed hi\u1ec7n \u0111\u1ea1i g\u1ed3m Chip Intel Core i5 th\u1ebf h\u1ec7 th\u1ee9 8, 8 GB RAM d\u01b0 s\u1ee9c cho m\u00e1y s\u1ee9c m\u1ea1nh ch\u1ea1y m\u01b0\u1ee3t t\u1eeb c\u00e1c \u1ee9ng d\u1ee5ng v\u0103n ph\u00f2ng nh\u01b0 Word, Chrome cho \u0111\u1ebfn s\u1eed d\u1ee5ng Photoshop, c\u1eaft d\u1ef1ng video b\u1eb1ng Premiere,\u2026<\/div>\n<div>\u00a0<\/div>\n<div>B\u1ea1n c\u00f3 th\u1ec3 m\u1edf \u0111\u1ebfn g\u1ea7n 10 tab Chrome hay s\u1eed d\u1ee5ng nhi\u1ec1u \u1ee9ng d\u1ee5ng c\u00f9ng l\u00fac m\u00e0 m\u00e1y v\u1eabn ho\u1ea1t \u0111\u1ed9ng \u00eam, ph\u1ee5c v\u1ee5 t\u1ed1t nh\u1ea5t cho nh\u1eefng sinh vi\u00ean, d\u00e2n v\u0103n ph\u00f2ng c\u1ea7n \u0111\u1ed3 h\u1ecda \u0111\u01a1n gi\u1ea3n.<\/div>\n<div>\u00a0<\/div>\n<div>Laptop Dell Inspiron 5584 (N5I5353W) s\u1eed d\u1ee5ng t\u1ed1t c\u00e1c \u1ee9ng d\u1ee5ng \u0111\u1ed3 h\u1ecda, v\u0103n ph\u00f2ng<\/div>\n<div>\u00a0<\/div>\n<div>\u1ed4 c\u1ee9ng dung l\u01b0\u1ee3ng l\u1edbn HDD 2 TB cho b\u1ea1n kh\u00f4ng gian l\u01b0u tr\u1eef c\u1ef1c kh\u1ee7ng, v\u1edbi \u1ed5 c\u1ee9ng n\u00e0y, vi\u1ec7c l\u01b0u tr\u1eef phim \u1ea3nh, file n\u1eb7ng kh\u00f4ng c\u00f2n l\u00e0 v\u1ea5n \u0111\u1ec1.\u00a0<\/div>\n<div>\u00a0<\/div>\n<div>Laptop Dell Inspiron 5584 (N5I5353W) l\u01b0u tr\u1eef nhi\u1ec1u d\u1eef li\u1ec7u<\/div>\n<div>\u00a0<\/div>\n<div>B\u00ean c\u1ea1nh \u0111\u00f3, b\u1ea1n c\u0169ng c\u00f3 th\u1ec3 ch\u01a1i c\u00e1c t\u1ef1a game \u1edf setting trung b\u00ecnh nh\u01b0: LOL, FIFA,&#8230; sau gi\u1edd l\u00e0m vi\u1ec7c nh\u1edd card \u0111\u1ed3 h\u1ecda r\u1eddi MX130 2 GB gi\u1ea3m thi\u1ec3u hi\u1ec7n t\u01b0\u1ee3ng gi\u1eadt lag cho m\u1ed7i di chuy\u1ec3n c\u1ee7a nh\u00e2n v\u1eadt \u0111\u01b0\u1ee3c m\u01b0\u1edbt h\u01a1n.<\/div>\n<div>\u00a0<\/div>\n<div>Laptop Dell Inspiron 5584 (N5I5353W) ch\u01a1i \u0111\u01b0\u1ee3c game nh\u1eb9<\/div>\n<div>\u00a0<\/div>\n<div>H\u00ecnh \u1ea3nh s\u1eafc n\u00e9t, ch\u00e2n th\u1ef1c<\/div>\n<div>Laptop trang b\u1ecb m\u00e0n h\u00ecnh 15.6 inch Full HD cho b\u1ea1n kh\u00f4ng gian gi\u1ea3i tr\u00ed r\u1ed9ng r\u00e3i v\u1edbi h\u00ecnh \u1ea3nh r\u00f5 n\u00e9t, m\u00e0u s\u1eafc ch\u00e2n th\u1ef1c. B\u00ean c\u1ea1nh \u0111\u00f3, m\u00e0n h\u00ecnh c\u00f2n \u0111\u01b0\u1ee3c trang b\u1ecb t\u1ea5m n\u1ec1n ch\u1ed1ng ch\u00f3i \u0111\u1ec3 b\u1ea1n thu\u1eadn ti\u1ec7n s\u1eed d\u1ee5ng laptop \u1edf c\u1ea3 nh\u1eefng n\u01a1i c\u00f3 \u00e1nh s\u00e1ng ph\u1ee9c t\u1ea1p.<\/div>\n<div>\u00a0<\/div>\n<div>Laptop Dell Inspiron 5584 (N5I5353W) hi\u1ec3n th\u1ecb h\u00ecnh \u1ea3nh b\u1eaft m\u1eaft<\/div>\n<div>\u00a0<\/div>\n<div>K\u1ebft n\u1ed1i v\u1edbi \u0111i\u1ec7n tho\u1ea1i qua Dell Mobile Connect<\/div>\n<div>V\u1edbi ch\u1ee9c n\u0103ng n\u00e0y th\u00ec laptop s\u1ebd k\u1ebft n\u1ed1i v\u1edbi \u0111i\u1ec7n tho\u1ea1i Android\/iOS qua Bluetooth ho\u1eb7c Wifi \u0111\u1ec3 b\u1ea1n c\u00f3 th\u1ec3 th\u1ef1c hi\u1ec7n nhi\u1ec1u t\u00e1c v\u1ee5 nh\u01b0 nghe \u0111i\u1ec7n tho\u1ea1i hay tr\u1ea3 l\u1eddi tin nh\u1eafn,&#8230; ngay tr\u00ean laptop.\u00a0<\/div>\n<div>\u00a0<\/div>\n<div>Dell kh\u00e1 chi\u1ec1u l\u00f2ng nh\u1eefng ai th\u01b0\u1eddng tham gia cu\u1ed9c h\u1ecdp hay h\u1ecdc t\u1eadp li\u00ean t\u1ee5c khi mu\u1ed1n xem th\u00f4ng b\u00e1o m\u00e0 kh\u00f4ng c\u1ea7n l\u1ea5y \u0111i\u1ec7n tho\u1ea1i trong t\u00fai hay trong c\u1eb7p.<\/div>\n<div>\u00a0<\/div>\n<div>\u00a0<\/div>\n<div>\u00a0<\/div>\n<div>Laptop Dell Inspiron 5584 (N5I5353W) chia s\u1ebb d\u1eef li\u1ec7u t\u1eeb \u0111i\u1ec7n tho\u1ea1i qua laptop nhanh ch\u00f3ng<\/div>\n<div>\u00a0<\/div>\n<div>Laptop Dell Inspiron 5584 (N5I5353W) c\u1ea5u h\u00ecnh kh\u1ecfe, thi\u1ebft k\u1ebf ch\u1eafc ch\u1eafn, tr\u1ecdng l\u01b0\u1ee3ng c\u0169ng kh\u00f4ng qu\u00e1 n\u1eb7ng \u0111\u1ec3 mang \u0111i h\u1eb1ng ng\u00e0y, ph\u00f9 h\u1ee3p v\u1edbi sinh vi\u00ean v\u00e0 d\u00e2n v\u0103n ph\u00f2ng.<\/div>\n","protected":false},"excerpt":{"rendered":"<p>\u0110\u00e2y l\u00e0 m\u1eabu laptop cho sinh vi\u00ean v\u1edbi ki\u1ec3u d\u00e1ng \u0111\u01a1n gi\u1ea3n, c\u1ee9ng c\u00e1p quen thu\u1ed9c c\u1ee7a d\u00f2ng Dell Inspiron. Chi\u1ebfc m\u00e1y t\u00ednh x\u00e1ch tay g\u00e2y \u1ea5n t\u01b0\u1ee3ng b\u1edfi c\u1ea5u h\u00ecnh m\u1ea1nh m\u1ebd, dung l\u01b0\u1ee3ng l\u01b0u tr\u1eef c\u1ef1c l\u1edbn c\u00f9ng c\u00e1c t\u00ednh n\u0103ng hi\u1ec7n \u0111\u1ea1i. Thi\u1ebft k\u1ebf \u0111\u01a1n gi\u1ea3n, c\u1ea7m ch\u1eafc tay M\u00e1y t\u00ednh x\u00e1ch [&#8230;]\n","protected":false},"featured_media":2284,"comment_status":"open","ping_status":"closed","template":"","meta":[],"product_cat":[32,35],"product_tag":[],"class_list":["post-2283","product","type-product","status-publish","has-post-thumbnail","hentry","product_cat-laptop","product_cat-laptop-dell"],"_links":{"self":[{"href":"https:\/\/theme.tamnguyen.vn\/dienmayxanh2\/wp-json\/wp\/v2\/product\/2283","targetHints":{"allow":["GET"]}}],"collection":[{"href":"https:\/\/theme.tamnguyen.vn\/dienmayxanh2\/wp-json\/wp\/v2\/product"}],"about":[{"href":"https:\/\/theme.tamnguyen.vn\/dienmayxanh2\/wp-json\/wp\/v2\/types\/product"}],"replies":[{"embeddable":true,"href":"https:\/\/theme.tamnguyen.vn\/dienmayxanh2\/wp-json\/wp\/v2\/comments?post=2283"}],"wp:featuredmedia":[{"embeddable":true,"href":"https:\/\/theme.tamnguyen.vn\/dienmayxanh2\/wp-json\/wp\/v2\/media\/2284"}],"wp:attachment":[{"href":"https:\/\/theme.tamnguyen.vn\/dienmayxanh2\/wp-json\/wp\/v2\/media?parent=2283"}],"wp:term":[{"taxonomy":"product_cat","embeddable":true,"href":"https:\/\/theme.tamnguyen.vn\/dienmayxanh2\/wp-json\/wp\/v2\/product_cat?post=2283"},{"taxonomy":"product_tag","embeddable":true,"href":"https:\/\/theme.tamnguyen.vn\/dienmayxanh2\/wp-json\/wp\/v2\/product_tag?post=2283"}],"curies":[{"name":"wp","href":"https:\/\/api.w.org\/{rel}","templated":true}]}}