{"id":2272,"date":"2020-12-11T13:26:20","date_gmt":"2020-12-11T06:26:20","guid":{"rendered":"http:\/\/tgdd.local\/?post_type=product&#038;p=2272"},"modified":"2020-12-11T13:27:09","modified_gmt":"2020-12-11T06:27:09","slug":"usb-2-0-8gb-sandisk-sdcz33-den","status":"publish","type":"product","link":"https:\/\/theme.tamnguyen.vn\/dienmayxanh2\/san-pham\/usb-2-0-8gb-sandisk-sdcz33-den\/","title":{"rendered":"USB 2.0 8GB Sandisk SDCZ33 \u0110en"},"content":{"rendered":"<div>Tai nghe MozardX thi\u1ebft k\u1ebf s\u00e0nh \u0111i\u1ec7u, \u0111\u1eadm ch\u1ea5t gaming<\/div>\n<div>S\u1edf h\u1eefu gam m\u00e0u \u0111en cam b\u1eaft m\u1eaft, ki\u1ec3u ch\u1ee5p tai c\u00f9ng h\u1ec7 th\u1ed1ng treo nh\u1eb9 cho c\u1ea3m gi\u00e1c d\u1ec5 ch\u1ecbu su\u1ed1t th\u1eddi gian s\u1eed d\u1ee5ng. Tai nghe c\u00f2n trang b\u1ecb l\u1edbp \u0111\u1ec7m da \u00eam \u00e1i gi\u00fap tr\u00e1nh t\u00ecnh tr\u1ea1ng \u0111au \u0111\u1ea7u khi \u0111eo l\u00e2u, b\u1ea1n c\u0169ng c\u00f3 th\u1ec3 \u0111i\u1ec1u ch\u1ec9nh ph\u1ea7n g\u1ecdng d\u00e0i ng\u1eafn t\u00f9y theo form \u0111\u1ea7u.<\/div>\n<div>\u00a0<\/div>\n<div>M\u00e0u \u0111en cam n\u0103ng \u0111\u1ed9ng &#8211; Tai nghe ch\u1ee5p tai Gaming MozardX G1 \u0110en<\/div>\n<div>\u00a0<\/div>\n<div>Tr\u00ean ph\u1ea7n c\u00fap tai c\u00f3 in logo th\u01b0\u01a1ng hi\u1ec7u g\u1eafn th\u00eam \u0111\u00e8n n\u1ec1n RGB \u0111\u1ed9c \u0111\u00e1o cho thi\u1ebft b\u1ecb th\u00eam sinh \u0111\u1ed9ng, \u0111\u1eb9p m\u1eaft h\u01a1n.<\/div>\n<div>\u00a0<\/div>\n<div>\u0110\u00e8n n\u1ec1n RGB &#8211; Tai nghe ch\u1ee5p tai Gaming MozardX G1 \u0110en<\/div>\n<div>\u00a0<\/div>\n<div>C\u00fap tai nghe ch\u01a1i game m\u1ec1m m\u1ea1i, kh\u00f4ng g\u00e2y \u00e1p l\u1ef1c l\u00ean c\u00e1c m\u00f4 m\u1ec1m c\u1ee7a tai khi \u0111eo, c\u00e1ch \u00e2m t\u1ed1t<\/div>\n<div>C\u00fap tai nghe gaming m\u1ec1m m\u1ea1i &#8211; Tai nghe ch\u1ee5p tai Gaming MozardX G1 \u0110en<\/div>\n<div>\u00a0<\/div>\n<div>Trang b\u1ecb microphone g\u1ecdn \u0111\u1eb9p, l\u1ecdc \u00e2m t\u1ed1i \u01b0u, tho\u1ea1i r\u00f5 r\u00e0ng, d\u1ec5 ch\u1ec9nh g\u00f3c \u0111\u1ed9 cho b\u1ea1n tr\u00f2 chuy\u1ec7n tho\u1ea3i m\u00e1i<\/div>\n<div>Trang b\u1ecb microphone g\u1ecdn \u0111\u1eb9p &#8211; Tai nghe ch\u1ee5p tai Gaming MozardX G1 \u0110en<\/div>\n<div>\u00a0<\/div>\n<div>\u00c2m thanh ch\u00e2n th\u1eadt, r\u00f5 n\u00e9t v\u1edbi c\u00f4ng ngh\u1ec7 \u00e2m thanh v\u00f2m 7.1, m\u00e0ng loa 50 mm<\/div>\n<div>C\u00f4ng ngh\u1ec7 \u00e2m thanh v\u00f2m 7.1 hi\u1ec7n \u0111\u1ea1i t\u1ea1o \u00e2m thanh 3D s\u1ed1ng \u0111\u1ed9ng k\u1ebft h\u1ee3p v\u1edbi m\u00e0ng loa r\u1ed9ng cho tr\u1ea3i nghi\u1ec7m \u00e2m thanh tinh t\u1ebf, to r\u00f5, nghe \u0111\u01b0\u1ee3c c\u1ea3 ti\u1ebfng b\u01b0\u1edbc ch\u00e2n khi ch\u01a1i game, g\u00f3p ph\u1ea7n gi\u00fap b\u1ea1n chinh ph\u1ee5c nh\u1eefng t\u1ef1a game kh\u00f3 nh\u1eb1n, tr\u00e0n ng\u1eadp th\u1eed th\u00e1ch.<\/div>\n","protected":false},"excerpt":{"rendered":"<p>Tai nghe MozardX thi\u1ebft k\u1ebf s\u00e0nh \u0111i\u1ec7u, \u0111\u1eadm ch\u1ea5t gaming S\u1edf h\u1eefu gam m\u00e0u \u0111en cam b\u1eaft m\u1eaft, ki\u1ec3u ch\u1ee5p tai c\u00f9ng h\u1ec7 th\u1ed1ng treo nh\u1eb9 cho c\u1ea3m gi\u00e1c d\u1ec5 ch\u1ecbu su\u1ed1t th\u1eddi gian s\u1eed d\u1ee5ng. Tai nghe c\u00f2n trang b\u1ecb l\u1edbp \u0111\u1ec7m da \u00eam \u00e1i gi\u00fap tr\u00e1nh t\u00ecnh tr\u1ea1ng \u0111au \u0111\u1ea7u khi \u0111eo l\u00e2u, [&#8230;]\n","protected":false},"featured_media":2273,"comment_status":"open","ping_status":"closed","template":"","meta":[],"product_cat":[43],"product_tag":[],"class_list":["post-2272","product","type-product","status-publish","has-post-thumbnail","hentry","product_cat-phu-kien"],"_links":{"self":[{"href":"https:\/\/theme.tamnguyen.vn\/dienmayxanh2\/wp-json\/wp\/v2\/product\/2272","targetHints":{"allow":["GET"]}}],"collection":[{"href":"https:\/\/theme.tamnguyen.vn\/dienmayxanh2\/wp-json\/wp\/v2\/product"}],"about":[{"href":"https:\/\/theme.tamnguyen.vn\/dienmayxanh2\/wp-json\/wp\/v2\/types\/product"}],"replies":[{"embeddable":true,"href":"https:\/\/theme.tamnguyen.vn\/dienmayxanh2\/wp-json\/wp\/v2\/comments?post=2272"}],"wp:featuredmedia":[{"embeddable":true,"href":"https:\/\/theme.tamnguyen.vn\/dienmayxanh2\/wp-json\/wp\/v2\/media\/2273"}],"wp:attachment":[{"href":"https:\/\/theme.tamnguyen.vn\/dienmayxanh2\/wp-json\/wp\/v2\/media?parent=2272"}],"wp:term":[{"taxonomy":"product_cat","embeddable":true,"href":"https:\/\/theme.tamnguyen.vn\/dienmayxanh2\/wp-json\/wp\/v2\/product_cat?post=2272"},{"taxonomy":"product_tag","embeddable":true,"href":"https:\/\/theme.tamnguyen.vn\/dienmayxanh2\/wp-json\/wp\/v2\/product_tag?post=2272"}],"curies":[{"name":"wp","href":"https:\/\/api.w.org\/{rel}","templated":true}]}}