{"id":2045,"date":"2020-12-10T18:17:17","date_gmt":"2020-12-10T11:17:17","guid":{"rendered":"http:\/\/tgdd.local\/?post_type=product&#038;p=2045"},"modified":"2021-01-20T14:54:31","modified_gmt":"2021-01-20T07:54:31","slug":"iphone-11-pro-max-512gb","status":"publish","type":"product","link":"https:\/\/theme.tamnguyen.vn\/dienmayxanh2\/san-pham\/iphone-11-pro-max-512gb\/","title":{"rendered":"iPhone 11 Pro Max 512GB"},"content":{"rendered":"<div>\u0110\u1eb7c \u0111i\u1ec3m n\u1ed5i b\u1eadt c\u1ee7a iPhone 12 mini 64GB<\/div>\n<div>\u00a0<\/div>\n<div>iPhone 12 Mini 64 GB tuy l\u00e0 phi\u00ean b\u1ea3n th\u1ea5p nh\u1ea5t trong b\u1ed9 4 iPhone 12 v\u1eeba m\u1edbi \u0111\u01b0\u1ee3c ra m\u1eaft c\u00e1ch \u0111\u00e2y kh\u00f4ng l\u00e2u, nh\u01b0ng v\u1eabn s\u1edf h\u1eefu nh\u1eefng \u01b0u \u0111i\u1ec3m v\u01b0\u1ee3t tr\u1ed9i v\u1ec1 k\u00edch th\u01b0\u1edbc nh\u1ecf g\u1ecdn, ti\u1ec7n l\u1ee3i, hi\u1ec7u n\u0103ng \u0111\u1ec9nh cao, t\u00ednh n\u0103ng s\u1ea1c nhanh c\u00f9ng b\u1ed9 camera ch\u1ea5t l\u01b0\u1ee3ng cao.<\/div>\n<div>Thi\u1ebft k\u1ebf sang tr\u1ecdng, cao c\u1ea5p<\/div>\n<div>\u0110i\u1ec3m nh\u1ea5n \u0111\u1ea7u ti\u00ean ph\u1ea3i k\u1ec3 \u0111\u1ebfn \u1edf d\u00f2ng m\u00e1y n\u00e0y ch\u00ednh l\u00e0 vi\u1ec1n m\u00e1y kh\u00f4ng c\u00f2n \u0111\u01b0\u1ee3c thi\u1ebft k\u1ebf bo cong c\u00e1c c\u1ea1nh, m\u00e0 thay v\u00e0o \u0111\u00f3 l\u00e0 ph\u1ea7n c\u1ea1nh m\u00e1y \u0111\u01b0\u1ee3c v\u00e1t ph\u1eb3ng v\u00f4 c\u00f9ng m\u1ea1nh m\u1ebd v\u00e0 c\u00e1 t\u00ednh.<\/div>\n<div>\u00a0<\/div>\n<div>iPhone 12 Mini 64 GB | Thi\u1ebft k\u1ebf sang tr\u1ecdng, t\u1ec9 m\u1ec9<\/div>\n<div>\u00a0<\/div>\n<div>L\u1ea7n \u0111\u1ea7u ti\u00ean Apple s\u1eed d\u1ee5ng khung nh\u00f4m cao c\u1ea5p trong ng\u00e0nh h\u00e0ng kh\u00f4ng v\u0169 tr\u1ee5 tr\u00ean iPhone 12 Mini \u0111em \u0111\u1ebfn cho ng\u01b0\u1eddi d\u00f9ng thi\u1ebft k\u1ebf c\u1ee9ng c\u00e1p nh\u01b0ng tr\u1ecdng l\u01b0\u1ee3ng kh\u00f4ng qu\u00e1 n\u1eb7ng.<\/div>\n<div>\u00a0<\/div>\n<div>iPhone 12 Mini 64GB | Khung nh\u00f4m cao c\u1ea5p t\u1eeb ng\u00e0nh h\u00e0ng kh\u00f4ng<\/div>\n<div>\u00a0<\/div>\n<div>M\u00e1y n\u1ed5i b\u1eadt v\u1edbi h\u1ec7 th\u1ed1ng camera h\u00ecnh vu\u00f4ng \u0111\u1ed9c \u0111\u00e1o, k\u1ebft h\u1ee3p c\u00f9ng m\u1eb7t l\u01b0ng b\u1eb1ng k\u00ednh b\u00f3ng b\u1ea9y cho c\u1ea3m gi\u00e1c c\u1ea7m n\u1eafm v\u00f4 c\u00f9ng th\u00edch.<\/div>\n<div>\u00a0<\/div>\n<div>iPhone 12 Mini 64GB | M\u1eb7t l\u01b0ng b\u00f3ng b\u1ea9y, nhi\u1ec1u m\u00e0u s\u1eafc ch\u1ecdn l\u1ef1a<\/div>\n<div>\u00a0<\/div>\n<div>Ngo\u00e0i ra, iPhone 12 Mini c\u0169ng \u0111em t\u1edbi cho ng\u01b0\u1eddi d\u00f9ng nhi\u1ec1u m\u00e0u s\u1eafc cho b\u1ea1n tha h\u1ed3 l\u1ef1a ch\u1ecdn. \u0110\u1eb7c bi\u1ec7t, Apple v\u1eeba b\u1ed5 sung m\u00e0u xanh d\u01b0\u01a1ng v\u1ed1n t\u01b0\u01a1i t\u1eafn nh\u1eb9 nh\u00e0ng n\u1ed5i b\u1eadt \u0111\u1ec3 l\u00f4i k\u00e9o s\u1ef1 ch\u00fa \u00fd, l\u00e0 m\u1ed9t s\u1ef1 l\u1ef1a ch\u1ecdn m\u1edbi m\u1ebb \u1ea5n t\u01b0\u1ee3ng ngay t\u1eeb c\u00e1i nh\u00ecn \u0111\u1ea7u ti\u00ean.\u00a0<\/div>\n<div>\u00a0<\/div>\n<div>M\u00e0n h\u00ecnh OLED Super Retina XDR si\u00eau s\u1eafc n\u00e9t<\/div>\n<div>Ph\u00eda tr\u01b0\u1edbc v\u1eabn l\u00e0 m\u00e0n h\u00ecnh ki\u1ec3u d\u00e1ng tai th\u1ecf quen thu\u1ed9c, v\u1edbi ph\u1ea7n vi\u1ec1n m\u00e0n h\u00ecnh \u0111\u01b0\u1ee3c tinh g\u1ecdn h\u01a1n m\u1ed9t c\u00e1ch \u0111\u00e1ng k\u1ec3 mang \u0111\u1ebfn c\u1ea3m gi\u00e1c m\u00e0n h\u00ecnh l\u1edbn h\u01a1n d\u00f9 iPhone 12 Mini c\u00f3 k\u00edch c\u1ee1 m\u00e0n h\u00ecnh ch\u1ec9 5.4 inch.<\/div>\n<div>\u00a0<\/div>\n<div>iPhone 12 Mini 64GB | M\u00e0n h\u00ecnh tinh g\u1ecdn ki\u1ec3u d\u00e1ng tai th\u1ecf quen thu\u1ed9c<\/div>\n<div>\u00a0<\/div>\n<div>M\u00e0n h\u00ecnh k\u00edch c\u1ee1 5.4 inch l\u00e0 \u0111i\u1ec3m thu\u1eadn l\u1ee3i b\u1edfi m\u00e1y kh\u00e1 nh\u1ecf g\u1ecdn, c\u00f3 th\u1ec3 d\u1ec5 d\u00e0ng \u0111\u1eb7t trong t\u00fai \u00e1o, qu\u1ea7n h\u01a1n so v\u1edbi 6.1 inch tr\u00ean \u0111i\u1ec7n tho\u1ea1i iPhone 12 Pro hay 6.7 inch tr\u00ean iPhone 12 Pro Max.<\/div>\n","protected":false},"excerpt":{"rendered":"<p>\u0110\u1eb7c \u0111i\u1ec3m n\u1ed5i b\u1eadt c\u1ee7a iPhone 12 mini 64GB \u00a0 iPhone 12 Mini 64 GB tuy l\u00e0 phi\u00ean b\u1ea3n th\u1ea5p nh\u1ea5t trong b\u1ed9 4 iPhone 12 v\u1eeba m\u1edbi \u0111\u01b0\u1ee3c ra m\u1eaft c\u00e1ch \u0111\u00e2y kh\u00f4ng l\u00e2u, nh\u01b0ng v\u1eabn s\u1edf h\u1eefu nh\u1eefng \u01b0u \u0111i\u1ec3m v\u01b0\u1ee3t tr\u1ed9i v\u1ec1 k\u00edch th\u01b0\u1edbc nh\u1ecf g\u1ecdn, ti\u1ec7n l\u1ee3i, hi\u1ec7u n\u0103ng \u0111\u1ec9nh cao, [&#8230;]\n","protected":false},"featured_media":2042,"comment_status":"open","ping_status":"closed","template":"","meta":[],"product_cat":[18,19],"product_tag":[],"class_list":["post-2045","product","type-product","status-publish","has-post-thumbnail","hentry","product_cat-dtdd","product_cat-dtdd-iphone","pa_thuong-hieu-apple"],"_links":{"self":[{"href":"https:\/\/theme.tamnguyen.vn\/dienmayxanh2\/wp-json\/wp\/v2\/product\/2045","targetHints":{"allow":["GET"]}}],"collection":[{"href":"https:\/\/theme.tamnguyen.vn\/dienmayxanh2\/wp-json\/wp\/v2\/product"}],"about":[{"href":"https:\/\/theme.tamnguyen.vn\/dienmayxanh2\/wp-json\/wp\/v2\/types\/product"}],"replies":[{"embeddable":true,"href":"https:\/\/theme.tamnguyen.vn\/dienmayxanh2\/wp-json\/wp\/v2\/comments?post=2045"}],"wp:featuredmedia":[{"embeddable":true,"href":"https:\/\/theme.tamnguyen.vn\/dienmayxanh2\/wp-json\/wp\/v2\/media\/2042"}],"wp:attachment":[{"href":"https:\/\/theme.tamnguyen.vn\/dienmayxanh2\/wp-json\/wp\/v2\/media?parent=2045"}],"wp:term":[{"taxonomy":"product_cat","embeddable":true,"href":"https:\/\/theme.tamnguyen.vn\/dienmayxanh2\/wp-json\/wp\/v2\/product_cat?post=2045"},{"taxonomy":"product_tag","embeddable":true,"href":"https:\/\/theme.tamnguyen.vn\/dienmayxanh2\/wp-json\/wp\/v2\/product_tag?post=2045"}],"curies":[{"name":"wp","href":"https:\/\/api.w.org\/{rel}","templated":true}]}}