{"id":2024,"date":"2020-12-10T17:38:28","date_gmt":"2020-12-10T10:38:28","guid":{"rendered":"http:\/\/tgdd.local\/?post_type=product&#038;p=2024"},"modified":"2021-01-26T16:35:14","modified_gmt":"2021-01-26T09:35:14","slug":"oppo-reno4","status":"publish","type":"product","link":"https:\/\/theme.tamnguyen.vn\/dienmayxanh2\/san-pham\/oppo-reno4\/","title":{"rendered":"OPPO Reno4"},"content":{"rendered":"<div>\u0110\u1eb7c \u0111i\u1ec3m n\u1ed5i b\u1eadt c\u1ee7a OPPO Reno4<\/div>\n<div>\u00a0<\/div>\n<div>B\u1ed9 s\u1ea3n ph\u1ea9m chu\u1ea9n: H\u1ed9p, S\u1ea1c, Tai nghe, S\u00e1ch h\u01b0\u1edbng d\u1eabn, C\u00e1p, C\u00e2y l\u1ea5y sim, \u1ed0p l\u01b0ng<\/div>\n<div>\u00a0<\/div>\n<div>OPPO Reno4 &#8211; Chi\u00ea\u0301c \u0111i\u1ec7n tho\u1ea1i co\u0301 thi\u00ea\u0301t k\u00ea\u0301 th\u01a1\u0300i th\u01b0\u01a1\u0323ng, hi\u00ea\u0323u n\u0103ng ma\u0323nh me\u0303 cu\u0300ng b\u00f4\u0323 4 camera si\u00eau \u00e2\u0301n t\u01b0\u01a1\u0323ng, t\u1ed1i \u01b0u h\u00f3a cho ch\u1ee5p \u1ea3nh v\u00e0 quay phim si\u00eau s\u1eafc n\u00e9t, h\u01b0\u0301a he\u0323n se\u0303 la\u0300 s\u1ea3n ph\u1ea9m \u0111\u00e1ng \u0111\u1ec3 n\u00e2ng c\u1ea5p cu\u0309a ha\u0303ng OPPO trong n\u0103m nay.<\/div>\n<div>Thi\u1ebft k\u1ebf m\u1edbi, hi\u1ec7n \u0111\u1ea1i v\u00e0 \u1ea5n t\u01b0\u1ee3ng\u00a0<\/div>\n<div>\u0110\u1ea7u ti\u00ean, OPPO Reno 4 co\u0301 s\u01b0\u0323 n\u00e2ng c\u1ea5p to\u00e0n di\u1ec7n so v\u01a1\u0301i ng\u01b0\u1eddi anh em Reno3, khi s\u01b0\u0309 du\u0323ng ch\u00e2\u0301t li\u00ea\u0323u nh\u00f4m nguy\u00ean kh\u00f4\u0301i va\u0300 \u0111\u01b0\u01a1\u0323c bo\u0323c ki\u0301nh c\u01b0\u01a1\u0300ng l\u01b0\u0323c Gorilla Glass 3 \u1edf ph\u1ea7n m\u1eb7t tr\u01b0\u1edbc v\u00e0 v\u1ecf nh\u1ef1a gi\u1ea3 k\u00ednh m\u1eb7t l\u01b0ng go\u0301p ph\u00e2\u0300n t\u0103ng \u0111\u00f4\u0323 c\u01b0\u0301ng ca\u0301p l\u00e2\u0303n ne\u0301t sang tro\u0323ng cho ma\u0301y.\u00a0<\/div>\n<div>\u00a0<\/div>\n<div>Ti\u1ebfp \u0111\u1ebfn la\u0300 m\u00e0n h\u00ecnh hyperbol ki\u0301ch th\u01b0\u01a1\u0301c 6.4 inch c\u00f3 ph\u1ea7n vi\u1ec1n benzel \u0111\u01b0\u1ee3c l\u00e0m si\u00eau mo\u0309ng, \u0111\u00f4\u0323 ph\u00e2n gia\u0309i Full HD+ (1080 x 2400 Pixels) tr\u00ean n\u00ea\u0300n ma\u0300u AMOLED mang \u0111\u1ebfn ch\u1ea5t l\u01b0\u1ee3ng h\u00ecnh \u1ea3nh r\u00f5 n\u00e9t, s\u1ed1ng \u0111\u1ed9ng, tr\u1ea3i nghi\u1ec7m gi\u1ea3i tr\u00ed ch\u01a1i game tr\u00ean thi\u1ebft b\u1ecb n\u00e0y s\u1ebd c\u1ef1c l\u1ef3 th\u00edch.<\/div>\n<div>\u00a0<\/div>\n<div>M\u1eb7t l\u01b0ng s\u00e1ng b\u00f3ng &#8211; Oppo Reno 4<\/div>\n<div>\u00a0<\/div>\n<div>Ngo\u00e0i ra, m\u00e0n h\u00ecnh n\u00e0y c\u00f2n \u0111\u01b0\u1ee3c t\u00edch h\u1ee3p ca\u0301c ti\u0301nh n\u0103ng h\u00f4\u0303 tr\u01a1\u0323 h\u01b0\u0303u i\u0301ch kha\u0301c bao g\u00f4\u0300m ch\u00ea\u0301 \u0111\u00f4\u0323 ma\u0300u HDR10+, t\u00e2\u0300n s\u00f4\u0301 que\u0301t \u0111\u00ea\u0301n 60 Hz cho tra\u0309i nghi\u00ea\u0323m ch\u01a1i game m\u01b0\u01a1\u0323t ma\u0300, c\u00f9ng ca\u0309m bi\u00ea\u0301n v\u00e2n tay quang ho\u0323c \u0111\u01b0\u01a1\u0323c ti\u0301ch h\u01a1\u0323p \u01a1\u0309 d\u01b0\u01a1\u0301i ma\u0300n hi\u0300nh giu\u0301p m\u01a1\u0309 kho\u0301a nhanh h\u01a1n.<\/div>\n<div>\u00a0<\/div>\n<div>B\u1ea3o m\u1eadt v\u00e2n tay \u1ea9n d\u01b0\u1edbi m\u00e0n h\u00ecnh &#8211;\u00a0 Oppo Reno 4<\/div>\n<div>\u00a0<\/div>\n<div>B\u00f4\u0323 4 camera sau 48 MP\u00a0<\/div>\n<div>Chi\u00ea\u0301c smartphone cao c\u00e2\u0301p na\u0300y \u0111\u01b0\u01a1\u0323c trang bi\u0323 b\u00f4\u0323 4 camera sau ch\u00e2\u0301t l\u01b0\u01a1\u0323ng, trong \u0111o\u0301 camera chi\u0301nh 48 MP kh\u00e2\u0309u \u0111\u00f4\u0323 f\/1.7 k\u1ebft h\u1ee3p c\u00f9ng \u00f4\u0301ng ki\u0301nh go\u0301c si\u00eau r\u00f4\u0323ng 8 MP kh\u00e2\u0309u \u0111\u00f4\u0323 f\/2.2 v\u00e0 \u1ed1ng k\u00ednh \u0111o chi\u1ec1u s\u00e2u 2 MP kh\u1ea9u \u0111\u1ed9 f\/2.4 v\u00e0 1 camera mono 2 MP \u0111\u1eb7t song song v\u1edbi \u0111\u00e8n flash.<\/div>\n<div>\u00a0<\/div>\n<div>B\u1ed9 ba camera ch\u1ee5p h\u00ecnh s\u1eafc n\u00e9t &#8211;\u00a0 Oppo Reno 4<\/div>\n<div>\u00a0<\/div>\n<div>Camera ch\u00ednh tr\u00ean OPPO Reno4 c\u00f3 kh\u1ea3 n\u0103ng l\u00e2\u0301y ne\u0301t t\u01b0\u0323 \u0111\u00f4\u0323ng Laser AF va\u0300 ti\u0301nh n\u0103ng ch\u00f4\u0301ng rung \u0111i\u1ec7n t\u1eed EIS giu\u0301p cho a\u0309nh chu\u0323p va\u0300 video ghi la\u0323i v\u01b0\u0303ng h\u01a1n &amp; kh\u00f4ng bi\u0323 nho\u0300e.<\/div>\n<div>\u00a0<\/div>\n<div>Camera g\u00f3c r\u1ed9ng v\u1edbi \u0111\u1ed9 m\u1edf 120\u00b0 s\u1ebd h\u1ed7 tr\u1ee3 ng\u01b0\u1eddi d\u00f9ng ch\u1ee5p phong c\u1ea3nh, ki\u1ebfn tr\u00fac, \u1ea3nh nh\u00f3m t\u1ed1t m\u00e0 kh\u00f4ng c\u1ea7n ph\u1ea3i l\u00f9i ra qu\u00e1 xa. Ngo\u00e0i ra m\u00e1y c\u0169ng h\u1ed7 tr\u1ee3 t\u00ednh n\u0103ng zoom gi\u00fap b\u1ea1n c\u00f3 th\u1ec3 ch\u1ee5p c\u1eadn nh\u1eefng c\u1ea3nh v\u1eadt \u1edf kho\u1ea3ng c\u00e1ch xa h\u01a1n.<\/div>\n<div>\u00a0<\/div>\n<div>Camera g\u00f3c r\u1ed9ng tr\u00ean OPPO Reno4<\/div>\n<div>Camera g\u00f3c th\u01b0\u1eddng tr\u00ean OPPO Reno4<\/div>\n<div>Camera zoom 2X tr\u00ean OPPO Reno4<\/div>\n<div>Camera zoom 5X tr\u00ean OPPO Reno4<\/div>\n<div>B\u00ean c\u1ea1nh \u0111\u00f3 m\u00e1y c\u00f2n h\u1ed7 tr\u1ee3 camera ch\u1ee5p ch\u00e2n dung x\u00f3a ph\u00f4ng ngh\u1ec7 thu\u1eadt, t\u00ednh n\u0103ng HDR, l\u00e0m \u0111\u1eb9p AI, ch\u1ee5p v\u1edbi nh\u00e3n d\u00e1n,&#8230; mang \u0111\u1ebfn cho b\u1ea1n nhi\u1ec1u b\u1ee9c \u1ea3nh s\u00e1ng t\u1ea1o.<\/div>\n<div>\u00a0<\/div>\n<div>\u1ea2nh ch\u1ee5p camera xo\u00e1 ph\u00f4ng | OPPO Reno4<\/div>\n<div>\u00a0<\/div>\n<div>H\u01a1n th\u1ebf n\u1eefa, h\u1ec7 th\u1ed1ng camera tr\u00ean OPPO Reno4 c\u00f2n \u0111\u01b0\u1ee3c t\u00edch h\u1ee3p t\u00ednh n\u0103ng ch\u1ed1ng rung k\u1ef9 thu\u1eadt s\u1ed1 EIS k\u1ebft h\u1ee3p c\u00f9ng nh\u1eefng thu\u1eadt to\u00e1n AI th\u00f4ng minh mang t\u1edbi cho ng\u01b0\u1eddi d\u00f9ng kh\u1ea3 n\u0103ng quay phim ch\u1ea5t l\u01b0\u1ee3ng 4K si\u00eau m\u01b0\u1ee3t m\u00e0 kh\u00f4ng c\u1ea7n s\u1eed d\u1ee5ng \u0111\u1ebfn thi\u1ebft b\u1ecb ch\u1ed1ng rung nh\u01b0 gimbal.<\/div>\n","protected":false},"excerpt":{"rendered":"<p>\u0110\u1eb7c \u0111i\u1ec3m n\u1ed5i b\u1eadt c\u1ee7a OPPO Reno4 \u00a0 B\u1ed9 s\u1ea3n ph\u1ea9m chu\u1ea9n: H\u1ed9p, S\u1ea1c, Tai nghe, S\u00e1ch h\u01b0\u1edbng d\u1eabn, C\u00e1p, C\u00e2y l\u1ea5y sim, \u1ed0p l\u01b0ng \u00a0 OPPO Reno4 &#8211; Chi\u00ea\u0301c \u0111i\u1ec7n tho\u1ea1i co\u0301 thi\u00ea\u0301t k\u00ea\u0301 th\u01a1\u0300i th\u01b0\u01a1\u0323ng, hi\u00ea\u0323u n\u0103ng ma\u0323nh me\u0303 cu\u0300ng b\u00f4\u0323 4 camera si\u00eau \u00e2\u0301n t\u01b0\u01a1\u0323ng, t\u1ed1i \u01b0u h\u00f3a cho ch\u1ee5p \u1ea3nh v\u00e0 [&#8230;]\n","protected":false},"featured_media":2025,"comment_status":"open","ping_status":"closed","template":"","meta":[],"product_cat":[18,24],"product_tag":[],"class_list":["post-2024","product","type-product","status-publish","has-post-thumbnail","hentry","product_cat-dtdd","product_cat-dtdd-oppo","pa_thuong-hieu-apple","pa_thuong-hieu-huawei","pa_thuong-hieu-itel","pa_thuong-hieu-lg","pa_thuong-hieu-masstel","pa_thuong-hieu-mobell","pa_thuong-hieu-nokia","pa_thuong-hieu-oneplus","pa_thuong-hieu-oppo","pa_thuong-hieu-realme","pa_thuong-hieu-samsung","pa_thuong-hieu-vivo","pa_thuong-hieu-xiaomi"],"_links":{"self":[{"href":"https:\/\/theme.tamnguyen.vn\/dienmayxanh2\/wp-json\/wp\/v2\/product\/2024","targetHints":{"allow":["GET"]}}],"collection":[{"href":"https:\/\/theme.tamnguyen.vn\/dienmayxanh2\/wp-json\/wp\/v2\/product"}],"about":[{"href":"https:\/\/theme.tamnguyen.vn\/dienmayxanh2\/wp-json\/wp\/v2\/types\/product"}],"replies":[{"embeddable":true,"href":"https:\/\/theme.tamnguyen.vn\/dienmayxanh2\/wp-json\/wp\/v2\/comments?post=2024"}],"wp:featuredmedia":[{"embeddable":true,"href":"https:\/\/theme.tamnguyen.vn\/dienmayxanh2\/wp-json\/wp\/v2\/media\/2025"}],"wp:attachment":[{"href":"https:\/\/theme.tamnguyen.vn\/dienmayxanh2\/wp-json\/wp\/v2\/media?parent=2024"}],"wp:term":[{"taxonomy":"product_cat","embeddable":true,"href":"https:\/\/theme.tamnguyen.vn\/dienmayxanh2\/wp-json\/wp\/v2\/product_cat?post=2024"},{"taxonomy":"product_tag","embeddable":true,"href":"https:\/\/theme.tamnguyen.vn\/dienmayxanh2\/wp-json\/wp\/v2\/product_tag?post=2024"}],"curies":[{"name":"wp","href":"https:\/\/api.w.org\/{rel}","templated":true}]}}