{"id":2021,"date":"2020-12-10T17:26:54","date_gmt":"2020-12-10T10:26:54","guid":{"rendered":"http:\/\/tgdd.local\/?post_type=product&#038;p=2021"},"modified":"2021-01-20T14:56:49","modified_gmt":"2021-01-20T07:56:49","slug":"samsung-galaxy-s20","status":"publish","type":"product","link":"https:\/\/theme.tamnguyen.vn\/dienmayxanh2\/san-pham\/samsung-galaxy-s20\/","title":{"rendered":"Samsung Galaxy S20"},"content":{"rendered":"<div>Th\u00e1ng 8\/2020, Samsung Galaxy Note 20 ch\u00ednh th\u1ee9c \u0111\u01b0\u1ee3c l\u00ean k\u1ec7, v\u1edbi thi\u1ebft k\u1ebf camera tr\u01b0\u1edbc n\u1ed1t ru\u1ed3i quen thu\u1ed9c, c\u1ee5m camera h\u00ecnh ch\u1eef nh\u1eadt m\u1edbi l\u1ea1 c\u00f9ng v\u1edbi vi\u1ec7c s\u1eed d\u1ee5ng vi x\u1eed l\u00fd Exynos 990 cao c\u1ea5p c\u1ee7a ch\u00ednh Samsung ch\u1eafc h\u1eb3n s\u1ebd mang l\u1ea1i m\u1ed9t tr\u1ea3i nghi\u1ec7m th\u00fa v\u1ecb c\u00f9ng hi\u1ec7u n\u0103ng m\u1ea1nh m\u1ebd.<\/div>\n<div>\u00a0<\/div>\n<div>Camera c\u1ee5m h\u00ecnh ch\u1eef nh\u1eadt \u0111\u1ed9c \u0111\u00e1o c\u00f9ng thi\u1ebft k\u1ebf m\u1ea1nh m\u1ebd<\/div>\n<div>\u00a0<\/div>\n<div>\u0110i\u1ec7n tho\u1ea1i s\u1edf h\u1eefu thi\u1ebft k\u1ebf khung kim lo\u1ea1i ch\u1eafc ch\u1eafn, m\u1eb7t l\u01b0ng nh\u1ef1a b\u00f3ng b\u1ea9y, ki\u1ec3u d\u00e1ng m\u1ea1nh m\u1ebd v\u1edbi nh\u1eefng g\u00f3c c\u1ea1nh vu\u00f4ng v\u1ee9c nh\u01b0ng v\u1eabn mang l\u1ea1i c\u1ea3m gi\u00e1c c\u1ea7m n\u1eafm tho\u1ea3i m\u00e1i.<\/div>\n<div>\u00a0<\/div>\n<div>\u00a0<\/div>\n<div>Camera c\u1ee7a Galaxy Note 20 \u0111\u01b0\u1ee3c thi\u1ebft k\u1ebf trong c\u1ee5m h\u00ecnh ch\u1eef nh\u1eadt \u0111\u01b0\u1ee3c \u0111\u1eb7t g\u1ecdn \u1edf ph\u00eda sau bao g\u1ed3m 1 camera ch\u00ednh 64 MP, camera g\u00f3c si\u00eau r\u1ed9ng 12 MP v\u00e0 camera tele 12 MP h\u1ed7 tr\u1ee3 ng\u01b0\u1eddi d\u00f9ng d\u1ec5 d\u00e0ng l\u01b0u l\u1ea1i s\u1eafc n\u00e9t nh\u1eefng kho\u1ea3ng kh\u1eafc \u0111\u00e1ng nh\u1edb c\u00f9ng gia \u0111\u00ecnh v\u00e0 b\u1ea1n b\u00e8.<\/div>\n<div>\u00a0<\/div>\n<div>Camera Galaxy Note 20 h\u1ed7 tr\u1ee3 zoom \u0111\u1ebfn 30x \u1edf ch\u1ebf \u0111\u1ed9 ch\u1ee5p b\u00ecnh th\u01b0\u1eddng, trong khi \u0111\u00f3, \u1edf ch\u1ebf \u0111\u1ed9 ch\u1ee5p ban \u0111\u00eam, m\u00e1y v\u1eabn h\u1ed7 tr\u1ee3 zoom \u0111\u1ebfn 10x, chi ti\u1ebft trong \u0111i\u1ec1u ki\u1ec7n thi\u1ebfu s\u00e1ng nhi\u1ec1u nh\u01b0ng v\u1eabn cho ch\u1ea5t l\u01b0\u1ee3ng h\u00ecnh t\u1ed1t v\u00e0 chi ti\u1ebft.<\/div>\n<div>\u00a0<\/div>\n<div>Samsung Note 20 s\u1edf h\u1eefu camera tr\u01b0\u1edbc 10 MP trong thi\u1ebft k\u1ebf n\u1ed1t ru\u1ed3i quen thu\u1ed9c gi\u00fap khung m\u00e0n h\u00ecnh 6.7 inch \u0111\u01b0\u1ee3c s\u1eed d\u1ee5ng t\u1ed1i \u0111a gi\u00fap cho vi\u1ec7c xem phim hay ch\u01a1i game \u0111\u00e3 m\u1eaft v\u00e0 t\u1eadp trung h\u01a1n.<\/div>\n<div>B\u00fat S Pen nhi\u1ec1u ti\u1ec7n \u00edch, \u0111\u01b0\u1ee3c n\u00e2ng c\u1ea5p nhi\u1ec1u t\u00ednh n\u0103ng h\u01a1n<\/div>\n<div>\u00a0<\/div>\n<div>S Pen \u0111\u01b0\u1ee3c xem l\u00e0 linh h\u1ed3n c\u1ee7a d\u00f2ng Galaxy Note, si\u00eau ti\u1ec7n l\u1ee3i h\u1ed7 tr\u1ee3 ghi ch\u00fa nhanh v\u00e0 \u0111a t\u00e1c v\u1ee5 th\u00f4ng minh tr\u00ean \u0111i\u1ec7n tho\u1ea1i nh\u01b0 ch\u1ee5p \u1ea3nh m\u00e0n h\u00ecnh, ch\u1ee5p c\u1eaft kh\u00f4ng gian b\u1ea5t k\u1ef3 tr\u00ean m\u00e0n h\u00ecnh, t\u1ea1o ghi ch\u00fa, ph\u00f3ng to \/ thu nh\u1ecf c\u00f9ng nhi\u1ec1u t\u00e1c v\u1ee5 ti\u1ec7n l\u1ee3i kh\u00e1c.<\/div>\n<div>\u00a0<\/div>\n<div>B\u00ean c\u1ea1nh \u0111\u00f3, \u1edf Note 20, b\u00fat S Pen c\u00f2n \u0111\u01b0\u1ee3c c\u1ea3i ti\u1ebfn cho \u0111\u1ed9 tr\u1ec5 gi\u1ea3m thi\u1ec3u \u0111\u00e1ng k\u1ec3 c\u00f9ng c\u00e1c c\u1eed ch\u1ec9 \u0111i\u1ec1u khi\u1ec3n t\u1eeb xa th\u00f4ng minh v\u00e0 ti\u1ec7n \u00edch.<\/div>\n","protected":false},"excerpt":{"rendered":"<p>Th\u00e1ng 8\/2020, Samsung Galaxy Note 20 ch\u00ednh th\u1ee9c \u0111\u01b0\u1ee3c l\u00ean k\u1ec7, v\u1edbi thi\u1ebft k\u1ebf camera tr\u01b0\u1edbc n\u1ed1t ru\u1ed3i quen thu\u1ed9c, c\u1ee5m camera h\u00ecnh ch\u1eef nh\u1eadt m\u1edbi l\u1ea1 c\u00f9ng v\u1edbi vi\u1ec7c s\u1eed d\u1ee5ng vi x\u1eed l\u00fd Exynos 990 cao c\u1ea5p c\u1ee7a ch\u00ednh Samsung ch\u1eafc h\u1eb3n s\u1ebd mang l\u1ea1i m\u1ed9t tr\u1ea3i nghi\u1ec7m th\u00fa v\u1ecb c\u00f9ng hi\u1ec7u n\u0103ng [&#8230;]\n","protected":false},"featured_media":2022,"comment_status":"open","ping_status":"closed","template":"","meta":[],"product_cat":[18,20],"product_tag":[],"class_list":["post-2021","product","type-product","status-publish","has-post-thumbnail","hentry","product_cat-dtdd","product_cat-dtdd-samsung","pa_thuong-hieu-samsung"],"_links":{"self":[{"href":"https:\/\/theme.tamnguyen.vn\/dienmayxanh2\/wp-json\/wp\/v2\/product\/2021","targetHints":{"allow":["GET"]}}],"collection":[{"href":"https:\/\/theme.tamnguyen.vn\/dienmayxanh2\/wp-json\/wp\/v2\/product"}],"about":[{"href":"https:\/\/theme.tamnguyen.vn\/dienmayxanh2\/wp-json\/wp\/v2\/types\/product"}],"replies":[{"embeddable":true,"href":"https:\/\/theme.tamnguyen.vn\/dienmayxanh2\/wp-json\/wp\/v2\/comments?post=2021"}],"wp:featuredmedia":[{"embeddable":true,"href":"https:\/\/theme.tamnguyen.vn\/dienmayxanh2\/wp-json\/wp\/v2\/media\/2022"}],"wp:attachment":[{"href":"https:\/\/theme.tamnguyen.vn\/dienmayxanh2\/wp-json\/wp\/v2\/media?parent=2021"}],"wp:term":[{"taxonomy":"product_cat","embeddable":true,"href":"https:\/\/theme.tamnguyen.vn\/dienmayxanh2\/wp-json\/wp\/v2\/product_cat?post=2021"},{"taxonomy":"product_tag","embeddable":true,"href":"https:\/\/theme.tamnguyen.vn\/dienmayxanh2\/wp-json\/wp\/v2\/product_tag?post=2021"}],"curies":[{"name":"wp","href":"https:\/\/api.w.org\/{rel}","templated":true}]}}